{"id":1130,"date":"2016-05-27T16:22:45","date_gmt":"2016-05-27T20:22:45","guid":{"rendered":"http:\/\/vayahealth.com\/?page_id=1130"},"modified":"2025-02-27T13:55:49","modified_gmt":"2025-02-27T18:55:49","slug":"available-services","status":"publish","type":"page","link":"https:\/\/www.vayahealth.com\/es\/available-services\/","title":{"rendered":"Obtener atenci\u00f3n"},"content":{"rendered":"<p><strong>A veces, encontrar asistencia puede resultar confuso. En Vaya Health lo hacemos m\u00e1s f\u00e1cil.<\/strong><\/p>\n\n\n\n<p>El proceso suele comenzar con una llamada telef\u00f3nica a nuestra L\u00ednea de Crisis de Salud Conductual 24 horas al d\u00eda, 7 d\u00edas a la semana, al n\u00famero&nbsp;<strong><a href=\"tel:1-800-849-6127\">1-800-849-6127<\/a><\/strong>. Puede recibir derivaciones a proveedores, encontrar informaci\u00f3n sobre organizaciones comunitarias, solicitar servicios u obtener ayuda en caso de crisis. Las razones para llamar incluyen:<\/p>\n\n\n\n<ul class=\"wp-block-list\">\n<li>Est\u00e1 atravesando una crisis.<\/li>\n\n\n\n<li>Tiene que encontrar un proveedor de asistencia sanitaria cerca de usted.<\/li>\n\n\n\n<li>Te cuesta encontrar atenci\u00f3n.<\/li>\n\n\n\n<li>Quiere concertar una cita para recibir asistencia sanitaria.<\/li>\n\n\n\n<li>Le preocupa un problema emocional, de comportamiento o de aprendizaje.<\/li>\n\n\n\n<li>Le preocupa un problema de alcohol o drogas.<\/li>\n\n\n\n<li>Tienes miedo de tus pensamientos, estados de \u00e1nimo o emociones.<\/li>\n\n\n\n<li>Est\u00e1s deprimido.<\/li>\n\n\n\n<li>Una persona de confianza cree que necesitas ayuda.<\/li>\n\n\n\n<li>Desea informaci\u00f3n sobre los servicios gestionados por Vaya Health.<\/li>\n\n\n\n<li>Desea informaci\u00f3n sobre servicios y recursos para usted, un hijo o un ser querido.<\/li>\n<\/ul>\n\n\n\n<p>Le sugerimos que guarde nuestro n\u00famero de la L\u00ednea de Crisis de Salud Conductual en&nbsp;<strong><a href=\"tel:1-800-849-6127\">1-800-849-6127<\/a><\/strong>&nbsp;en su tel\u00e9fono m\u00f3vil o escr\u00edbalo en algo que lleve siempre encima. Este sitio web tambi\u00e9n contiene informaci\u00f3n sobre las prestaciones que pueden corresponderle a usted o a un miembro de su familia.<\/p>\n\n\n\n<p><strong>Recuerde: si tiene una urgencia m\u00e9dica o potencialmente mortal, llame al 911 o acuda inmediatamente al servicio de urgencias de un hospital.<\/strong>&nbsp;Si tiene problemas de audici\u00f3n, marque el 711 para ponerse en contacto con NC Relay.<\/p>\n\n\n\n<p><strong><a href=\"https:\/\/www.vayahealth.com\/es\/get-help\/provider-search\/\">Encuentre un proveedor en su zona<\/a><\/strong><\/p>","protected":false},"excerpt":{"rendered":"<p>Finding care can be confusing sometimes. At Vaya Health, we make it easier. The process often starts with a phone call to our 24\/7 Behavioral Health Crisis Line at&nbsp;1-800-849-6127. You [&hellip;]<\/p>\n","protected":false},"author":62,"featured_media":11340,"parent":0,"menu_order":124,"comment_status":"closed","ping_status":"closed","template":"breadcrumbs","meta":{"_tec_requires_first_save":true,"_price":"","_stock":"","_tribe_ticket_header":"","_tribe_default_ticket_provider":"","_tribe_ticket_capacity":"0","_ticket_start_date":"","_ticket_end_date":"","_tribe_ticket_show_description":"","_tribe_ticket_show_not_going":false,"_tribe_ticket_use_global_stock":"","_tribe_ticket_global_stock_level":"","_global_stock_mode":"","_global_stock_cap":"","_tribe_rsvp_for_event":"","_tribe_ticket_going_count":"","_tribe_ticket_not_going_count":"","_tribe_tickets_list":"[]","_tribe_ticket_has_attendee_info_fields":false,"_EventAllDay":false,"_EventTimezone":"","_EventStartDate":"","_EventEndDate":"","_EventStartDateUTC":"","_EventEndDateUTC":"","_EventShowMap":false,"_EventShowMapLink":false,"_EventURL":"","_EventCost":"","_EventCostDescription":"","_EventCurrencySymbol":"","_EventCurrencyCode":"","_EventCurrencyPosition":"","_EventDateTimeSeparator":"","_EventTimeRangeSeparator":"","_EventOrganizerID":[],"_EventVenueID":[],"_OrganizerEmail":"","_OrganizerPhone":"","_OrganizerWebsite":"","_VenueAddress":"","_VenueCity":"","_VenueCountry":"","_VenueProvince":"","_VenueState":"","_VenueZip":"","_VenuePhone":"","_VenueURL":"","_VenueStateProvince":"","_VenueLat":"","_VenueLng":"","_VenueShowMap":false,"_VenueShowMapLink":false,"_tribe_blocks_recurrence_rules":"","_tribe_blocks_recurrence_description":"","_tribe_blocks_recurrence_exclusions":"","banner-text":"","banner-text-color":"","button-text":"","button-text-color":"","button-link":"","has-button-icon":"","background-color":"","has-background-icon":"","background-icon-color":"","second-featured-image":"","footnotes":""},"class_list":["post-1130","page","type-page","status-publish","has-post-thumbnail","hentry"],"aioseo_notices":[],"_links":{"self":[{"href":"https:\/\/www.vayahealth.com\/es\/wp-json\/wp\/v2\/pages\/1130","targetHints":{"allow":["GET"]}}],"collection":[{"href":"https:\/\/www.vayahealth.com\/es\/wp-json\/wp\/v2\/pages"}],"about":[{"href":"https:\/\/www.vayahealth.com\/es\/wp-json\/wp\/v2\/types\/page"}],"author":[{"embeddable":true,"href":"https:\/\/www.vayahealth.com\/es\/wp-json\/wp\/v2\/users\/62"}],"replies":[{"embeddable":true,"href":"https:\/\/www.vayahealth.com\/es\/wp-json\/wp\/v2\/comments?post=1130"}],"version-history":[{"count":0,"href":"https:\/\/www.vayahealth.com\/es\/wp-json\/wp\/v2\/pages\/1130\/revisions"}],"wp:featuredmedia":[{"embeddable":true,"href":"https:\/\/www.vayahealth.com\/es\/wp-json\/wp\/v2\/media\/11340"}],"wp:attachment":[{"href":"https:\/\/www.vayahealth.com\/es\/wp-json\/wp\/v2\/media?parent=1130"}],"curies":[{"name":"wp","href":"https:\/\/api.w.org\/{rel}","templated":true}]}}