{"id":1135,"date":"2016-05-27T16:45:09","date_gmt":"2016-05-27T20:45:09","guid":{"rendered":"http:\/\/vayahealth.com\/?page_id=1135"},"modified":"2025-04-03T13:09:55","modified_gmt":"2025-04-03T17:09:55","slug":"access-to-care","status":"publish","type":"page","link":"https:\/\/www.vayahealth.com\/es\/available-services\/access-to-care\/","title":{"rendered":"L\u00ednea de crisis de salud conductual 24 horas al d\u00eda, 7 d\u00edas a la semana"},"content":{"rendered":"<p><strong>Vaya Health mantiene profundas ra\u00edces en nuestras comunidades locales.<\/strong> Nuestra l\u00ednea confidencial de crisis de salud conductual, disponible 24 horas al d\u00eda, 7 d\u00edas a la semana, en <a href=\"tel:18008496127\" title=\"\">1-800-849-6127<\/a> tiene su sede en Carolina del Norte y cuenta con profesionales de los condados a los que servimos.<\/p>\n\n\n\n<p>Nuestros especialistas\nest\u00e1n formados para ayudar a personas con problemas de salud mental, consumo de\ndiscapacidad intelectual o del desarrollo. Cuando llame, le pondr\u00e1n en contacto\ncon un especialista que puede:<\/p>\n\n\n\n<ul class=\"wp-block-list\">\n<li>Proporcionar asistencia en una crisis de salud mental, consumo de sustancias o discapacidad intelectual y\/o del desarrollo. <\/li>\n\n\n\n<li>Realizar una evaluaci\u00f3n telef\u00f3nica de sus necesidades<\/li>\n\n\n\n<li>Inscribirle en servicios financiados con fondos p\u00fablicos gestionados por Vaya, si re\u00fane los requisitos necesarios<\/li>\n\n\n\n<li>Ponerle en contacto con un profesional sanitario de nuestra red y ayudarle a concertar una primera cita.<\/li>\n\n\n\n<li>Proporcionar informaci\u00f3n sobre recursos comunitarios que puedan serle \u00fatiles.<\/li>\n<\/ul>\n\n\n\n<p>Los servicios de traducci\u00f3n\ntambi\u00e9n est\u00e1n a su disposici\u00f3n. Los profesionales de nuestro centro de llamadas tambi\u00e9n est\u00e1n capacitados para\natender llamadas a trav\u00e9s de sistemas de retransmisi\u00f3n TTY est\u00e1ndar. Para las personas\ncon problemas de audici\u00f3n, marque 711 para comunicarse con NC Relay. <\/p>\n\n\n\n<p><strong><em>Recuerde: Si tiene un problema m\u00e9dico o<br>emergencia potencialmente mortal, llame al <\/em><\/strong><em><a href=\"tel:911\" title=\"\">911<\/a><\/em><strong><em> o acudir al servicio de urgencias de un hospital<br>inmediatamente.<\/em><\/strong><\/p>\n\n\n\n<p><\/p>","protected":false},"excerpt":{"rendered":"<p>Vaya Health maintains deep roots in our local communities. Our confidential, 24\/7 Behavioral Health Crisis Line at 1-800-849-6127 is based in North Carolina and staffed by professionals from the counties [&hellip;]<\/p>\n","protected":false},"author":62,"featured_media":50052,"parent":1130,"menu_order":126,"comment_status":"closed","ping_status":"closed","template":"breadcrumbs","meta":{"_tec_requires_first_save":true,"_price":"","_stock":"","_tribe_ticket_header":"","_tribe_default_ticket_provider":"","_tribe_ticket_capacity":"0","_ticket_start_date":"","_ticket_end_date":"","_tribe_ticket_show_description":"","_tribe_ticket_show_not_going":false,"_tribe_ticket_use_global_stock":"","_tribe_ticket_global_stock_level":"","_global_stock_mode":"","_global_stock_cap":"","_tribe_rsvp_for_event":"","_tribe_ticket_going_count":"","_tribe_ticket_not_going_count":"","_tribe_tickets_list":"[]","_tribe_ticket_has_attendee_info_fields":false,"_EventAllDay":false,"_EventTimezone":"","_EventStartDate":"","_EventEndDate":"","_EventStartDateUTC":"","_EventEndDateUTC":"","_EventShowMap":false,"_EventShowMapLink":false,"_EventURL":"","_EventCost":"","_EventCostDescription":"","_EventCurrencySymbol":"","_EventCurrencyCode":"","_EventCurrencyPosition":"","_EventDateTimeSeparator":"","_EventTimeRangeSeparator":"","_EventOrganizerID":[],"_EventVenueID":[],"_OrganizerEmail":"","_OrganizerPhone":"","_OrganizerWebsite":"","_VenueAddress":"","_VenueCity":"","_VenueCountry":"","_VenueProvince":"","_VenueState":"","_VenueZip":"","_VenuePhone":"","_VenueURL":"","_VenueStateProvince":"","_VenueLat":"","_VenueLng":"","_VenueShowMap":false,"_VenueShowMapLink":false,"_tribe_blocks_recurrence_rules":"","_tribe_blocks_recurrence_description":"","_tribe_blocks_recurrence_exclusions":"","banner-text":"","banner-text-color":"","button-text":"","button-text-color":"","button-link":"","has-button-icon":"","background-color":"","has-background-icon":"","background-icon-color":"","second-featured-image":"","footnotes":""},"class_list":["post-1135","page","type-page","status-publish","has-post-thumbnail","hentry"],"aioseo_notices":[],"_links":{"self":[{"href":"https:\/\/www.vayahealth.com\/es\/wp-json\/wp\/v2\/pages\/1135","targetHints":{"allow":["GET"]}}],"collection":[{"href":"https:\/\/www.vayahealth.com\/es\/wp-json\/wp\/v2\/pages"}],"about":[{"href":"https:\/\/www.vayahealth.com\/es\/wp-json\/wp\/v2\/types\/page"}],"author":[{"embeddable":true,"href":"https:\/\/www.vayahealth.com\/es\/wp-json\/wp\/v2\/users\/62"}],"replies":[{"embeddable":true,"href":"https:\/\/www.vayahealth.com\/es\/wp-json\/wp\/v2\/comments?post=1135"}],"version-history":[{"count":0,"href":"https:\/\/www.vayahealth.com\/es\/wp-json\/wp\/v2\/pages\/1135\/revisions"}],"up":[{"embeddable":true,"href":"https:\/\/www.vayahealth.com\/es\/wp-json\/wp\/v2\/pages\/1130"}],"wp:featuredmedia":[{"embeddable":true,"href":"https:\/\/www.vayahealth.com\/es\/wp-json\/wp\/v2\/media\/50052"}],"wp:attachment":[{"href":"https:\/\/www.vayahealth.com\/es\/wp-json\/wp\/v2\/media?parent=1135"}],"curies":[{"name":"wp","href":"https:\/\/api.w.org\/{rel}","templated":true}]}}