{"id":1146,"date":"2016-05-27T18:16:42","date_gmt":"2016-05-27T22:16:42","guid":{"rendered":"http:\/\/vayahealth.com\/?page_id=1146"},"modified":"2026-03-16T14:40:02","modified_gmt":"2026-03-16T18:40:02","slug":"intellectual-developmental-disabilities","status":"publish","type":"page","link":"https:\/\/www.vayahealth.com\/es\/benefits-services\/intellectual-developmental-disabilities\/","title":{"rendered":"Discapacidad intelectual y del desarrollo"},"content":{"rendered":"<div>\n<div>\n<p>Aproximadamente uno de cada seis ni\u00f1os en Estados Unidos tiene una discapacidad intelectual o del desarrollo (I\/DD). En Vaya Health creemos que hay que ayudar a los ni\u00f1os y adultos con discapacidad a formar parte de la comunidad en la que quieren vivir. Las personas con discapacidad pertenecen a nuestros barrios, lugares de trabajo y actividades sociales.<\/p>\n<\/div>\n\n\n\n<div>\n<h2 class=\"gb-text\">\u00bfQu\u00e9 es una I\/DD?<\/h2>\n\n\n\n<p>Las discapacidades intelectuales y del desarrollo incluyen una amplia gama de diagn\u00f3sticos que suelen durar toda la vida. Incluyen diagn\u00f3sticos como discapacidad intelectual, par\u00e1lisis cerebral, s\u00edndrome de Down, trastorno del espectro autista, s\u00edndrome X fr\u00e1gil y s\u00edndrome alcoh\u00f3lico fetal.<\/p>\n\n\n\n<p>Estos trastornos aparecen durante el periodo de desarrollo de una persona (antes de los 22 a\u00f1os). Afectan a la capacidad de la persona para hacer cosas que normalmente pueden hacer otras personas de su edad. Los efectos var\u00edan mucho de una persona a otra y se basan en una serie de factores e influencias.<\/p>\n<\/div>\n\n\n\n<div>\n<h2 class=\"gb-text\">\u00bfQu\u00e9 servicios I\/DD est\u00e1n disponibles a trav\u00e9s de Vaya?<\/h2>\n\n\n\n<p>Vaya ofrece servicios para ayudar a las personas con una I\/DD a permanecer en sus comunidades y vivir de la forma m\u00e1s independiente posible. Los servicios incluyen ayuda con el aprendizaje de habilidades hacia la independencia, encontrar y mantener el empleo, y vivir en un hogar de su elecci\u00f3n.<\/p>\n\n\n\n<p>Los servicios espec\u00edficos disponibles dependen de su plan de salud y de sus necesidades personales. Su Manual del Afiliado o Manual del Beneficiario contiene una lista de los servicios para personas con discapacidad intelectual que pueden estar a su disposici\u00f3n. Tambi\u00e9n puede llamar a nuestra L\u00ednea de Atenci\u00f3n al Afiliado y al Beneficiario al <a href=\"tel:1-800-962-9003\" target=\"_blank\" rel=\"noopener\" title=\"\">1-800-962-9003<\/a>.<\/p>\n\n\n\n<div>\n<h3 class=\"gb-text\">Exenci\u00f3n de NC Innovations<\/h3>\n\n\n\n<p>La exenci\u00f3n de NC Innovations permite a las personas con I\/DD recibir servicios y ayudas en su propia comunidad. Esto ayuda a las personas a vivir de la forma m\u00e1s independiente posible, en lugar de en una instituci\u00f3n como un centro de desarrollo. M\u00e1s informaci\u00f3n sobre la <a href=\"\/es\/benefits-services\/intellectual-developmental-disabilities\/nc-innovations-waiver\/\" title=\"\">Exenci\u00f3n de NC Innovations<\/a>.<\/p>\n<\/div>\n\n\n\n<div>\n<h3 class=\"gb-text\">Servicios 1915(i)<\/h3>\n\n\n\n<p>Vaya ofrece lo siguiente <a href=\"https:\/\/medicaid.ncdhhs.gov\/beneficiaries\/1915i\" target=\"_blank\" rel=\"noopener\" title=\"\">Servicios de Medicaid 1915(i)<\/a> para ni\u00f1os y adultos con I\/DD que cumplan los requisitos:<\/p>\n\n\n\n<ul class=\"wp-block-list\">\n<li>Vida y apoyo comunitarios<\/li>\n\n\n\n<li>Empleo con apoyo<\/li>\n\n\n\n<li>Respiro<\/li>\n\n\n\n<li>Transici\u00f3n comunitaria<\/li>\n<\/ul>\n<\/div>\n\n\n\n<div>\n<h3 class=\"gb-text\">Ayudas comunitarias a largo plazo<\/h3>\n\n\n\n<p>Vaya ofrece apoyos comunitarios a largo plazo (LTCS) como un servicio de Medicaid \"en lugar de\". LTCS permite a las personas con I \/ DD a vivir en su comunidad y participar en actividades asociadas con un d\u00eda significativo.<\/p>\n<\/div>\n\n\n\n<div>\n<h3 class=\"gb-text\">NC START Servicios para la infancia<\/h3>\n\n\n\n<p>Vaya puede derivar a ni\u00f1os de entre 5 y 20 a\u00f1os con diagn\u00f3stico documentado de I\/DD&nbsp;<strong><em>y&nbsp;<\/em><\/strong>un trastorno de salud mental y\/o por consumo de sustancias al programa sist\u00e9mico, terap\u00e9utico, de evaluaci\u00f3n, recursos y tratamiento de Carolina del Norte (NC START). <a href=\"https:\/\/www.ncdhhs.gov\/divisions\/mental-health-developmental-disabilities-and-substance-use-services\/nc-start\" target=\"_blank\" rel=\"noopener\" title=\"\">NC INICIO<\/a> ofrece servicios comunitarios de intervenci\u00f3n y prevenci\u00f3n de crisis a los ni\u00f1os y sus familias.<\/p>\n\n\n\n<p>Los ni\u00f1os que re\u00fanan los requisitos para recibir los servicios NC START Child deben ser remitidos a trav\u00e9s de su gestor o coordinador de cuidados.<\/p>\n<\/div>\n\n\n\n<div>\n<h3 class=\"gb-text\">Servicios financiados por el Estado<\/h3>\n\n\n\n<p>Si tiene una I\/DD, puede optar a <a href=\"\/es\/health-plans\/state-funded-services\/\" target=\"_blank\" rel=\"noopener\" title=\"\">Servicios financiados por el Estado<\/a> a trav\u00e9s del Plan Adaptado Vaya. Incluyen servicios como el Empleo con Apoyo y el Respiro. Estos servicios no cubiertos por Medicaid no son un derecho y dependen de la financiaci\u00f3n disponible.<\/p>\n<\/div>\n\n\n\n<div>\n<h3 class=\"gb-text\">Servicios adicionales<\/h3>\n\n\n\n<p>Si tiene una I\/DD y otras necesidades sanitarias, como un trastorno de salud mental o por consumo de sustancias, puede optar a servicios para esas afecciones. Adem\u00e1s, el Plan a Medida Vaya (<a href=\"\/es\/health-plans\/vaya-total-care\/\" title=\"\">Vaya Total Care<\/a>) Los miembros de Medicaid pueden optar a servicios para necesidades de salud f\u00edsica relacionadas.<\/p>\n<\/div>\n<\/div>\n\n\n\n<div>\n<h2 class=\"gb-text\">\u00bfQu\u00e9 otros recursos existen fuera de Vaya?<\/h2>\n\n\n\n<ul class=\"wp-block-list\">\n<li><a href=\"https:\/\/aaidd.org\/\" target=\"_blank\" rel=\"noopener\" title=\"\">Asociaci\u00f3n Americana de Discapacidad Intelectual y del Desarrollo<\/a><\/li>\n\n\n\n<li><a href=\"https:\/\/nccdd.org\/\" target=\"_blank\" rel=\"noopener\" title=\"\">Consejo de Discapacidades del Desarrollo de Carolina del Norte<\/a><\/li>\n\n\n\n<li><a href=\"https:\/\/www.ncdhhs.gov\/about\/department-initiatives\/inclusion-connects\" target=\"_blank\" rel=\"noopener\" title=\"\">La inclusi\u00f3n conecta<\/a> (Departamento de Salud y Servicios Humanos de Carolina del Norte)<\/li>\n<\/ul>\n<\/div>\n<\/div>","protected":false},"excerpt":{"rendered":"<p>About one in six children in the United States has an intellectual\/developmental disability (I\/DD). At Vaya Health, we believe in helping children and adults with disabilities be a part of [&hellip;]<\/p>\n","protected":false},"author":62,"featured_media":8491,"parent":26637,"menu_order":57,"comment_status":"closed","ping_status":"closed","template":"breadcrumbs","meta":{"_tec_requires_first_save":true,"_price":"","_stock":"","_tribe_ticket_header":"","_tribe_default_ticket_provider":"","_tribe_ticket_capacity":"0","_ticket_start_date":"","_ticket_end_date":"","_tribe_ticket_show_description":"","_tribe_ticket_show_not_going":false,"_tribe_ticket_use_global_stock":"","_tribe_ticket_global_stock_level":"","_global_stock_mode":"","_global_stock_cap":"","_tribe_rsvp_for_event":"","_tribe_ticket_going_count":"","_tribe_ticket_not_going_count":"","_tribe_tickets_list":"[]","_tribe_ticket_has_attendee_info_fields":false,"_EventAllDay":false,"_EventTimezone":"","_EventStartDate":"","_EventEndDate":"","_EventStartDateUTC":"","_EventEndDateUTC":"","_EventShowMap":false,"_EventShowMapLink":false,"_EventURL":"","_EventCost":"","_EventCostDescription":"","_EventCurrencySymbol":"","_EventCurrencyCode":"","_EventCurrencyPosition":"","_EventDateTimeSeparator":"","_EventTimeRangeSeparator":"","_EventOrganizerID":[],"_EventVenueID":[],"_OrganizerEmail":"","_OrganizerPhone":"","_OrganizerWebsite":"","_VenueAddress":"","_VenueCity":"","_VenueCountry":"","_VenueProvince":"","_VenueState":"","_VenueZip":"","_VenuePhone":"","_VenueURL":"","_VenueStateProvince":"","_VenueLat":"","_VenueLng":"","_VenueShowMap":false,"_VenueShowMapLink":false,"_tribe_blocks_recurrence_rules":"","_tribe_blocks_recurrence_description":"","_tribe_blocks_recurrence_exclusions":"","banner-text":"","banner-text-color":"","button-text":"","button-text-color":"","button-link":"","has-button-icon":"","background-color":"","has-background-icon":"","background-icon-color":"","second-featured-image":"","footnotes":""},"class_list":["post-1146","page","type-page","status-publish","has-post-thumbnail","hentry"],"aioseo_notices":[],"_links":{"self":[{"href":"https:\/\/www.vayahealth.com\/es\/wp-json\/wp\/v2\/pages\/1146","targetHints":{"allow":["GET"]}}],"collection":[{"href":"https:\/\/www.vayahealth.com\/es\/wp-json\/wp\/v2\/pages"}],"about":[{"href":"https:\/\/www.vayahealth.com\/es\/wp-json\/wp\/v2\/types\/page"}],"author":[{"embeddable":true,"href":"https:\/\/www.vayahealth.com\/es\/wp-json\/wp\/v2\/users\/62"}],"replies":[{"embeddable":true,"href":"https:\/\/www.vayahealth.com\/es\/wp-json\/wp\/v2\/comments?post=1146"}],"version-history":[{"count":1,"href":"https:\/\/www.vayahealth.com\/es\/wp-json\/wp\/v2\/pages\/1146\/revisions"}],"predecessor-version":[{"id":56779,"href":"https:\/\/www.vayahealth.com\/es\/wp-json\/wp\/v2\/pages\/1146\/revisions\/56779"}],"up":[{"embeddable":true,"href":"https:\/\/www.vayahealth.com\/es\/wp-json\/wp\/v2\/pages\/26637"}],"wp:featuredmedia":[{"embeddable":true,"href":"https:\/\/www.vayahealth.com\/es\/wp-json\/wp\/v2\/media\/8491"}],"wp:attachment":[{"href":"https:\/\/www.vayahealth.com\/es\/wp-json\/wp\/v2\/media?parent=1146"}],"curies":[{"name":"wp","href":"https:\/\/api.w.org\/{rel}","templated":true}]}}