{"id":12558,"date":"2020-01-16T13:29:09","date_gmt":"2020-01-16T18:29:09","guid":{"rendered":"\/?page_id=12558"},"modified":"2025-04-03T13:07:56","modified_gmt":"2025-04-03T17:07:56","slug":"website-privacy-policy","status":"publish","type":"page","link":"https:\/\/www.vayahealth.com\/es\/website-privacy-policy\/","title":{"rendered":"T\u00e9rminos y condiciones del sitio web, descargo de responsabilidad y pol\u00edtica de privacidad"},"content":{"rendered":"<section class=\"gb-container gb-container-39b7e3c8\"><div class=\"gb-inside-container\">\n\n<p><strong>FECHA DE ENTRADA EN VIGOR Y MODIFICACIONES<\/strong><\/p>\n\n\n\n<p>Bienvenido a este sitio web, que es propiedad y est\u00e1 gestionado por Vaya Health LME\/MCO. Vaya Health (\"nosotros\", \"nos\", o \"nuestro\") opera <a href=\"https:\/\/www.vayahealth.com\/es\/\">https:\/\/vayahealth.com<\/a>, <a href=\"https:\/\/providers.vayahealth.com\/\">https:\/\/providers.vayahealth.com<\/a> y <a href=\"https:\/\/learn.vayahealth.com\/\">https:\/\/learn.vayahealth.com<\/a> (los \"Sitios\"). Vaya mantiene los Sitios como un servicio para sus visitantes, miembros y proveedores, sujeto a la siguiente Exenci\u00f3n de Responsabilidad, Condiciones de Uso y Pol\u00edtica de Privacidad (\"Pol\u00edtica del Sitio\"). Esta p\u00e1gina le informa de nuestros t\u00e9rminos y condiciones y del aviso legal sobre el uso de estos Sitios, as\u00ed como de las pol\u00edticas relativas a la recopilaci\u00f3n, uso y divulgaci\u00f3n de la Informaci\u00f3n Personal que recibimos de los usuarios de los Sitios. Utilizamos su Informaci\u00f3n Personal \u00fanicamente para proporcionar y mejorar los Sitios. Al acceder a los Sitios, usted acepta la recopilaci\u00f3n y el uso de la informaci\u00f3n de acuerdo con esta pol\u00edtica.<\/p>\n\n\n\n<p>Esta Pol\u00edtica entr\u00f3 en vigor el 15 de enero de 2020 y permanecer\u00e1 en vigor a menos que sea modificada o sustituida.<\/p>\n\n\n\n<p>\u00daltima actualizaci\u00f3n: 07\/26\/2021<\/p>\n\n\n\n<h3 class=\"gb-headline gb-headline-5ee37eb5 gb-headline-text\">CONDICIONES GENERALES<\/h3>\n\n\n\n<p>Al utilizar los Sitios, usted acepta los T\u00e9rminos y Condiciones de Uso; si no est\u00e1 de acuerdo con los T\u00e9rminos y Condiciones de Uso, no podr\u00e1 utilizar los Sitios. Vaya se reserva el derecho a modificar el contenido del Sitio y la Pol\u00edtica del Sitio Web sin previo aviso y en cualquier momento. Cualquier modificaci\u00f3n de esta Pol\u00edtica del Sitio Web entrar\u00e1 en vigor inmediatamente despu\u00e9s de su publicaci\u00f3n en esta p\u00e1gina. Le recomendamos que consulte peri\u00f3dicamente esta Pol\u00edtica del sitio web. Su uso continuado del Sitio despu\u00e9s de que publiquemos cualquier modificaci\u00f3n de la Pol\u00edtica del Sitio Web en esta p\u00e1gina constituir\u00e1 su reconocimiento de las modificaciones y su consentimiento para acatar y estar obligado por la Pol\u00edtica del Sitio Web modificada.<\/p>\n\n\n\n<p><strong>Legislaci\u00f3n aplicable<\/strong><\/p>\n\n\n\n<p>Todos los asuntos relacionados con su acceso y uso de los Sitios se regir\u00e1n por la legislaci\u00f3n federal de los Estados Unidos o por las leyes de los Estados en los que est\u00e9 alojado el Sitio espec\u00edfico que est\u00e1 viendo, sin tener en cuenta su conflicto de principios legales. Cualquier acci\u00f3n o procedimiento legal relacionado con su acceso o uso de los Sitios se iniciar\u00e1 en un tribunal estatal o federal de la jurisdicci\u00f3n en la que est\u00e9n alojados los Sitios de Vaya que est\u00e9 consultando.<\/p>\n\n\n\n<p>Si se determina que alguna disposici\u00f3n de estas Condiciones de uso es inv\u00e1lida o inaplicable, dicha determinaci\u00f3n no afectar\u00e1 al resto de las Condiciones de uso y \u00e9stas se considerar\u00e1n modificadas en la medida m\u00ednima necesaria para que sean v\u00e1lidas y aplicables.<\/p>\n\n\n\n<p><strong>Comentarios, comunicaciones y otros contenidos<\/strong><\/p>\n\n\n\n<p>Vaya no permite ni ha permitido comentarios o interacciones virtuales en nuestro sitio. Puede proporcionar otros contenidos siempre que \u00e9stos no sean obscenos, ilegales, amenazadores o difamatorios y siempre que no invadan la privacidad o infrinjan la propiedad intelectual de terceros. Adem\u00e1s, dicho contenido no podr\u00e1 contener virus inform\u00e1ticos, correos masivos, cartas en cadena ni ninguna forma de \"spam\". No podr\u00e1 utilizar una direcci\u00f3n de correo electr\u00f3nico falsa, hacerse pasar por otra persona o entidad, ni inducir a error sobre el origen de la informaci\u00f3n.<\/p>\n\n\n\n<p>Al enviar informaci\u00f3n, usted concede a Vaya el derecho no exclusivo, libre de regal\u00edas, perpetuo, irrevocable y totalmente sublicenciable a reproducir, utilizar, modificar, publicar, adaptar, traducir, crear obras derivadas, distribuir y mostrar dicho contenido en todo el mundo y en cualquier medio. Al enviar informaci\u00f3n, usted tambi\u00e9n declara y garantiza que el contenido es exacto, que posee o tiene permiso para utilizar el contenido que env\u00eda y que el uso del contenido no causar\u00e1 da\u00f1os a ninguna persona o entidad.<\/p>\n\n\n\n<p><strong>Informaci\u00f3n sobre derechos de autor<\/strong><\/p>\n\n\n\n<p>Los Sitios y su contenido son propiedad de Vaya o de sus proveedores y est\u00e1n protegidos por las leyes de derechos de autor de los Estados Unidos y del Estado de Carolina del Norte, as\u00ed como por las disposiciones de tratados internacionales. La compilaci\u00f3n, organizaci\u00f3n y presentaci\u00f3n del contenido, as\u00ed como todo el software y las invenciones utilizadas en estos Sitios y en relaci\u00f3n con ellos, son propiedad exclusiva de Vaya. Vaya se reserva todos los derechos sobre los Sitios y su contenido que no est\u00e9n espec\u00edficamente concedidos en ning\u00fan acuerdo con Vaya o en las Condiciones de uso.<\/p>\n\n\n\n<p><strong>Pagos<\/strong><\/p>\n\n\n\n<p>Vaya no acepta ni procesa pagos en nuestros Sitios. Para realizar un pago en l\u00ednea relacionado con un evento, se le dirigir\u00e1 a PayPal o a otro sitio de pago de terceros.<\/p>\n\n\n\n<p><strong>Productos y servicios ofrecidos por Vaya y terceros en los sitios web<\/strong><\/p>\n\n\n\n<p>Ocasionalmente, Vaya puede ofrecer productos y servicios en los Sitios, o puede permitir a miembros o proveedores que ofrezcan productos y servicios en los Sitios, incluidos, entre otros, los servicios y productos ofrecidos a trav\u00e9s de nuestros <a href=\"\/es\/benefits-services\/intellectual-developmental-disabilities\/microenterprise-directory\/\" title=\"\">p\u00e1gina web de la microempresa<\/a>. El uso que usted haga de cualquiera de los productos o servicios ofrecidos en los Sitios se rige por las presentes Condiciones de uso y Descargo de responsabilidad.<\/p>\n\n\n\n<p><strong>Uso del contenido de los sitios<\/strong><\/p>\n\n\n\n<p>Usted puede ver, descargar e imprimir contenidos de los Sitios sujetos a las siguientes condiciones: (a) el contenido puede ser utilizado \u00fanicamente con fines informativos; y (b) el contenido no puede ser modificado o alterado de ninguna manera. No podr\u00e1 volver a publicar, distribuir, preparar obras derivadas o utilizar de cualquier otro modo el contenido que no sea el permitido expl\u00edcitamente en el presente documento.<\/p>\n\n\n\n<p>Queda prohibido enmarcar o utilizar t\u00e9cnicas de enmarcado para incluir cualquier marca comercial, logotipo u otra informaci\u00f3n de propiedad (incluyendo im\u00e1genes, texto, dise\u00f1o de p\u00e1gina o forma) de Vaya sin el consentimiento expreso por escrito de Vaya. No est\u00e1 permitido utilizar metaetiquetas ni ning\u00fan otro \"texto oculto\" que utilice el nombre o las marcas comerciales de Vaya sin el consentimiento expreso y por escrito de Vaya. No podr\u00e1 utilizar ning\u00fan logotipo de Vaya ni ning\u00fan otro gr\u00e1fico o marca comercial de su propiedad como parte del enlace sin el consentimiento expreso por escrito de Vaya.<\/p>\n\n\n\n<p>Usted no adquiere ning\u00fan derecho de propiedad sobre ning\u00fan contenido de los Sitios. Cualquier uso no autorizado pone fin al permiso concedido por Vaya.<\/p>\n\n\n\n<p><strong>AVISO LEGAL<\/strong><\/p>\n\n\n\n<p>El material y la informaci\u00f3n contenidos en los Sitios tienen \u00fanicamente fines de informaci\u00f3n general. En la redacci\u00f3n y desarrollo de los Sitios y su contenido, Vaya Health se ha esforzado por lograr la m\u00e1xima precisi\u00f3n. No debe basarse en el material o la informaci\u00f3n de los Sitios para tomar decisiones comerciales, jur\u00eddicas o de otro tipo. No podemos garantizar que la informaci\u00f3n de los Sitios sea siempre completa, correcta y actualizada y\/o que su uso ayude a los visitantes a alcanzar los objetivos previstos. Adem\u00e1s, nos reservamos el derecho a modificar la informaci\u00f3n de los Sitios en cualquier momento.<\/p>\n\n\n\n<p><strong>Limitaci\u00f3n de responsabilidad<\/strong><\/p>\n\n\n\n<p>SALVO QUE SE INDIQUE EXPRESAMENTE EN UN ACUERDO ENTRE USTED Y VAYA HEALTH, TODOS LOS CONTENIDOS, SERVICIOS, PRODUCTOS Y SOFTWARE PROPORCIONADOS EN LOS SITIOS SE FACILITAN \"TAL CUAL\", SIN GARANT\u00cdA DE NING\u00daN TIPO, IMPL\u00cdCITA, EXPRESA O LEGAL. VAYA HEALTH Y SUS PROVEEDORES Y LICENCIANTES RENUNCIAN A TODAS LAS GARANT\u00cdAS, IMPL\u00cdCITAS, EXPRESAS O ESTATUTARIAS, INCLUIDAS, ENTRE OTRAS, LAS DE COMERCIABILIDAD, TITULARIDAD, IDONEIDAD PARA UN FIN DETERMINADO, NO INFRACCI\u00d3N DE DERECHOS DE TERCEROS O AUSENCIA DE VIRUS INFORM\u00c1TICOS. VAYA HEALTH NO HACE REPRESENTACIONES O GARANT\u00cdAS DE NING\u00daN TIPO, EXPRESAS O IMPL\u00cdCITAS, SOBRE LA INTEGRIDAD, EXACTITUD, FIABILIDAD, IDONEIDAD O DISPONIBILIDAD CON RESPECTO A LOS SITIOS O LA INFORMACI\u00d3N, PRODUCTOS O SERVICIOS CONTENIDOS EN LOS SITIOS PARA CUALQUIER PROP\u00d3SITO. USTED ES EL \u00daNICO RESPONSABLE DE LA IDONEIDAD DE LOS SITIOS, SU CONTENIDO Y LOS PRODUCTOS Y SERVICIOS OFRECIDOS POR VAYA HEALTH EN LOS SITIOS PARA SU APLICACI\u00d3N Y USO PREVISTOS. VAYA HEALTH NO GARANTIZA QUE LOS SITIOS, SU CONTENIDO O LOS PRODUCTOS Y SERVICIOS QUE OFRECE EN LOS SITIOS SATISFAGAN SUS NECESIDADES. POR LO TANTO, CUALQUIER CONFIANZA QUE DEPOSITE EN DICHO MATERIAL ES ESTRICTAMENTE POR SU CUENTA Y RIESGO. EN LA MEDIDA EN QUE LA LEY NO LO PROH\u00cdBA, EN NING\u00daN CASO VAYA HEALTH, SUS PROVEEDORES Y LICENCIANTES SER\u00c1N RESPONSABLES ANTE USTED NI ANTE TERCEROS DE NING\u00daN DA\u00d1O DIRECTO, INDIRECTO, ESPECIAL, CONSECUENTE, INCIDENTAL O PUNITIVO (INCLUIDOS, ENTRE OTROS, LOS DA\u00d1OS POR P\u00c9RDIDA DE NEGOCIO O P\u00c9RDIDA DE BENEFICIOS) QUE SE DERIVEN DIRECTA O INDIRECTAMENTE DEL USO O DE LA IMPOSIBILIDAD DE USO DE ESTE SITIO, INCLUIDO CUALQUIER MATERIAL CONTENIDO EN ESTE SITIO Y LOS ENLACES A TERCEROS, INCLUSO SI VAYA HEALTH, SUS PROVEEDORES O LICENCIANTES HAN SIDO ADVERTIDOS DE LA POSIBILIDAD DE TALES DA\u00d1OS. VAYA HEALTH NO SER\u00c1 RESPONSABLE EN NING\u00daN CASO DE LAS P\u00c9RDIDAS O DA\u00d1OS, INDEPENDIENTEMENTE DE SU NATURALEZA, CAUSADOS DIRECTA O INDIRECTAMENTE POR ACCIONES O DECISIONES BASADAS EN LA INFORMACI\u00d3N OBTENIDA EN O A TRAV\u00c9S DE ESTE SITIO WEB. VAYA HEALTH NO SER\u00c1 RESPONSABLE DE LA INFORMACI\u00d3N FALSA, INEXACTA, INAPROPIADA O INCOMPLETA QUE APAREZCA EN EL SITIO WEB. VAYA HEALTH NO SER\u00c1 RESPONSABLE DE LAS ACCIONES O CONDUCTAS REALIZADAS POR CUALQUIER INDIVIDUO IDENTIFICADO EN ESTE SITIO WEB, INCLUIDOS LOS MIEMBROS DEL CONSEJO DE ADMINISTRACI\u00d3N DE VAYA HEALTH, EMPLEADOS, MIEMBROS, PROVEEDORES U OTROS. ALGUNAS LEYES ESTATALES NO PERMITEN LA LIMITACI\u00d3N DE LAS GARANT\u00cdAS IMPL\u00cdCITAS NI LA EXCLUSI\u00d3N O LIMITACI\u00d3N DE DETERMINADOS DA\u00d1OS. SI ESTAS LEYES SE APLICAN A USTED, ALGUNAS O TODAS LAS RENUNCIAS, EXCLUSIONES O LIMITACIONES ANTERIORES PUEDEN NO APLICARSE A USTED, Y USTED PODR\u00cdA TENER DERECHOS ADICIONALES.<\/p>\n\n\n\n<p><strong>Indemnizaci\u00f3n<\/strong><\/p>\n\n\n\n<p>Usted se compromete a defender, indemnizar y mantener indemne a Vaya Health, sus directores, funcionarios, empleados, abogados y agentes (\"Indemnizados\") contra todas las reclamaciones, gastos, responsabilidades, p\u00e9rdidas, costos y da\u00f1os, incluyendo honorarios razonables de abogados, que los Indemnizados puedan incurrir (i) en relaci\u00f3n con su uso de los Sitios o cualquier sitio web hipervinculado de terceros o (ii) como resultado del contenido que usted proporcione.<\/p>\n\n\n\n<p><strong>Sitios web e informaci\u00f3n de terceros<\/strong><\/p>\n\n\n\n<p>El Sitio puede proporcionar hiperv\u00ednculos a sitios web de terceros o acceso a contenidos de terceros, incluidos, entre otros, los servicios y productos ofrecidos a trav\u00e9s de nuestra p\u00e1gina web para microempresas. Vaya no controla, avala ni garantiza el contenido de dichos sitios. Vaya no garantiza que las descripciones de los productos o el contenido de los Sitios sean precisos, actuales, fiables, completos o est\u00e9n libres de errores. Usted acepta que Vaya no es responsable de ning\u00fan contenido, enlaces asociados, recursos o servicios asociados con un sitio de terceros. Asimismo, usted acepta que Vaya no ser\u00e1 responsable de ninguna p\u00e9rdida o da\u00f1o de ning\u00fan tipo asociado al uso que usted haga del contenido de terceros. Los enlaces y el acceso a estos sitios se proporcionan \u00fanicamente para su comodidad.<\/p>\n\n\n\n<p>Algunos enlaces de este sitio web pueden llevar a sitios web o p\u00e1ginas de redes sociales que no est\u00e1n bajo el control de Vaya Health. Al activar estos enlaces, abandonar\u00e1 el sitio web de Vaya Health. Vaya Health no asume responsabilidad alguna por el contenido de los enlaces a sitios web de terceros. Vaya Health no tiene ning\u00fan control sobre los materiales, productos o servicios disponibles en cualquier sitio web que no est\u00e9 bajo el control de Vaya Health, y no acepta ninguna responsabilidad al respecto. Vaya Health no se hace responsable de la exactitud de dichos enlaces ni de su contenido. La publicaci\u00f3n de enlaces a sitios web de terceros no implica que Vaya Health est\u00e9 de acuerdo con la informaci\u00f3n que puede obtenerse a trav\u00e9s de dichos sitios. Dichos enlaces tienen como \u00fanico objetivo ayudar a los usuarios de este sitio web a obtener m\u00e1s informaci\u00f3n. No se ofrece ning\u00fan tipo de garant\u00eda, impl\u00edcita, expresa o legal, incluidas, entre otras, las garant\u00edas de no infracci\u00f3n de derechos de terceros, titularidad, comerciabilidad, idoneidad para un fin determinado o ausencia de virus inform\u00e1ticos, con respecto a los enlaces a otros recursos de Internet.<\/p>\n\n\n\n<p><strong>Descargo de responsabilidad<\/strong><\/p>\n\n\n\n<p>La referencia en los Sitios, incluyendo pero no limitado a los servicios y productos ofrecidos a trav\u00e9s de nuestra p\u00e1gina web de microempresas, a cualquier producto comercial espec\u00edfico, proceso o servicio, o el uso de cualquier nombre de persona, comercio, empresa o corporaci\u00f3n es para la informaci\u00f3n y conveniencia del p\u00fablico, y no constituye respaldo, recomendaci\u00f3n o favoritismo por parte de Vaya Health.<\/p>\n\n\n\n<h3 class=\"gb-headline gb-headline-aeec29a4 gb-headline-text\">POL\u00cdTICA DE PRIVACIDAD<\/h3>\n\n\n\n<p>Porque respetamos su derecho a la privacidad, hemos desarrollado la siguiente Pol\u00edtica de Privacidad para informarle sobre nuestras pr\u00e1cticas de privacidad relacionadas con los Sitios.<\/p>\n\n\n\n<p><strong>Qu\u00e9 datos personales recogemos y por qu\u00e9 los recogemos<\/strong><\/p>\n\n\n\n<ol class=\"wp-block-list\">\n<li><strong>Informaci\u00f3n que nos facilite.<\/strong>&nbsp;Al utilizar nuestro Sitio, es posible que le pidamos que nos proporcione cierta informaci\u00f3n de identificaci\u00f3n personal que puede utilizarse para ponernos en contacto con usted o identificarle con el fin de inscribirse en un evento o una formaci\u00f3n en l\u00ednea. La informaci\u00f3n de identificaci\u00f3n personal puede incluir, entre otros, su nombre y direcci\u00f3n de correo electr\u00f3nico. (\"Informaci\u00f3n personal\"). La cantidad y el tipo de informaci\u00f3n que recopilamos depende de la naturaleza de la interacci\u00f3n. Por ejemplo, podemos pedir a los visitantes que se inscriban en un evento o participen en una formaci\u00f3n en l\u00ednea que faciliten el nombre de la organizaci\u00f3n para la que trabajan, de modo que el proveedor pueda recibir cr\u00e9ditos por haber completado sus empleados la formaci\u00f3n. En cada caso, recogemos dicha informaci\u00f3n s\u00f3lo en la medida en que sea necesaria o apropiada para cumplir el prop\u00f3sito de su interacci\u00f3n con nosotros. Siempre puede negarse a suministrar datos personales; sin embargo, hacerlo puede impedirle recibir nuestros Servicios o participar en otras actividades en el Sitio.<\/li>\n<\/ol>\n\n\n\n<p><strong>En ning\u00fan caso solicitaremos datos personales sensibles<\/strong>&nbsp;(por ejemplo, informaci\u00f3n sanitaria, preferencias religiosas, etc.) de usted, y le pedimos expresamente que no nos facilite ning\u00fan dato personal sensible de este tipo.<\/p>\n\n\n\n<ol start=\"2\" class=\"wp-block-list\">\n<li>Si usted la facilita, podremos utilizar sus Datos Personales para el env\u00edo de boletines electr\u00f3nicos como el Bolet\u00edn de Comunicaci\u00f3n a Proveedores Vaya Health o para la confirmaci\u00f3n de la inscripci\u00f3n a un evento o formaci\u00f3n en l\u00ednea. Esta informaci\u00f3n s\u00f3lo se utilizar\u00e1 para enviarle el bolet\u00edn o el correo electr\u00f3nico de confirmaci\u00f3n solicitado.<\/li>\n\n\n\n<li><strong>Registros del servidor web.<\/strong>&nbsp;Como ocurre en la mayor\u00eda de los sitios web, recopilamos cierta informaci\u00f3n autom\u00e1ticamente a trav\u00e9s de su uso del Sitio. Esta informaci\u00f3n puede incluir direcciones de protocolo de Internet (IP), tipo de navegador, proveedor de servicios de Internet (ISP), p\u00e1ginas de referencia o de salida, los archivos vistos en el sitio (por ejemplo, p\u00e1ginas HTML, gr\u00e1ficos, etc.), sistema operativo, sello de fecha\/hora y datos de clics para analizar tendencias agregadas y administrar el sitio. Utilizamos software anal\u00edtico para ayudarnos a comprender esta informaci\u00f3n.<\/li>\n\n\n\n<li><strong>Cookies<\/strong>. Las cookies son archivos con peque\u00f1as cantidades de datos que pueden incluir un identificador \u00fanico an\u00f3nimo. Las cookies se env\u00edan a su navegador desde un sitio web y se almacenan en el disco duro de su ordenador. Como muchos sitios, utilizamos \"cookies\" para recoger informaci\u00f3n. Puede configurar su navegador para que rechace todas las cookies o para que le indique cu\u00e1ndo se env\u00eda una cookie. Sin embargo, si no acepta las cookies, es posible que no pueda utilizar algunas partes de nuestro Sitio. Adem\u00e1s, podemos utilizar servicios de terceros, como Google Analytics, que recopilan, supervisan y analizan estos datos con el fin de mejorar nuestro sitio web y la navegaci\u00f3n para servirle a usted.<\/li>\n\n\n\n<li><strong>Informaci\u00f3n sobre eventos, asistentes y compradores de entradas&nbsp;<\/strong>como se describe a continuaci\u00f3n.<\/li>\n<\/ol>\n\n\n\n<p><strong>Cu\u00e1nto tiempo conserva Vaya los datos recopilados<\/strong><\/p>\n\n\n\n<p>Toda la informaci\u00f3n (datos) se conserva en la base de datos local indefinidamente, a menos que se elimine de otro modo.<\/p>\n\n\n\n<p><strong>C\u00f3mo dar o retirar el consentimiento para la instalaci\u00f3n de Cookies<\/strong><\/p>\n\n\n\n<p>Puede gestionar las preferencias para las Cookies directamente desde su propio navegador. A trav\u00e9s de las preferencias del navegador, tambi\u00e9n es posible eliminar las Cookies instaladas en el pasado, incluidas las Cookies que puedan haber guardado el consentimiento inicial para la instalaci\u00f3n de Cookies por parte de este sitio web.<\/p>\n\n\n\n<p>Puede encontrar informaci\u00f3n sobre c\u00f3mo gestionar las cookies en los navegadores m\u00e1s utilizados en las siguientes direcciones:&nbsp;<a href=\"https:\/\/support.google.com\/chrome\/answer\/95647?hl=en&amp;p=cpn_cookies\">Google Chrome<\/a>,&nbsp;<a href=\"https:\/\/support.mozilla.org\/en-US\/kb\/enable-and-disable-cookies-website-preferences\">Mozilla Firefox<\/a>,&nbsp;<a href=\"https:\/\/support.apple.com\/guide\/safari\/manage-cookies-and-website-data-sfri11471\/\">Safari de Apple<\/a>,&nbsp;<a href=\"https:\/\/www.microsoft.com\/en-us\/edge\">Microsoft Edge<\/a>&nbsp;y&nbsp;<a href=\"http:\/\/windows.microsoft.com\/en-us\/windows-vista\/block-or-allow-cookies\">Microsoft Internet Explorer<\/a>.<\/p>\n\n\n\n<p><strong>Claves API<\/strong><\/p>\n\n\n\n<p>Una clave de interfaz de programaci\u00f3n de aplicaciones (clave API) es un identificador \u00fanico utilizado para autenticar a un usuario, desarrollador o programa. Hacemos uso de ciertas claves API para proporcionar funciones espec\u00edficas. Estas claves API pueden incluir los siguientes servicios de terceros: Google Maps y PayPal.<\/p>\n\n\n\n<p><strong>Informaci\u00f3n sobre eventos, asistentes y compradores de entradas<\/strong><\/p>\n\n\n\n<p>Mediante el uso de Event Tickets, Event Tickets Plus y Community Tickets, es posible que se recopile y almacene informaci\u00f3n en la base de datos de nuestro sitio web, incluyendo, entre otros datos:<\/p>\n\n\n\n<ol class=\"wp-block-list\">\n<li>Informaci\u00f3n sobre los asistentes (RSVP y entradas): Nombre y direcci\u00f3n de correo electr\u00f3nico<\/li>\n\n\n\n<li>Informaci\u00f3n sobre las entradas (RSVP y Tickets): Nombre, direcci\u00f3n de correo electr\u00f3nico y n\u00famero de entrada\/SKU (a trav\u00e9s de la p\u00e1gina de registro)<\/li>\n\n\n\n<li>Informaci\u00f3n del comprador de entradas: Nombre y direcci\u00f3n de correo electr\u00f3nico<\/li>\n\n\n\n<li>Direcci\u00f3n de facturaci\u00f3n del comprador de la entrada, que se recopila mediante el uso de PayPal.<\/li>\n<\/ol>\n\n\n\n<p><strong>Seguridad<\/strong><\/p>\n\n\n\n<p>La seguridad de su informaci\u00f3n personal es importante para nosotros. No obstante, recuerde que ning\u00fan m\u00e9todo de transmisi\u00f3n por Internet o de almacenamiento electr\u00f3nico es 100% seguro. Aunque nos esforzamos por utilizar medios comercialmente aceptables para proteger sus Datos Personales, no podemos garantizar su absoluta seguridad.<\/p>\n\n\n\n<h3 class=\"gb-headline gb-headline-2e14bc2c gb-headline-text\">CONTACTO<\/h3>\n\n\n\n<p>Si tiene alguna pregunta sobre esta Pol\u00edtica del sitio web, p\u00f3ngase en contacto con nosotros.<\/p>\n\n\n\n<p><strong>Direcci\u00f3n:<\/strong><br>Vaya Health<br>200 Ridgefield Court, Suite 218<br>Asheville, NC 28806<\/p>\n\n\n\n<p><strong>Correo electr\u00f3nico:&nbsp;<\/strong><a href=\"mailto:legalandcompliance@vayahealth.com\">legalandcompliance@vayahealth.com<\/a><\/p>\n\n\n\n<p><strong>Llamadas comerciales y consultas generales<\/strong><br>1-800-893-6246 (llamada gratuita)<br>Tel\u00e9fono: 828-225-2785<br>Fax: 828-412-4098<\/p>\n\n\n\n<p><strong>Servicios a los Miembros y Destinatarios<br><\/strong>Para obtener ayuda con una pregunta, duda o queja, o para comunicar una queja:<br>1-800-849-6127 (llamada gratuita, 24 horas al d\u00eda, 7 d\u00edas a la semana)<\/p>\n\n\n\n<p>Correo electr\u00f3nico:&nbsp;<a href=\"mailto:member.services@vayahealth.com\">member.services@vayahealth.com<\/a>.<\/p>\n\n\n\n<p>La direcci\u00f3n de nuestro sitio web es:&nbsp;<a href=\"https:\/\/www.vayahealth.com\/es\/\">https:\/\/vayahealth.com<\/a>.<\/p>\n\n<\/div><\/section>","protected":false},"excerpt":{"rendered":"<p>EFFECTIVE DATE AND CHANGES Welcome to this website, which is owned and operated by Vaya Health LME\/MCO. Vaya Health (\u201cus\u201d, \u201cwe\u201d, or \u201cour\u201d) operates https:\/\/vayahealth.com, https:\/\/providers.vayahealth.com and https:\/\/learn.vayahealth.com (the \u201cSites\u201d). [&hellip;]<\/p>\n","protected":false},"author":62,"featured_media":50058,"parent":0,"menu_order":122,"comment_status":"closed","ping_status":"closed","template":"breadcrumbs","meta":{"_tec_requires_first_save":true,"_price":"","_stock":"","_tribe_ticket_header":"","_tribe_default_ticket_provider":"","_tribe_ticket_capacity":"0","_ticket_start_date":"","_ticket_end_date":"","_tribe_ticket_show_description":"","_tribe_ticket_show_not_going":false,"_tribe_ticket_use_global_stock":"","_tribe_ticket_global_stock_level":"","_global_stock_mode":"","_global_stock_cap":"","_tribe_rsvp_for_event":"","_tribe_ticket_going_count":"","_tribe_ticket_not_going_count":"","_tribe_tickets_list":"[]","_tribe_ticket_has_attendee_info_fields":false,"_EventAllDay":false,"_EventTimezone":"","_EventStartDate":"","_EventEndDate":"","_EventStartDateUTC":"","_EventEndDateUTC":"","_EventShowMap":false,"_EventShowMapLink":false,"_EventURL":"","_EventCost":"","_EventCostDescription":"","_EventCurrencySymbol":"","_EventCurrencyCode":"","_EventCurrencyPosition":"","_EventDateTimeSeparator":"","_EventTimeRangeSeparator":"","_EventOrganizerID":[],"_EventVenueID":[],"_OrganizerEmail":"","_OrganizerPhone":"","_OrganizerWebsite":"","_VenueAddress":"","_VenueCity":"","_VenueCountry":"","_VenueProvince":"","_VenueState":"","_VenueZip":"","_VenuePhone":"","_VenueURL":"","_VenueStateProvince":"","_VenueLat":"","_VenueLng":"","_VenueShowMap":false,"_VenueShowMapLink":false,"_tribe_blocks_recurrence_rules":"","_tribe_blocks_recurrence_description":"","_tribe_blocks_recurrence_exclusions":"","banner-text":"","banner-text-color":"","button-text":"","button-text-color":"","button-link":"","has-button-icon":"","background-color":"","has-background-icon":"","background-icon-color":"","second-featured-image":"","footnotes":""},"class_list":["post-12558","page","type-page","status-publish","has-post-thumbnail","hentry"],"aioseo_notices":[],"_links":{"self":[{"href":"https:\/\/www.vayahealth.com\/es\/wp-json\/wp\/v2\/pages\/12558","targetHints":{"allow":["GET"]}}],"collection":[{"href":"https:\/\/www.vayahealth.com\/es\/wp-json\/wp\/v2\/pages"}],"about":[{"href":"https:\/\/www.vayahealth.com\/es\/wp-json\/wp\/v2\/types\/page"}],"author":[{"embeddable":true,"href":"https:\/\/www.vayahealth.com\/es\/wp-json\/wp\/v2\/users\/62"}],"replies":[{"embeddable":true,"href":"https:\/\/www.vayahealth.com\/es\/wp-json\/wp\/v2\/comments?post=12558"}],"version-history":[{"count":0,"href":"https:\/\/www.vayahealth.com\/es\/wp-json\/wp\/v2\/pages\/12558\/revisions"}],"wp:featuredmedia":[{"embeddable":true,"href":"https:\/\/www.vayahealth.com\/es\/wp-json\/wp\/v2\/media\/50058"}],"wp:attachment":[{"href":"https:\/\/www.vayahealth.com\/es\/wp-json\/wp\/v2\/media?parent=12558"}],"curies":[{"name":"wp","href":"https:\/\/api.w.org\/{rel}","templated":true}]}}