{"id":16688,"date":"2021-03-17T12:21:22","date_gmt":"2021-03-17T16:21:22","guid":{"rendered":"\/?page_id=16688"},"modified":"2025-12-22T11:07:57","modified_gmt":"2025-12-22T16:07:57","slug":"non-discrimination-policy","status":"publish","type":"page","link":"https:\/\/www.vayahealth.com\/es\/about\/health-equity\/non-discrimination-policy\/","title":{"rendered":"Pol\u00edtica de no discriminaci\u00f3n"},"content":{"rendered":"<p>\u00daltima actualizaci\u00f3n: 24 de julio de 2025<\/p>\n\n\n\n<div>\n<div>\n<p><strong>Vaya Health (Vaya) es un empleador que ofrece igualdad de oportunidades. Vaya no tolera ning\u00fan tipo de discriminaci\u00f3n o acoso ilegal. Vaya no discrimina a los afiliados, beneficiarios, proveedores, empleados o solicitantes en la prestaci\u00f3n de servicios o la administraci\u00f3n de cualquier plan de salud de Vaya, incluidos, entre otros, los programas cl\u00ednicos, de marketing y de gesti\u00f3n de la atenci\u00f3n ofrecidos por Vaya o los proveedores de la red a los afiliados o beneficiarios de Vaya.<\/strong><\/p>\n\n\n\n<p>Esta pol\u00edtica se aplica a todos los aspectos de la subcontrataci\u00f3n y la participaci\u00f3n en la red, incluidos, entre otros, la selecci\u00f3n y retenci\u00f3n, la contrataci\u00f3n, las revisiones de utilizaci\u00f3n, las auditor\u00edas, la supervisi\u00f3n y las investigaciones, las acciones adversas y la resoluci\u00f3n de conflictos. Adem\u00e1s, constituye una violaci\u00f3n de nuestros contratos con los proveedores o subcontratistas contratados el hecho de que \u00e9stos incurran en discriminaci\u00f3n ilegal o acoso de cualquier tipo en relaci\u00f3n con las pr\u00e1cticas de contrataci\u00f3n o empleo o en la administraci\u00f3n o prestaci\u00f3n de servicios.  Por lo tanto, la pol\u00edtica de Vaya es prestar servicios de atenci\u00f3n sanitaria y administrar los planes de salud de Vaya a los afiliados y beneficiarios sin distinci\u00f3n de raza, color, credo, religi\u00f3n, ascendencia, sexo, identidad de g\u00e9nero, estado de salud\/necesidad de servicios sanitarios, ni condici\u00f3n de Guardia Nacional, veterano, estado civil, paternidad u otra condici\u00f3n protegida legalmente. Para evitar cualquier duda, Vaya aplica esta Pol\u00edtica de No Discriminaci\u00f3n a los planes de salud que gestionamos, incluidos el Plan a Medida de Salud Mental y Discapacidades Intelectuales\/Desarrollo y el Plan de Salud Prepagado para Pacientes Hospitalizados NC Medicaid Direct.<\/p>\n<\/div>\n\n\n\n<div>\n<h2 class=\"gb-text h3\">\u00bfQu\u00e9 significa discriminaci\u00f3n?<\/h2>\n\n\n\n<p><strong>Discriminaci\u00f3n<\/strong> en general significa tratar injustamente a una persona por ser quien es o por poseer determinadas caracter\u00edsticas. Seg\u00fan el T\u00edtulo VI de la Ley de Derechos Civiles de 1964, en su versi\u00f3n modificada, 42 U.S.C \u00a72000d et seq., \"Ninguna persona en los Estados Unidos podr\u00e1, por motivos de raza, color u origen nacional, ser excluida de la participaci\u00f3n en, neg\u00e1rsele los beneficios de, o ser objeto de discriminaci\u00f3n en virtud de cualquier programa o actividad que reciba ayuda financiera federal.\" La discriminaci\u00f3n que se produce debido a cualquier caracter\u00edstica protegida por la ley federal, estatal o local es ilegal y constituye una violaci\u00f3n directa de la pol\u00edtica de Vaya.<\/p>\n<\/div>\n\n\n\n<div>\n<h3 class=\"gb-text\">C\u00f3mo practica Vaya la no discriminaci\u00f3n<\/h3>\n\n\n\n<p class=\"has-custom-color has-text-color\">Vaya no discrimina en base a ninguna clasificaci\u00f3n o caracter\u00edstica protegida, incluyendo, pero no limitado a, raza, color, credo, religi\u00f3n, ascendencia, sexo, identidad de g\u00e9nero, orientaci\u00f3n sexual, origen \u00e9tnico o nacional, edad, discapacidad, minusval\u00eda, informaci\u00f3n gen\u00e9tica, estado de salud\/necesidad de servicios de salud, o Guardia Nacional, veteranos, estado civil, parental u otro estado protegido, en cumplimiento de las leyes que proh\u00edben la discriminaci\u00f3n. Vaya tampoco discrimina a los proveedores que atienden a poblaciones de alto riesgo o se especializan en afecciones que requieren tratamientos costosos o en funci\u00f3n del tipo de licencia o certificaci\u00f3n del profesional o del centro.<\/p>\n\n\n\n<p>Vaya proh\u00edbe la discriminaci\u00f3n durante la prestaci\u00f3n por parte de Vaya o de los proveedores de la red de servicios de coordinaci\u00f3n de la atenci\u00f3n, designaci\u00f3n de hogar m\u00e9dico avanzado, Tailored Care Management, revisi\u00f3n de la utilizaci\u00f3n de las solicitudes de autorizaci\u00f3n de servicios y\/o comercializaci\u00f3n de los servicios o programas ofrecidos a los miembros o beneficiarios.<\/p>\n\n\n\n<p>Vaya pone a su disposici\u00f3n la siguiente informaci\u00f3n para favorecer una comunicaci\u00f3n eficaz con nosotros:<\/p>\n\n\n\n<ul class=\"wp-block-list\">\n<li>Ayudas y servicios auxiliares gratuitos para personas con discapacidad, como:\n<ul class=\"wp-block-list\">\n<li>Int\u00e9rpretes de lengua de signos cualificados<\/li>\n\n\n\n<li>Informaci\u00f3n escrita en otros formatos (letra grande, audio, formatos electr\u00f3nicos accesibles, otros formatos)<\/li>\n<\/ul>\n<\/li>\n\n\n\n<li>Servicios ling\u00fc\u00edsticos gratuitos para las personas que hablan principalmente una lengua predominante en Carolina del Norte que no sea el ingl\u00e9s, como por ejemplo:\n<ul class=\"wp-block-list\">\n<li>Int\u00e9rpretes cualificados<\/li>\n\n\n\n<li>Informaci\u00f3n escrita en otras lenguas<\/li>\n<\/ul>\n<\/li>\n<\/ul>\n\n\n\n<p>Si necesita estos servicios, puede llamar a nuestra L\u00ednea de Atenci\u00f3n a Socios y Beneficiarios al <a href=\"tel:1-800-849-6127\" target=\"_blank\" rel=\"noopener\" title=\"\">1-800-962-9003.<\/a><\/p>\n<\/div>\n\n\n\n<div>\n<h3 class=\"gb-text\">Legislaci\u00f3n contra la discriminaci\u00f3n<\/h3>\n\n\n\n<p>Vaya cumple todas las leyes, reglas y reglamentos federales y de Carolina del Norte, as\u00ed como las directrices y normas aplicables, incluidas las que puedan adoptarse legalmente en virtud de las siguientes leyes y \u00f3rdenes que proh\u00edben la discriminaci\u00f3n:<\/p>\n\n\n\n<p>(a) T\u00edtulo VI de la Ley de Derechos Civiles de 1964, en su versi\u00f3n modificada, 42 U.S.C. 2000d y siguientes, que proh\u00edbe la discriminaci\u00f3n por motivos de raza, color u origen nacional;<\/p>\n\n\n\n<p>(b) T\u00edtulo VII de la Ley de Derechos Civiles de 1964, en su versi\u00f3n modificada, que proh\u00edbe la discriminaci\u00f3n por motivos de raza, color, religi\u00f3n, sexo, orientaci\u00f3n sexual, identidad de g\u00e9nero y origen nacional;<\/p>\n\n\n\n<p>(c) Secci\u00f3n 504 de la Ley de Rehabilitaci\u00f3n de 1973, en su versi\u00f3n modificada, 29 U.S.C. 794, que proh\u00edbe la discriminaci\u00f3n por motivos de discapacidad;<\/p>\n\n\n\n<p>(d) T\u00edtulo IX de las Enmiendas Educativas de 1972, en su versi\u00f3n modificada, 20 U.S.C. 1681 y siguientes, que proh\u00edbe la discriminaci\u00f3n por raz\u00f3n de sexo;<\/p>\n\n\n\n<p>(e) La Ley contra la discriminaci\u00f3n por motivos de edad de 1975, en su versi\u00f3n modificada, 42 U.S.C. 6101 y siguientes, que proh\u00edbe la discriminaci\u00f3n por motivos de edad;<\/p>\n\n\n\n<p>(f) Secci\u00f3n 654 de la Ley \u00d3mnibus de Reconciliaci\u00f3n Presupuestaria de 1981, en su versi\u00f3n modificada, 42 U.S.C. 9849, que proh\u00edbe la discriminaci\u00f3n por motivos de raza, credo, color, origen nacional, sexo, minusval\u00eda, afiliaci\u00f3n pol\u00edtica o creencias;<\/p>\n\n\n\n<p>(g) La Ley de Estadounidenses con Discapacidades de 1990, P.L. 101-336, que proh\u00edbe la discriminaci\u00f3n por motivos de discapacidad y exige ajustes razonables para las personas con discapacidad;<\/p>\n\n\n\n<p>(h) Secci\u00f3n 1557 de la Ley de Protecci\u00f3n al Paciente y Cuidado de Salud Asequible, que proh\u00edbe la discriminaci\u00f3n por motivos de raza, color, origen nacional, sexo, edad o discapacidad en determinados programas o actividades de salud;<\/p>\n\n\n\n<p>(i) La Ley de Igualdad de Pr\u00e1cticas en el Empleo de Carolina del Norte, Art\u00edculo 49A del Cap\u00edtulo 143 de los Estatutos Generales, que proh\u00edbe la discriminaci\u00f3n en el empleo por motivos de raza, religi\u00f3n, color, origen nacional, edad, sexo o minusval\u00eda por parte de empresarios que empleen regularmente a quince (15) o m\u00e1s trabajadores;<\/p>\n\n\n\n<p>(j) La Ley de Protecci\u00f3n de las Personas con Discapacidad de Carolina del Norte, Cap\u00edtulo 168A de los Estatutos Generales, que proh\u00edbe la discriminaci\u00f3n por discapacidad;<\/p>\n\n\n\n<p>&nbsp;(k) La Ley de Carolina del Norte contra la Discriminaci\u00f3n en el Empleo por Represalias, Art\u00edculo 21 del Cap\u00edtulo 95 de los Estatutos Generales, que proh\u00edbe las represalias del empleador contra los empleados que de buena fe emprendan o amenacen con emprender acciones protegidas por la ley; y<\/p>\n\n\n\n<p>(l) Las disposiciones de no discriminaci\u00f3n de la Orden Ejecutiva 24 de Carolina del Norte, de 18 de octubre de 2017, manteniendo o aplicando pol\u00edticas de empleo que proh\u00edban la discriminaci\u00f3n por motivos de raza, color, etnia, origen nacional, edad, discapacidad, sexo, embarazo, religi\u00f3n, condici\u00f3n de Guardia Nacional o Veterano, orientaci\u00f3n sexual e identidad o expresi\u00f3n de g\u00e9nero.<\/p>\n<\/div>\n\n\n\n<div>\n<h3 class=\"gb-text\">La colaboraci\u00f3n de Vaya con el Departamento de Salud y Servicios Humanos de Carolina del Norte (NCDHHS)<\/h3>\n\n\n\n<p>Vaya colaborar\u00e1 con NCDHHS y sus divisiones para identificar recursos y abordar las necesidades de las personas con discapacidad. El Director de \u00c1rea\/Jefe Ejecutivo de Vaya y otros l\u00edderes ejecutivos se comunican regularmente con los l\u00edderes del NCDHHS sobre soluciones para abordar las necesidades de los miembros y beneficiarios de Vaya. El personal clave de Vaya participa en numerosos comit\u00e9s y grupos de trabajo a nivel del NCDHHS centrados en las necesidades de la comunidad y de los miembros\/receptores, y Vaya tambi\u00e9n mantiene un v\u00ednculo de comunicaci\u00f3n directa con el NCDHHS a trav\u00e9s de nuestro Gestor de Contratos de Exenci\u00f3n dedicado, que colabora de forma rutinaria y diaria con el NCDHHS en relaci\u00f3n con las necesidades de los miembros y receptores de Vaya. Vaya estableci\u00f3 una cuenta de correo electr\u00f3nico espec\u00edfica para la comunicaci\u00f3n bidireccional con el NCDHHS. Esta cuenta se supervisa continuamente para garantizar respuestas oportunas a las necesidades urgentes. Los departamentos de Gesti\u00f3n de la Atenci\u00f3n y de Servicios a Miembros y Beneficiarios de Vaya tambi\u00e9n colaboran habitualmente con el NCDHHS para abordar las necesidades individualizadas de servicios y apoyos.<\/p>\n<\/div>\n\n\n\n<div>\n<h3 class=\"gb-text\">Proceso interno de reclamaci\u00f3n de Vaya<\/h3>\n\n\n\n<p>Si cree que ha sido v\u00edctima de discriminaci\u00f3n en relaci\u00f3n con alguno de los programas o proveedores de la red Vaya, puede presentar una denuncia a trav\u00e9s de nuestra l\u00ednea directa de cumplimiento en <a href=\"tel:1-866-976-4255\" target=\"_blank\" rel=\"noopener\" title=\"\">1-866-976-4255<\/a> o presentando una denuncia en nuestro portal EthicsPoint en <a href=\"http:\/\/vayahealth.ethicspoint.com\/\" target=\"_blank\" rel=\"noopener\" title=\"\">vayahealth.ethicspoint.com<\/a>. EthicsPoint es una herramienta segura y confidencial (privada) para denunciar sospechas de discriminaci\u00f3n, fraude y abuso. Se puede acceder a EthicsPoint 24 horas al d\u00eda, siete d\u00edas a la semana.<\/p>\n\n\n\n<p>A trav\u00e9s de nuestro proceso interno de reclamaciones<\/p>\n\n\n\n<ul class=\"wp-block-list\">\n<li>Proteger los derechos de las personas atendidas en sus comunidades<\/li>\n\n\n\n<li>Acuse de recibo de las quejas o preocupaciones<\/li>\n\n\n\n<li>Responder a quejas o preocupaciones<\/li>\n\n\n\n<li>Ayudar a familias y particulares a acceder a los servicios p\u00fablicos<\/li>\n\n\n\n<li>Proporcionar informaci\u00f3n sobre nuestro sistema de reclamaciones<\/li>\n<\/ul>\n\n\n\n<p>Un empleado, proveedor o subcontratista de Vaya que infrinja de forma repetida, intencionada, voluntaria o consciente la Pol\u00edtica de No Discriminaci\u00f3n de Vaya o las leyes antidiscriminatorias aplicables descritas anteriormente puede estar sujeto a medidas adversas, incluyendo la rescisi\u00f3n del contrato o empleo. Vaya y\/o nuestros empleados, proveedores contratados o subcontratistas tambi\u00e9n pueden ser responsables de las multas o sanciones aplicables por incumplimiento de las leyes contra la discriminaci\u00f3n.<\/p>\n<\/div>\n\n\n\n<div>\n<h3 class=\"gb-text\">Recursos externos<\/h3>\n\n\n\n<p>Si es usted afiliado o beneficiario y prefiere ponerse en contacto con otra persona que no sea Vaya, tiene a su disposici\u00f3n un proceso de reclamaci\u00f3n a trav\u00e9s del NCDHHS. Puede llamar al Centro de Atenci\u00f3n al Cliente del NCDHHS al <a href=\"tel:1-800-662-7030\" target=\"_blank\" rel=\"noopener\" title=\"\">1-800-662-7030<\/a> o al Equipo de Atenci\u00f3n al Cliente y Derechos de la Comunidad de la Divisi\u00f3n de Salud Mental, Discapacidades del Desarrollo y Servicios de Consumo de Sustancias de Carolina del Norte en <a href=\"tel:984-236-5300\" target=\"_blank\" rel=\"noopener\" title=\"\">1-984-236-5300<\/a> \/ <a href=\"tel:855-262-1946\" target=\"_blank\" rel=\"noopener\" title=\"\">1-855-262-1946<\/a> o por correo electr\u00f3nico a <a href=\"mailto:dmh.advocacy@dhhs.nc.gov\" target=\"_blank\" rel=\"noopener\" title=\"\">dmh.advocacy@dhhs.nc.gov<\/a>. <\/p>\n\n\n\n<p><a href=\"https:\/\/www.ncdhhs.gov\/assistance\/mental-health-substance-abuse\/customer-service-and-community-rights\" target=\"_blank\" rel=\"noopener\" title=\"\">Haga clic aqu\u00ed para obtener m\u00e1s informaci\u00f3n.<\/a><\/p>\n\n\n\n<p>Los empleados de Vaya, los proveedores de la red y los empleadores de registro tambi\u00e9n disponen de un proceso de reclamaci\u00f3n fuera de Vaya o de su empleador. A continuaci\u00f3n se indican los recursos disponibles para los empleados en Carolina del Norte:<\/p>\n\n\n\n<ul class=\"wp-block-list\">\n<li>Puede presentar una queja en materia de derechos civiles ante la Oficina de Derechos Civiles del Departamento de Salud y Servicios Humanos de los EE.UU. a trav\u00e9s de la siguiente direcci\u00f3n <a href=\"https:\/\/ocrportal.hhs.gov\/ocr\/smartscreen\/main.jsf\" target=\"_blank\" rel=\"noopener\" title=\"\">Portal de denuncias de la Oficina de Derechos Civiles<\/a>por correo a U.S. Department of Health and Human Services, 200 Independence Avenue, SW Room 509F, HHH Building Washington, D.C. 20201; o por tel\u00e9fono a <a href=\"tel:1-800-368-1019\" target=\"_blank\" rel=\"noopener\" title=\"\">1-800-368-1019<\/a>, <a href=\"tel:800-537-7697\" target=\"_blank\" rel=\"noopener\" title=\"\">1-800-537-7697<\/a> (TDD). <a href=\"http:\/\/www.hhs.gov\/ocr\/office\/file\/index.html\" target=\"_blank\" rel=\"noopener\" title=\"\">Los formularios de denuncia est\u00e1n disponibles en Internet<\/a>.<\/li>\n\n\n\n<li>Puede presentar una denuncia ante la Comisi\u00f3n para la Igualdad de Oportunidades en el Empleo de los EE.UU. a trav\u00e9s de la direcci\u00f3n <a href=\"https:\/\/publicportal.eeoc.gov\/portal\/\" target=\"_blank\" rel=\"noopener\" title=\"\">Portal p\u00fablico de la EEOC<\/a>o por tel\u00e9fono en <a href=\"tel:1-800-669-4000\" target=\"_blank\" rel=\"noopener\" title=\"\">1-800-669-4000<\/a>.<\/li>\n\n\n\n<li>Usted puede <a href=\"https:\/\/www.oah.nc.gov\/civil-rights-division\/human-relations-commission\" target=\"_blank\" rel=\"noopener\" title=\"\">presentar una queja en l\u00ednea ante la Comisi\u00f3n de Relaciones Humanas de Carolina del Norte<\/a> o por tel\u00e9fono en <a href=\"tel:919-431-3000\" target=\"_blank\" rel=\"noopener\" title=\"\">1-919-431-3000<\/a>.<\/li>\n<\/ul>\n<\/div>\n<\/div>","protected":false},"excerpt":{"rendered":"<p>Last Updated July 24, 2025 Vaya Health (Vaya) is an equal opportunity employer. Vaya has zero tolerance for unlawful discrimination or harassment of any kind. Vaya does not discriminate against [&hellip;]<\/p>\n","protected":false},"author":62,"featured_media":50064,"parent":26636,"menu_order":103,"comment_status":"closed","ping_status":"closed","template":"breadcrumbs","meta":{"_tec_requires_first_save":true,"_price":"","_stock":"","_tribe_ticket_header":"","_tribe_default_ticket_provider":"","_tribe_ticket_capacity":"0","_ticket_start_date":"","_ticket_end_date":"","_tribe_ticket_show_description":"","_tribe_ticket_show_not_going":false,"_tribe_ticket_use_global_stock":"","_tribe_ticket_global_stock_level":"","_global_stock_mode":"","_global_stock_cap":"","_tribe_rsvp_for_event":"","_tribe_ticket_going_count":"","_tribe_ticket_not_going_count":"","_tribe_tickets_list":"[]","_tribe_ticket_has_attendee_info_fields":false,"_EventAllDay":false,"_EventTimezone":"","_EventStartDate":"","_EventEndDate":"","_EventStartDateUTC":"","_EventEndDateUTC":"","_EventShowMap":false,"_EventShowMapLink":false,"_EventURL":"","_EventCost":"","_EventCostDescription":"","_EventCurrencySymbol":"","_EventCurrencyCode":"","_EventCurrencyPosition":"","_EventDateTimeSeparator":"","_EventTimeRangeSeparator":"","_EventOrganizerID":[],"_EventVenueID":[],"_OrganizerEmail":"","_OrganizerPhone":"","_OrganizerWebsite":"","_VenueAddress":"","_VenueCity":"","_VenueCountry":"","_VenueProvince":"","_VenueState":"","_VenueZip":"","_VenuePhone":"","_VenueURL":"","_VenueStateProvince":"","_VenueLat":"","_VenueLng":"","_VenueShowMap":false,"_VenueShowMapLink":false,"_tribe_blocks_recurrence_rules":"","_tribe_blocks_recurrence_description":"","_tribe_blocks_recurrence_exclusions":"","banner-text":"","banner-text-color":"","button-text":"","button-text-color":"","button-link":"","has-button-icon":"","background-color":"","has-background-icon":"","background-icon-color":"","second-featured-image":"","footnotes":""},"class_list":["post-16688","page","type-page","status-publish","has-post-thumbnail","hentry"],"aioseo_notices":[],"_links":{"self":[{"href":"https:\/\/www.vayahealth.com\/es\/wp-json\/wp\/v2\/pages\/16688","targetHints":{"allow":["GET"]}}],"collection":[{"href":"https:\/\/www.vayahealth.com\/es\/wp-json\/wp\/v2\/pages"}],"about":[{"href":"https:\/\/www.vayahealth.com\/es\/wp-json\/wp\/v2\/types\/page"}],"author":[{"embeddable":true,"href":"https:\/\/www.vayahealth.com\/es\/wp-json\/wp\/v2\/users\/62"}],"replies":[{"embeddable":true,"href":"https:\/\/www.vayahealth.com\/es\/wp-json\/wp\/v2\/comments?post=16688"}],"version-history":[{"count":0,"href":"https:\/\/www.vayahealth.com\/es\/wp-json\/wp\/v2\/pages\/16688\/revisions"}],"up":[{"embeddable":true,"href":"https:\/\/www.vayahealth.com\/es\/wp-json\/wp\/v2\/pages\/26636"}],"wp:featuredmedia":[{"embeddable":true,"href":"https:\/\/www.vayahealth.com\/es\/wp-json\/wp\/v2\/media\/50064"}],"wp:attachment":[{"href":"https:\/\/www.vayahealth.com\/es\/wp-json\/wp\/v2\/media?parent=16688"}],"curies":[{"name":"wp","href":"https:\/\/api.w.org\/{rel}","templated":true}]}}