{"id":1771,"date":"2016-06-09T20:42:34","date_gmt":"2016-06-10T00:42:34","guid":{"rendered":"http:\/\/vayahealth.com\/?page_id=1771"},"modified":"2026-02-26T14:40:06","modified_gmt":"2026-02-26T19:40:06","slug":"housing-initiatives","status":"publish","type":"page","link":"https:\/\/www.vayahealth.com\/es\/benefits-services\/housing-initiatives\/","title":{"rendered":"Iniciativas en materia de vivienda"},"content":{"rendered":"<div>\n<div>\n<p>Vaya Health cree que tener un lugar seguro y estable para vivir es una parte fundamental del bienestar y la recuperaci\u00f3n. Nuestro Departamento de Transici\u00f3n y Vivienda se centra en mejorar la calidad de vida de las personas que re\u00fanen los requisitos para los programas especializados que se enumeran a continuaci\u00f3n. Los programas especializados de vivienda no son un derecho, y los fondos son limitados.<\/p>\n\n\n\n<p>Vaya hace hincapi\u00e9 en los determinantes sociales de la salud, como la estabilidad econ\u00f3mica y el entorno vecinal y urban\u00edstico. Para ello:<\/p>\n\n\n\n<ul class=\"wp-block-list\">\n<li>Colaboraci\u00f3n con socios federales, estatales y locales<\/li>\n\n\n\n<li>Explorar c\u00f3mo los programas internos y externos pueden mejorar la salud de una persona<\/li>\n\n\n\n<li>Identificar y crear objetivos, proyectos e iniciativas comunes para impulsar los servicios y ayudas a la poblaci\u00f3n elegible.<\/li>\n\n\n\n<li>Dotar a las personas que re\u00fanan los requisitos de conocimientos y recursos que les ayuden a mejorar su salud general.<\/li>\n<\/ul>\n\n\n\n<p>Trabajamos con socios comunitarios para proporcionar conocimientos, recursos y formaci\u00f3n sobre opciones residenciales y de vivienda.<\/p>\n<\/div>\n\n\n\n<div>\n<h3 class=\"gb-text\">L\u00ednea de ayuda a la vivienda<\/h3>\n\n\n\n<p>L\u00ednea de apoyo a la vivienda de Vaya en <a href=\"tel:1-800-893-6246\" target=\"_blank\" rel=\"noopener\" title=\"\">1-800-893-6246<\/a>ext. 4560, pone en contacto con los recursos adecuados a los afiliados y beneficiarios que se encuentran en situaci\u00f3n de desamparo o inseguridad en la vivienda. Llame o env\u00ede un correo electr\u00f3nico a <a href=\"mailto:HousingTeam@vayahealth.com\" target=\"_blank\" rel=\"noopener\" title=\"\">HousingTeam@vayahealth.com<\/a> para solicitar ayuda.<\/p>\n<\/div>\n\n\n<div class=\"gb-container gb-container-2083ae2e accordion-wrapper accessible-accordion\" id=\"wrapper-main0125\"><div class=\"gb-inside-container\">\n\n<h2 class=\"gb-text\">Programas de vivienda<\/h2>\n\n\n<div class=\"gb-grid-wrapper gb-grid-wrapper-35c87d21\">\n<div class=\"gb-grid-column gb-grid-column-1a13d246\"><div class=\"gb-container gb-container-1a13d246\"><div class=\"gb-inside-container\">\n\r\n\r\n\n\n\n\n    <div class=\"accordion-item-block\"  itemscope itemprop=\"mainEntity\" itemtype=\"https:\/\/schema.org\/Question\">\n        <h2 class=\"accordion-headline\" id=\"heading-acc-1yqspL\">\n            <div class=\"accordion-button-span custom-accordion-trigger\"  itemprop=\"name\" tabindex=\"0\" role=\"button\" data-bs-toggle=\"collapse\" data-bs-target=\"#collapse-acc-1yqspL\" aria-expanded=\"false\" aria-controls=\"collapse-acc-1yqspL\">Programa de bonos de transici\u00f3n a la vida comunitaria (TCLV)<\/div>\n        <\/h2>\n        <div id=\"collapse-acc-1yqspL\"  itemscope itemprop=\"acceptedAnswer\" itemtype=\"https:\/\/schema.org\/Answer\" role=\"region\" class=\"accordion-collapse collapse\" aria-labelledby=\"heading-acc-1yqspL\" data-bs-parent=\"#wrapper-main0125\">\n            <div class=\"accordion-body\"  itemprop=\"text\">\n                <p>El TCLV es la ayuda al alquiler basada en el inquilino de Carolina del Norte para los participantes en el TCL que cumplan los requisitos y busquen una vivienda comunitaria de apoyo. <\/p>\n<p><a href=\"\/es\/benefits-services\/transition-to-community-living\/\">M\u00e1s informaci\u00f3n sobre TCL<\/a><\/p>\n<p>&nbsp;<\/p>\n                \n            <\/div>\n        <\/div>\n    <\/div>\n\n<\/div><\/div><\/div>\n\n<div class=\"gb-grid-column gb-grid-column-79133db2\"><div class=\"gb-container gb-container-79133db2\"><div class=\"gb-inside-container\">\n\r\n\r\n\n\n\n\n    <div class=\"accordion-item-block\"  itemscope itemprop=\"mainEntity\" itemtype=\"https:\/\/schema.org\/Question\">\n        <h2 class=\"accordion-headline\" id=\"heading-acc-Z18z6zn\">\n            <div class=\"accordion-button-span custom-accordion-trigger\"  itemprop=\"name\" tabindex=\"0\" role=\"button\" data-bs-toggle=\"collapse\" data-bs-target=\"#collapse-acc-Z18z6zn\" aria-expanded=\"false\" aria-controls=\"collapse-acc-Z18z6zn\">Viviendas de apoyo permanente (PSH) Ayuda al alquiler<\/div>\n        <\/h2>\n        <div id=\"collapse-acc-Z18z6zn\"  itemscope itemprop=\"acceptedAnswer\" itemtype=\"https:\/\/schema.org\/Answer\" role=\"region\" class=\"accordion-collapse collapse\" aria-labelledby=\"heading-acc-Z18z6zn\" data-bs-parent=\"#wrapper-main0125\">\n            <div class=\"accordion-body\"  itemprop=\"text\">\n                <p><!-- wp:paragraph --><\/p>\n<p>La PSH es una combinaci\u00f3n de vivienda con alquiler indefinido o ayuda al alquiler, combinada con servicios de apoyo para ayudar a las personas sin vivienda, a las personas con discapacidad y a las familias con un adulto o un ni\u00f1o con discapacidad a vivir de la forma m\u00e1s independiente posible.<\/p>\n<p><!-- \/wp:paragraph -->\n\n<!-- wp:paragraph --><\/p>\n<p><a href=\"\/es\/resources\/permanent-supportive-housing-information\/\" target=\"_blank\" rel=\"noopener\">M\u00e1s informaci\u00f3n sobre PSH<\/a><\/p>\n<p><!-- \/wp:paragraph --><\/p>\n                \n            <\/div>\n        <\/div>\n    <\/div>\n\n<\/div><\/div><\/div>\n\n<div class=\"gb-grid-column gb-grid-column-aa86e055\"><div class=\"gb-container gb-container-aa86e055\"><div class=\"gb-inside-container\">\n\r\n\r\n\n\n\n\n    <div class=\"accordion-item-block\"  itemscope itemprop=\"mainEntity\" itemtype=\"https:\/\/schema.org\/Question\">\n        <h2 class=\"accordion-headline\" id=\"heading-acc-1bcQEW\">\n            <div class=\"accordion-button-span custom-accordion-trigger\"  itemprop=\"name\" tabindex=\"0\" role=\"button\" data-bs-toggle=\"collapse\" data-bs-target=\"#collapse-acc-1bcQEW\" aria-expanded=\"false\" aria-controls=\"collapse-acc-1bcQEW\">Servicios residenciales no cubiertos por Medicaid<\/div>\n        <\/h2>\n        <div id=\"collapse-acc-1bcQEW\"  itemscope itemprop=\"acceptedAnswer\" itemtype=\"https:\/\/schema.org\/Answer\" role=\"region\" class=\"accordion-collapse collapse\" aria-labelledby=\"heading-acc-1bcQEW\" data-bs-parent=\"#wrapper-main0125\">\n            <div class=\"accordion-body\"  itemprop=\"text\">\n                <p>Los servicios residenciales no cubiertos por Medicaid se asignan de manera justa, coherente y con la intenci\u00f3n de ayudar a satisfacer las necesidades de colocaci\u00f3n residencial m\u00e9dicamente necesaria de las personas que re\u00fanen los requisitos y que son indigentes, no tienen seguro o tienen un seguro insuficiente.<\/p>\n                \n            <\/div>\n        <\/div>\n    <\/div>\n\n<\/div><\/div><\/div>\n\n<div class=\"gb-grid-column gb-grid-column-aa34a750\"><div class=\"gb-container gb-container-aa34a750\"><div class=\"gb-inside-container\">\n\r\n\r\n\n\n\n\n    <div class=\"accordion-item-block\"  itemscope itemprop=\"mainEntity\" itemtype=\"https:\/\/schema.org\/Question\">\n        <h2 class=\"accordion-headline\" id=\"heading-acc-2iyzbI\">\n            <div class=\"accordion-button-span custom-accordion-trigger\"  itemprop=\"name\" tabindex=\"0\" role=\"button\" data-bs-toggle=\"collapse\" data-bs-target=\"#collapse-acc-2iyzbI\" aria-expanded=\"false\" aria-controls=\"collapse-acc-2iyzbI\">Subvenci\u00f3n de apoyo a la vivienda<\/div>\n        <\/h2>\n        <div id=\"collapse-acc-2iyzbI\"  itemscope itemprop=\"acceptedAnswer\" itemtype=\"https:\/\/schema.org\/Answer\" role=\"region\" class=\"accordion-collapse collapse\" aria-labelledby=\"heading-acc-2iyzbI\" data-bs-parent=\"#wrapper-main0125\">\n            <div class=\"accordion-body\"  itemprop=\"text\">\n                <p>Los fondos de la Subvenci\u00f3n de Apoyo a la Vivienda se utilizan, en la medida de lo posible, para ayudar a establecer viviendas menos restrictivas para los miembros adultos y beneficiarios que re\u00fanan los requisitos y cuyos ingresos brutos sean iguales o inferiores al 100% de las directrices federales de pobreza para una sola persona.<\/p>\n                \n            <\/div>\n        <\/div>\n    <\/div>\n\n<\/div><\/div><\/div>\n\n<div class=\"gb-grid-column gb-grid-column-4dd2763c\"><div class=\"gb-container gb-container-4dd2763c\"><div class=\"gb-inside-container\">\n\r\n\r\n\n\n\n\n    <div class=\"accordion-item-block\"  itemscope itemprop=\"mainEntity\" itemtype=\"https:\/\/schema.org\/Question\">\n        <h2 class=\"accordion-headline\" id=\"heading-acc-16Fz66\">\n            <div class=\"accordion-button-span custom-accordion-trigger\"  itemprop=\"name\" tabindex=\"0\" role=\"button\" data-bs-toggle=\"collapse\" data-bs-target=\"#collapse-acc-16Fz66\" aria-expanded=\"false\" aria-controls=\"collapse-acc-16Fz66\">Vaya Proyecto Independencia<\/div>\n        <\/h2>\n        <div id=\"collapse-acc-16Fz66\"  itemscope itemprop=\"acceptedAnswer\" itemtype=\"https:\/\/schema.org\/Answer\" role=\"region\" class=\"accordion-collapse collapse\" aria-labelledby=\"heading-acc-16Fz66\" data-bs-parent=\"#wrapper-main0125\">\n            <div class=\"accordion-body\"  itemprop=\"text\">\n                <p>El Proyecto Independencia Vaya es una combinaci\u00f3n de vivienda con ayuda al alquiler a corto plazo y servicios de apoyo para ayudar a los afiliados y beneficiarios con necesidades sanitarias complejas a vivir de la forma m\u00e1s independiente posible.<\/p>\n                \n            <\/div>\n        <\/div>\n    <\/div>\n\n<\/div><\/div><\/div>\n\n<div class=\"gb-grid-column gb-grid-column-e4aa732e\"><div class=\"gb-container gb-container-e4aa732e\"><div class=\"gb-inside-container\">\n\r\n\r\n\n\n\n\n    <div class=\"accordion-item-block\"  itemscope itemprop=\"mainEntity\" itemtype=\"https:\/\/schema.org\/Question\">\n        <h2 class=\"accordion-headline\" id=\"heading-acc-LRshI\">\n            <div class=\"accordion-button-span custom-accordion-trigger\"  itemprop=\"name\" tabindex=\"0\" role=\"button\" data-bs-toggle=\"collapse\" data-bs-target=\"#collapse-acc-LRshI\" aria-expanded=\"false\" aria-controls=\"collapse-acc-LRshI\">Back@Home Balance of State y Back@Home Helene<\/div>\n        <\/h2>\n        <div id=\"collapse-acc-LRshI\"  itemscope itemprop=\"acceptedAnswer\" itemtype=\"https:\/\/schema.org\/Answer\" role=\"region\" class=\"accordion-collapse collapse\" aria-labelledby=\"heading-acc-LRshI\" data-bs-parent=\"#wrapper-main0125\">\n            <div class=\"accordion-body\"  itemprop=\"text\">\n                <p>Los programas Back@Home est\u00e1n dise\u00f1ados para reducir el n\u00famero de personas sin hogar en zonas rurales y mejorar los servicios, los resultados sanitarios y la estabilidad de la vivienda de personas y familias muy vulnerables. Los programas ofrecen servicios de apoyo, vivienda temporal, vivienda permanente, acceso a unidades, ayuda financiera, ayuda financiera para la mudanza y ayuda para el alquiler o los servicios p\u00fablicos.<\/p>\n<p>Vaya's\u00a0<strong>Back@Home Balance del Estado<\/strong>\u00a0El programa incluye los condados de Alexander, Caldwell, Franklin, Granville, McDowell, Rowan y Vance.\u00a0<strong>Vuelta a casa Helene<\/strong>\u00a0cubre el condado de Buncombe.<\/p>\n                \n            <\/div>\n        <\/div>\n    <\/div>\n\n<\/div><\/div><\/div>\n\n<div class=\"gb-grid-column gb-grid-column-1aa34392\"><div class=\"gb-container gb-container-1aa34392\"><div class=\"gb-inside-container\">\n\r\n\r\n\n\n\n\n    <div class=\"accordion-item-block\"  itemscope itemprop=\"mainEntity\" itemtype=\"https:\/\/schema.org\/Question\">\n        <h2 class=\"accordion-headline\" id=\"heading-acc-ZYt0Dx\">\n            <div class=\"accordion-button-span custom-accordion-trigger\"  itemprop=\"name\" tabindex=\"0\" role=\"button\" data-bs-toggle=\"collapse\" data-bs-target=\"#collapse-acc-ZYt0Dx\" aria-expanded=\"false\" aria-controls=\"collapse-acc-ZYt0Dx\">El dinero sigue a la persona (MFP) - Coordinaci\u00f3n de la transici\u00f3n<\/div>\n        <\/h2>\n        <div id=\"collapse-acc-ZYt0Dx\"  itemscope itemprop=\"acceptedAnswer\" itemtype=\"https:\/\/schema.org\/Answer\" role=\"region\" class=\"accordion-collapse collapse\" aria-labelledby=\"heading-acc-ZYt0Dx\" data-bs-parent=\"#wrapper-main0125\">\n            <div class=\"accordion-body\"  itemprop=\"text\">\n                <p>El programa estatal de Coordinaci\u00f3n de la Transici\u00f3n del MFP Vaya ayuda a las personas mayores y a las personas con discapacidades f\u00edsicas que viven en centros a reinsertarse en la comunidad.<\/p>\n<p><a href=\"\/es\/benefits-services\/housing-initiatives\/money-follows-the-person-transition-coordination-program\/\">M\u00e1s informaci\u00f3n sobre MFP<\/a><\/p>\n                \n            <\/div>\n        <\/div>\n    <\/div>\n\n<\/div><\/div><\/div>\n\n<div class=\"gb-grid-column gb-grid-column-b74e98a4\"><div class=\"gb-container gb-container-b74e98a4\"><div class=\"gb-inside-container\">\n\r\n\r\n\n\n\n\n    <div class=\"accordion-item-block\"  itemscope itemprop=\"mainEntity\" itemtype=\"https:\/\/schema.org\/Question\">\n        <h2 class=\"accordion-headline\" id=\"heading-acc-D11qq\">\n            <div class=\"accordion-button-span custom-accordion-trigger\"  itemprop=\"name\" tabindex=\"0\" role=\"button\" data-bs-toggle=\"collapse\" data-bs-target=\"#collapse-acc-D11qq\" aria-expanded=\"false\" aria-controls=\"collapse-acc-D11qq\">MFP - Discapacidad Intelectual\/Desarrollo (I\/DD) En-Realizaci\u00f3n y Transici\u00f3n<\/div>\n        <\/h2>\n        <div id=\"collapse-acc-D11qq\"  itemscope itemprop=\"acceptedAnswer\" itemtype=\"https:\/\/schema.org\/Answer\" role=\"region\" class=\"accordion-collapse collapse\" aria-labelledby=\"heading-acc-D11qq\" data-bs-parent=\"#wrapper-main0125\">\n            <div class=\"accordion-body\"  itemprop=\"text\">\n                <p>El programa MFP I\/DD In-Reach and Transition de Vaya ayuda a las personas con I\/DD que viven en centros a reincorporarse a la comunidad.<\/p>\n                \n            <\/div>\n        <\/div>\n    <\/div>\n\n<\/div><\/div><\/div>\n\n<div class=\"gb-grid-column gb-grid-column-6b3ec6b4\"><div class=\"gb-container gb-container-6b3ec6b4\"><div class=\"gb-inside-container\">\n\r\n\r\n\n\n\n\n    <div class=\"accordion-item-block\"  itemscope itemprop=\"mainEntity\" itemtype=\"https:\/\/schema.org\/Question\">\n        <h2 class=\"accordion-headline\" id=\"heading-acc-ov4Lp\">\n            <div class=\"accordion-button-span custom-accordion-trigger\"  itemprop=\"name\" tabindex=\"0\" role=\"button\" data-bs-toggle=\"collapse\" data-bs-target=\"#collapse-acc-ov4Lp\" aria-expanded=\"false\" aria-controls=\"collapse-acc-ov4Lp\">Programa de Reinserci\u00f3n en la Justicia<\/div>\n        <\/h2>\n        <div id=\"collapse-acc-ov4Lp\"  itemscope itemprop=\"acceptedAnswer\" itemtype=\"https:\/\/schema.org\/Answer\" role=\"region\" class=\"accordion-collapse collapse\" aria-labelledby=\"heading-acc-ov4Lp\" data-bs-parent=\"#wrapper-main0125\">\n            <div class=\"accordion-body\"  itemprop=\"text\">\n                <p>El Programa de Reingreso en la Justicia ayuda a las personas que cumplen los requisitos, que salen de prisi\u00f3n y regresan a un condado de la regi\u00f3n Vaya, poni\u00e9ndolas en contacto con los servicios y ayudas necesarios.<\/p>\n                \n            <\/div>\n        <\/div>\n    <\/div>\n\n<\/div><\/div><\/div>\n\n<div class=\"gb-grid-column gb-grid-column-9d74d27a\"><div class=\"gb-container gb-container-9d74d27a\"><div class=\"gb-inside-container\">\n\r\n\r\n\n\n\n\n    <div class=\"accordion-item-block\"  itemscope itemprop=\"mainEntity\" itemtype=\"https:\/\/schema.org\/Question\">\n        <h2 class=\"accordion-headline\" id=\"heading-acc-G1qJg\">\n            <div class=\"accordion-button-span custom-accordion-trigger\"  itemprop=\"name\" tabindex=\"0\" role=\"button\" data-bs-toggle=\"collapse\" data-bs-target=\"#collapse-acc-G1qJg\" aria-expanded=\"false\" aria-controls=\"collapse-acc-G1qJg\">Programa integrado de viviendas de apoyo<\/div>\n        <\/h2>\n        <div id=\"collapse-acc-G1qJg\"  itemscope itemprop=\"acceptedAnswer\" itemtype=\"https:\/\/schema.org\/Answer\" role=\"region\" class=\"accordion-collapse collapse\" aria-labelledby=\"heading-acc-G1qJg\" data-bs-parent=\"#wrapper-main0125\">\n            <div class=\"accordion-body\"  itemprop=\"text\">\n                <p>El Programa de Viviendas Integradas de Apoyo est\u00e1 gestionado por la Agencia de Financiaci\u00f3n de la Vivienda de Carolina del Norte. El programa concede pr\u00e9stamos sin intereses para apartamentos independientes en los que no m\u00e1s del 20% de las unidades est\u00e1n integradas y reservadas para personas con discapacidad.<\/p>\n                \n            <\/div>\n        <\/div>\n    <\/div>\n\n<\/div><\/div><\/div>\n<\/div>\n<\/div><\/div>\n\n<div class=\"gb-container gb-container-d1eed43e\"><div class=\"gb-inside-container\">\n\n<h2 class=\"gb-text\"><strong>Recursos adicionales en materia de vivienda<\/strong><\/h2>\n\n\n\n<p><a href=\"https:\/\/www.nchfa.com\/\" target=\"_blank\" rel=\"noopener\" title=\"\">Agencia de Financiaci\u00f3n de la Vivienda de Carolina del Norte (NCHFA)<\/a><br><a href=\"https:\/\/www.nchfa.com\/rental-housing-partners\/community-living-partners\/training-community-living-partners\" target=\"_blank\" rel=\"noopener\" title=\"\">Formaci\u00f3n de la NCHFA para socios comunitarios<\/a><br><a href=\"https:\/\/nchousingsearch.com\/\" target=\"_blank\" rel=\"noopener\" title=\"\">NCHousingSearch.org<\/a> <br><a href=\"https:\/\/www.hud.gov\/stat\/fheo\/rights-obligations\" target=\"_blank\" rel=\"noopener\" title=\"\"><strong><a href=\"https:\/\/www.hud.gov\/stat\/fheo\/rights-obligations\">Derechos y obligaciones en materia de vivienda justa (Departamento de Vivienda y Desarrollo Urbano de los EE.UU.)<\/a><\/strong><\/a><\/p>\n\n<\/div><\/div><\/div>","protected":false},"excerpt":{"rendered":"<p>Los especialistas en vivienda del Vaya Health proporcionan informaci\u00f3n sobre vivienda a las personas que reciben servicios de salud mental, as\u00ed como a los proveedores y al personal de las organizaciones de atenci\u00f3n administrada (MCO). El equipo supervisa los programas de vivienda Shelter Plus Care y MCO del Departamento de Vivienda y Desarrollo Urbano (HUD); tambi\u00e9n trabaja con proveedores de viviendas asequibles para aumentar los recursos de vivienda.<\/p>","protected":false},"author":62,"featured_media":50038,"parent":26637,"menu_order":71,"comment_status":"closed","ping_status":"closed","template":"breadcrumbs","meta":{"_tec_requires_first_save":true,"_price":"","_stock":"","_tribe_ticket_header":"","_tribe_default_ticket_provider":"","_tribe_ticket_capacity":"0","_ticket_start_date":"","_ticket_end_date":"","_tribe_ticket_show_description":"","_tribe_ticket_show_not_going":false,"_tribe_ticket_use_global_stock":"","_tribe_ticket_global_stock_level":"","_global_stock_mode":"","_global_stock_cap":"","_tribe_rsvp_for_event":"","_tribe_ticket_going_count":"","_tribe_ticket_not_going_count":"","_tribe_tickets_list":"[]","_tribe_ticket_has_attendee_info_fields":false,"_EventAllDay":false,"_EventTimezone":"","_EventStartDate":"","_EventEndDate":"","_EventStartDateUTC":"","_EventEndDateUTC":"","_EventShowMap":false,"_EventShowMapLink":false,"_EventURL":"","_EventCost":"","_EventCostDescription":"","_EventCurrencySymbol":"","_EventCurrencyCode":"","_EventCurrencyPosition":"","_EventDateTimeSeparator":"","_EventTimeRangeSeparator":"","_EventOrganizerID":[],"_EventVenueID":[],"_OrganizerEmail":"","_OrganizerPhone":"","_OrganizerWebsite":"","_VenueAddress":"","_VenueCity":"","_VenueCountry":"","_VenueProvince":"","_VenueState":"","_VenueZip":"","_VenuePhone":"","_VenueURL":"","_VenueStateProvince":"","_VenueLat":"","_VenueLng":"","_VenueShowMap":false,"_VenueShowMapLink":false,"_tribe_blocks_recurrence_rules":"","_tribe_blocks_recurrence_description":"","_tribe_blocks_recurrence_exclusions":"","banner-text":"","banner-text-color":"","button-text":"","button-text-color":"","button-link":"","has-button-icon":"","background-color":"","has-background-icon":"","background-icon-color":"","second-featured-image":"","footnotes":""},"class_list":["post-1771","page","type-page","status-publish","has-post-thumbnail","hentry"],"aioseo_notices":[],"_links":{"self":[{"href":"https:\/\/www.vayahealth.com\/es\/wp-json\/wp\/v2\/pages\/1771","targetHints":{"allow":["GET"]}}],"collection":[{"href":"https:\/\/www.vayahealth.com\/es\/wp-json\/wp\/v2\/pages"}],"about":[{"href":"https:\/\/www.vayahealth.com\/es\/wp-json\/wp\/v2\/types\/page"}],"author":[{"embeddable":true,"href":"https:\/\/www.vayahealth.com\/es\/wp-json\/wp\/v2\/users\/62"}],"replies":[{"embeddable":true,"href":"https:\/\/www.vayahealth.com\/es\/wp-json\/wp\/v2\/comments?post=1771"}],"version-history":[{"count":1,"href":"https:\/\/www.vayahealth.com\/es\/wp-json\/wp\/v2\/pages\/1771\/revisions"}],"predecessor-version":[{"id":56574,"href":"https:\/\/www.vayahealth.com\/es\/wp-json\/wp\/v2\/pages\/1771\/revisions\/56574"}],"up":[{"embeddable":true,"href":"https:\/\/www.vayahealth.com\/es\/wp-json\/wp\/v2\/pages\/26637"}],"wp:featuredmedia":[{"embeddable":true,"href":"https:\/\/www.vayahealth.com\/es\/wp-json\/wp\/v2\/media\/50038"}],"wp:attachment":[{"href":"https:\/\/www.vayahealth.com\/es\/wp-json\/wp\/v2\/media?parent=1771"}],"curies":[{"name":"wp","href":"https:\/\/api.w.org\/{rel}","templated":true}]}}