{"id":2087,"date":"2016-06-15T18:10:09","date_gmt":"2016-06-15T22:10:09","guid":{"rendered":"http:\/\/vayahealth.com\/?page_id=2087"},"modified":"2025-09-05T13:19:04","modified_gmt":"2025-09-05T17:19:04","slug":"ttytdd-services","status":"publish","type":"page","link":"https:\/\/www.vayahealth.com\/es\/ttytdd-services\/","title":{"rendered":"Servicios TTY\/TDD"},"content":{"rendered":"<div>\n<div>\n<p>Vaya Health utiliza Relay North Carolina para las llamadas TTY. Si no puede utilizar un tel\u00e9fono normal debido a una discapacidad auditiva o del habla, acceda a Relay NC marcando <a href=\"tel:711\" target=\"_blank\" rel=\"noopener\" title=\"\">711<\/a> desde su tel\u00e9fono TTY.<\/p>\n<\/div>\n\n\n\n<div>\n<h3 class=\"gb-headline gb-headline-134edf39 gb-headline-text\">\u00bfC\u00f3mo utilizar el servicio de repetidores?<\/h3>\n\n\n\n<p>El servicio de relevo proporciona accesibilidad telef\u00f3nica a las personas sordas, con problemas de audici\u00f3n o con discapacidades del habla. Relay NC est\u00e1 disponible 24 horas al d\u00eda, todos los d\u00edas, sin restricciones en el n\u00famero de llamadas realizadas ni en su duraci\u00f3n. Relay NC ofrece tecnolog\u00eda punta, una amplia gama de funciones y operadores de retransmisi\u00f3n profesionales y altamente cualificados para garantizar que los usuarios puedan comunicarse con facilidad y eficacia.<\/p>\n<\/div>\n\n\n\n<div>\n<h3 class=\"gb-headline gb-headline-8b6a0134 gb-headline-text\">\u00bfQu\u00e9 equipo necesito para utilizar el rel\u00e9?<\/h3>\n\n\n\n<p>El dispositivo telef\u00f3nico m\u00e1s utilizado para hacer una llamada de relevo es un teletipo (TTY). Hay otros dispositivos disponibles en funci\u00f3n del tipo de servicio de retransmisi\u00f3n utilizado.<\/p>\n\n\n\n<p>Los residentes de Carolina del Norte con p\u00e9rdida auditiva, p\u00e9rdida combinada de audici\u00f3n y visi\u00f3n o discapacidades del habla pueden recibir equipos TTY a trav\u00e9s del programa estatal de Servicios de Distribuci\u00f3n de Equipos de forma gratuita si cumplen los requisitos en funci\u00f3n de las restricciones de ingresos. Para m\u00e1s informaci\u00f3n, p\u00f3ngase en contacto con el <strong>Carolina del Norte<\/strong> <strong>Divisi\u00f3n de Servicios para Sordos y Personas con Discapacidad Auditiva<\/strong> en <a href=\"tel:1-800-999-5737\" target=\"_blank\" rel=\"noopener\" title=\"\">1-800-999-5737<\/a> (voz\/TTY).<\/p>\n<\/div>\n<\/div>","protected":false},"excerpt":{"rendered":"<p>Vaya Health uses Relay North Carolina for TTY calls. If you cannot use a regular telephone due to a hearing or speech disability, access Relay NC by dialing 711 from [&hellip;]<\/p>\n","protected":false},"author":62,"featured_media":49372,"parent":0,"menu_order":130,"comment_status":"closed","ping_status":"closed","template":"breadcrumbs","meta":{"_tec_requires_first_save":true,"_price":"","_stock":"","_tribe_ticket_header":"","_tribe_default_ticket_provider":"","_tribe_ticket_capacity":"0","_ticket_start_date":"","_ticket_end_date":"","_tribe_ticket_show_description":"","_tribe_ticket_show_not_going":false,"_tribe_ticket_use_global_stock":"","_tribe_ticket_global_stock_level":"","_global_stock_mode":"","_global_stock_cap":"","_tribe_rsvp_for_event":"","_tribe_ticket_going_count":"","_tribe_ticket_not_going_count":"","_tribe_tickets_list":"[]","_tribe_ticket_has_attendee_info_fields":false,"_EventAllDay":false,"_EventTimezone":"","_EventStartDate":"","_EventEndDate":"","_EventStartDateUTC":"","_EventEndDateUTC":"","_EventShowMap":false,"_EventShowMapLink":false,"_EventURL":"","_EventCost":"","_EventCostDescription":"","_EventCurrencySymbol":"","_EventCurrencyCode":"","_EventCurrencyPosition":"","_EventDateTimeSeparator":"","_EventTimeRangeSeparator":"","_EventOrganizerID":[],"_EventVenueID":[],"_OrganizerEmail":"","_OrganizerPhone":"","_OrganizerWebsite":"","_VenueAddress":"","_VenueCity":"","_VenueCountry":"","_VenueProvince":"","_VenueState":"","_VenueZip":"","_VenuePhone":"","_VenueURL":"","_VenueStateProvince":"","_VenueLat":"","_VenueLng":"","_VenueShowMap":false,"_VenueShowMapLink":false,"_tribe_blocks_recurrence_rules":"","_tribe_blocks_recurrence_description":"","_tribe_blocks_recurrence_exclusions":"","banner-text":"","banner-text-color":"","button-text":"","button-text-color":"","button-link":"","has-button-icon":"","background-color":"","has-background-icon":"","background-icon-color":"","second-featured-image":"","footnotes":""},"class_list":["post-2087","page","type-page","status-publish","has-post-thumbnail","hentry"],"aioseo_notices":[],"_links":{"self":[{"href":"https:\/\/www.vayahealth.com\/es\/wp-json\/wp\/v2\/pages\/2087","targetHints":{"allow":["GET"]}}],"collection":[{"href":"https:\/\/www.vayahealth.com\/es\/wp-json\/wp\/v2\/pages"}],"about":[{"href":"https:\/\/www.vayahealth.com\/es\/wp-json\/wp\/v2\/types\/page"}],"author":[{"embeddable":true,"href":"https:\/\/www.vayahealth.com\/es\/wp-json\/wp\/v2\/users\/62"}],"replies":[{"embeddable":true,"href":"https:\/\/www.vayahealth.com\/es\/wp-json\/wp\/v2\/comments?post=2087"}],"version-history":[{"count":0,"href":"https:\/\/www.vayahealth.com\/es\/wp-json\/wp\/v2\/pages\/2087\/revisions"}],"wp:featuredmedia":[{"embeddable":true,"href":"https:\/\/www.vayahealth.com\/es\/wp-json\/wp\/v2\/media\/49372"}],"wp:attachment":[{"href":"https:\/\/www.vayahealth.com\/es\/wp-json\/wp\/v2\/media?parent=2087"}],"curies":[{"name":"wp","href":"https:\/\/api.w.org\/{rel}","templated":true}]}}