{"id":2092,"date":"2016-06-15T18:25:29","date_gmt":"2016-06-15T18:25:29","guid":{"rendered":"http:\/\/vayahealth.com\/?page_id=2092"},"modified":"2025-08-29T09:32:25","modified_gmt":"2025-08-29T13:32:25","slug":"language-services","status":"publish","type":"page","link":"https:\/\/www.vayahealth.com\/es\/language-services\/","title":{"rendered":"Servicios ling\u00fc\u00edsticos"},"content":{"rendered":"<div>\n<div>\n<p>El personal de Vaya Health puede poner en contacto a los afiliados y beneficiarios con un servicio de int\u00e9rpretes para 150 idiomas diferentes. Llame a nuestra l\u00ednea de atenci\u00f3n a los afiliados y beneficiarios al <a href=\"tel:1-800-962-9003\" target=\"_blank\" rel=\"noopener\" title=\"\">1-800-962-9003<\/a>\u00a0para empezar. Es posible que tenga que esperar brevemente a que empiece la conferencia telef\u00f3nica con el int\u00e9rprete.<\/p>\n\n\n\n<p>Vaya tambi\u00e9n ofrece material escrito en otros idiomas adem\u00e1s del ingl\u00e9s, as\u00ed como en letra grande y otros formatos alternativos. Llame a nuestra L\u00ednea de Atenci\u00f3n a Socios y Beneficiarios al <a href=\"tel:1-800-962-9003\" target=\"_blank\" rel=\"noopener\" title=\"\">1-800-962-9003<\/a> para solicitar servicios de traducci\u00f3n o materiales en formatos alternativos.<\/p>\n\n\n\n<p>La interpretaci\u00f3n y traducci\u00f3n de idiomas son servicios gratuitos para afiliados y beneficiarios.<\/p>\n<\/div>\n<\/div>","protected":false},"excerpt":{"rendered":"<p>Vaya Health staff can connect members and recipients to an interpreter service for 150 different languages. Call our Member and Recipient Service Line at 1-800-962-9003\u00a0to get started. You may have [&hellip;]<\/p>\n","protected":false},"author":62,"featured_media":8929,"parent":0,"menu_order":127,"comment_status":"closed","ping_status":"closed","template":"breadcrumbs","meta":{"_tec_requires_first_save":true,"_price":"","_stock":"","_tribe_ticket_header":"","_tribe_default_ticket_provider":"","_tribe_ticket_capacity":"0","_ticket_start_date":"","_ticket_end_date":"","_tribe_ticket_show_description":"","_tribe_ticket_show_not_going":false,"_tribe_ticket_use_global_stock":"","_tribe_ticket_global_stock_level":"","_global_stock_mode":"","_global_stock_cap":"","_tribe_rsvp_for_event":"","_tribe_ticket_going_count":"","_tribe_ticket_not_going_count":"","_tribe_tickets_list":"[]","_tribe_ticket_has_attendee_info_fields":false,"_EventAllDay":false,"_EventTimezone":"","_EventStartDate":"","_EventEndDate":"","_EventStartDateUTC":"","_EventEndDateUTC":"","_EventShowMap":false,"_EventShowMapLink":false,"_EventURL":"","_EventCost":"","_EventCostDescription":"","_EventCurrencySymbol":"","_EventCurrencyCode":"","_EventCurrencyPosition":"","_EventDateTimeSeparator":"","_EventTimeRangeSeparator":"","_EventOrganizerID":[],"_EventVenueID":[],"_OrganizerEmail":"","_OrganizerPhone":"","_OrganizerWebsite":"","_VenueAddress":"","_VenueCity":"","_VenueCountry":"","_VenueProvince":"","_VenueState":"","_VenueZip":"","_VenuePhone":"","_VenueURL":"","_VenueStateProvince":"","_VenueLat":"","_VenueLng":"","_VenueShowMap":false,"_VenueShowMapLink":false,"_tribe_blocks_recurrence_rules":"","_tribe_blocks_recurrence_description":"","_tribe_blocks_recurrence_exclusions":"","banner-text":"","banner-text-color":"","button-text":"","button-text-color":"","button-link":"","has-button-icon":"","background-color":"","has-background-icon":"","background-icon-color":"","second-featured-image":"","footnotes":""},"class_list":["post-2092","page","type-page","status-publish","has-post-thumbnail","hentry"],"aioseo_notices":[],"_links":{"self":[{"href":"https:\/\/www.vayahealth.com\/es\/wp-json\/wp\/v2\/pages\/2092","targetHints":{"allow":["GET"]}}],"collection":[{"href":"https:\/\/www.vayahealth.com\/es\/wp-json\/wp\/v2\/pages"}],"about":[{"href":"https:\/\/www.vayahealth.com\/es\/wp-json\/wp\/v2\/types\/page"}],"author":[{"embeddable":true,"href":"https:\/\/www.vayahealth.com\/es\/wp-json\/wp\/v2\/users\/62"}],"replies":[{"embeddable":true,"href":"https:\/\/www.vayahealth.com\/es\/wp-json\/wp\/v2\/comments?post=2092"}],"version-history":[{"count":0,"href":"https:\/\/www.vayahealth.com\/es\/wp-json\/wp\/v2\/pages\/2092\/revisions"}],"wp:featuredmedia":[{"embeddable":true,"href":"https:\/\/www.vayahealth.com\/es\/wp-json\/wp\/v2\/media\/8929"}],"wp:attachment":[{"href":"https:\/\/www.vayahealth.com\/es\/wp-json\/wp\/v2\/media?parent=2092"}],"curies":[{"name":"wp","href":"https:\/\/api.w.org\/{rel}","templated":true}]}}