{"id":22282,"date":"2022-01-20T11:23:31","date_gmt":"2022-01-20T16:23:31","guid":{"rendered":"\/?page_id=22282"},"modified":"2025-08-29T10:25:17","modified_gmt":"2025-08-29T14:25:17","slug":"local-resources","status":"publish","type":"page","link":"https:\/\/www.vayahealth.com\/es\/get-help\/local-resources\/","title":{"rendered":"Recursos locales"},"content":{"rendered":"<div>\n<div>\n<h2 class=\"gb-headline gb-headline-f48a05ce gb-headline-text\">Recursos para necesidades no m\u00e9dicas<\/h2>\n\n\n\n<p>Vaya Health sabe que las necesidades sanitarias van m\u00e1s all\u00e1 de la consulta del m\u00e9dico. El cuidado de nuestra salud f\u00edsica y mental es s\u00f3lo una parte de lo que nos hace prosperar. La ayuda para encontrar vivienda, trabajo, transporte, alimentos u otros apoyos sociales est\u00e1 a solo una b\u00fasqueda o una llamada telef\u00f3nica de distancia.<\/p>\n\n\n\n<p>He aqu\u00ed algunas formas de acceder a recursos no m\u00e9dicos gratuitos o de bajo coste.<\/p>\n<\/div>\n\n\n\n<div>\n<h2 class=\"gb-text\">Programas y remisiones Vaya<\/h2>\n\n\n\n<p>Los miembros y destinatarios de Vaya pueden <strong>p\u00f3ngase en contacto con su cuidador o<\/strong> <strong>llamar a la L\u00ednea de Atenci\u00f3n a los Miembros y Destinatarios <\/strong>en <a href=\"tel:1-800-962-9003\" target=\"_blank\" rel=\"noopener\" title=\"\">1-800-962-9003<\/a>. Esta l\u00ednea est\u00e1 disponible de 7 de la ma\u00f1ana a 6 de la tarde, de lunes a s\u00e1bado, festivos incluidos.  Si prefiere ponerse en contacto con nosotros en l\u00ednea, env\u00ede un <a href=\"https:\/\/forms.office.com\/r\/M8krBSCQ4H\" target=\"_blank\" rel=\"noopener\" title=\"\">Solicitud de recursos comunitarios<\/a>.<\/p>\n\n\n\n<p>Elegible<strong> Miembros de Vaya Total Care <\/strong>(afiliados a Medicaid del Plan Adaptado) tienen acceso a prestaciones adicionales, como incentivos para el bienestar, ayudas para el GED y mucho m\u00e1s. M\u00e1s informaci\u00f3n en <a href=\"\/es\/health-plans\/vaya-total-care\/\" title=\"\">Vaya Total Care<\/a> y <a href=\"\/es\/health-plans\/vaya-total-care\/vaya-total-care-perks\/\" title=\"\">Vaya Total Care Perks<\/a> p\u00e1ginas web.<\/p>\n<\/div>\n\n\n\n<div>\n<h2 class=\"gb-text\">Recursos para todos los habitantes de Carolina del Norte<\/h2>\n\n\n\n<h3 class=\"gb-text\">NCCARE360<\/h3>\n\n\n\n<p>NCCARE360 conecta a las personas con alimentos, alojamiento, empleo, servicios financieros, ayuda para pagar los servicios p\u00fablicos y mucho m\u00e1s. Cualquier residente de Carolina del Norte puede buscar opciones a trav\u00e9s del <a href=\"https:\/\/nccare360.org\/resources\/\" target=\"_blank\" rel=\"noopener\" title=\"\">directorio de recursos en internet<\/a> o llame a la l\u00ednea de ayuda de United Way de Carolina del Norte al <a href=\"tel:211\" target=\"_blank\" rel=\"noopener\" title=\"\">211<\/a> o <a href=\"tel:1-888-892-1162\" target=\"_blank\" rel=\"noopener\" title=\"\">1-888-892-1162<\/a>.<\/p>\n\n\n\n<p>Los miembros y beneficiarios de Vaya que necesiten ayuda para navegar por NCCARE360 pueden ponerse en contacto con su administrador de atenci\u00f3n o llamar a la L\u00ednea de Servicio para Miembros y Beneficiarios al <a href=\"tel:1-800-962-9003\" title=\"\">1-800-962-9003<\/a>. Esta l\u00ednea est\u00e1 disponible de 7.00 a 18.00 horas, de lunes a s\u00e1bado, festivos incluidos.<\/p>\n\n\n\n<h3 class=\"gb-text\">NC211<\/h3>\n\n\n\n<p>NC211 es un servicio de United Way de Carolina del Norte que proporciona a las personas informaci\u00f3n gratuita y confidencial sobre programas y servicios de su comunidad. Cualquier residente de Carolina del Norte puede utilizar este recurso llamando a <a href=\"tel:211\" target=\"_blank\" rel=\"noopener\" title=\"\">211<\/a> o <a href=\"tel:1-888-892-1162\" target=\"_blank\" rel=\"noopener\" title=\"\">1-888-892-1162<\/a>, presentando un <a href=\"https:\/\/nc211.org\/contact\/\" target=\"_blank\" rel=\"noopener\" title=\"\">formulario de contacto<\/a>o buscando en la web <a href=\"https:\/\/nc211.org\/\" target=\"_blank\" rel=\"noopener\" title=\"\">Herramienta NC211<\/a>.<\/p>\n<\/div>\n\n\n\n<div>\n<h2 class=\"gb-text\">Vaya L\u00ednea de crisis de salud mental<\/h2>\n\n\n\n<p>La l\u00ednea de crisis de salud mental de Vaya est\u00e1 disponible en <a href=\"tel:1-800-849-6127\" target=\"_blank\" rel=\"noopener\" title=\"\">1-800-849-6127<\/a>El Vaya atiende 24 horas al d\u00eda, siete d\u00edas a la semana, a todos los miembros, beneficiarios y residentes de la regi\u00f3n del Vaya que experimenten dolor o angustia emocional, pensamientos de hacerse da\u00f1o a s\u00ed mismos o a otros, u otro tipo de crisis de salud mental o por consumo de sustancias.<\/p>\n<\/div>\n<\/div>","protected":false},"excerpt":{"rendered":"<p>Resources for non-medical needs Vaya Health knows that health needs go beyond the doctor\u2019s office. Our physical and mental health care are only part of what makes us thrive. Help [&hellip;]<\/p>\n","protected":false},"author":62,"featured_media":23220,"parent":7696,"menu_order":88,"comment_status":"closed","ping_status":"closed","template":"breadcrumbs","meta":{"_tec_requires_first_save":true,"_price":"","_stock":"","_tribe_ticket_header":"","_tribe_default_ticket_provider":"","_tribe_ticket_capacity":"0","_ticket_start_date":"","_ticket_end_date":"","_tribe_ticket_show_description":"","_tribe_ticket_show_not_going":false,"_tribe_ticket_use_global_stock":"","_tribe_ticket_global_stock_level":"","_global_stock_mode":"","_global_stock_cap":"","_tribe_rsvp_for_event":"","_tribe_ticket_going_count":"","_tribe_ticket_not_going_count":"","_tribe_tickets_list":"[]","_tribe_ticket_has_attendee_info_fields":false,"_EventAllDay":false,"_EventTimezone":"","_EventStartDate":"","_EventEndDate":"","_EventStartDateUTC":"","_EventEndDateUTC":"","_EventShowMap":false,"_EventShowMapLink":false,"_EventURL":"","_EventCost":"","_EventCostDescription":"","_EventCurrencySymbol":"","_EventCurrencyCode":"","_EventCurrencyPosition":"","_EventDateTimeSeparator":"","_EventTimeRangeSeparator":"","_EventOrganizerID":[],"_EventVenueID":[],"_OrganizerEmail":"","_OrganizerPhone":"","_OrganizerWebsite":"","_VenueAddress":"","_VenueCity":"","_VenueCountry":"","_VenueProvince":"","_VenueState":"","_VenueZip":"","_VenuePhone":"","_VenueURL":"","_VenueStateProvince":"","_VenueLat":"","_VenueLng":"","_VenueShowMap":false,"_VenueShowMapLink":false,"_tribe_blocks_recurrence_rules":"","_tribe_blocks_recurrence_description":"","_tribe_blocks_recurrence_exclusions":"","banner-text":"","banner-text-color":"","button-text":"","button-text-color":"","button-link":"","has-button-icon":"","background-color":"","has-background-icon":"","background-icon-color":"","second-featured-image":"","footnotes":""},"class_list":["post-22282","page","type-page","status-publish","has-post-thumbnail","hentry"],"aioseo_notices":[],"_links":{"self":[{"href":"https:\/\/www.vayahealth.com\/es\/wp-json\/wp\/v2\/pages\/22282","targetHints":{"allow":["GET"]}}],"collection":[{"href":"https:\/\/www.vayahealth.com\/es\/wp-json\/wp\/v2\/pages"}],"about":[{"href":"https:\/\/www.vayahealth.com\/es\/wp-json\/wp\/v2\/types\/page"}],"author":[{"embeddable":true,"href":"https:\/\/www.vayahealth.com\/es\/wp-json\/wp\/v2\/users\/62"}],"replies":[{"embeddable":true,"href":"https:\/\/www.vayahealth.com\/es\/wp-json\/wp\/v2\/comments?post=22282"}],"version-history":[{"count":0,"href":"https:\/\/www.vayahealth.com\/es\/wp-json\/wp\/v2\/pages\/22282\/revisions"}],"up":[{"embeddable":true,"href":"https:\/\/www.vayahealth.com\/es\/wp-json\/wp\/v2\/pages\/7696"}],"wp:featuredmedia":[{"embeddable":true,"href":"https:\/\/www.vayahealth.com\/es\/wp-json\/wp\/v2\/media\/23220"}],"wp:attachment":[{"href":"https:\/\/www.vayahealth.com\/es\/wp-json\/wp\/v2\/media?parent=22282"}],"curies":[{"name":"wp","href":"https:\/\/api.w.org\/{rel}","templated":true}]}}