{"id":22441,"date":"2022-04-26T09:39:51","date_gmt":"2022-04-26T13:39:51","guid":{"rendered":"\/?page_id=22441"},"modified":"2025-08-29T12:38:15","modified_gmt":"2025-08-29T16:38:15","slug":"medication-search","status":"publish","type":"page","link":"https:\/\/www.vayahealth.com\/es\/benefits-services\/pharmacy\/medication-search\/","title":{"rendered":"B\u00fasqueda de medicamentos"},"content":{"rendered":"<section class=\"gb-container gb-container-6b489dc1\"><div class=\"gb-inside-container\">\n\n<div>\n<p>Utilice la herramienta de b\u00fasqueda de medicamentos con receta para encontrar los medicamentos que necesita. La herramienta mostrar\u00e1 si Medicaid de Carolina del Norte cubre el medicamento y otros detalles importantes.<\/p>\n\n\n\n<div class=\"wp-block-buttons is-layout-flex wp-block-buttons-is-layout-flex\">\n<div class=\"wp-block-button alignleft\"><a class=\"wp-block-button__link has-white-color has-vaya-blue-background-color has-text-color has-background wp-element-button\" href=\"https:\/\/memberportal.navitus.com\/micro-sites\/pharmacy-pricing?entrypoint=drug&amp;type=standard&amp;id=123456789X*NVTPT\" target=\"_blank\" rel=\"noreferrer noopener\">Buscar un medicamento<\/a><\/div>\n<\/div>\n<\/div>\n\n\n\n<div>\n<h2 class=\"gb-text\">\u00bfC\u00f3mo puedo saber si un medicamento est\u00e1 cubierto?<\/h2>\n\n\n\n<p>La lista de medicamentos que cubre el Vaya Health y que Medicaid de Carolina del Norte ha aprobado se denomina Lista de medicamentos preferidos (PDL). Esta lista incluye una amplia selecci\u00f3n de medicamentos gen\u00e9ricos y de marca para garantizar que pueda obtener la medicaci\u00f3n que necesita.<\/p>\n\n\n\n<p>La PDL no es una lista completa de todos los medicamentos cubiertos por Medicaid de Carolina del Norte. Para saber si su medicamento est\u00e1 cubierto, revise la PDL o utilice la herramienta de b\u00fasqueda de arriba.<\/p>\n\n\n\n<div class=\"wp-block-buttons tailored-plan-button is-content-justification-left is-layout-flex wp-container-core-buttons-is-layout-fc4fd283 wp-block-buttons-is-layout-flex\">\n<div class=\"wp-block-button\"><a class=\"wp-block-button__link has-white-color has-text-color has-background has-custom-font-size wp-element-button\" href=\"https:\/\/medicaid.ncdhhs.gov\/preferred-drug-list\" style=\"border-radius:45px;background:linear-gradient(90deg,rgb(46,124,181) 0%,rgb(25,79,144) 100%);font-size:clamp(14px, 0.875rem + ((1vw - 3.2px) * 0.156), 16px);\" target=\"_blank\" rel=\"noreferrer noopener\">Lista de medicamentos preferidos<\/a><\/div>\n<\/div>\n<\/div>\n\n\n\n<div>\n<h2 class=\"gb-headline gb-headline-76fbd37e gb-headline-text\">\u00bfCu\u00e1les son los niveles del formulario?<\/h2>\n\n\n\n<p>A cada medicamento de la PDL se le asigna un nivel (un nivel de cobertura). Los miembros de Medicaid pagan el mismo copago por todos los medicamentos, pero Vaya y Medicaid de Carolina del Norte promueven el uso del medicamento preferido cuando sea adecuado para usted.<\/p>\n\n\n\n<p>Los niveles son:<\/p>\n\n\n\n<ul class=\"wp-block-list\">\n<li><strong>PDL Preferido<\/strong> - Este nivel incluye medicamentos que son m\u00e1s rentables para el programa NC Medicaid Managed Care.<\/li>\n\n\n\n<li><strong>PDL No preferente -<\/strong> Este nivel est\u00e1 formado principalmente por medicamentos con receta gen\u00e9ricos y de marca de coste moderado. Puede obtener estos medicamentos cuando haya probado el medicamento preferido de la PDL y no le funcione, o si su m\u00e9dico le dice que los medicamentos preferidos no son adecuados para usted.<\/li>\n\n\n\n<li><strong>No-PDL<\/strong> - Este nivel incluye medicamentos que Medicaid de Carolina del Norte no administra a trav\u00e9s de la PDL porque no pertenecen a una categor\u00eda de la PDL. Estos medicamentos est\u00e1n cubiertos cuando forman parte del Programa de reembolso de medicamentos de Medicaid. Estos medicamentos est\u00e1n disponibles para los miembros del Vaya dentro de los l\u00edmites establecidos por la Administraci\u00f3n de Alimentos y Medicamentos de los Estados Unidos.<\/li>\n\n\n\n<li><strong>Excluido<\/strong> - Medicaid de Carolina del Norte no cubre este nivel de medicamentos. Las leyes estatales y federales proh\u00edben que el Vaya cubra estos medicamentos, incluso con la aprobaci\u00f3n del recetador.<\/li>\n<\/ul>\n<\/div>\n\n\n\n<div>\n<h2 class=\"gb-headline gb-headline-9949872c gb-headline-text\">\u00bfCu\u00e1nto costar\u00e1n mis medicamentos?<\/h2>\n\n\n\n<p>Para los miembros de Medicaid, sus recetas costar\u00e1n $4 o menos. Si no puede pagar el copago en el momento de recoger el medicamento, la farmacia podr\u00e1 d\u00e1rselo y factur\u00e1rselo m\u00e1s tarde. No debe quedarse sin su medicamento por no poder pagar el copago.<\/p>\n<\/div>\n\n\n\n<div>\n<h2 class=\"gb-text\">\u00bfHay l\u00edmites para la medicina?<\/h2>\n\n\n\n<p>Algunos medicamentos est\u00e1n limitados. La cantidad que puede obtener puede ser limitada. Tambi\u00e9n es posible que tenga que probar otros medicamentos antes de poder obtener determinados medicamentos. Es posible que su m\u00e9dico tenga que informarle de por qu\u00e9 un medicamento es adecuado para usted.<\/p>\n\n\n\n<p>Los l\u00edmites que puede ver incluyen:<\/p>\n\n\n\n<ul class=\"wp-block-list\">\n<li><strong>Autorizaci\u00f3n previa - <\/strong>Su m\u00e9dico puede recetarle un medicamento que requiera una revisi\u00f3n antes de que la farmacia pueda dispensarlo. La revisi\u00f3n garantiza que el medicamento es la opci\u00f3n m\u00e1s segura, eficaz y rentable para usted antes de que empiece a tomarlo. Esta revisi\u00f3n se denomina autorizaci\u00f3n previa. El proceso de autorizaci\u00f3n previa lo lleva a cabo un equipo de farmacia cl\u00ednica. Consulte el <a href=\"https:\/\/memberportal.navitus.com\/micro-sites\/pharmacy-pricing?entrypoint=drug&amp;type=standard&amp;id=123456789X*NVTPT\" target=\"_blank\" rel=\"noopener\" title=\"\">Buscar un medicamento<\/a> para ver si su medicamento requiere autorizaci\u00f3n previa. Los criterios de cobertura cl\u00ednica de las farmacias pueden consultarse en la p\u00e1gina <a href=\"https:\/\/medicaid.ncdhhs.gov\/providers\/program-specific-clinical-coverage-policies\">NC M<\/a><a href=\"https:\/\/medicaid.ncdhhs.gov\/providers\/program-specific-clinical-coverage-policies\" target=\"_blank\" rel=\"noopener\" title=\"\">e<\/a><a href=\"https:\/\/medicaid.ncdhhs.gov\/providers\/program-specific-clinical-coverage-policies\">dicaid<\/a> sitio web.<\/li>\n\n\n\n<li><strong>L\u00edmite de cantidad -<\/strong> Es posible que s\u00f3lo pueda recibir una cantidad limitada de un medicamento cada mes. Los l\u00edmites cuantitativos ayudan a garantizar que el medicamento es seguro para su estado cl\u00ednico. Tambi\u00e9n le ayudan a asegurarse de que utiliza la menor cantidad de comprimidos necesaria para su enfermedad. Consulte el <a href=\"https:\/\/memberportal.navitus.com\/micro-sites\/pharmacy-pricing?entrypoint=drug&amp;type=standard&amp;id=123456789X*NVTPT\" target=\"_blank\" rel=\"noopener\" title=\"\">Buscar un medicamento<\/a> p\u00e1gina web para ver si su medicamento tiene un l\u00edmite de cantidad.<\/li>\n\n\n\n<li><strong>Sustituci\u00f3n gen\u00e9rica -<\/strong> NC Medicaid requiere el uso de medicamentos gen\u00e9ricos, cuando est\u00e9n disponibles, a menos que su m\u00e9dico diga que el medicamento de marca es m\u00e9dicamente necesario. En algunos casos, Medicaid de Carolina del Norte puede preferir el medicamento de marca en lugar del gen\u00e9rico. Consulte el <a href=\"https:\/\/medicaid.ncdhhs.gov\/providers\/programs-and-services\/prescription-drugs\/preferred-drug-list\" target=\"_blank\" rel=\"noopener\" title=\"\">Lista de medicamentos preferidos<\/a> para m\u00e1s detalles.<\/li>\n<\/ul>\n<\/div>\n\n<\/div><\/section>","protected":false},"excerpt":{"rendered":"<p>Use the prescription drug search tool to find medications you need. The tool will show whether NC Medicaid covers the medicine and other important details. How do I know if [&hellip;]<\/p>\n","protected":false},"author":62,"featured_media":0,"parent":31437,"menu_order":48,"comment_status":"closed","ping_status":"closed","template":"breadcrumbs","meta":{"_tec_requires_first_save":true,"_price":"","_stock":"","_tribe_ticket_header":"","_tribe_default_ticket_provider":"","_tribe_ticket_capacity":"0","_ticket_start_date":"","_ticket_end_date":"","_tribe_ticket_show_description":"","_tribe_ticket_show_not_going":false,"_tribe_ticket_use_global_stock":"","_tribe_ticket_global_stock_level":"","_global_stock_mode":"","_global_stock_cap":"","_tribe_rsvp_for_event":"","_tribe_ticket_going_count":"","_tribe_ticket_not_going_count":"","_tribe_tickets_list":"[]","_tribe_ticket_has_attendee_info_fields":false,"_EventAllDay":false,"_EventTimezone":"","_EventStartDate":"","_EventEndDate":"","_EventStartDateUTC":"","_EventEndDateUTC":"","_EventShowMap":false,"_EventShowMapLink":false,"_EventURL":"","_EventCost":"","_EventCostDescription":"","_EventCurrencySymbol":"","_EventCurrencyCode":"","_EventCurrencyPosition":"","_EventDateTimeSeparator":"","_EventTimeRangeSeparator":"","_EventOrganizerID":[],"_EventVenueID":[],"_OrganizerEmail":"","_OrganizerPhone":"","_OrganizerWebsite":"","_VenueAddress":"","_VenueCity":"","_VenueCountry":"","_VenueProvince":"","_VenueState":"","_VenueZip":"","_VenuePhone":"","_VenueURL":"","_VenueStateProvince":"","_VenueLat":"","_VenueLng":"","_VenueShowMap":false,"_VenueShowMapLink":false,"_tribe_blocks_recurrence_rules":"","_tribe_blocks_recurrence_description":"","_tribe_blocks_recurrence_exclusions":"","banner-text":"","banner-text-color":"","button-text":"","button-text-color":"","button-link":"","has-button-icon":"","background-color":"","has-background-icon":"","background-icon-color":"","second-featured-image":"","footnotes":""},"class_list":["post-22441","page","type-page","status-publish","hentry"],"aioseo_notices":[],"_links":{"self":[{"href":"https:\/\/www.vayahealth.com\/es\/wp-json\/wp\/v2\/pages\/22441","targetHints":{"allow":["GET"]}}],"collection":[{"href":"https:\/\/www.vayahealth.com\/es\/wp-json\/wp\/v2\/pages"}],"about":[{"href":"https:\/\/www.vayahealth.com\/es\/wp-json\/wp\/v2\/types\/page"}],"author":[{"embeddable":true,"href":"https:\/\/www.vayahealth.com\/es\/wp-json\/wp\/v2\/users\/62"}],"replies":[{"embeddable":true,"href":"https:\/\/www.vayahealth.com\/es\/wp-json\/wp\/v2\/comments?post=22441"}],"version-history":[{"count":0,"href":"https:\/\/www.vayahealth.com\/es\/wp-json\/wp\/v2\/pages\/22441\/revisions"}],"up":[{"embeddable":true,"href":"https:\/\/www.vayahealth.com\/es\/wp-json\/wp\/v2\/pages\/31437"}],"wp:attachment":[{"href":"https:\/\/www.vayahealth.com\/es\/wp-json\/wp\/v2\/media?parent=22441"}],"curies":[{"name":"wp","href":"https:\/\/api.w.org\/{rel}","templated":true}]}}