{"id":22483,"date":"2022-04-26T11:28:06","date_gmt":"2022-04-26T15:28:06","guid":{"rendered":"\/?page_id=22483"},"modified":"2025-12-22T10:31:24","modified_gmt":"2025-12-22T15:31:24","slug":"recipient-rights-responsibilities","status":"publish","type":"page","link":"https:\/\/www.vayahealth.com\/es\/health-plans\/state-funded-services\/recipient-rights-responsibilities\/","title":{"rendered":"Derechos y responsabilidades de los beneficiarios"},"content":{"rendered":"<div>\n<div>\n<p>Como beneficiario Vaya Health de servicios financiados por el Estado, usted tiene ciertos derechos. Vaya respetar\u00e1 sus derechos y se asegurar\u00e1 de que nadie que trabaje para nuestro plan, ni ninguno de nuestros proveedores, le impida hacer uso de sus derechos.<\/p>\n<\/div>\n\n\n\n<div>\n<h2 class=\"gb-text\">Sus derechos<\/h2>\n\n\n\n<p>Como beneficiario Vaya de Servicios Financiados por el Estado, tiene derecho a:<\/p>\n\n\n\n<ul class=\"wp-block-list\">\n<li>Ser atendido con respeto, sin tener en cuenta su estado de salud, sexo, raza, color, religi\u00f3n, origen nacional, edad, estado civil, orientaci\u00f3n sexual o identidad de g\u00e9nero.<\/li>\n\n\n\n<li>Discutir cualquier preocupaci\u00f3n sobre los servicios sin temor a represalias.<\/li>\n\n\n\n<li>Que le expliquen detalladamente su plan de cuidados.<\/li>\n\n\n\n<li>Dar su aprobaci\u00f3n para cualquier tratamiento o plan de cuidados.<\/li>\n\n\n\n<li>Que le informen de sus opciones a la hora de recibir servicios para que usted o su tutor puedan tomar una decisi\u00f3n con conocimiento de causa.<\/li>\n\n\n\n<li>Rechazar la asistencia y que se le explique a qu\u00e9 se arriesga si lo hace, salvo en situaciones de emergencia, incluido cualquier internamiento involuntario.&nbsp;<\/li>\n\n\n\n<li>Recibir informaci\u00f3n sobre las opciones de tratamiento disponibles.<\/li>\n\n\n\n<li>Pedir, si es necesario, que se modifique o corrija su historial m\u00e9dico.<\/li>\n\n\n\n<li>Aseg\u00farese de que su historial m\u00e9dico es privado y no se compartir\u00e1 con nadie salvo que lo exija la ley, un contrato o con su aprobaci\u00f3n.<\/li>\n\n\n\n<li>Recibir una atenci\u00f3n considerada y respetuosa en un entorno limpio y seguro, sin sujeciones innecesarias.<\/li>\n<\/ul>\n<\/div>\n\n\n\n<div>\n<h2 class=\"gb-text\">Sus responsabilidades<\/h2>\n\n\n\n<p>Como beneficiario Vaya de servicios financiados por el Estado, usted se compromete a:<\/p>\n\n\n\n<ul class=\"wp-block-list\">\n<li>Trate al personal sanitario con respeto.<\/li>\n\n\n\n<li>D\u00edganos si tiene problemas o dudas con alg\u00fan miembro del personal sanitario llamando a la L\u00ednea de Atenci\u00f3n al Afiliado y al Beneficiario al <a href=\"tel:1-800-962-9003\" title=\"\">1-800-962-9003<\/a>.<\/li>\n\n\n\n<li>No falte a sus citas. Si tiene que anularlas, llame lo antes posible.<\/li>\n<\/ul>\n<\/div>\n<\/div>","protected":false},"excerpt":{"rendered":"<p>As a Vaya Health recipient of State-funded services, you have certain rights. Vaya will respect your rights and make sure that no one working for our plan, or any of [&hellip;]<\/p>\n","protected":false},"author":62,"featured_media":48298,"parent":50899,"menu_order":37,"comment_status":"closed","ping_status":"closed","template":"breadcrumbs","meta":{"_tec_requires_first_save":true,"_price":"","_stock":"","_tribe_ticket_header":"","_tribe_default_ticket_provider":"","_tribe_ticket_capacity":"0","_ticket_start_date":"","_ticket_end_date":"","_tribe_ticket_show_description":"","_tribe_ticket_show_not_going":false,"_tribe_ticket_use_global_stock":"","_tribe_ticket_global_stock_level":"","_global_stock_mode":"","_global_stock_cap":"","_tribe_rsvp_for_event":"","_tribe_ticket_going_count":"","_tribe_ticket_not_going_count":"","_tribe_tickets_list":"[]","_tribe_ticket_has_attendee_info_fields":false,"_EventAllDay":false,"_EventTimezone":"","_EventStartDate":"","_EventEndDate":"","_EventStartDateUTC":"","_EventEndDateUTC":"","_EventShowMap":false,"_EventShowMapLink":false,"_EventURL":"","_EventCost":"","_EventCostDescription":"","_EventCurrencySymbol":"","_EventCurrencyCode":"","_EventCurrencyPosition":"","_EventDateTimeSeparator":"","_EventTimeRangeSeparator":"","_EventOrganizerID":[],"_EventVenueID":[],"_OrganizerEmail":"","_OrganizerPhone":"","_OrganizerWebsite":"","_VenueAddress":"","_VenueCity":"","_VenueCountry":"","_VenueProvince":"","_VenueState":"","_VenueZip":"","_VenuePhone":"","_VenueURL":"","_VenueStateProvince":"","_VenueLat":"","_VenueLng":"","_VenueShowMap":false,"_VenueShowMapLink":false,"_tribe_blocks_recurrence_rules":"","_tribe_blocks_recurrence_description":"","_tribe_blocks_recurrence_exclusions":"","banner-text":"","banner-text-color":"","button-text":"","button-text-color":"","button-link":"","has-button-icon":"","background-color":"","has-background-icon":"","background-icon-color":"","second-featured-image":"","footnotes":""},"class_list":["post-22483","page","type-page","status-publish","has-post-thumbnail","hentry"],"aioseo_notices":[],"_links":{"self":[{"href":"https:\/\/www.vayahealth.com\/es\/wp-json\/wp\/v2\/pages\/22483","targetHints":{"allow":["GET"]}}],"collection":[{"href":"https:\/\/www.vayahealth.com\/es\/wp-json\/wp\/v2\/pages"}],"about":[{"href":"https:\/\/www.vayahealth.com\/es\/wp-json\/wp\/v2\/types\/page"}],"author":[{"embeddable":true,"href":"https:\/\/www.vayahealth.com\/es\/wp-json\/wp\/v2\/users\/62"}],"replies":[{"embeddable":true,"href":"https:\/\/www.vayahealth.com\/es\/wp-json\/wp\/v2\/comments?post=22483"}],"version-history":[{"count":0,"href":"https:\/\/www.vayahealth.com\/es\/wp-json\/wp\/v2\/pages\/22483\/revisions"}],"up":[{"embeddable":true,"href":"https:\/\/www.vayahealth.com\/es\/wp-json\/wp\/v2\/pages\/50899"}],"wp:featuredmedia":[{"embeddable":true,"href":"https:\/\/www.vayahealth.com\/es\/wp-json\/wp\/v2\/media\/48298"}],"wp:attachment":[{"href":"https:\/\/www.vayahealth.com\/es\/wp-json\/wp\/v2\/media?parent=22483"}],"curies":[{"name":"wp","href":"https:\/\/api.w.org\/{rel}","templated":true}]}}