{"id":22841,"date":"2022-05-09T15:18:39","date_gmt":"2022-05-09T19:18:39","guid":{"rendered":"\/?page_id=22841"},"modified":"2026-03-24T10:40:52","modified_gmt":"2026-03-24T14:40:52","slug":"tobacco-cessation","status":"publish","type":"page","link":"https:\/\/www.vayahealth.com\/es\/benefits-services\/improve-your-wellness\/tobacco-cessation\/","title":{"rendered":"Dejar de fumar"},"content":{"rendered":"<section class=\"gb-container gb-container-f62b9ebe vaya-about-page\"><div class=\"gb-inside-container\">\n<div class=\"gb-container gb-container-dc97df33\">\n\n<p>\u00bfHa pensado en dejar el tabaco? Nosotros podemos ayudarle. Vaya Health trabaja con programas de eficacia probada para apoyarle en su camino hacia el abandono del consumo de tabaco, ya sea fumar, vapear, masticar o mojarse.&nbsp;<\/p>\n\n<\/div>\n\n<div class=\"gb-container gb-container-f4b1bb26\">\n\n<h2 class=\"gb-headline gb-headline-c585d396 gb-headline-text\">QuitLineNC<\/h2>\n\n\n<div class=\"gb-grid-wrapper gb-grid-wrapper-743909ca\">\n<div class=\"gb-grid-column gb-grid-column-ab716ee1\"><div class=\"gb-container gb-container-ab716ee1\">\n\n<p><strong>QuitLineNC puede ayudarte a dejar el tabaco y est\u00e1 disponible para todos los residentes de Carolina del Norte<\/strong>, incluso si no eres miembro de Vaya Health. Este programa ofrece asesoramiento individualizado, recursos en l\u00ednea y terapias de reemplazo de nicotina, como chicles de nicotina, sin costo alguno para ti. Con t\u00e9cnicas probadas a lo largo de 25 a\u00f1os, QuitLineNC ha ayudado a millones de personas.<\/p>\n\n\n\n<p>\u00a1Empieza hoy mismo! Recibe orientaci\u00f3n y apoyo personalizados en cada paso. As\u00f3ciate con un coach para crear un plan para dejar de fumar adaptado a tus necesidades. Aprende a manejar tus desencadenantes y descubre habilidades que te ayudar\u00e1n a superar los antojos de una vez por todas. QuitLineNC ofrece apoyo especial para miembros embarazadas o con necesidades de salud conductual.<\/p>\n\n<\/div><\/div>\n\n<div class=\"gb-grid-column gb-grid-column-a60b34f0\"><div class=\"gb-container gb-container-a60b34f0\">\n\n<figure class=\"gb-block-image gb-block-image-bf342006\"><img loading=\"lazy\" decoding=\"async\" width=\"500\" height=\"333\" class=\"gb-image gb-image-bf342006\" src=\"https:\/\/www.vayahealth.com\/wp-content\/uploads\/2024\/03\/Pregnant-Mother-With-Daughter.webp\" alt=\"Una mujer embarazada con el pelo rizado est\u00e1 sentada en un sof\u00e1 y sonr\u00ede cari\u00f1osamente mientras su hija peque\u00f1a apoya la cabeza y las manos en su vientre. La ni\u00f1a, que lleva una camiseta amarilla, parece curiosa y cari\u00f1osa. El acogedor entorno incluye mullidos cojines, y la escena irradia amor, conexi\u00f3n y expectaci\u00f3n.\" title=\"Madre embarazada con hija\" srcset=\"https:\/\/www.vayahealth.com\/wp-content\/uploads\/2024\/03\/Pregnant-Mother-With-Daughter.webp 500w, https:\/\/www.vayahealth.com\/wp-content\/uploads\/2024\/03\/Pregnant-Mother-With-Daughter-300x200.webp 300w, https:\/\/www.vayahealth.com\/wp-content\/uploads\/2024\/03\/Pregnant-Mother-With-Daughter-18x12.webp 18w\" sizes=\"auto, (max-width: 500px) 100vw, 500px\" \/><\/figure>\n\n<\/div><\/div>\n<\/div>\n\n\n<p style=\"padding-top:0px\">Para obtener m\u00e1s informaci\u00f3n, hable con su gerente de atenci\u00f3n o llame a QuitLineNC al\u00a0<a href=\"tel:1-866-427-6845\" target=\"_blank\" rel=\"noopener\" title=\"\">1-866-427-6845.<\/a>\u00a0Si no tiene un gestor de cuidados, llame a la l\u00ednea de atenci\u00f3n al afiliado y al beneficiario de Vaya al\u00a0<a href=\"tel:1-800-962-9003\" target=\"_blank\" rel=\"noopener\" title=\"\">1-800-962-9003<\/a>De 7.00 a 18.00 horas, de lunes a s\u00e1bado.<\/p>\n\n<\/div>\n\n\n<div>\n<figure class=\"wp-block-embed is-type-video is-provider-vimeo wp-block-embed-vimeo wp-embed-aspect-16-9 wp-has-aspect-ratio\"><div class=\"wp-block-embed__wrapper\">\n<iframe loading=\"lazy\" title=\"Mes de sensibilizaci\u00f3n sobre el c\u00e1ncer de pulm\u00f3n - Enfoque en Carolina\" src=\"https:\/\/player.vimeo.com\/video\/1133608946?dnt=1&amp;app_id=122963\" width=\"500\" height=\"281\" frameborder=\"0\" allow=\"autoplay; fullscreen; picture-in-picture; clipboard-write; encrypted-media; web-share\" referrerpolicy=\"strict-origin-when-cross-origin\"><\/iframe>\n<\/div><\/figure>\n\n\n\n<p>Escuche a la Dra. Lorena Wade, de Vaya, hablar sobre c\u00f3mo un programa de deshabituaci\u00f3n tab\u00e1quica que ofrece recursos en l\u00ednea, parches de nicotina y asesoramiento personalizado puede ayudarle a dejar el tabaco para siempre.<\/p>\n<\/div>\n\n\n\n<div class=\"gb-element-51ac1cdf\">\n<h3 class=\"wp-block-heading\">M\u00e1s recursos<\/h3>\n\n\n\n<ul class=\"wp-block-list\">\n<li><strong><a href=\"https:\/\/quitlinenc.dph.ncdhhs.gov\/\" target=\"_blank\" rel=\"noopener\" title=\"\">Sitio web de QuitlineNC<\/a><\/strong><\/li>\n\n\n\n<li><a href=\"https:\/\/quitlinenc.dph.ncdhhs.gov\/tobacco-users\/downloadable-materials.html\" target=\"_blank\" rel=\"noopener\" title=\"\">P\u00e1gina de folletos de QuitlineNC<\/a><\/li>\n<\/ul>\n<\/div>\n\n<\/div><\/section>","protected":false},"excerpt":{"rendered":"<p>Have you thought about quitting tobacco? We can help. Vaya Health works with proven programs to support you on your path to stopping tobacco use, including smoking, vaping, chewing, or [&hellip;]<\/p>\n","protected":false},"author":62,"featured_media":41269,"parent":22469,"menu_order":51,"comment_status":"closed","ping_status":"closed","template":"breadcrumbs","meta":{"_tec_requires_first_save":true,"_price":"","_stock":"","_tribe_ticket_header":"","_tribe_default_ticket_provider":"","_tribe_ticket_capacity":"0","_ticket_start_date":"","_ticket_end_date":"","_tribe_ticket_show_description":"","_tribe_ticket_show_not_going":false,"_tribe_ticket_use_global_stock":"","_tribe_ticket_global_stock_level":"","_global_stock_mode":"","_global_stock_cap":"","_tribe_rsvp_for_event":"","_tribe_ticket_going_count":"","_tribe_ticket_not_going_count":"","_tribe_tickets_list":"[]","_tribe_ticket_has_attendee_info_fields":false,"_EventAllDay":false,"_EventTimezone":"","_EventStartDate":"","_EventEndDate":"","_EventStartDateUTC":"","_EventEndDateUTC":"","_EventShowMap":false,"_EventShowMapLink":false,"_EventURL":"","_EventCost":"","_EventCostDescription":"","_EventCurrencySymbol":"","_EventCurrencyCode":"","_EventCurrencyPosition":"","_EventDateTimeSeparator":"","_EventTimeRangeSeparator":"","_EventOrganizerID":[],"_EventVenueID":[],"_OrganizerEmail":"","_OrganizerPhone":"","_OrganizerWebsite":"","_VenueAddress":"","_VenueCity":"","_VenueCountry":"","_VenueProvince":"","_VenueState":"","_VenueZip":"","_VenuePhone":"","_VenueURL":"","_VenueStateProvince":"","_VenueLat":"","_VenueLng":"","_VenueShowMap":false,"_VenueShowMapLink":false,"_tribe_blocks_recurrence_rules":"","_tribe_blocks_recurrence_description":"","_tribe_blocks_recurrence_exclusions":"","banner-text":"","banner-text-color":"","button-text":"","button-text-color":"","button-link":"","has-button-icon":"","background-color":"","has-background-icon":"","background-icon-color":"","second-featured-image":"","footnotes":""},"class_list":["post-22841","page","type-page","status-publish","has-post-thumbnail","hentry"],"aioseo_notices":[],"_links":{"self":[{"href":"https:\/\/www.vayahealth.com\/es\/wp-json\/wp\/v2\/pages\/22841","targetHints":{"allow":["GET"]}}],"collection":[{"href":"https:\/\/www.vayahealth.com\/es\/wp-json\/wp\/v2\/pages"}],"about":[{"href":"https:\/\/www.vayahealth.com\/es\/wp-json\/wp\/v2\/types\/page"}],"author":[{"embeddable":true,"href":"https:\/\/www.vayahealth.com\/es\/wp-json\/wp\/v2\/users\/62"}],"replies":[{"embeddable":true,"href":"https:\/\/www.vayahealth.com\/es\/wp-json\/wp\/v2\/comments?post=22841"}],"version-history":[{"count":1,"href":"https:\/\/www.vayahealth.com\/es\/wp-json\/wp\/v2\/pages\/22841\/revisions"}],"predecessor-version":[{"id":56914,"href":"https:\/\/www.vayahealth.com\/es\/wp-json\/wp\/v2\/pages\/22841\/revisions\/56914"}],"up":[{"embeddable":true,"href":"https:\/\/www.vayahealth.com\/es\/wp-json\/wp\/v2\/pages\/22469"}],"wp:featuredmedia":[{"embeddable":true,"href":"https:\/\/www.vayahealth.com\/es\/wp-json\/wp\/v2\/media\/41269"}],"wp:attachment":[{"href":"https:\/\/www.vayahealth.com\/es\/wp-json\/wp\/v2\/media?parent=22841"}],"curies":[{"name":"wp","href":"https:\/\/api.w.org\/{rel}","templated":true}]}}