{"id":22844,"date":"2022-05-09T15:23:59","date_gmt":"2022-05-09T19:23:59","guid":{"rendered":"\/?page_id=22844"},"modified":"2025-09-04T14:14:39","modified_gmt":"2025-09-04T18:14:39","slug":"pharmacy-lock-in","status":"publish","type":"page","link":"https:\/\/www.vayahealth.com\/es\/benefits-services\/pharmacy\/pharmacy-lock-in\/","title":{"rendered":"Programa de Farmacia Lock-in"},"content":{"rendered":"<div>\n<div>\n<p>El programa Vaya Health Lock-in ayuda a identificar a los afiliados que corren el riesgo de un posible uso excesivo o inadecuado de analg\u00e9sicos (analg\u00e9sicos opi\u00e1ceos) y medicamentos para los nervios (benzodiacepinas). El programa tambi\u00e9n ayuda a identificar a los afiliados que obtienen los medicamentos de muchos prescriptores (m\u00e9dicos, enfermeros profesionales o asistentes m\u00e9dicos).<\/p>\n\n\n\n<p>Si puede acogerse a este programa, el Vaya s\u00f3lo pagar\u00e1 sus analg\u00e9sicos y medicamentos para los nervios cuando:<\/p>\n\n\n\n<ul class=\"wp-block-list\">\n<li>Sus medicamentos son recetados por uno o dos prescriptores. Tendr\u00e1 la oportunidad de elegir un prescriptor de la red Vaya.<\/li>\n\n\n\n<li>Estas recetas se surten en una o dos farmacias. Tendr\u00e1 la posibilidad de elegir una farmacia de la red Vaya.<\/li>\n<\/ul>\n\n\n\n<p>Si cumple los requisitos para el Programa Lock-in Vaya, estar\u00e1 en el programa durante dos a\u00f1os. Si no est\u00e1 de acuerdo con nuestra decisi\u00f3n de que debe estar en el programa, puede apelar nuestra decisi\u00f3n antes de que se le incluya en \u00e9l. Llame a la l\u00ednea de atenci\u00f3n al afiliado y al beneficiario de Vaya al <a href=\"tel:1-800-962-9003\" target=\"_blank\" rel=\"noopener\" title=\"\">1-800-962-9003<\/a> para m\u00e1s informaci\u00f3n sobre los recursos.<\/p>\n\n\n\n<p>Para m\u00e1s informaci\u00f3n sobre el Programa Lock-In, p\u00f3ngase en contacto con la L\u00ednea de Servicio de Farmacia en <a href=\"tel:1-800-540-6083\" target=\"_blank\" rel=\"noopener\" title=\"\">1-800-540-6083<\/a> o revisar <a href=\"https:\/\/medicaid.ncdhhs.gov\/providers\/program-specific-clinical-coverage-policies\" target=\"_blank\" rel=\"noopener\" title=\"\">Pol\u00edtica de cobertura cl\u00ednica de farmacia ambulatoria del NCDHHS 9<\/a>.<\/p>\n<\/div>\n<\/div>","protected":false},"excerpt":{"rendered":"<p>The Vaya Health Lock-in Program helps identify members who are at risk for possible overuse or improper use of pain medications (opioid analgesics) and nerve medications (benzodiazepines). The program also [&hellip;]<\/p>\n","protected":false},"author":62,"featured_media":0,"parent":31437,"menu_order":47,"comment_status":"closed","ping_status":"closed","template":"breadcrumbs","meta":{"_tec_requires_first_save":true,"_price":"","_stock":"","_tribe_ticket_header":"","_tribe_default_ticket_provider":"","_tribe_ticket_capacity":"0","_ticket_start_date":"","_ticket_end_date":"","_tribe_ticket_show_description":"","_tribe_ticket_show_not_going":false,"_tribe_ticket_use_global_stock":"","_tribe_ticket_global_stock_level":"","_global_stock_mode":"","_global_stock_cap":"","_tribe_rsvp_for_event":"","_tribe_ticket_going_count":"","_tribe_ticket_not_going_count":"","_tribe_tickets_list":"[]","_tribe_ticket_has_attendee_info_fields":false,"_EventAllDay":false,"_EventTimezone":"","_EventStartDate":"","_EventEndDate":"","_EventStartDateUTC":"","_EventEndDateUTC":"","_EventShowMap":false,"_EventShowMapLink":false,"_EventURL":"","_EventCost":"","_EventCostDescription":"","_EventCurrencySymbol":"","_EventCurrencyCode":"","_EventCurrencyPosition":"","_EventDateTimeSeparator":"","_EventTimeRangeSeparator":"","_EventOrganizerID":[],"_EventVenueID":[],"_OrganizerEmail":"","_OrganizerPhone":"","_OrganizerWebsite":"","_VenueAddress":"","_VenueCity":"","_VenueCountry":"","_VenueProvince":"","_VenueState":"","_VenueZip":"","_VenuePhone":"","_VenueURL":"","_VenueStateProvince":"","_VenueLat":"","_VenueLng":"","_VenueShowMap":false,"_VenueShowMapLink":false,"_tribe_blocks_recurrence_rules":"","_tribe_blocks_recurrence_description":"","_tribe_blocks_recurrence_exclusions":"","banner-text":"","banner-text-color":"","button-text":"","button-text-color":"","button-link":"","has-button-icon":"","background-color":"","has-background-icon":"","background-icon-color":"","second-featured-image":"","footnotes":""},"class_list":["post-22844","page","type-page","status-publish","hentry"],"aioseo_notices":[],"_links":{"self":[{"href":"https:\/\/www.vayahealth.com\/es\/wp-json\/wp\/v2\/pages\/22844","targetHints":{"allow":["GET"]}}],"collection":[{"href":"https:\/\/www.vayahealth.com\/es\/wp-json\/wp\/v2\/pages"}],"about":[{"href":"https:\/\/www.vayahealth.com\/es\/wp-json\/wp\/v2\/types\/page"}],"author":[{"embeddable":true,"href":"https:\/\/www.vayahealth.com\/es\/wp-json\/wp\/v2\/users\/62"}],"replies":[{"embeddable":true,"href":"https:\/\/www.vayahealth.com\/es\/wp-json\/wp\/v2\/comments?post=22844"}],"version-history":[{"count":0,"href":"https:\/\/www.vayahealth.com\/es\/wp-json\/wp\/v2\/pages\/22844\/revisions"}],"up":[{"embeddable":true,"href":"https:\/\/www.vayahealth.com\/es\/wp-json\/wp\/v2\/pages\/31437"}],"wp:attachment":[{"href":"https:\/\/www.vayahealth.com\/es\/wp-json\/wp\/v2\/media?parent=22844"}],"curies":[{"name":"wp","href":"https:\/\/api.w.org\/{rel}","templated":true}]}}