{"id":2535,"date":"2016-06-24T19:28:04","date_gmt":"2016-06-24T23:28:04","guid":{"rendered":"http:\/\/vayahealth.com\/?page_id=2535"},"modified":"2026-04-24T13:38:02","modified_gmt":"2026-04-24T17:38:02","slug":"careers","status":"publish","type":"page","link":"https:\/\/www.vayahealth.com\/es\/about\/careers\/","title":{"rendered":"Trabajar en Vaya"},"content":{"rendered":"<div class=\"gb-container gb-container-6932c016\">\n<div class=\"gb-container gb-container-a169a15e\">\n<div class=\"gb-grid-wrapper gb-grid-wrapper-2f01c233\">\n<div class=\"gb-grid-column gb-grid-column-e77379e1\"><div class=\"gb-container gb-container-e77379e1\">\n\n<h2 class=\"gb-headline gb-headline-2c6b78ab gb-headline-text\">Haga avanzar su carrera<\/h2>\n\n\n\n<p>En Vaya Health, cuidar de las comunidades es m\u00e1s que nuestro negocio: es nuestro prop\u00f3sito. Como socio respetado en el sistema de salud p\u00fablica de Carolina del Norte, ayudamos a ser pioneros en un enfoque comunitario de la atenci\u00f3n que pone a las personas en primer lugar. Si le apasiona marcar la diferencia, le animamos a explorar oportunidades en Vaya. Juntos, podemos construir una Carolina del Norte m\u00e1s saludable.<\/p>\n\n\n\n<h3 class=\"gb-headline gb-headline-efc74a1c gb-headline-text\">Escuche a los empleados actuales decir por qu\u00e9 les gusta trabajar en Vaya<\/h3>\n\n\n\n<figure class=\"wp-block-video\"><video height=\"1080\" style=\"aspect-ratio: 1920 \/ 1080;\" width=\"1920\" controls poster=\"https:\/\/www.vayahealth.com\/wp-content\/uploads\/2023\/10\/logo-white-background-1.png\" src=\"https:\/\/www.vayahealth.com\/wp-content\/uploads\/2023\/10\/Vaya-Difference-06sm.mp4\"><\/video><\/figure>\n\n\n\n<div style=\"height:37px\" aria-hidden=\"true\" class=\"wp-block-spacer\"><\/div>\n\n\n<div class=\"gb-container gb-container-80c456b8\">\n\n<p>Despu\u00e9s de seis meses de empleo, los miembros del equipo valoran sistem\u00e1ticamente Vaya con un 9,3 sobre 10 como un \"excelente lugar de trabajo recomendado\".<\/p>\n\n<\/div>\n\n<div class=\"gb-container gb-container-34b49c51\">\n\n<p style=\"padding-top:0;padding-bottom:0\">\"Tengo un equipo y un supervisor estupendos y que me apoyan, y siento que siempre puedo obtener ayuda cuando la necesito. Tambi\u00e9n aprecio mucho las horas de oficina virtual y otras reuniones de apoyo que se celebran con el fin de proporcionar asistencia, informaci\u00f3n y apoyo para los procesos y las nuevas pr\u00e1cticas, \u00a1son muy \u00fatiles!\"<\/p>\n\n<\/div>\n\n<div class=\"gb-container gb-container-04e0b0d6\">\n\n<p>\"El ambiente de trabajo es sano, positivo y disfruto mucho con mis compa\u00f1eros y equipo. El salario y la flexibilidad han sido estupendos\".<\/p>\n\n<\/div>\n\n\n<h2 class=\"gb-headline gb-headline-467dacdb gb-headline-text\">Qu\u00e9 ofrece Vaya<\/h2>\n\n\n\n<p>Vaya ofrece a los miembros de nuestro equipo un salario competitivo, un completo paquete de prestaciones y oportunidades de ascenso. Los beneficios incluyen:<\/p>\n\n\n\n<ul class=\"wp-block-list\">\n<li>Opciones de seguro m\u00e9dico, oftalmol\u00f3gico, dental y complementario<\/li>\n\n\n\n<li>13 d\u00edas festivos pagados<\/li>\n\n\n\n<li>Vacaciones\/permisos por enfermedad competitivos y tiempo de bienestar para el autocuidado<\/li>\n\n\n\n<li>Prestaci\u00f3n de jubilaci\u00f3n a trav\u00e9s del Sistema de Jubilaci\u00f3n de los Empleados de la Administraci\u00f3n Local (LGERS)<\/li>\n\n\n\n<li>401(k) con participaci\u00f3n de la empresa<\/li>\n\n\n\n<li>Planes de gastos flexibles de asistencia sanitaria<\/li>\n\n\n\n<li>Oportunidades de desarrollo profesional<\/li>\n\n\n\n<li>Red de Asistencia al Empleado (EAN) para asesoramiento a empleados y hogares, programas de bienestar mental<\/li>\n\n\n\n<li>Horarios de trabajo a distancia, h\u00edbridos y alternativos\/flexibles<\/li>\n<\/ul>\n\n<\/div><\/div>\n\n<div class=\"gb-grid-column gb-grid-column-16ca09c1\"><div class=\"gb-container gb-container-16ca09c1\">\n\n<div class=\"wp-block-group alignwide rounded has-global-padding is-layout-constrained wp-block-group-is-layout-constrained\">\n<div class=\"wp-block-group rounded has-background has-global-padding is-layout-constrained wp-block-group-is-layout-constrained\" style=\"background-color:#f9fafa\">\n<figure class=\"gb-block-image gb-block-image-f3cd1e1e\"><img loading=\"lazy\" decoding=\"async\" width=\"400\" height=\"333\" class=\"gb-image gb-image-f3cd1e1e\" src=\"https:\/\/www.vayahealth.com\/wp-content\/uploads\/2023\/06\/Vayans-Hope-for-Health-Community-Day.jpg\" alt=\"Dos empleados de Vaya Health en un acto comunitario con motivo del D\u00eda Comunitario Hope-for-Health.\" title=\"D\u00eda Comunitario Esperanza para la Salud\" srcset=\"https:\/\/www.vayahealth.com\/wp-content\/uploads\/2023\/06\/Vayans-Hope-for-Health-Community-Day.jpg 400w, https:\/\/www.vayahealth.com\/wp-content\/uploads\/2023\/06\/Vayans-Hope-for-Health-Community-Day-300x250.jpg 300w, https:\/\/www.vayahealth.com\/wp-content\/uploads\/2023\/06\/Vayans-Hope-for-Health-Community-Day-14x12.jpg 14w\" sizes=\"auto, (max-width: 400px) 100vw, 400px\" \/><\/figure>\n\n\n<div class=\"gb-container gb-container-e8473844\">\n\n<h2 class=\"gb-headline gb-headline-d27d7ebb gb-headline-text\">Explore nuestras oportunidades profesionales<\/h2>\n\n\n\n<p class=\"has-text-align-center\">\u00danase a nuestro apasionado equipo y cree una trayectoria profesional significativa que ayude a construir una Carolina del Norte m\u00e1s fuerte y saludable.<\/p>\n\n\n\n<div class=\"wp-block-buttons tailored-plan-button is-content-justification-center is-layout-flex wp-container-core-buttons-is-layout-a89b3969 wp-block-buttons-is-layout-flex\">\n<div class=\"wp-block-button\"><a class=\"wp-block-button__link has-white-color has-text-color has-background has-custom-font-size wp-element-button\" href=\"https:\/\/workforcenow.adp.com\/mascsr\/default\/mdf\/recruitment\/recruitment.html?cid=4b1490bd-9645-47b9-bc59-23b5fd8a7b1a&amp;ccId=19000101_000001&amp;type=MP&amp;lang=en_US\" style=\"border-radius:45px;background:linear-gradient(90deg,rgb(46,124,181) 0%,rgb(25,79,144) 100%);font-size:clamp(14px, 0.875rem + ((1vw - 3.2px) * 0.156), 16px);\" target=\"_blank\" rel=\"noreferrer noopener\">Ver puestos vacantes<\/a><\/div>\n<\/div>\n\n<\/div><\/div>\n<\/div>\n\n\n<div class=\"gb-container gb-container-47de15f8\">\n\n<h3 class=\"gb-headline gb-headline-ffc8973d gb-headline-text\">\u00bfYa lo ha solicitado?<\/h3>\n\n\n\n<p class=\"has-text-align-center\">Compruebe el estado de su solicitud accediendo al correo electr\u00f3nico que recibi\u00f3 cuando present\u00f3 su candidatura al Vaya. Debido al volumen de solicitudes, no podemos ofrecer asistencia telef\u00f3nica para preguntas sobre el estado de la solicitud.<\/p>\n\n<\/div>\n\n<div class=\"gb-container gb-container-fea705b6\">\n\n<figure class=\"gb-block-image gb-block-image-b944214d\"><img loading=\"lazy\" decoding=\"async\" width=\"787\" height=\"1037\" class=\"gb-image gb-image-b944214d\" src=\"https:\/\/www.vayahealth.com\/wp-content\/uploads\/2026\/04\/top-diversity-employer-1.png\" alt=\"Placa de MitraTech como Empleador con Mayor Diversidad en 2026\" title=\"empleador con gran diversidad (1)\" srcset=\"https:\/\/www.vayahealth.com\/wp-content\/uploads\/2026\/04\/top-diversity-employer-1.png 787w, https:\/\/www.vayahealth.com\/wp-content\/uploads\/2026\/04\/top-diversity-employer-1-228x300.png 228w, https:\/\/www.vayahealth.com\/wp-content\/uploads\/2026\/04\/top-diversity-employer-1-777x1024.png 777w, https:\/\/www.vayahealth.com\/wp-content\/uploads\/2026\/04\/top-diversity-employer-1-768x1012.png 768w, https:\/\/www.vayahealth.com\/wp-content\/uploads\/2026\/04\/top-diversity-employer-1-9x12.png 9w\" sizes=\"auto, (max-width: 787px) 100vw, 787px\" \/><\/figure>\n\n<\/div>\n\n\n<div>\n<figure class=\"gb-block-image gb-block-image-0844cb06\"><img loading=\"lazy\" decoding=\"async\" width=\"1006\" height=\"1200\" class=\"gb-image gb-image-0844cb06\" src=\"https:\/\/www.vayahealth.com\/wp-content\/uploads\/2026\/04\/Bell-Seal-Logo_Gold-2026.png\" alt=\"El Sello Bell de Salud Mental en el Trabajo\" title=\"Bell Seal Logo_Oro 2026\" srcset=\"https:\/\/www.vayahealth.com\/wp-content\/uploads\/2026\/04\/Bell-Seal-Logo_Gold-2026.png 1006w, https:\/\/www.vayahealth.com\/wp-content\/uploads\/2026\/04\/Bell-Seal-Logo_Gold-2026-252x300.png 252w, https:\/\/www.vayahealth.com\/wp-content\/uploads\/2026\/04\/Bell-Seal-Logo_Gold-2026-858x1024.png 858w, https:\/\/www.vayahealth.com\/wp-content\/uploads\/2026\/04\/Bell-Seal-Logo_Gold-2026-768x916.png 768w, https:\/\/www.vayahealth.com\/wp-content\/uploads\/2026\/04\/Bell-Seal-Logo_Gold-2026-10x12.png 10w\" sizes=\"auto, (max-width: 1006px) 100vw, 1006px\" \/><\/figure>\n<\/div>\n\n\n<div class=\"gb-container gb-container-60540e4d d-none\">\n\n<figure class=\"gb-block-image gb-block-image-e4b2f94d\"><img loading=\"lazy\" decoding=\"async\" width=\"300\" height=\"300\" class=\"gb-image gb-image-e4b2f94d\" src=\"https:\/\/www.vayahealth.com\/wp-content\/uploads\/2025\/04\/Erin_Stacy_Asheville-Rising.webp\" alt=\"Erin Cotter y Stacy Sorrells muestran su apoyo a Asheville y a todos los afectados por el hurac\u00e1n Helene en el programa Good Morning America en Asheville, Carolina del Norte.\" title=\"Erin_Stacy_Asheville Rising\" srcset=\"https:\/\/www.vayahealth.com\/wp-content\/uploads\/2025\/04\/Erin_Stacy_Asheville-Rising.webp 300w, https:\/\/www.vayahealth.com\/wp-content\/uploads\/2025\/04\/Erin_Stacy_Asheville-Rising-150x150.webp 150w, https:\/\/www.vayahealth.com\/wp-content\/uploads\/2025\/04\/Erin_Stacy_Asheville-Rising-12x12.webp 12w\" sizes=\"auto, (max-width: 300px) 100vw, 300px\" \/>\n<figcaption class=\"gb-headline gb-headline-e900be81 gb-headline-text\">El personal de Vaya muestra su apoyo durante la visita de Good Morning America a nuestra regi\u00f3n tras el paso del hurac\u00e1n Helene.<\/figcaption>\n<\/figure>\n\n<\/div>\n<\/div><\/div>\n<\/div>\n<\/div>\n\n<div class=\"gb-container gb-container-95f70a66\">\n\n<h3 class=\"gb-headline gb-headline-4cd852ee gb-headline-text\">Vaya es un empleador que ofrece igualdad de oportunidades y proh\u00edbe la discriminaci\u00f3n y el acoso de cualquier tipo.<\/h3>\n\n\n\n<p>Vaya se compromete a respetar el principio de igualdad de oportunidades laborales para todos los empleados y a proporcionar a los empleados un entorno de trabajo libre de discriminaci\u00f3n y acoso. Todas las decisiones de empleo en Vaya se basan en las necesidades de la empresa, los requisitos del puesto y las cualificaciones individuales, sin tener en cuenta la raza; el color; la religi\u00f3n o las creencias; el origen nacional, social o \u00e9tnico; el sexo (incluido el embarazo); la edad; la discapacidad; el estado serol\u00f3gico respecto al VIH; la orientaci\u00f3n sexual; la identidad y\/o expresi\u00f3n de g\u00e9nero; el estado civil, la uni\u00f3n civil o la situaci\u00f3n de pareja de hecho; el servicio militar pasado o presente; los antecedentes m\u00e9dicos familiares o la informaci\u00f3n gen\u00e9tica; la situaci\u00f3n familiar o parental; o cualquier otra situaci\u00f3n protegida por la legislaci\u00f3n federal o estatal en materia de derechos civiles. Vaya no tolera la discriminaci\u00f3n ni el acoso basados en ninguna de estas caracter\u00edsticas y anima a los solicitantes de todas las edades.<\/p>\n\n\n\n<p><em><em>Vaya se compromete a proteger y salvaguardar la informaci\u00f3n de los candidatos. Nuestro sitio de contrataci\u00f3n, alojado por ADP, es un portal web seguro para buscar y solicitar puestos vacantes en Vaya. Las recientes estafas de contrataci\u00f3n tienen signos que revelan que son fraudulentas, como solicitudes de pago, solicitudes de informaci\u00f3n personal u ofertas de trabajo no solicitadas. Si ve una estafa laboral, den\u00fanciela a la FTC en <\/em><a href=\"https:\/\/reportfraud.ftc.gov\/\" target=\"_blank\" rel=\"noopener\" title=\"\">InformarFraude.ftc.gov<\/a>.<\/em><\/p>\n\n\n\n<p><strong>\u00bfQuiere saber m\u00e1s?<\/strong>&nbsp;Leer Vaya's&nbsp;<a href=\"\/es\/get-to-know-us\/transparency\/non-discrimination-policy\/\" target=\"_blank\" rel=\"noopener\" title=\"\">pol\u00edtica de no discriminaci\u00f3n<\/a>.&nbsp;<\/p>\n\n<\/div>\n<\/div>","protected":false},"excerpt":{"rendered":"<p>En Vaya Health, cuidar de nuestra comunidad es algo m\u00e1s que una oportunidad de negocio. Es la raz\u00f3n de nuestra existencia. Es la raz\u00f3n por la que elegimos superarnos. Es la raz\u00f3n por la que hemos crecido significativamente en los \u00faltimos a\u00f1os. Y es la raz\u00f3n por la que nuestros empleados son valorados, respetados y recompensados.<\/p>","protected":false},"author":62,"featured_media":49018,"parent":22484,"menu_order":95,"comment_status":"closed","ping_status":"closed","template":"breadcrumbs","meta":{"_tec_requires_first_save":true,"_price":"","_stock":"","_tribe_ticket_header":"","_tribe_default_ticket_provider":"","_tribe_ticket_capacity":"0","_ticket_start_date":"","_ticket_end_date":"","_tribe_ticket_show_description":"","_tribe_ticket_show_not_going":false,"_tribe_ticket_use_global_stock":"","_tribe_ticket_global_stock_level":"","_global_stock_mode":"","_global_stock_cap":"","_tribe_rsvp_for_event":"","_tribe_ticket_going_count":"","_tribe_ticket_not_going_count":"","_tribe_tickets_list":"[]","_tribe_ticket_has_attendee_info_fields":false,"_EventAllDay":false,"_EventTimezone":"","_EventStartDate":"","_EventEndDate":"","_EventStartDateUTC":"","_EventEndDateUTC":"","_EventShowMap":false,"_EventShowMapLink":false,"_EventURL":"","_EventCost":"","_EventCostDescription":"","_EventCurrencySymbol":"","_EventCurrencyCode":"","_EventCurrencyPosition":"","_EventDateTimeSeparator":"","_EventTimeRangeSeparator":"","_EventOrganizerID":[],"_EventVenueID":[0],"_OrganizerEmail":"","_OrganizerPhone":"","_OrganizerWebsite":"","_VenueAddress":"","_VenueCity":"","_VenueCountry":"","_VenueProvince":"","_VenueState":"","_VenueZip":"","_VenuePhone":"","_VenueURL":"","_VenueStateProvince":"","_VenueLat":"","_VenueLng":"","_VenueShowMap":false,"_VenueShowMapLink":false,"_tribe_blocks_recurrence_rules":"","_tribe_blocks_recurrence_description":"","_tribe_blocks_recurrence_exclusions":"","banner-text":"","banner-text-color":"","button-text":"","button-text-color":"","button-link":"","has-button-icon":"","background-color":"","has-background-icon":"","background-icon-color":"","second-featured-image":"","footnotes":""},"class_list":["post-2535","page","type-page","status-publish","has-post-thumbnail","hentry"],"aioseo_notices":[],"_links":{"self":[{"href":"https:\/\/www.vayahealth.com\/es\/wp-json\/wp\/v2\/pages\/2535","targetHints":{"allow":["GET"]}}],"collection":[{"href":"https:\/\/www.vayahealth.com\/es\/wp-json\/wp\/v2\/pages"}],"about":[{"href":"https:\/\/www.vayahealth.com\/es\/wp-json\/wp\/v2\/types\/page"}],"author":[{"embeddable":true,"href":"https:\/\/www.vayahealth.com\/es\/wp-json\/wp\/v2\/users\/62"}],"replies":[{"embeddable":true,"href":"https:\/\/www.vayahealth.com\/es\/wp-json\/wp\/v2\/comments?post=2535"}],"version-history":[{"count":2,"href":"https:\/\/www.vayahealth.com\/es\/wp-json\/wp\/v2\/pages\/2535\/revisions"}],"predecessor-version":[{"id":57489,"href":"https:\/\/www.vayahealth.com\/es\/wp-json\/wp\/v2\/pages\/2535\/revisions\/57489"}],"up":[{"embeddable":true,"href":"https:\/\/www.vayahealth.com\/es\/wp-json\/wp\/v2\/pages\/22484"}],"wp:featuredmedia":[{"embeddable":true,"href":"https:\/\/www.vayahealth.com\/es\/wp-json\/wp\/v2\/media\/49018"}],"wp:attachment":[{"href":"https:\/\/www.vayahealth.com\/es\/wp-json\/wp\/v2\/media?parent=2535"}],"curies":[{"name":"wp","href":"https:\/\/api.w.org\/{rel}","templated":true}]}}