{"id":26616,"date":"2022-04-26T09:39:50","date_gmt":"2022-04-26T13:39:50","guid":{"rendered":"\/?page_id=22442"},"modified":"2026-05-11T11:04:16","modified_gmt":"2026-05-11T15:04:16","slug":"provider-search","status":"publish","type":"page","link":"https:\/\/www.vayahealth.com\/es\/get-help\/provider-search\/","title":{"rendered":"Buscar un proveedor"},"content":{"rendered":"<section class=\"gb-container gb-container-b970d3e4\"><\/section>\n\n<section class=\"gb-container gb-container-a640720e\">\n<div class=\"gb-container gb-container-100bbbf2\">\n\n<div>\n<h1 class=\"gb-text\">Buscar un proveedor<\/h1>\n\n\n\n<p>\u00bfNecesita ayuda para encontrar un proveedor de atenci\u00f3n sanitaria? Vaya cuenta con una herramienta de b\u00fasqueda f\u00e1cil de usar que facilita la localizaci\u00f3n de un proveedor cercano que participe en la red Vaya Health.<\/p>\n<\/div>\n\n\n\n<div>\n<script src=\"\/wp-content\/themes\/monochrome-pro\/js\/iframeResizer.min.js\"><\/script>\r\n<style data-uw-styling-context=\"true\">\r\n    iframe {\r\n        width: 1px;\r\n        min-width: 100%;\r\n    }\r\n<\/style>\r\n\t\r\n\t<iframe id=\"searchIFrame\" title=\"Portal de b\u00fasqueda de proveedores\" src=\"https:\/\/vaya-ea-providersearch-prod-webapp.azurewebsites.net\" allow=\"geolocation\" style=\"left: 50%; margin-left: -50vw; margin-right: -50vw; max-width: 100vw; position: relative; right: 50%; width: 100vw; background-image: url(&quot;\/wp-includes\/images\/spinner-2x.gif&quot;); background-position: center top; background-repeat: no-repeat; overflow: hidden; height: 397px;\" scrolling=\"no\" data-uw-styling-context=\"true\">\r\n<\/iframe>\r\n\r\n<script data-uw-styling-context=\"true\">\r\n    iFrameResize({ log: false,checkOrigin:false,heightCalculationMethod: 'bodyScroll' }, '#searchIFrame')\r\n<\/script>\n\n\n<div class=\"gb-container gb-container-bf92c97b\"><div class=\"gb-inside-container\">\n\n<div class=\"gb-headline gb-headline-b3e4d66e gb-headline-text\"><strong>Descargo de responsabilidad:&nbsp;<\/strong>Vaya Health hace todo lo posible por garantizar la exactitud y fiabilidad de la informaci\u00f3n contenida en este directorio. Sin embargo, la informaci\u00f3n de este directorio se obtiene principalmente a partir de la informaci\u00f3n facilitada por los propios profesionales y otros proveedores de nuestra red. La exactitud de este directorio depende, por lo tanto, de que esta informaci\u00f3n sea correcta y de que la recibamos a tiempo. Por esta raz\u00f3n, Vaya Health no acepta responsabilidad alguna por la exactitud, contenido, integridad o fiabilidad de la informaci\u00f3n contenida en este directorio. No se ofrecen garant\u00edas, promesas y\/o representaciones de ning\u00fan tipo, expresas o impl\u00edcitas, en cuanto a la naturaleza, el nivel, la exactitud o cualquier otro aspecto de la informaci\u00f3n contenida en este directorio, ni en cuanto a la adecuaci\u00f3n o cualquier otro aspecto de la informaci\u00f3n a sus circunstancias particulares.<\/div>\n\n<\/div><\/div><\/div>\n\n\n\n<div style=\"height:100px\" aria-hidden=\"true\" class=\"wp-block-spacer\"><\/div>\n\n\n\n<div>\n<h2 class=\"gb-text\">Recursos adicionales para proveedores<\/h2>\n\n\n\n<p class=\"gb-headline gb-headline-604755b0\"><span class=\"gb-icon\"><svg aria-hidden=\"true\" role=\"img\" height=\"1em\" width=\"1em\" viewbox=\"0 0 384 512\" xmlns=\"http:\/\/www.w3.org\/2000\/svg\"><path fill=\"currentColor\" d=\"M172.268 501.67C26.97 291.031 0 269.413 0 192 0 85.961 85.961 0 192 0s192 85.961 192 192c0 77.413-26.97 99.031-172.268 309.67-9.535 13.774-29.93 13.773-39.464 0zM192 272c44.183 0 80-35.817 80-80s-35.817-80-80-80-80 35.817-80 80 35.817 80 80 80z\"><\/path><\/svg><\/span><span class=\"gb-headline-text\"><a href=\"https:\/\/memberportal.navitus.com\/micro-sites\/pharmacy-pricing?entrypoint=pharmacy&amp;type=standard&amp;id=123456789X*NVTPT\" target=\"_blank\" rel=\"noopener\" title=\"Buscar una farmacia \">Buscar una farmacia <\/a><\/span><\/p>\n\n\n\n<p class=\"gb-headline gb-headline-a59d70fd\"><span class=\"gb-icon\"><svg viewbox=\"0 0 384 512\" xmlns=\"http:\/\/www.w3.org\/2000\/svg\"><path d=\"M88 304H80V256H88C101.3 256 112 266.7 112 280C112 293.3 101.3 304 88 304zM192 256H200C208.8 256 216 263.2 216 272V336C216 344.8 208.8 352 200 352H192V256zM224 0V128C224 145.7 238.3 160 256 160H384V448C384 483.3 355.3 512 320 512H64C28.65 512 0 483.3 0 448V64C0 28.65 28.65 0 64 0H224zM64 224C55.16 224 48 231.2 48 240V368C48 376.8 55.16 384 64 384C72.84 384 80 376.8 80 368V336H88C118.9 336 144 310.9 144 280C144 249.1 118.9 224 88 224H64zM160 368C160 376.8 167.2 384 176 384H200C226.5 384 248 362.5 248 336V272C248 245.5 226.5 224 200 224H176C167.2 224 160 231.2 160 240V368zM288 224C279.2 224 272 231.2 272 240V368C272 376.8 279.2 384 288 384C296.8 384 304 376.8 304 368V320H336C344.8 320 352 312.8 352 304C352 295.2 344.8 288 336 288H304V256H336C344.8 256 352 248.8 352 240C352 231.2 344.8 224 336 224H288zM256 0L384 128H256V0z\"><\/path><\/svg><\/span><span class=\"gb-headline-text\"><a href=\"\/es\/resources\/provider-search-glossary\/\" target=\"_blank\" rel=\"noopener\" title=\"\">Glosario del Directorio de proveedores<\/a> | <a href=\"\/es\/resources\/provider_search_glossary_spanish\/\" target=\"_blank\" rel=\"noopener\" title=\"\">Versi\u00f3n espa\u00f1ola<\/a><\/span><\/p>\n\n\n\n<p class=\"gb-headline gb-headline-20072b0a\"><span class=\"gb-icon\"><svg viewbox=\"0 0 384 512\" xmlns=\"http:\/\/www.w3.org\/2000\/svg\"><path d=\"M88 304H80V256H88C101.3 256 112 266.7 112 280C112 293.3 101.3 304 88 304zM192 256H200C208.8 256 216 263.2 216 272V336C216 344.8 208.8 352 200 352H192V256zM224 0V128C224 145.7 238.3 160 256 160H384V448C384 483.3 355.3 512 320 512H64C28.65 512 0 483.3 0 448V64C0 28.65 28.65 0 64 0H224zM64 224C55.16 224 48 231.2 48 240V368C48 376.8 55.16 384 64 384C72.84 384 80 376.8 80 368V336H88C118.9 336 144 310.9 144 280C144 249.1 118.9 224 88 224H64zM160 368C160 376.8 167.2 384 176 384H200C226.5 384 248 362.5 248 336V272C248 245.5 226.5 224 200 224H176C167.2 224 160 231.2 160 240V368zM288 224C279.2 224 272 231.2 272 240V368C272 376.8 279.2 384 288 384C296.8 384 304 376.8 304 368V320H336C344.8 320 352 312.8 352 304C352 295.2 344.8 288 336 288H304V256H336C344.8 256 352 248.8 352 240C352 231.2 344.8 224 336 224H288zM256 0L384 128H256V0z\"><\/path><\/svg><\/span><span class=\"gb-headline-text\"><a href=\"https:\/\/www.vayahealth.com\/es\/resources\/tcm-providers\/\" target=\"_blank\" rel=\"noopener\" title=\"Proveedores de gesti\u00f3n de la atenci\u00f3n personalizada (TCM)\">Proveedores de gesti\u00f3n de la atenci\u00f3n personalizada (TCM)<\/a> <\/span><\/p>\n\n\n\n<p class=\"gb-headline gb-headline-68f2facf\"><span class=\"gb-icon\"><svg viewbox=\"0 0 512 512\" xmlns=\"http:\/\/www.w3.org\/2000\/svg\"><path d=\"M480 352h-133.5l-45.25 45.25C289.2 409.3 273.1 416 256 416s-33.16-6.656-45.25-18.75L165.5 352H32c-17.67 0-32 14.33-32 32v96c0 17.67 14.33 32 32 32h448c17.67 0 32-14.33 32-32v-96C512 366.3 497.7 352 480 352zM432 456c-13.2 0-24-10.8-24-24c0-13.2 10.8-24 24-24s24 10.8 24 24C456 445.2 445.2 456 432 456zM233.4 374.6C239.6 380.9 247.8 384 256 384s16.38-3.125 22.62-9.375l128-128c12.49-12.5 12.49-32.75 0-45.25c-12.5-12.5-32.76-12.5-45.25 0L288 274.8V32c0-17.67-14.33-32-32-32C238.3 0 224 14.33 224 32v242.8L150.6 201.4c-12.49-12.5-32.75-12.5-45.25 0c-12.49 12.5-12.49 32.75 0 45.25L233.4 374.6z\"><\/path><\/svg><\/span><span class=\"gb-headline-text\">P\u00f3ngase en contacto con nosotros si necesita un ejemplar impreso del anuario.<strong> <\/strong><\/span><\/p>\n\n\n\n<p class=\"gb-headline gb-headline-237e7dc2\"><span class=\"gb-icon\"><svg viewbox=\"0 0 512 512\" xmlns=\"http:\/\/www.w3.org\/2000\/svg\"><path d=\"M464 64C490.5 64 512 85.49 512 112C512 127.1 504.9 141.3 492.8 150.4L275.2 313.6C263.8 322.1 248.2 322.1 236.8 313.6L19.2 150.4C7.113 141.3 0 127.1 0 112C0 85.49 21.49 64 48 64H464zM217.6 339.2C240.4 356.3 271.6 356.3 294.4 339.2L512 176V384C512 419.3 483.3 448 448 448H64C28.65 448 0 419.3 0 384V176L217.6 339.2z\"><\/path><\/svg><\/span><span class=\"gb-headline-text\">Env\u00ede sus comentarios o correcciones sobre el Directorio de proveedores a <a href=\"mailto:provider.info@vayahealth.com\">provider.info@vayahealth.com<\/a>.<\/span><\/p>\n\n\n\n<p class=\"has-005-b-93-color has-text-color\">Si necesita ayuda o prefiere hablar con alguien por tel\u00e9fono, llame al <strong>L\u00ednea de atenci\u00f3n a socios y beneficiarios<\/strong> en <a href=\"tel:1-800-962-9003\">1-800-962-9003<\/a>.<\/p>\n<\/div>\n\n<\/div>\n<\/section>","protected":false},"excerpt":{"rendered":"<p>Find a Provider Need help finding a health care provider? Vaya has an easy-to-use search tool that makes it simple to locate a provider near you who participates in the [&hellip;]<\/p>\n","protected":false},"author":62,"featured_media":50045,"parent":7696,"menu_order":87,"comment_status":"closed","ping_status":"closed","template":"full-width","meta":{"_tec_requires_first_save":true,"_price":"","_stock":"","_tribe_ticket_header":"","_tribe_default_ticket_provider":"","_tribe_ticket_capacity":"0","_ticket_start_date":"","_ticket_end_date":"","_tribe_ticket_show_description":"","_tribe_ticket_show_not_going":false,"_tribe_ticket_use_global_stock":"","_tribe_ticket_global_stock_level":"","_global_stock_mode":"","_global_stock_cap":"","_tribe_rsvp_for_event":"","_tribe_ticket_going_count":"","_tribe_ticket_not_going_count":"","_tribe_tickets_list":"[]","_tribe_ticket_has_attendee_info_fields":false,"_EventAllDay":false,"_EventTimezone":"","_EventStartDate":"","_EventEndDate":"","_EventStartDateUTC":"","_EventEndDateUTC":"","_EventShowMap":false,"_EventShowMapLink":false,"_EventURL":"","_EventCost":"","_EventCostDescription":"","_EventCurrencySymbol":"","_EventCurrencyCode":"","_EventCurrencyPosition":"","_EventDateTimeSeparator":"","_EventTimeRangeSeparator":"","_EventOrganizerID":[],"_EventVenueID":[],"_OrganizerEmail":"","_OrganizerPhone":"","_OrganizerWebsite":"","_VenueAddress":"","_VenueCity":"","_VenueCountry":"","_VenueProvince":"","_VenueState":"","_VenueZip":"","_VenuePhone":"","_VenueURL":"","_VenueStateProvince":"","_VenueLat":"","_VenueLng":"","_VenueShowMap":false,"_VenueShowMapLink":false,"_tribe_blocks_recurrence_rules":"","_tribe_blocks_recurrence_description":"","_tribe_blocks_recurrence_exclusions":"","banner-text":"","banner-text-color":"","button-text":"","button-text-color":"","button-link":"","has-button-icon":"","background-color":"","has-background-icon":"","background-icon-color":"","second-featured-image":"","footnotes":""},"class_list":["post-26616","page","type-page","status-publish","has-post-thumbnail","hentry"],"aioseo_notices":[],"_links":{"self":[{"href":"https:\/\/www.vayahealth.com\/es\/wp-json\/wp\/v2\/pages\/26616","targetHints":{"allow":["GET"]}}],"collection":[{"href":"https:\/\/www.vayahealth.com\/es\/wp-json\/wp\/v2\/pages"}],"about":[{"href":"https:\/\/www.vayahealth.com\/es\/wp-json\/wp\/v2\/types\/page"}],"author":[{"embeddable":true,"href":"https:\/\/www.vayahealth.com\/es\/wp-json\/wp\/v2\/users\/62"}],"replies":[{"embeddable":true,"href":"https:\/\/www.vayahealth.com\/es\/wp-json\/wp\/v2\/comments?post=26616"}],"version-history":[{"count":2,"href":"https:\/\/www.vayahealth.com\/es\/wp-json\/wp\/v2\/pages\/26616\/revisions"}],"predecessor-version":[{"id":57798,"href":"https:\/\/www.vayahealth.com\/es\/wp-json\/wp\/v2\/pages\/26616\/revisions\/57798"}],"up":[{"embeddable":true,"href":"https:\/\/www.vayahealth.com\/es\/wp-json\/wp\/v2\/pages\/7696"}],"wp:featuredmedia":[{"embeddable":true,"href":"https:\/\/www.vayahealth.com\/es\/wp-json\/wp\/v2\/media\/50045"}],"wp:attachment":[{"href":"https:\/\/www.vayahealth.com\/es\/wp-json\/wp\/v2\/media?parent=26616"}],"curies":[{"name":"wp","href":"https:\/\/api.w.org\/{rel}","templated":true}]}}