{"id":26618,"date":"2022-04-26T09:39:51","date_gmt":"2022-04-26T13:39:51","guid":{"rendered":"\/?page_id=22445"},"modified":"2025-11-19T14:23:34","modified_gmt":"2025-11-19T19:23:34","slug":"recipient-appeals","status":"publish","type":"page","link":"https:\/\/www.vayahealth.com\/es\/health-plans\/state-funded-services\/recipient-appeals\/","title":{"rendered":"Recursos de los beneficiarios"},"content":{"rendered":"<div class=\"gb-container gb-container-b3b56ff3\"><div class=\"gb-inside-container\">\n\n<div>\n<p>En ocasiones, Vaya puede decidir denegar, suspender, reducir o cancelar una solicitud que su proveedor le haga para recibir servicios financiados por el Estado y cubiertos por nuestro plan. Recibir\u00e1 una carta de Vaya en la que se le notificar\u00e1 cualquier decisi\u00f3n de denegar, suspender, reducir o cancelar una solicitud de servicio realizada por su proveedor. La carta incluir\u00e1 informaci\u00f3n sobre el motivo de la decisi\u00f3n y las opciones disponibles mientras se revisa la apelaci\u00f3n.<\/p>\n\n\n\n<p>Los beneficiarios de servicios financiados por el Estado tienen derecho a apelar las decisiones de denegaci\u00f3n, suspensi\u00f3n, reducci\u00f3n o finalizaci\u00f3n de sus servicios. Vaya debe recibir su apelaci\u00f3n por escrito en un plazo de 15 d\u00edas laborables a partir de la fecha de la carta de notificaci\u00f3n.<\/p>\n<\/div>\n\n\n\n<div>\n<h2 class=\"gb-text\">\u00bfQu\u00e9 puedo esperar durante el proceso de apelaci\u00f3n?<\/h2>\n\n\n\n<p>Cuando usted solicita una apelaci\u00f3n, el Vaya dispone de siete d\u00edas h\u00e1biles para darle una respuesta. Puede pedir a un familiar, un amigo, su proveedor o un representante legal que le ayude con su apelaci\u00f3n. Usted o su tutor legal pueden solicitar una apelaci\u00f3n. Puede llamar al Vaya <a href=\"tel:1-800-962-9003\" target=\"_blank\" rel=\"noopener\" title=\"\">1-800-962-9003<\/a> si necesita ayuda con su solicitud de recurso.<\/p>\n<\/div>\n\n\n<div class=\"gb-container gb-container-255d2d90\"><div class=\"gb-inside-container\">\n\n<h2 class=\"gb-text\">\u00bfC\u00f3mo puedo presentar un recurso?<\/h2>\n\n\n\n<p>Es f\u00e1cil solicitar un recurso utilizando una de las opciones siguientes:<\/p>\n\n\n\n<p class=\"icon-mail\"><strong>CORREO:<\/strong>\u00a0Rellene y firme el formulario de solicitud de recurso que figura en la notificaci\u00f3n que reciba sobre nuestra decisi\u00f3n. Env\u00edelo por correo, junto con cualquier informaci\u00f3n adicional que desee que tengamos en cuenta, a la direcci\u00f3n que figura en el formulario. Debemos recibir su formulario a m\u00e1s tardar 15 d\u00edas h\u00e1biles despu\u00e9s de la fecha que figura en la carta de notificaci\u00f3n.<\/p>\n\n\n\n<p class=\"icon-fax\"><strong>FAX:<\/strong>\u00a0Rellene y firme el formulario de solicitud de recurso que figura en la notificaci\u00f3n que recibe sobre nuestra decisi\u00f3n. Env\u00edelo por fax, junto con cualquier informaci\u00f3n adicional que desee que tengamos en cuenta, al n\u00famero que figura en el formulario. Debemos recibir su formulario a m\u00e1s tardar 15 d\u00edas h\u00e1biles despu\u00e9s de la fecha que figura en la carta de notificaci\u00f3n.<\/p>\n\n\n\n<p><strong>Correo electr\u00f3nico:<\/strong> Rellene y firme el formulario de solicitud de recurso que encontrar\u00e1 en la notificaci\u00f3n que reciba sobre nuestra decisi\u00f3n. Env\u00edelo por correo electr\u00f3nico, junto con cualquier informaci\u00f3n adicional que desee que tengamos en cuenta, a la direcci\u00f3n que figura en el formulario. Debemos recibir su formulario a m\u00e1s tardar 15 d\u00edas h\u00e1biles despu\u00e9s de la fecha que figura en la carta de notificaci\u00f3n.<\/p>\n\n\n\n<p><strong>ONLINE:<\/strong> Presentar el formulario de solicitud de recurso disponible en el Vaya <a href=\"https:\/\/www.vayahealth.com\/es\/member-recipient-portal\/\">Portal de socios y beneficiarios<\/a>. Adjunte los documentos que desee que tengamos en cuenta.<\/p>\n\n\n\n<p><strong>TEL\u00c9FONO:<\/strong> Llame a la l\u00ednea de atenci\u00f3n a socios y beneficiarios de Vaya al\u00a0<a href=\"tel:%201-800-962-9003\">1-800-962-9003<\/a>\u00a0y pedir una apelaci\u00f3n.<\/p>\n\n\n\n<p class=\"icon-email\"><strong>EN PERSONA:<\/strong>\u00a0Puede entregar el recurso en mano en la oficina de Vaya en Asheville, 200 Ridgefield Court, Suite 218, Asheville, NC 28806.<\/p>\n\n<\/div><\/div>\n\n\n<div>\n<h2 class=\"gb-text\">Plazos para las decisiones de recurso<\/h2>\n\n\n\n<div>\n<h3 class=\"gb-text\">Plazos para los recursos<\/h3>\n\n\n\n<p>Vaya tomar\u00e1 una decisi\u00f3n sobre su apelaci\u00f3n en un plazo de siete d\u00edas laborables a partir del d\u00eda en que recibamos su solicitud de apelaci\u00f3n. Le enviaremos una carta para informarle de nuestra decisi\u00f3n.<\/p>\n<\/div>\n\n\n\n<div>\n<h3 class=\"gb-text\">Decisiones sobre recursos<\/h3>\n\n\n\n<p>Si no est\u00e1 de acuerdo con nuestra decisi\u00f3n, puede solicitar una apelaci\u00f3n ante el Panel Estatal de Apelaciones No-Medicaid. El panel forma parte de la Divisi\u00f3n de Servicios de Salud Mental, Discapacidades del Desarrollo y Uso de Sustancias del Departamento de Salud y Servicios Humanos de Carolina del Norte (NCDHHS).<\/p>\n\n\n\n<p>Su carta de decisi\u00f3n del Vaya incluir\u00e1 un formulario de solicitud de apelaci\u00f3n estatal no relacionada con Medicaid. Para solicitar una apelaci\u00f3n ante el Panel estatal de apelaciones no relacionadas con Medicaid, env\u00ede por correo o fax el formulario cumplimentado a:<\/p>\n\n\n\n<ul class=\"wp-block-list\">\n<li><strong>CORREO:<\/strong> Divisi\u00f3n de la Oficina de Audiencias del MHDDSUS, c\/o Customer Service and Community Rights, Mail Service Center 3001, Raleigh, NC 27699-3009<\/li>\n\n\n\n<li><strong>FAX:<\/strong> 984-777-9264<\/li>\n<\/ul>\n\n\n\n<p>La solicitud de apelaci\u00f3n ante el NCDHHS debe recibirse en un plazo de 11 d\u00edas naturales a partir de la fecha de la carta del Vaya.<\/p>\n<\/div>\n\n\n\n<div>\n<h3 class=\"gb-text\">Panel estatal de apelaciones no relacionadas con Medicaid<\/h3>\n\n\n\n<p>El Panel Estatal de Apelaciones no relacionadas con Medicaid revisar\u00e1 su solicitud y emitir\u00e1 sus conclusiones y decisiones recomendadas. Vaya emitir\u00e1 una decisi\u00f3n final por escrito sobre su solicitud en la que se tendr\u00e1n en cuenta las conclusiones del Panel de Apelaciones Estatal No Medicaid. Tomaremos una decisi\u00f3n definitiva en un plazo de 10 d\u00edas a partir de la recepci\u00f3n de las conclusiones del panel.<\/p>\n<\/div>\n<\/div>\n\n\n\n<div>\n<h2 class=\"gb-headline gb-headline-50095724 gb-headline-text\">Continuaci\u00f3n de los servicios durante un recurso<\/h2>\n\n\n\n<p>A veces, la decisi\u00f3n del Vaya reduce o interrumpe un servicio sanitario que usted ya est\u00e1 recibiendo. Puede pedir que se mantenga este servicio sin cambios hasta que finalice su apelaci\u00f3n.<strong> Vaya no es necesario para continuar con este servicio.<\/strong><\/p>\n\n\n\n<p>Para solicitar la continuaci\u00f3n de los servicios durante su apelaci\u00f3n, llame al Equipo de Apelaciones para Miembros y Beneficiarios de Vaya al <a href=\"tel:1-800-893-6246\" target=\"_blank\" rel=\"noopener\" title=\"\">1-800-893-6246<\/a>ext. 1400.<\/p>\n<\/div>\n\n<\/div><\/div>","protected":false},"excerpt":{"rendered":"<p>Sometimes Vaya may decide to deny, suspend, reduce, or terminate a request your provider makes for you for State-funded services covered by our plan. You will receive a letter from [&hellip;]<\/p>\n","protected":false},"author":62,"featured_media":48298,"parent":50899,"menu_order":36,"comment_status":"closed","ping_status":"closed","template":"breadcrumbs","meta":{"_tec_requires_first_save":true,"_price":"","_stock":"","_tribe_ticket_header":"","_tribe_default_ticket_provider":"","_tribe_ticket_capacity":"0","_ticket_start_date":"","_ticket_end_date":"","_tribe_ticket_show_description":"","_tribe_ticket_show_not_going":false,"_tribe_ticket_use_global_stock":"","_tribe_ticket_global_stock_level":"","_global_stock_mode":"","_global_stock_cap":"","_tribe_rsvp_for_event":"","_tribe_ticket_going_count":"","_tribe_ticket_not_going_count":"","_tribe_tickets_list":"[]","_tribe_ticket_has_attendee_info_fields":false,"_EventAllDay":false,"_EventTimezone":"","_EventStartDate":"","_EventEndDate":"","_EventStartDateUTC":"","_EventEndDateUTC":"","_EventShowMap":false,"_EventShowMapLink":false,"_EventURL":"","_EventCost":"","_EventCostDescription":"","_EventCurrencySymbol":"","_EventCurrencyCode":"","_EventCurrencyPosition":"","_EventDateTimeSeparator":"","_EventTimeRangeSeparator":"","_EventOrganizerID":[],"_EventVenueID":[],"_OrganizerEmail":"","_OrganizerPhone":"","_OrganizerWebsite":"","_VenueAddress":"","_VenueCity":"","_VenueCountry":"","_VenueProvince":"","_VenueState":"","_VenueZip":"","_VenuePhone":"","_VenueURL":"","_VenueStateProvince":"","_VenueLat":"","_VenueLng":"","_VenueShowMap":false,"_VenueShowMapLink":false,"_tribe_blocks_recurrence_rules":"","_tribe_blocks_recurrence_description":"","_tribe_blocks_recurrence_exclusions":"","banner-text":"","banner-text-color":"","button-text":"","button-text-color":"","button-link":"","has-button-icon":"","background-color":"","has-background-icon":"","background-icon-color":"","second-featured-image":"","footnotes":""},"class_list":["post-26618","page","type-page","status-publish","has-post-thumbnail","hentry"],"aioseo_notices":[],"_links":{"self":[{"href":"https:\/\/www.vayahealth.com\/es\/wp-json\/wp\/v2\/pages\/26618","targetHints":{"allow":["GET"]}}],"collection":[{"href":"https:\/\/www.vayahealth.com\/es\/wp-json\/wp\/v2\/pages"}],"about":[{"href":"https:\/\/www.vayahealth.com\/es\/wp-json\/wp\/v2\/types\/page"}],"author":[{"embeddable":true,"href":"https:\/\/www.vayahealth.com\/es\/wp-json\/wp\/v2\/users\/62"}],"replies":[{"embeddable":true,"href":"https:\/\/www.vayahealth.com\/es\/wp-json\/wp\/v2\/comments?post=26618"}],"version-history":[{"count":0,"href":"https:\/\/www.vayahealth.com\/es\/wp-json\/wp\/v2\/pages\/26618\/revisions"}],"up":[{"embeddable":true,"href":"https:\/\/www.vayahealth.com\/es\/wp-json\/wp\/v2\/pages\/50899"}],"wp:featuredmedia":[{"embeddable":true,"href":"https:\/\/www.vayahealth.com\/es\/wp-json\/wp\/v2\/media\/48298"}],"wp:attachment":[{"href":"https:\/\/www.vayahealth.com\/es\/wp-json\/wp\/v2\/media?parent=26618"}],"curies":[{"name":"wp","href":"https:\/\/api.w.org\/{rel}","templated":true}]}}