{"id":26621,"date":"2022-04-22T16:50:09","date_gmt":"2022-04-22T20:50:09","guid":{"rendered":"\/?page_id=22451"},"modified":"2025-12-22T10:57:08","modified_gmt":"2025-12-22T15:57:08","slug":"emergency-disaster","status":"publish","type":"page","link":"https:\/\/www.vayahealth.com\/es\/get-help\/emergency-disaster\/","title":{"rendered":"Emergencias y cat\u00e1strofes"},"content":{"rendered":"<div><div class=\"gb-container gb-container-4ac8e2d2\"><div class=\"gb-inside-container\">\n<div class=\"gb-grid-wrapper gb-grid-wrapper-d5ee8643\">\n<div class=\"gb-grid-column gb-grid-column-a10a3db1\"><div class=\"gb-container gb-container-a10a3db1\"><div class=\"gb-inside-container\">\n\n<p><i aria-hidden=\"true\" class=\"fas fa-cloud-rain tp-weather-icon\" data-uw-styling-context=\"true\"><\/i><\/p>\n\n<\/div><\/div><\/div>\n\n<div class=\"gb-grid-column gb-grid-column-976b76ce\"><div class=\"gb-container gb-container-976b76ce\"><div class=\"gb-inside-container\">\n\n<p><i aria-hidden=\"true\" class=\"far fa-snowflake tp-weather-icon\" data-uw-styling-context=\"true\"><\/i><\/p>\n\n<\/div><\/div><\/div>\n\n<div class=\"gb-grid-column gb-grid-column-875d44bb\"><div class=\"gb-container gb-container-875d44bb\"><div class=\"gb-inside-container\">\n\n<p><i aria-hidden=\"true\" class=\"fas fa-wind tp-weather-icon\" data-uw-styling-context=\"true\"><\/i><\/p>\n\n<\/div><\/div><\/div>\n\n<div class=\"gb-grid-column gb-grid-column-d078b3f5\"><div class=\"gb-container gb-container-d078b3f5\"><div class=\"gb-inside-container\">\n\n<p><i aria-hidden=\"true\" class=\"fas fa-fire tp-weather-icon\" data-uw-styling-context=\"true\"><\/i><\/p>\n\n<\/div><\/div><\/div>\n<\/div>\n<\/div><\/div>\n\n<section class=\"gb-container gb-container-5cffe504\"><div class=\"gb-inside-container\">\n\n<p>Nunca se sabe cu\u00e1ndo va a ocurrir una cat\u00e1strofe ni cu\u00e1nto va a durar. Una emergencia o cat\u00e1strofe puede causar complicaciones con su asistencia sanitaria. Vaya Health est\u00e1 aqu\u00ed para apoyar a los afiliados, beneficiarios y sus familias durante emergencias o cat\u00e1strofes, como inundaciones, tornados, huracanes y otros fen\u00f3menos meteorol\u00f3gicos. Le proporcionaremos recursos, actualizaciones y orientaci\u00f3n para asegurarnos de que pueda recibir la atenci\u00f3n que necesita durante todo el estado de emergencia.<\/p>\n\n\n\n<hr class=\"wp-block-separator has-alpha-channel-opacity\"\/>\n\n<\/div><\/section>\n\n\n<div class=\"gb-element-0b3c55a4\">\n<h3 class=\"gb-text\">\u00bfC\u00f3mo puedo obtener ayuda en caso de emergencia o cat\u00e1strofe?<\/h3>\n\n\n\n<p>Los afiliados, perceptores y sus seres queridos que necesiten ayuda pueden llamar a nuestra L\u00ednea de atenci\u00f3n a afiliados y perceptores al <a href=\"tel:1-800-962-9003\" target=\"_blank\" rel=\"noopener\" title=\"\">1-800-962-9003<\/a> de 7.00 a 18.00 horas, de lunes a s\u00e1bado.<\/p>\n\n\n\n<p>Si necesita ayuda fuera de ese horario, llame a nuestra L\u00ednea de Crisis de Salud Mental al <a href=\"tel:1-800-849-6127\" target=\"_blank\" rel=\"noopener\" title=\"\">1-800-849-6127<\/a>disponible 24 horas al d\u00eda, siete d\u00edas a la semana. En caso de peligro para la vida o de urgencia m\u00e9dica, <strong>llame a <\/strong><a href=\"tel:911\" target=\"_blank\" rel=\"noopener\" title=\"\">911<\/a>.<\/p>\n<\/div>\n\n\n\n<div class=\"gb-element-80adaf65\">\n<h3 class=\"gb-text\">\u00bfC\u00f3mo puedo conseguir medicamentos durante una emergencia o cat\u00e1strofe?<\/h3>\n\n\n\n<p>No debe quedarse sin sus medicamentos durante una emergencia o cat\u00e1strofe. Llame a su farmacia o a la L\u00ednea de Atenci\u00f3n a Socios y Beneficiarios al <a href=\"tel:1-800-962-9003\" target=\"_blank\" rel=\"noopener\" title=\"\">1-800-962-9003<\/a> si no tiene suficientes medicamentos. Es posible que en su farmacia puedan darle medicamentos suficientes para superar la urgencia.<\/p>\n<\/div>\n<\/div>","protected":false},"excerpt":{"rendered":"<p>You never know when disaster will strike or how long it will last. An emergency or disaster can cause complications with your health care. Vaya Health is here to support [&hellip;]<\/p>\n","protected":false},"author":62,"featured_media":0,"parent":7696,"menu_order":92,"comment_status":"closed","ping_status":"closed","template":"breadcrumbs","meta":{"_tec_requires_first_save":true,"_price":"","_stock":"","_tribe_ticket_header":"","_tribe_default_ticket_provider":"","_tribe_ticket_capacity":"0","_ticket_start_date":"","_ticket_end_date":"","_tribe_ticket_show_description":"","_tribe_ticket_show_not_going":false,"_tribe_ticket_use_global_stock":"","_tribe_ticket_global_stock_level":"","_global_stock_mode":"","_global_stock_cap":"","_tribe_rsvp_for_event":"","_tribe_ticket_going_count":"","_tribe_ticket_not_going_count":"","_tribe_tickets_list":"[]","_tribe_ticket_has_attendee_info_fields":false,"_EventAllDay":false,"_EventTimezone":"","_EventStartDate":"","_EventEndDate":"","_EventStartDateUTC":"","_EventEndDateUTC":"","_EventShowMap":false,"_EventShowMapLink":false,"_EventURL":"","_EventCost":"","_EventCostDescription":"","_EventCurrencySymbol":"","_EventCurrencyCode":"","_EventCurrencyPosition":"","_EventDateTimeSeparator":"","_EventTimeRangeSeparator":"","_EventOrganizerID":[],"_EventVenueID":[],"_OrganizerEmail":"","_OrganizerPhone":"","_OrganizerWebsite":"","_VenueAddress":"","_VenueCity":"","_VenueCountry":"","_VenueProvince":"","_VenueState":"","_VenueZip":"","_VenuePhone":"","_VenueURL":"","_VenueStateProvince":"","_VenueLat":"","_VenueLng":"","_VenueShowMap":false,"_VenueShowMapLink":false,"_tribe_blocks_recurrence_rules":"","_tribe_blocks_recurrence_description":"","_tribe_blocks_recurrence_exclusions":"","banner-text":"","banner-text-color":"","button-text":"","button-text-color":"","button-link":"","has-button-icon":"","background-color":"","has-background-icon":"","background-icon-color":"","second-featured-image":"","footnotes":""},"class_list":["post-26621","page","type-page","status-publish","hentry"],"aioseo_notices":[],"_links":{"self":[{"href":"https:\/\/www.vayahealth.com\/es\/wp-json\/wp\/v2\/pages\/26621","targetHints":{"allow":["GET"]}}],"collection":[{"href":"https:\/\/www.vayahealth.com\/es\/wp-json\/wp\/v2\/pages"}],"about":[{"href":"https:\/\/www.vayahealth.com\/es\/wp-json\/wp\/v2\/types\/page"}],"author":[{"embeddable":true,"href":"https:\/\/www.vayahealth.com\/es\/wp-json\/wp\/v2\/users\/62"}],"replies":[{"embeddable":true,"href":"https:\/\/www.vayahealth.com\/es\/wp-json\/wp\/v2\/comments?post=26621"}],"version-history":[{"count":0,"href":"https:\/\/www.vayahealth.com\/es\/wp-json\/wp\/v2\/pages\/26621\/revisions"}],"up":[{"embeddable":true,"href":"https:\/\/www.vayahealth.com\/es\/wp-json\/wp\/v2\/pages\/7696"}],"wp:attachment":[{"href":"https:\/\/www.vayahealth.com\/es\/wp-json\/wp\/v2\/media?parent=26621"}],"curies":[{"name":"wp","href":"https:\/\/api.w.org\/{rel}","templated":true}]}}