{"id":26622,"date":"2022-04-26T09:39:51","date_gmt":"2022-04-26T13:39:51","guid":{"rendered":"\/?page_id=22454"},"modified":"2025-11-26T10:18:57","modified_gmt":"2025-11-26T15:18:57","slug":"member-appeals","status":"publish","type":"page","link":"https:\/\/www.vayahealth.com\/es\/health-plans\/vaya-total-care\/member-appeals\/","title":{"rendered":"Vaya Total Care Miembro Recursos"},"content":{"rendered":"<section class=\"gb-container gb-container-1e83552e\"><div class=\"gb-inside-container\">\n\n<div>\n<p>A veces, Vaya puede decidir denegar o limitar una solicitud que su proveedor haga para usted de prestaciones o servicios de Medicaid ofrecidos por nuestro plan de salud. Esta decisi\u00f3n se denomina determinaci\u00f3n adversa de prestaciones. Usted recibir\u00e1 una carta de Vaya, o en nuestro nombre, notific\u00e1ndole cualquier determinaci\u00f3n adversa de beneficios.<\/p>\n\n\n\n<p>Los afiliados a Medicaid tienen derecho a apelar las decisiones adversas sobre prestaciones ante el Vaya. Disponen de 60 d\u00edas a partir de la fecha de la carta para solicitar una apelaci\u00f3n. Cuando los afiliados no est\u00e1n de acuerdo con nuestras decisiones sobre una apelaci\u00f3n, pueden solicitar el <a href=\"https:\/\/www.oah.nc.gov\/\" target=\"_blank\" rel=\"noopener\" title=\"\">Oficina de Audiencias Administrativas de Carolina del Norte<\/a> para un <a href=\"\/es\/health-plans\/vaya-total-care\/state-fair-hearings\/\" title=\"\">Audiencia imparcial del Estado<\/a>.<\/p>\n\n\n\n<p>Cuando solicita una apelaci\u00f3n, el Vaya dispone de 30 d\u00edas para darle una respuesta. Puede hacer preguntas y aportar cualquier dato (incluidos nuevos documentos m\u00e9dicos de sus proveedores) que considere que puede ayudarnos a aprobar su solicitud. Puede hacerlo en persona, por escrito o por tel\u00e9fono.<\/p>\n\n\n\n<p>Puede solicitar una apelaci\u00f3n usted mismo. Tambi\u00e9n puede pedir ayuda a un amigo, a un familiar, a su proveedor o a un abogado. Puede llamar a nuestra L\u00ednea de Atenci\u00f3n al Afiliado y al Beneficiario al <a href=\"tel:1-800-962-9003\" target=\"_blank\" rel=\"noopener\" title=\"\">1-800-962-9003<\/a> si necesita ayuda con su solicitud de recurso.<\/p>\n<\/div>\n\n\n<div class=\"gb-container gb-container-7ad1ee03\"><div class=\"gb-inside-container\">\n\n<h2 class=\"gb-text\">\u00bfC\u00f3mo puedo presentar un recurso?<\/h2>\n\n\n\n<p>Es f\u00e1cil solicitar un recurso utilizando una de las opciones siguientes:<\/p>\n\n\n\n<p class=\"icon-mail\"><strong>CORREO:<\/strong> Rellene y firme el formulario de solicitud de recurso que figura en la notificaci\u00f3n que reciba sobre nuestra decisi\u00f3n. Env\u00edelo por correo a la direcci\u00f3n que figura en el formulario. Debemos recibir su formulario a m\u00e1s tardar 60 d\u00edas despu\u00e9s de la fecha que figura en la notificaci\u00f3n.<\/p>\n\n\n\n<p class=\"icon-fax\"><strong>FAX:<\/strong> Rellene, firme y env\u00ede por fax el formulario de solicitud de recurso que encontrar\u00e1 en la notificaci\u00f3n que reciba sobre nuestra decisi\u00f3n. Encontrar\u00e1 el n\u00famero de fax en el formulario. Debemos recibir su formulario a m\u00e1s tardar 60 d\u00edas despu\u00e9s de la fecha que figura en la notificaci\u00f3n.\u00a0<\/p>\n\n\n\n<p class=\"icon-phone\"><strong>TEL\u00c9FONO:<\/strong> Llame a nuestra l\u00ednea de atenci\u00f3n a los afiliados y beneficiarios <a href=\"tel:18009629003\" target=\"_blank\" rel=\"noopener\" title=\"\">1-800-962-9003<\/a> y pedir una apelaci\u00f3n.<\/p>\n\n\n\n<p class=\"icon-person\"><strong>EN PERSONA:<\/strong> Puede entregar el recurso en mano en la oficina de Vaya en Asheville, 200 Ridgefield Court, Suite 218, Asheville, NC 28806.<\/p>\n\n\n\n<p><strong>ONLINE: <\/strong>Rellene y env\u00ede el formulario de solicitud de recurso disponible en el Vaya <a href=\"\/es\/member-recipient-portal\/\" title=\"\">Portal de socios y beneficiarios<\/a>. Adjunte los documentos que desee que tengamos en cuenta.<\/p>\n\n\n\n<p>Cuando apele, usted y cualquier persona que haya elegido para ayudarle podr\u00e1n ver los historiales m\u00e9dicos y los criterios que el Vaya utiliz\u00f3 para tomar la decisi\u00f3n. Si quiere que alguien le ayude, debe darle permiso. Puede hacerlo por escrito, en l\u00ednea, por tel\u00e9fono o en persona.<\/p>\n\n<\/div><\/div>\n\n\n<div>\n<h2 class=\"gb-headline gb-headline-297f499b gb-headline-text\">Plazos para las decisiones de recurso<\/h2>\n\n\n\n<div>\n<h3 class=\"gb-text\">Recursos acelerados<\/h3>\n\n\n\n<p>Usted o su proveedor pueden solicitar una revisi\u00f3n m\u00e1s r\u00e1pida de su apelaci\u00f3n cuando un retraso pueda causar da\u00f1os graves a su salud o a su capacidad para alcanzar, mantener o recuperar su buena salud. Esta revisi\u00f3n m\u00e1s r\u00e1pida se denomina apelaci\u00f3n acelerada.<\/p>\n\n\n\n<p>Usted y su proveedor pueden solicitar una apelaci\u00f3n acelerada llamando a nuestro Equipo de Apelaciones para Afiliados y Beneficiarios al tel\u00e9fono <a href=\"tel:1-800-893-6246\" target=\"_blank\" rel=\"noopener\" title=\"\">1-800-893-6246<\/a>ext. 1400.<\/p>\n\n\n\n<p>Puede solicitar una apelaci\u00f3n acelerada por escrito, en l\u00ednea, por tel\u00e9fono o en persona. El formulario de solicitud de apelaci\u00f3n incluye instrucciones sobre c\u00f3mo solicitar una apelaci\u00f3n acelerada.<\/p>\n<\/div>\n\n\n\n<div>\n<h3 class=\"gb-text\">Solicitudes de recurso acelerado de los afiliados<\/h3>\n\n\n\n<p>Vaya revisar\u00e1 todas las solicitudes de apelaci\u00f3n acelerada de los afiliados. Si se deniega su solicitud de apelaci\u00f3n acelerada, le llamaremos durante nuestro horario de oficina inmediatamente despu\u00e9s de nuestra decisi\u00f3n. Tambi\u00e9n le informaremos a usted y al proveedor por escrito si su solicitud de apelaci\u00f3n acelerada es denegada. Le comunicaremos el motivo de la decisi\u00f3n. Vaya le enviar\u00e1 una notificaci\u00f3n por escrito en un plazo de dos d\u00edas naturales.<\/p>\n\n\n\n<p>Si no est\u00e1 de acuerdo con nuestra decisi\u00f3n de denegar una solicitud de recurso acelerado, puede presentar un <a href=\"\/es\/health-plans\/nc-medicaid-direct\/grievances\/\" title=\"\">queja<\/a> con nosotros.<\/p>\n\n\n\n<p>Si denegamos su solicitud de apelaci\u00f3n acelerada, no es necesario que presente otra solicitud de apelaci\u00f3n. La apelaci\u00f3n se decidir\u00e1 en un plazo de 30 d\u00edas a partir de su solicitud. En todos los casos, revisaremos las apelaciones con la rapidez que requiera su estado.<\/p>\n\n\n\n<p>Si aceptamos su solicitud de apelaci\u00f3n acelerada, tomaremos una decisi\u00f3n a m\u00e1s tardar 72 horas despu\u00e9s de recibir la solicitud. Le llamaremos a usted y a su proveedor en cuanto hayamos tomado una decisi\u00f3n. Le enviaremos a usted y a su proveedor una notificaci\u00f3n por escrito de nuestra decisi\u00f3n en un plazo de 72 horas a partir de la recepci\u00f3n de la solicitud de apelaci\u00f3n acelerada.<\/p>\n<\/div>\n\n\n\n<div>\n<h3 class=\"gb-text\">Solicitudes de recurso acelerado de los proveedores<\/h3>\n\n\n\n<p>Si tenemos toda la informaci\u00f3n que necesitamos, tomaremos una decisi\u00f3n sobre su apelaci\u00f3n en un plazo de 30 d\u00edas a partir del d\u00eda en que recibamos su solicitud de apelaci\u00f3n. Le enviaremos una carta para comunicarle nuestra decisi\u00f3n. Si necesitamos m\u00e1s informaci\u00f3n para tomar una decisi\u00f3n sobre su apelaci\u00f3n, nosotros:<\/p>\n\n\n\n<ul class=\"wp-block-list\">\n<li>Le escribir\u00e1 y le dir\u00e1 qu\u00e9 informaci\u00f3n necesita;<\/li>\n\n\n\n<li>Explicar\u00e1 por qu\u00e9 el retraso le beneficia; y<\/li>\n\n\n\n<li>Puede tardar 14 d\u00edas m\u00e1s en resolver su recurso si usted lo solicita o si se necesita informaci\u00f3n adicional y el retraso redunda en su inter\u00e9s.<\/li>\n<\/ul>\n\n\n\n<p>Si necesita m\u00e1s tiempo para recopilar datos y actualizaciones de su proveedor, s\u00f3lo tiene que pedirlo. Usted o alguien a quien nombre pueden pedirnos que retrasemos su caso hasta 14 d\u00edas. Usted o su proveedor pueden solicitar una pr\u00f3rroga llamando al Equipo de Apelaciones para Afiliados y Beneficiarios de Vaya al tel\u00e9fono <a href=\"tel:1-800-893-6246\" target=\"_blank\" rel=\"noopener\" title=\"\">1-800-893-6246<\/a>ext. 1400; por correo electr\u00f3nico <a href=\"mailto:member.appeals@vayahealth.com\" target=\"_blank\" rel=\"noopener\" title=\"\">member.appeals@vayahealth.com<\/a>; o escribiendo a Vaya Health, Attn: Member and Recipient Appeals Team, 200 Ridgefield Court, Suite 218, Asheville, NC 28806.<\/p>\n<\/div>\n\n\n\n<div>\n<h3 class=\"gb-text\">Decisiones sobre recursos<\/h3>\n\n\n\n<p>Cuando decidamos sobre su recurso, le enviaremos una carta. Esta carta se llama Aviso de Decisi\u00f3n. Si no est\u00e1 de acuerdo con nuestra decisi\u00f3n, puede solicitar una audiencia estatal imparcial. Puede solicitarla en un plazo de 120 d\u00edas a partir de la fecha del Aviso de decisi\u00f3n. <a href=\"\/es\/health-plans\/vaya-total-care\/state-fair-hearings\/\" title=\"\">M\u00e1s informaci\u00f3n sobre las audiencias de la Feria de Estado<\/a>.<\/p>\n<\/div>\n<\/div>\n\n\n\n<div>\n<h2 class=\"gb-text\">Continuaci\u00f3n de las prestaciones durante el recurso<\/h2>\n\n\n\n<p>A veces, la decisi\u00f3n del Vaya reduce o interrumpe un servicio sanitario que usted ya est\u00e1 recibiendo. Puede pedir que se mantenga este servicio sin cambios hasta que finalice su recurso. Tambi\u00e9n puede pedir a la persona que le ayude con su apelaci\u00f3n que haga esa solicitud por usted. Sin embargo, su proveedor no puede pedir que sus servicios contin\u00faen durante una apelaci\u00f3n.<\/p>\n\n\n\n<p>Recibir\u00e1 un aviso si Vaya va a reducir o suspender un servicio que est\u00e1 recibiendo. Dispone de 10 d\u00edas naturales a partir de la fecha de env\u00edo de la carta para solicitar la continuaci\u00f3n de los servicios. El aviso que reciba le indicar\u00e1 la fecha exacta. En la notificaci\u00f3n tambi\u00e9n se le indicar\u00e1 c\u00f3mo solicitar la continuaci\u00f3n de los servicios mientras apela.<\/p>\n\n\n\n<p>Si pide que contin\u00faen sus servicios, Vaya continuar\u00e1 con ellos desde el d\u00eda en que los solicite hasta el d\u00eda en que reciba la decisi\u00f3n sobre su recurso.<\/p>\n\n\n\n<p><strong>Es posible que su apelaci\u00f3n no modifique la decisi\u00f3n que tom\u00f3 Vaya sobre sus servicios. Cuando esto ocurre, Medicaid permite que Vaya le facture los servicios que pagamos durante su apelaci\u00f3n.<\/strong> Debemos obtener la aprobaci\u00f3n de Medicaid de Carolina del Norte antes de poder facturarle los servicios que pagamos durante su apelaci\u00f3n.<\/p>\n<\/div>\n\n\n\n<div>\n<h2 class=\"gb-text\">Recursos durante su transici\u00f3n fuera del Plan Adaptado Vaya<\/h2>\n\n\n\n<p>Si decide abandonar el Plan Vaya Tailored, su apelaci\u00f3n puede verse afectada por esta transici\u00f3n. Si va a abandonar nuestro plan de salud pr\u00f3ximamente y tiene una apelaci\u00f3n con nosotros, p\u00f3ngase en contacto con la L\u00ednea de Atenci\u00f3n al Afiliado y al Beneficiario en <a href=\"tel:1-800-962-9003\" target=\"_blank\" rel=\"noopener\" title=\"\">1-800-962-9003<\/a> para m\u00e1s informaci\u00f3n.<\/p>\n\n\n\n<p>Seguiremos tramitando cualquier parte de su apelaci\u00f3n que afecte a la autorizaci\u00f3n de servicios hasta la fecha en que abandone el Plan Vaya a Medida.<\/p>\n<\/div>\n\n<\/div><\/section>\n\n\n<p><\/p>","protected":false},"excerpt":{"rendered":"<p>Sometimes Vaya may decide to deny or limit a request your provider makes for you for Medicaid benefits or services offered by our health plan. This decision is called an [&hellip;]<\/p>\n","protected":false},"author":62,"featured_media":28502,"parent":51634,"menu_order":32,"comment_status":"closed","ping_status":"closed","template":"breadcrumbs","meta":{"_tec_requires_first_save":true,"_price":"","_stock":"","_tribe_ticket_header":"","_tribe_default_ticket_provider":"","_tribe_ticket_capacity":"0","_ticket_start_date":"","_ticket_end_date":"","_tribe_ticket_show_description":"","_tribe_ticket_show_not_going":false,"_tribe_ticket_use_global_stock":"","_tribe_ticket_global_stock_level":"","_global_stock_mode":"","_global_stock_cap":"","_tribe_rsvp_for_event":"","_tribe_ticket_going_count":"","_tribe_ticket_not_going_count":"","_tribe_tickets_list":"[]","_tribe_ticket_has_attendee_info_fields":false,"_EventAllDay":false,"_EventTimezone":"","_EventStartDate":"","_EventEndDate":"","_EventStartDateUTC":"","_EventEndDateUTC":"","_EventShowMap":false,"_EventShowMapLink":false,"_EventURL":"","_EventCost":"","_EventCostDescription":"","_EventCurrencySymbol":"","_EventCurrencyCode":"","_EventCurrencyPosition":"","_EventDateTimeSeparator":"","_EventTimeRangeSeparator":"","_EventOrganizerID":[],"_EventVenueID":[],"_OrganizerEmail":"","_OrganizerPhone":"","_OrganizerWebsite":"","_VenueAddress":"","_VenueCity":"","_VenueCountry":"","_VenueProvince":"","_VenueState":"","_VenueZip":"","_VenuePhone":"","_VenueURL":"","_VenueStateProvince":"","_VenueLat":"","_VenueLng":"","_VenueShowMap":false,"_VenueShowMapLink":false,"_tribe_blocks_recurrence_rules":"","_tribe_blocks_recurrence_description":"","_tribe_blocks_recurrence_exclusions":"","banner-text":"","banner-text-color":"","button-text":"","button-text-color":"","button-link":"","has-button-icon":"","background-color":"","has-background-icon":"","background-icon-color":"","second-featured-image":"","footnotes":""},"class_list":["post-26622","page","type-page","status-publish","has-post-thumbnail","hentry"],"aioseo_notices":[],"_links":{"self":[{"href":"https:\/\/www.vayahealth.com\/es\/wp-json\/wp\/v2\/pages\/26622","targetHints":{"allow":["GET"]}}],"collection":[{"href":"https:\/\/www.vayahealth.com\/es\/wp-json\/wp\/v2\/pages"}],"about":[{"href":"https:\/\/www.vayahealth.com\/es\/wp-json\/wp\/v2\/types\/page"}],"author":[{"embeddable":true,"href":"https:\/\/www.vayahealth.com\/es\/wp-json\/wp\/v2\/users\/62"}],"replies":[{"embeddable":true,"href":"https:\/\/www.vayahealth.com\/es\/wp-json\/wp\/v2\/comments?post=26622"}],"version-history":[{"count":0,"href":"https:\/\/www.vayahealth.com\/es\/wp-json\/wp\/v2\/pages\/26622\/revisions"}],"up":[{"embeddable":true,"href":"https:\/\/www.vayahealth.com\/es\/wp-json\/wp\/v2\/pages\/51634"}],"wp:featuredmedia":[{"embeddable":true,"href":"https:\/\/www.vayahealth.com\/es\/wp-json\/wp\/v2\/media\/28502"}],"wp:attachment":[{"href":"https:\/\/www.vayahealth.com\/es\/wp-json\/wp\/v2\/media?parent=26622"}],"curies":[{"name":"wp","href":"https:\/\/api.w.org\/{rel}","templated":true}]}}