{"id":26634,"date":"2022-04-26T12:08:34","date_gmt":"2022-04-26T16:08:34","guid":{"rendered":"\/?page_id=22459"},"modified":"2025-08-20T12:40:08","modified_gmt":"2025-08-20T16:40:08","slug":"opioid-misuse-prevention-treatment","status":"publish","type":"page","link":"https:\/\/www.vayahealth.com\/es\/benefits-services\/substance-use-disorders\/opioid-misuse-prevention-treatment\/","title":{"rendered":"Prevenci\u00f3n y tratamiento del abuso de opi\u00e1ceos"},"content":{"rendered":"<section class=\"gb-container gb-container-a5a718c6\"><div class=\"gb-inside-container\">\n\n<p>El abuso y la sobredosis de opi\u00e1ceos son problemas graves y generalizados en Carolina del Norte, y han aumentado significativamente en las \u00faltimas d\u00e9cadas. En los \u00faltimos 20 a\u00f1os, m\u00e1s de 16.500 habitantes de Carolina del Norte perdieron la vida por sobredosis no intencionada de opioides. COVID-19 y las medidas de control de la pandemia asociadas exacerbaron el riesgo de sobredosis de opioides con un aumento de 28% en muertes por sobredosis de opioides y un aumento de 24% en visitas al departamento de emergencias (ED) relacionadas con sobredosis de opioides.<\/p>\n\n\n\n<p>A trav\u00e9s del Plan de Prevenci\u00f3n y Abuso de Opioides, Vaya Health pretende devolver a nuestras comunidades a la trayectoria descendente alcanzada antes de la pandemia. En consonancia con el Plan de Acci\u00f3n de Opioides de Carolina del Norte, Vaya se compromete a reducir esta tragedia humana en nuestras comunidades. Vaya entiende que los factores m\u00e9dicos y no m\u00e9dicos de la salud influyen en la probabilidad de que una persona abuse de los opioides y se compromete a abordar el abuso de opioides a trav\u00e9s de la atenci\u00f3n integral de la persona.<\/p>\n\n\n\n<p>El Programa de Prevenci\u00f3n y Tratamiento del Consumo Indebido de Opi\u00e1ceos de Vaya tiene como objetivo prevenir la drogadicci\u00f3n por opi\u00e1ceos:<\/p>\n\n\n\n<ul class=\"wp-block-list\">\n<li>Uso excesivo<\/li>\n\n\n\n<li>Uso indebido<\/li>\n\n\n\n<li>Abuso<\/li>\n\n\n\n<li>Dependencia<\/li>\n\n\n\n<li>Adicci\u00f3n<\/li>\n\n\n\n<li>Sobredosis<\/li>\n<\/ul>\n\n\n\n<div style=\"height:10px\" aria-hidden=\"true\" class=\"wp-block-spacer\"><\/div>\n\n\n\n<p>El Programa de Prevenci\u00f3n y Tratamiento del Consumo Indebido de Opi\u00e1ceos es uno de los dos programas de farmacia que administra el Vaya, y complementa el programa de Revisi\u00f3n de la Utilizaci\u00f3n de Medicamentos.<\/p>\n\n<\/div><\/section>","protected":false},"excerpt":{"rendered":"<p>Opioid misuse and overuse are serious and widespread issues in North Carolina, and they have increased significantly over the last several decades. In the last 20 years, more than 16,500 [&hellip;]<\/p>\n","protected":false},"author":62,"featured_media":0,"parent":22487,"menu_order":55,"comment_status":"closed","ping_status":"closed","template":"breadcrumbs","meta":{"_tec_requires_first_save":true,"_price":"","_stock":"","_tribe_ticket_header":"","_tribe_default_ticket_provider":"","_tribe_ticket_capacity":"0","_ticket_start_date":"","_ticket_end_date":"","_tribe_ticket_show_description":"","_tribe_ticket_show_not_going":false,"_tribe_ticket_use_global_stock":"","_tribe_ticket_global_stock_level":"","_global_stock_mode":"","_global_stock_cap":"","_tribe_rsvp_for_event":"","_tribe_ticket_going_count":"","_tribe_ticket_not_going_count":"","_tribe_tickets_list":"[]","_tribe_ticket_has_attendee_info_fields":false,"_EventAllDay":false,"_EventTimezone":"","_EventStartDate":"","_EventEndDate":"","_EventStartDateUTC":"","_EventEndDateUTC":"","_EventShowMap":false,"_EventShowMapLink":false,"_EventURL":"","_EventCost":"","_EventCostDescription":"","_EventCurrencySymbol":"","_EventCurrencyCode":"","_EventCurrencyPosition":"","_EventDateTimeSeparator":"","_EventTimeRangeSeparator":"","_EventOrganizerID":[],"_EventVenueID":[],"_OrganizerEmail":"","_OrganizerPhone":"","_OrganizerWebsite":"","_VenueAddress":"","_VenueCity":"","_VenueCountry":"","_VenueProvince":"","_VenueState":"","_VenueZip":"","_VenuePhone":"","_VenueURL":"","_VenueStateProvince":"","_VenueLat":"","_VenueLng":"","_VenueShowMap":false,"_VenueShowMapLink":false,"_tribe_blocks_recurrence_rules":"","_tribe_blocks_recurrence_description":"","_tribe_blocks_recurrence_exclusions":"","banner-text":"","banner-text-color":"","button-text":"","button-text-color":"","button-link":"","has-button-icon":"","background-color":"","has-background-icon":"","background-icon-color":"","second-featured-image":"","footnotes":""},"class_list":["post-26634","page","type-page","status-publish","hentry"],"aioseo_notices":[],"_links":{"self":[{"href":"https:\/\/www.vayahealth.com\/es\/wp-json\/wp\/v2\/pages\/26634","targetHints":{"allow":["GET"]}}],"collection":[{"href":"https:\/\/www.vayahealth.com\/es\/wp-json\/wp\/v2\/pages"}],"about":[{"href":"https:\/\/www.vayahealth.com\/es\/wp-json\/wp\/v2\/types\/page"}],"author":[{"embeddable":true,"href":"https:\/\/www.vayahealth.com\/es\/wp-json\/wp\/v2\/users\/62"}],"replies":[{"embeddable":true,"href":"https:\/\/www.vayahealth.com\/es\/wp-json\/wp\/v2\/comments?post=26634"}],"version-history":[{"count":0,"href":"https:\/\/www.vayahealth.com\/es\/wp-json\/wp\/v2\/pages\/26634\/revisions"}],"up":[{"embeddable":true,"href":"https:\/\/www.vayahealth.com\/es\/wp-json\/wp\/v2\/pages\/22487"}],"wp:attachment":[{"href":"https:\/\/www.vayahealth.com\/es\/wp-json\/wp\/v2\/media?parent=26634"}],"curies":[{"name":"wp","href":"https:\/\/api.w.org\/{rel}","templated":true}]}}