{"id":27521,"date":"2022-08-15T13:20:38","date_gmt":"2022-08-15T17:20:38","guid":{"rendered":"https:\/\/www.vayahealth.com\/?page_id=27521"},"modified":"2025-08-29T12:42:38","modified_gmt":"2025-08-29T16:42:38","slug":"member-recipient-portal","status":"publish","type":"page","link":"https:\/\/www.vayahealth.com\/es\/member-recipient-portal\/","title":{"rendered":"Portal de socios y beneficiarios"},"content":{"rendered":"<section class=\"gb-container gb-container-1083766d\"><div class=\"gb-inside-container\">\n<div class=\"gb-container gb-container-e7cf1af9\"><div class=\"gb-inside-container\">\n<div class=\"gb-grid-wrapper gb-grid-wrapper-e68dd3ff\">\n<div class=\"gb-grid-column gb-grid-column-f78154ef\"><div class=\"gb-container gb-container-f78154ef\"><div class=\"gb-inside-container\">\n\n<h1 class=\"gb-headline gb-headline-8ae720b7 gb-headline-text\">Portal de socios y beneficiarios<\/h1>\n\n\n\n<p>El portal para afiliados y beneficiarios de Vaya Health proporciona acceso seguro a la informaci\u00f3n y las herramientas necesarias para el cuidado de su salud. Actualice la informaci\u00f3n de su cuenta, solicite un cambio de proveedor de atenci\u00f3n primaria, acceda a formularios, presente apelaciones y quejas, y mucho m\u00e1s.<\/p>\n\n\n<div class=\"gb-button-wrapper gb-button-wrapper-9481657a\">\n\n<a class=\"gb-button gb-button-0fd8e145 gb-button-text lost-page-button\" href=\"https:\/\/memberportal.vayahealth.com \" target=\"_blank\" rel=\"noopener noreferrer\">Conectarse o registrarse<\/a>\n\n<\/div>\n\n\n<h2 class=\"gb-headline gb-headline-3289e1a8 gb-headline-text h3\">Contacte con nosotros<\/h2>\n\n\n\n<p>\u00bfNecesita ayuda para iniciar sesi\u00f3n o crear una cuenta nueva? Utilice nuestro <a href=\"\/es\/resources\/help_guide_member_recipient_portal\/\" target=\"_blank\" rel=\"noopener\" title=\"\">Gu\u00eda de ayuda<\/a>.<\/p>\n\n\n\n<p>Si tiene alguna pregunta o necesita ayuda con el portal, llame a nuestra L\u00ednea de Atenci\u00f3n a Socios y Beneficiarios al <a href=\"tel:1-800-962-9003\" target=\"_blank\" rel=\"noopener\" title=\"\">1-800-962-9003<\/a><span aria-hidden=\"true\"> (De 7.00 a 18.00 horas, <span aria-hidden=\"true\">De lunes a s\u00e1bado<\/span>)<\/span><\/p>\n\n<\/div><\/div><\/div>\n\n<div class=\"gb-grid-column gb-grid-column-e3ad8e91\"><div class=\"gb-container gb-container-e3ad8e91\"><div class=\"gb-inside-container\">\n\n<figure class=\"gb-block-image gb-block-image-9e33b8a3\"><img loading=\"lazy\" decoding=\"async\" width=\"483\" height=\"476\" class=\"gb-image gb-image-9e33b8a3\" src=\"https:\/\/www.vayahealth.com\/wp-content\/uploads\/2022\/08\/women-computer.png\" alt=\"una persona sentada en un sof\u00e1 gris trabajando con un port\u00e1til\" title=\"mujeres-ordenador\" srcset=\"https:\/\/www.vayahealth.com\/wp-content\/uploads\/2022\/08\/women-computer.png 483w, https:\/\/www.vayahealth.com\/wp-content\/uploads\/2022\/08\/women-computer-300x296.png 300w, https:\/\/www.vayahealth.com\/wp-content\/uploads\/2022\/08\/women-computer-80x80.png 80w\" sizes=\"auto, (max-width: 483px) 100vw, 483px\" \/><\/figure>\n\n<\/div><\/div><\/div>\n<\/div>\n<\/div><\/div>\n<\/div><\/section>","protected":false},"excerpt":{"rendered":"","protected":false},"author":62,"featured_media":0,"parent":0,"menu_order":27,"comment_status":"closed","ping_status":"closed","template":"full-width","meta":{"_tec_requires_first_save":true,"_price":"","_stock":"","_tribe_ticket_header":"","_tribe_default_ticket_provider":"","_tribe_ticket_capacity":"0","_ticket_start_date":"","_ticket_end_date":"","_tribe_ticket_show_description":"","_tribe_ticket_show_not_going":false,"_tribe_ticket_use_global_stock":"","_tribe_ticket_global_stock_level":"","_global_stock_mode":"","_global_stock_cap":"","_tribe_rsvp_for_event":"","_tribe_ticket_going_count":"","_tribe_ticket_not_going_count":"","_tribe_tickets_list":"[]","_tribe_ticket_has_attendee_info_fields":false,"_EventAllDay":false,"_EventTimezone":"","_EventStartDate":"","_EventEndDate":"","_EventStartDateUTC":"","_EventEndDateUTC":"","_EventShowMap":false,"_EventShowMapLink":false,"_EventURL":"","_EventCost":"","_EventCostDescription":"","_EventCurrencySymbol":"","_EventCurrencyCode":"","_EventCurrencyPosition":"","_EventDateTimeSeparator":"","_EventTimeRangeSeparator":"","_EventOrganizerID":[],"_EventVenueID":[],"_OrganizerEmail":"","_OrganizerPhone":"","_OrganizerWebsite":"","_VenueAddress":"","_VenueCity":"","_VenueCountry":"","_VenueProvince":"","_VenueState":"","_VenueZip":"","_VenuePhone":"","_VenueURL":"","_VenueStateProvince":"","_VenueLat":"","_VenueLng":"","_VenueShowMap":false,"_VenueShowMapLink":false,"_tribe_blocks_recurrence_rules":"","_tribe_blocks_recurrence_description":"","_tribe_blocks_recurrence_exclusions":"","banner-text":"","banner-text-color":"","button-text":"","button-text-color":"","button-link":"","has-button-icon":"","background-color":"","has-background-icon":"","background-icon-color":"","second-featured-image":"","footnotes":""},"class_list":["post-27521","page","type-page","status-publish","hentry"],"aioseo_notices":[],"_links":{"self":[{"href":"https:\/\/www.vayahealth.com\/es\/wp-json\/wp\/v2\/pages\/27521","targetHints":{"allow":["GET"]}}],"collection":[{"href":"https:\/\/www.vayahealth.com\/es\/wp-json\/wp\/v2\/pages"}],"about":[{"href":"https:\/\/www.vayahealth.com\/es\/wp-json\/wp\/v2\/types\/page"}],"author":[{"embeddable":true,"href":"https:\/\/www.vayahealth.com\/es\/wp-json\/wp\/v2\/users\/62"}],"replies":[{"embeddable":true,"href":"https:\/\/www.vayahealth.com\/es\/wp-json\/wp\/v2\/comments?post=27521"}],"version-history":[{"count":0,"href":"https:\/\/www.vayahealth.com\/es\/wp-json\/wp\/v2\/pages\/27521\/revisions"}],"wp:attachment":[{"href":"https:\/\/www.vayahealth.com\/es\/wp-json\/wp\/v2\/media?parent=27521"}],"curies":[{"name":"wp","href":"https:\/\/api.w.org\/{rel}","templated":true}]}}