{"id":28774,"date":"2022-11-07T16:11:17","date_gmt":"2022-11-07T21:11:17","guid":{"rendered":"https:\/\/www.vayahealth.com\/?page_id=28774"},"modified":"2025-09-24T15:56:38","modified_gmt":"2025-09-24T19:56:38","slug":"vaya-health-website-survey","status":"publish","type":"page","link":"https:\/\/www.vayahealth.com\/es\/vaya-health-website-survey\/","title":{"rendered":"Vaya Health Encuesta sobre el sitio web"},"content":{"rendered":"<section class=\"gb-container gb-container-fdcb37e1\"><div class=\"gb-inside-container\">\n\n<div class=\"gb-element-9bae3d2c\" id=\"feedback-survey\">\n<iframe loading=\"lazy\" width=\"100%\" height=\"1000px\" src=\"https:\/\/forms.office.com\/Pages\/ResponsePage.aspx?id=scCRr9-7Bk68M0GOJpR0MjeblLT8gg9NpWD2SzoAaSFUNUZaWlkxSDVHM0ZRRTlDVVJMNkZTNDY2My4u&#038;embed=true\" frameborder=\"0\" marginwidth=\"0\" marginheight=\"0\" style=\"border: none; max-width:100%; max-height:100vh\" allowfullscreen webkitallowfullscreen mozallowfullscreen msallowfullscreen> <\/iframe>\n<\/div>\n\n\n<div class=\"gb-container gb-container-0e13b719\"><div class=\"gb-inside-container\">\n\n<p>Gracias por visitar Vaya Health en l\u00ednea. Esta breve encuesta nos ayudar\u00e1 a saber c\u00f3mo podemos seguir mejorando nuestro sitio web para ofrecerle la mejor experiencia. La encuesta es an\u00f3nima, lo que significa que no le pedimos informaci\u00f3n personal.<\/p>\n\n\n\n<h3 class=\"gb-headline gb-headline-7e2c7c29 gb-headline-text\">\u00bfOtros comentarios?<\/h3>\n\n\n\n<p>Si desea dejarnos su opini\u00f3n sobre una experiencia que haya tenido con un empleado de Vaya, presentar una queja o denuncia, o denunciar un fraude, despilfarro o abuso, visite nuestra p\u00e1gina web <a href=\"https:\/\/secure.ethicspoint.com\/domain\/media\/en\/gui\/83990\/index.html\" target=\"_blank\" rel=\"noopener\" title=\"\">Portal EthicsPoint<\/a> o llame a nuestra L\u00ednea de Atenci\u00f3n a Socios y Beneficiarios al <a href=\"tel:1-800-962-9003\" target=\"_blank\" rel=\"noopener\" title=\"\">1-800-962-9003<\/a>De 7.00 a 18.00 horas, de lunes a s\u00e1bado.<\/p>\n\n<\/div><\/div>\n<\/div><\/section>","protected":false},"excerpt":{"rendered":"<p>Thank you for visiting Vaya Health online. This short survey will help us learn how we can continue to improve our website to provide you with the best experience. The [&hellip;]<\/p>\n","protected":false},"author":62,"featured_media":50067,"parent":0,"menu_order":26,"comment_status":"closed","ping_status":"closed","template":"breadcrumbs","meta":{"_tec_requires_first_save":true,"_price":"","_stock":"","_tribe_ticket_header":"","_tribe_default_ticket_provider":"","_tribe_ticket_capacity":"0","_ticket_start_date":"","_ticket_end_date":"","_tribe_ticket_show_description":"","_tribe_ticket_show_not_going":false,"_tribe_ticket_use_global_stock":"","_tribe_ticket_global_stock_level":"","_global_stock_mode":"","_global_stock_cap":"","_tribe_rsvp_for_event":"","_tribe_ticket_going_count":"","_tribe_ticket_not_going_count":"","_tribe_tickets_list":"[]","_tribe_ticket_has_attendee_info_fields":false,"_EventAllDay":false,"_EventTimezone":"","_EventStartDate":"","_EventEndDate":"","_EventStartDateUTC":"","_EventEndDateUTC":"","_EventShowMap":false,"_EventShowMapLink":false,"_EventURL":"","_EventCost":"","_EventCostDescription":"","_EventCurrencySymbol":"","_EventCurrencyCode":"","_EventCurrencyPosition":"","_EventDateTimeSeparator":"","_EventTimeRangeSeparator":"","_EventOrganizerID":[],"_EventVenueID":[],"_OrganizerEmail":"","_OrganizerPhone":"","_OrganizerWebsite":"","_VenueAddress":"","_VenueCity":"","_VenueCountry":"","_VenueProvince":"","_VenueState":"","_VenueZip":"","_VenuePhone":"","_VenueURL":"","_VenueStateProvince":"","_VenueLat":"","_VenueLng":"","_VenueShowMap":false,"_VenueShowMapLink":false,"_tribe_blocks_recurrence_rules":"","_tribe_blocks_recurrence_description":"","_tribe_blocks_recurrence_exclusions":"","banner-text":"","banner-text-color":"","button-text":"","button-text-color":"","button-link":"","has-button-icon":"","background-color":"","has-background-icon":"","background-icon-color":"","second-featured-image":"","footnotes":""},"class_list":["post-28774","page","type-page","status-publish","has-post-thumbnail","hentry"],"aioseo_notices":[],"_links":{"self":[{"href":"https:\/\/www.vayahealth.com\/es\/wp-json\/wp\/v2\/pages\/28774","targetHints":{"allow":["GET"]}}],"collection":[{"href":"https:\/\/www.vayahealth.com\/es\/wp-json\/wp\/v2\/pages"}],"about":[{"href":"https:\/\/www.vayahealth.com\/es\/wp-json\/wp\/v2\/types\/page"}],"author":[{"embeddable":true,"href":"https:\/\/www.vayahealth.com\/es\/wp-json\/wp\/v2\/users\/62"}],"replies":[{"embeddable":true,"href":"https:\/\/www.vayahealth.com\/es\/wp-json\/wp\/v2\/comments?post=28774"}],"version-history":[{"count":0,"href":"https:\/\/www.vayahealth.com\/es\/wp-json\/wp\/v2\/pages\/28774\/revisions"}],"wp:featuredmedia":[{"embeddable":true,"href":"https:\/\/www.vayahealth.com\/es\/wp-json\/wp\/v2\/media\/50067"}],"wp:attachment":[{"href":"https:\/\/www.vayahealth.com\/es\/wp-json\/wp\/v2\/media?parent=28774"}],"curies":[{"name":"wp","href":"https:\/\/api.w.org\/{rel}","templated":true}]}}