{"id":3083,"date":"2016-07-18T21:05:09","date_gmt":"2016-07-19T01:05:09","guid":{"rendered":"http:\/\/vayahealth.com\/?page_id=3083"},"modified":"2025-08-26T15:18:08","modified_gmt":"2025-08-26T19:18:08","slug":"financial-information","status":"publish","type":"page","link":"https:\/\/www.vayahealth.com\/es\/about\/transparency\/financial-information\/","title":{"rendered":"Informaci\u00f3n financiera"},"content":{"rendered":"<div>\n<p>Vaya Health trabaja en estrecha colaboraci\u00f3n con el Comit\u00e9 de Finanzas de nuestro Consejo de Administraci\u00f3n para desarrollar y administrar el presupuesto anual de la organizaci\u00f3n. Nuestro objetivo es garantizar el cumplimiento presupuestario de los requisitos del Departamento de Salud y Servicios Humanos de Carolina del Norte, los principios de contabilidad generalmente aceptados y las leyes, normas y reglamentos estatales y federales aplicables.<\/p>\n\n\n\n<p>Queremos que el presupuesto y otros documentos financieros relevantes sean f\u00e1cilmente accesibles para nuestra comunidad. Los residentes de nuestros condados constituyentes tienen un inter\u00e9s clave en el trabajo que hacemos y en c\u00f3mo gestionamos nuestro dinero.<\/p>\n\n\n\n<ul class=\"wp-block-list\">\n<li><a href=\"\/es\/resources\/2025-26-proposed-budget-packet\/\" target=\"_blank\" rel=\"noopener\" title=\"\">2025-26 Paquete presupuestario aprobado<\/a><\/li>\n\n\n\n<li><a href=\"https:\/\/www.vayahealth.com\/es\/resources\/2024-25-proposed-budget-packet-2\/\" target=\"_blank\" rel=\"noopener\" title=\"\">2024-25 Paquete de Presupuesto Aprobado<\/a><\/li>\n\n\n\n<li><a href=\"https:\/\/www.vayahealth.com\/es\/resources\/vaya-health-audited-financial-statements-june-30-2022\/\" target=\"_blank\" rel=\"noopener\" title=\"\">Estados financieros auditados<\/a><\/li>\n<\/ul>\n\n\n\n<p>Si no encuentra la informaci\u00f3n presupuestaria que busca, env\u00ede un correo electr\u00f3nico a <a href=\"mailto:legalandcompliance@vayahealth.com\">legalandcompliance@vayahealth.com<\/a>.<\/p>\n<\/div>","protected":false},"excerpt":{"rendered":"<p>Vaya Health works closely with our Board of Directors\u2019 Finance Committee to develop and administer the annual organization budget. Our goal is to ensure budgetary compliance with North Carolina Department [&hellip;]<\/p>\n","protected":false},"author":62,"featured_media":50056,"parent":9333,"menu_order":97,"comment_status":"closed","ping_status":"closed","template":"breadcrumbs","meta":{"_tec_requires_first_save":true,"_price":"","_stock":"","_tribe_ticket_header":"","_tribe_default_ticket_provider":"","_tribe_ticket_capacity":"0","_ticket_start_date":"","_ticket_end_date":"","_tribe_ticket_show_description":"","_tribe_ticket_show_not_going":false,"_tribe_ticket_use_global_stock":"","_tribe_ticket_global_stock_level":"","_global_stock_mode":"","_global_stock_cap":"","_tribe_rsvp_for_event":"","_tribe_ticket_going_count":"","_tribe_ticket_not_going_count":"","_tribe_tickets_list":"[]","_tribe_ticket_has_attendee_info_fields":false,"_EventAllDay":false,"_EventTimezone":"","_EventStartDate":"","_EventEndDate":"","_EventStartDateUTC":"","_EventEndDateUTC":"","_EventShowMap":false,"_EventShowMapLink":false,"_EventURL":"","_EventCost":"","_EventCostDescription":"","_EventCurrencySymbol":"","_EventCurrencyCode":"","_EventCurrencyPosition":"","_EventDateTimeSeparator":"","_EventTimeRangeSeparator":"","_EventOrganizerID":[],"_EventVenueID":[],"_OrganizerEmail":"","_OrganizerPhone":"","_OrganizerWebsite":"","_VenueAddress":"","_VenueCity":"","_VenueCountry":"","_VenueProvince":"","_VenueState":"","_VenueZip":"","_VenuePhone":"","_VenueURL":"","_VenueStateProvince":"","_VenueLat":"","_VenueLng":"","_VenueShowMap":false,"_VenueShowMapLink":false,"_tribe_blocks_recurrence_rules":"","_tribe_blocks_recurrence_description":"","_tribe_blocks_recurrence_exclusions":"","banner-text":"","banner-text-color":"","button-text":"","button-text-color":"","button-link":"","has-button-icon":"","background-color":"","has-background-icon":"","background-icon-color":"","second-featured-image":"","footnotes":""},"class_list":["post-3083","page","type-page","status-publish","has-post-thumbnail","hentry"],"aioseo_notices":[],"_links":{"self":[{"href":"https:\/\/www.vayahealth.com\/es\/wp-json\/wp\/v2\/pages\/3083","targetHints":{"allow":["GET"]}}],"collection":[{"href":"https:\/\/www.vayahealth.com\/es\/wp-json\/wp\/v2\/pages"}],"about":[{"href":"https:\/\/www.vayahealth.com\/es\/wp-json\/wp\/v2\/types\/page"}],"author":[{"embeddable":true,"href":"https:\/\/www.vayahealth.com\/es\/wp-json\/wp\/v2\/users\/62"}],"replies":[{"embeddable":true,"href":"https:\/\/www.vayahealth.com\/es\/wp-json\/wp\/v2\/comments?post=3083"}],"version-history":[{"count":0,"href":"https:\/\/www.vayahealth.com\/es\/wp-json\/wp\/v2\/pages\/3083\/revisions"}],"up":[{"embeddable":true,"href":"https:\/\/www.vayahealth.com\/es\/wp-json\/wp\/v2\/pages\/9333"}],"wp:featuredmedia":[{"embeddable":true,"href":"https:\/\/www.vayahealth.com\/es\/wp-json\/wp\/v2\/media\/50056"}],"wp:attachment":[{"href":"https:\/\/www.vayahealth.com\/es\/wp-json\/wp\/v2\/media?parent=3083"}],"curies":[{"name":"wp","href":"https:\/\/api.w.org\/{rel}","templated":true}]}}