{"id":31319,"date":"2023-02-21T03:17:30","date_gmt":"2023-02-21T08:17:30","guid":{"rendered":"https:\/\/www.vayahealth.com\/?page_id=31319"},"modified":"2026-04-29T15:31:24","modified_gmt":"2026-04-29T19:31:24","slug":"crisis-intervention-team-training","status":"publish","type":"page","link":"https:\/\/www.vayahealth.com\/es\/get-help\/education-training\/crisis-intervention-team-training\/","title":{"rendered":"Formaci\u00f3n de equipos de intervenci\u00f3n en crisis"},"content":{"rendered":"<div class=\"gb-container gb-container-056d4f46\"><div class=\"gb-inside-container\">\n<div class=\"gb-container gb-container-bedd80ca\"><div class=\"gb-inside-container\">\n\n<p>La formaci\u00f3n del Equipo de Intervenci\u00f3n en Crisis (CIT, por sus siglas en ingl\u00e9s) fomenta la colaboraci\u00f3n entre las fuerzas del orden y los primeros intervinientes, los profesionales de la salud mental y las personas y familias afectadas por trastornos mentales o por el consumo de sustancias, discapacidades intelectuales o del desarrollo y lesiones cerebrales traum\u00e1ticas.<\/p>\n\n\n\n<p>El CIT tiene como objetivo desviar a las personas del sistema de justicia penal identificando alternativas y conect\u00e1ndolas con la atenci\u00f3n adecuada.<\/p>\n\n\n\n<p>Dise\u00f1ado para mejorar la seguridad, el CIT ayuda a reducir las situaciones de crisis, orientar a las personas hacia los servicios de salud conductual adecuados, reforzar las relaciones con la comunidad y reducir las detenciones.<\/p>\n\n\n\n<p>Basado en el \"Modelo de Memphis\", desarrollado en 1988, el CIT se ha convertido en una buena pr\u00e1ctica ampliamente reconocida, con recursos disponibles a trav\u00e9s de <a href=\"https:\/\/citinternational.org\/\" target=\"_blank\" rel=\"noreferrer noopener\">CIT Internacional<\/a>.<\/p>\n\n<\/div><\/div>\n\n\n<div class=\"gb-element-23120a28\" id=\"cs-cit\">\n<h3 class=\"gb-text\">Spotlight Carolina destaca el programa de formaci\u00f3n CIT de Vaya Health<\/h3>\n\n\n\n<figure class=\"wp-block-embed is-type-video is-provider-vimeo wp-block-embed-vimeo wp-embed-aspect-16-9 wp-has-aspect-ratio\"><div class=\"wp-block-embed__wrapper\">\n<iframe loading=\"lazy\" title=\"Destacado Programa CIT de Carolina\" src=\"https:\/\/player.vimeo.com\/video\/1089832219?dnt=1&amp;app_id=122963\" width=\"500\" height=\"281\" frameborder=\"0\" allow=\"autoplay; fullscreen; picture-in-picture; clipboard-write; encrypted-media; web-share\" referrerpolicy=\"strict-origin-when-cross-origin\"><\/iframe>\n<\/div><\/figure>\n<\/div>\n\n\n<div class=\"gb-container gb-container-47e55f3f\">\n\n<hr class=\"wp-block-separator has-alpha-channel-opacity\"\/>\n\n\n<div class=\"gb-container gb-container-05846362\"><div class=\"gb-inside-container\">\n\n<h2 class=\"gb-headline gb-headline-72dd88d2 gb-headline-text\">Formaci\u00f3n CIT con Vaya Health<\/h2>\n\n\n\n<p>M\u00e1s de 1.800 primeros intervinientes -entre ellos fuerzas del orden, personal de servicios m\u00e9dicos de urgencia, bomberos, telecomunicadores y funcionarios de prisiones- han recibido formaci\u00f3n en CIT con Vaya.<\/p>\n\n\n\n<p>Las formaciones CIT est\u00e1n dirigidas por coordinadores CIT experimentados del Vaya, agentes de la ley y primeros intervinientes, representantes de la Alianza Nacional de Enfermedades Mentales (NAMI), proveedores de atenci\u00f3n sanitaria y\/o familiares con experiencia vivida. Durante las sesiones, los profesionales de la salud conductual, I\/DD y TBI comparten su experiencia y se comprometen con los participantes.<\/p>\n\n\n\n<p>La formaci\u00f3n en CIT se adapta a las necesidades de la comunidad. El curso completo es de 40 horas, con cursos de actualizaci\u00f3n disponibles para satisfacer las necesidades individualizadas de cada organismo. Los colegios comunitarios ofrecen horas de formaci\u00f3n continua por la realizaci\u00f3n de la formaci\u00f3n CIT.<\/p>\n\n\n\n<p>Para m\u00e1s informaci\u00f3n, env\u00ede un correo electr\u00f3nico a <a href=\"mailto:CIT@vayahealth.com\" target=\"_blank\" rel=\"noopener\" title=\"\">CIT@vayahealth.com<\/a>.<\/p>\n\n<\/div><\/div>\n\n<div class=\"gb-container gb-container-cd254e70\"><div class=\"gb-inside-container\">\n\n<figure class=\"wp-block-embed is-type-video is-provider-vimeo wp-block-embed-vimeo wp-embed-aspect-16-9 wp-has-aspect-ratio\"><div class=\"wp-block-embed__wrapper\">\n<iframe loading=\"lazy\" title=\"Video de Capacitaci\u00f3n CIT\" src=\"https:\/\/player.vimeo.com\/video\/733701313?dnt=1&amp;app_id=122963\" width=\"500\" height=\"281\" frameborder=\"0\" allow=\"autoplay; fullscreen; picture-in-picture; clipboard-write; encrypted-media; web-share\" referrerpolicy=\"strict-origin-when-cross-origin\"><\/iframe>\n<\/div><\/figure>\n\n<\/div><\/div>\n\n\n<div class=\"gb-element-1303d766\">\n<h3 class=\"gb-text\">El modelo de co-respondedor<\/h3>\n\n\n\n<p>Los modelos de corresponsales son cada vez m\u00e1s populares en todo el pa\u00eds. Vaya apoya el uso de programas de corresponsales en nuestra regi\u00f3n. Este enfoque empareja a los primeros intervinientes con profesionales de la salud conductual para ayudar a las personas que sufren una crisis.<\/p>\n\n\n\n<p>El objetivo de este modelo es ofrecer una respuesta m\u00e1s compasiva y eficaz, garantizando la disponibilidad de profesionales formados para reducir la intensidad de las situaciones y poner a las personas en contacto con los servicios.<\/p>\n<\/div>\n\n\n\n<div>\n<h3 class=\"gb-text\">El modelo de intercepci\u00f3n secuencial<\/h3>\n\n\n\n<p>El Modelo de Interceptaci\u00f3n Secuencial (SIM) fue dise\u00f1ado para ayudar a las comunidades a responder a la implicaci\u00f3n de las personas con trastornos de salud mental y consumo de sustancias en el sistema de justicia penal. El mapeo del SIM es una sesi\u00f3n colaborativa y facilitada que permite a los participantes visualizar los caminos desde la comunidad hasta el sistema de justicia penal, y viceversa, a trav\u00e9s de seis puntos clave de intercepci\u00f3n.<\/p>\n\n\n\n<p>Este proceso de mapeo ayuda a las comunidades a identificar los recursos disponibles, reconocer las lagunas en los servicios y descubrir nuevas oportunidades en cada punto de intercepci\u00f3n. A partir de ah\u00ed, las personas desarrollan planes estrat\u00e9gicos personalizados para reforzar las opciones de apoyo y tratamiento, mejorando en \u00faltima instancia los resultados para las personas en crisis.<\/p>\n\n\n\n<p>Si su comunidad est\u00e1 interesada en participar en una sesi\u00f3n de cartograf\u00eda SIM, env\u00ede un correo electr\u00f3nico a <a href=\"mailto:CIT@vayahealth.com\" target=\"_blank\" rel=\"noopener\" title=\"\">CIT@vayahealth.com<\/a>. Tambi\u00e9n puede completar el <a href=\"https:\/\/forms.office.com\/pages\/responsepage.aspx?id=3IF2etC5mkSFw-zCbNftGf_SaQ_4H49GpK8GB5GTPEBUNjlBMlVWMklGWTZES1BWQkQ1QzBVVFBRNCQlQCN0PWcu&amp;route=shorturl\" target=\"_blank\" rel=\"noopener\" title=\"\">Formulario de solicitud de taller de cartograf\u00eda de modelos de intercepci\u00f3n secuencial<\/a>.<\/p>\n\n\n\n<hr class=\"wp-block-separator has-alpha-channel-opacity\"\/>\n<\/div>\n\n\n<div class=\"gb-container gb-container-82ed7b01 d-none\"><div class=\"gb-inside-container\">\n<div class=\"gb-grid-wrapper gb-grid-wrapper-5aa9db28\">\n<div class=\"gb-grid-column gb-grid-column-3172887e\"><div class=\"gb-container gb-container-3172887e box-shadow\"><div class=\"gb-inside-container\">\n\n<p>\"CIT ayuda a nuestros oficiales a satisfacer las necesidades de los miembros de la comunidad que experimentan una crisis, que a menudo es diferente de un asunto penal tradicional\".<\/p>\n\n\n\n<h5 class=\"gb-headline gb-headline-8db9be17 gb-headline-text\">Brent Phelps,<\/h5>\n\n\n\n<p>Jefe, Departamento de Polic\u00eda de Lenoir<\/p>\n\n<\/div><\/div><\/div>\n\n<div class=\"gb-grid-column gb-grid-column-176c60b2\"><div class=\"gb-container gb-container-176c60b2 box-shadow\"><div class=\"gb-inside-container\">\n\n<p>Nuestros empleados est\u00e1n ahora mejor equipados con los conocimientos que necesitan para ofrecer un mayor nivel de atenci\u00f3n a los pacientes de salud conductual.<\/p>\n\n\n\n<h5 class=\"gb-headline gb-headline-bac0b691 gb-headline-text\">William Kehler<\/h5>\n\n\n\n<p>Director del SME, Condado de McDowell<\/p>\n\n<\/div><\/div><\/div>\n\n<div class=\"gb-grid-column gb-grid-column-de97f8e5\"><div class=\"gb-container gb-container-de97f8e5 box-shadow\"><div class=\"gb-inside-container\">\n\n<p>\"El CIT ha sido decisivo para nuestros conocimientos y habilidades relacionados con la creciente epidemia de salud mental y consumo de sustancias en nuestra comunidad\".<\/p>\n\n\n\n<h5 class=\"gb-headline gb-headline-b4fb85cf gb-headline-text\">Joseph Vindigni<\/h5>\n\n\n\n<p>Jefe, Departamento de Bomberos de Hendersonville<\/p>\n\n<\/div><\/div><\/div>\n\n<div class=\"gb-grid-column gb-grid-column-1d12aeff\"><div class=\"gb-container gb-container-1d12aeff\"><div class=\"gb-inside-container\"><\/div><\/div><\/div>\n<\/div>\n<\/div><\/div>\n<\/div>\n\n<div class=\"gb-container gb-container-becffea0\"><div class=\"gb-inside-container\">\n<div class=\"gb-container gb-container-fdf3cdcd\"><div class=\"gb-inside-container\">\n\n<h2 class=\"gb-headline gb-headline-6a57799b gb-headline-text\">Descargar materiales del programa CIT<\/h2>\n\n\n\n<p>Seleccione un enlace a continuaci\u00f3n para descargar materiales para su formaci\u00f3n CIT.<\/p>\n\n\n<div class=\"gb-grid-wrapper gb-grid-wrapper-99d3ee22\">\n<div class=\"gb-grid-column gb-grid-column-eeb1b6e8\"><div class=\"gb-container gb-container-eeb1b6e8 box-shadow\"><div class=\"gb-inside-container\">\n\n<figure class=\"wp-block-image size-full is-resized\"><img loading=\"lazy\" decoding=\"async\" width=\"350\" height=\"232\" src=\"https:\/\/www.vayahealth.com\/wp-content\/uploads\/2025\/02\/Police-Car-Siren-Traffic-Stop.webp\" alt=\"\" class=\"wp-image-49289\" style=\"width:349px\" srcset=\"https:\/\/www.vayahealth.com\/wp-content\/uploads\/2025\/02\/Police-Car-Siren-Traffic-Stop.webp 350w, https:\/\/www.vayahealth.com\/wp-content\/uploads\/2025\/02\/Police-Car-Siren-Traffic-Stop-300x199.webp 300w, https:\/\/www.vayahealth.com\/wp-content\/uploads\/2025\/02\/Police-Car-Siren-Traffic-Stop-18x12.webp 18w\" sizes=\"auto, (max-width: 350px) 100vw, 350px\" \/><\/figure>\n\n\n\n<p class=\"gb-headline gb-headline-8cb5ea2c gb-headline-text\"><strong>Vance, Granville, Franklin, y Person CIT<\/strong><\/p>\n\n\n\n<p class=\"gb-headline gb-headline-5a288e90 gb-headline-text vaya-arrow-list\"><strong><a href=\"https:\/\/www.vayahealth.com\/es\/get-help\/education-training\/crisis-intervention-team-training\/granville-expo-convention-center-cit\/\" target=\"_blank\" rel=\"noopener\" title=\"\">Descargar ahora<\/a><\/strong><\/p>\n\n\n\n<p class=\"gb-headline gb-headline-dcbf45f7 gb-headline-text\">Pr\u00f3ximamente<\/p>\n\n<\/div><\/div><\/div>\n\n<div class=\"gb-grid-column gb-grid-column-453a88ff\"><div class=\"gb-container gb-container-453a88ff box-shadow\"><div class=\"gb-inside-container\">\n\n<figure class=\"wp-block-image size-full is-resized\"><img loading=\"lazy\" decoding=\"async\" width=\"350\" height=\"229\" src=\"https:\/\/www.vayahealth.com\/wp-content\/uploads\/2025\/02\/Police-Officer-Police-Car.webp\" alt=\"Agente de polic\u00eda de pie en primer plano con un coche de polic\u00eda con las sirenas encendidas al fondo.\" class=\"wp-image-49290\" style=\"width:349px\" srcset=\"https:\/\/www.vayahealth.com\/wp-content\/uploads\/2025\/02\/Police-Officer-Police-Car.webp 350w, https:\/\/www.vayahealth.com\/wp-content\/uploads\/2025\/02\/Police-Officer-Police-Car-300x196.webp 300w, https:\/\/www.vayahealth.com\/wp-content\/uploads\/2025\/02\/Police-Officer-Police-Car-18x12.webp 18w\" sizes=\"auto, (max-width: 350px) 100vw, 350px\" \/><\/figure>\n\n\n\n<p class=\"gb-headline gb-headline-22944006 gb-headline-text\"><strong>CIT del condado de Rowan<\/strong><\/p>\n\n\n\n<p class=\"gb-headline gb-headline-021bf137 gb-headline-text vaya-arrow-list\"><strong><a href=\"https:\/\/www.vayahealth.com\/es\/get-help\/education-training\/crisis-intervention-team-training\/haywood-october-2023\/\" target=\"_blank\" rel=\"noopener\" title=\"\">Descargar ahora<\/a><\/strong><\/p>\n\n\n\n<p class=\"gb-headline gb-headline-2598f15d gb-headline-text\">Para mayo 4-8, 2026<\/p>\n\n<\/div><\/div><\/div>\n\n<div class=\"gb-grid-column gb-grid-column-bd6e56c8\"><div class=\"gb-container gb-container-bd6e56c8 box-shadow\"><div class=\"gb-inside-container\">\n\n<figure class=\"wp-block-image size-full is-resized\"><img loading=\"lazy\" decoding=\"async\" width=\"350\" height=\"233\" src=\"https:\/\/www.vayahealth.com\/wp-content\/uploads\/2025\/02\/Police-Standing-Around-Subject.webp\" alt=\"Agentes de polic\u00eda de pie alrededor de una persona que est\u00e1 sentada en un banco en una zona p\u00fablica.\" class=\"wp-image-49292\" style=\"width:349px\" srcset=\"https:\/\/www.vayahealth.com\/wp-content\/uploads\/2025\/02\/Police-Standing-Around-Subject.webp 350w, https:\/\/www.vayahealth.com\/wp-content\/uploads\/2025\/02\/Police-Standing-Around-Subject-300x200.webp 300w, https:\/\/www.vayahealth.com\/wp-content\/uploads\/2025\/02\/Police-Standing-Around-Subject-18x12.webp 18w\" sizes=\"auto, (max-width: 350px) 100vw, 350px\" \/><\/figure>\n\n\n\n<p class=\"gb-headline gb-headline-aebbdd7b gb-headline-text\"><strong>Condado de Caldwell CIT<\/strong><\/p>\n\n\n\n<p class=\"gb-headline gb-headline-051747d1 gb-headline-text vaya-arrow-list\"><strong><a href=\"https:\/\/www.vayahealth.com\/es\/get-help\/education-training\/crisis-intervention-team-training\/henderson-transylvania-cit\/\" target=\"_blank\" rel=\"noopener\" title=\"\">Descargar ahora<\/a><\/strong><\/p>\n\n\n\n<p class=\"gb-headline gb-headline-12b7ad91 gb-headline-text\">Para mayo 4-8, 2026<\/p>\n\n<\/div><\/div><\/div>\n<\/div>\n<\/div><\/div>\n<\/div><\/div>\n<\/div><\/div>","protected":false},"excerpt":{"rendered":"<p>Crisis Intervention Team (CIT) training fosters a collaborative partnership among law enforcement\/first responders, behavioral health providers, and individuals and families affected by mental health or substance use disorders, intellectual\/developmental disabilities [&hellip;]<\/p>\n","protected":false},"author":62,"featured_media":51184,"parent":36770,"menu_order":78,"comment_status":"closed","ping_status":"closed","template":"breadcrumbs","meta":{"_tec_requires_first_save":true,"_price":"","_stock":"","_tribe_ticket_header":"","_tribe_default_ticket_provider":"","_tribe_ticket_capacity":"0","_ticket_start_date":"","_ticket_end_date":"","_tribe_ticket_show_description":"","_tribe_ticket_show_not_going":false,"_tribe_ticket_use_global_stock":"","_tribe_ticket_global_stock_level":"","_global_stock_mode":"","_global_stock_cap":"","_tribe_rsvp_for_event":"","_tribe_ticket_going_count":"","_tribe_ticket_not_going_count":"","_tribe_tickets_list":"[]","_tribe_ticket_has_attendee_info_fields":false,"_EventAllDay":false,"_EventTimezone":"","_EventStartDate":"","_EventEndDate":"","_EventStartDateUTC":"","_EventEndDateUTC":"","_EventShowMap":false,"_EventShowMapLink":false,"_EventURL":"","_EventCost":"","_EventCostDescription":"","_EventCurrencySymbol":"","_EventCurrencyCode":"","_EventCurrencyPosition":"","_EventDateTimeSeparator":"","_EventTimeRangeSeparator":"","_EventOrganizerID":[],"_EventVenueID":[],"_OrganizerEmail":"","_OrganizerPhone":"","_OrganizerWebsite":"","_VenueAddress":"","_VenueCity":"","_VenueCountry":"","_VenueProvince":"","_VenueState":"","_VenueZip":"","_VenuePhone":"","_VenueURL":"","_VenueStateProvince":"","_VenueLat":"","_VenueLng":"","_VenueShowMap":false,"_VenueShowMapLink":false,"_tribe_blocks_recurrence_rules":"","_tribe_blocks_recurrence_description":"","_tribe_blocks_recurrence_exclusions":"","banner-text":"","banner-text-color":"","button-text":"","button-text-color":"","button-link":"","has-button-icon":"","background-color":"","has-background-icon":"","background-icon-color":"","second-featured-image":"","footnotes":""},"class_list":["post-31319","page","type-page","status-publish","has-post-thumbnail","hentry"],"aioseo_notices":[],"_links":{"self":[{"href":"https:\/\/www.vayahealth.com\/es\/wp-json\/wp\/v2\/pages\/31319","targetHints":{"allow":["GET"]}}],"collection":[{"href":"https:\/\/www.vayahealth.com\/es\/wp-json\/wp\/v2\/pages"}],"about":[{"href":"https:\/\/www.vayahealth.com\/es\/wp-json\/wp\/v2\/types\/page"}],"author":[{"embeddable":true,"href":"https:\/\/www.vayahealth.com\/es\/wp-json\/wp\/v2\/users\/62"}],"replies":[{"embeddable":true,"href":"https:\/\/www.vayahealth.com\/es\/wp-json\/wp\/v2\/comments?post=31319"}],"version-history":[{"count":3,"href":"https:\/\/www.vayahealth.com\/es\/wp-json\/wp\/v2\/pages\/31319\/revisions"}],"predecessor-version":[{"id":57624,"href":"https:\/\/www.vayahealth.com\/es\/wp-json\/wp\/v2\/pages\/31319\/revisions\/57624"}],"up":[{"embeddable":true,"href":"https:\/\/www.vayahealth.com\/es\/wp-json\/wp\/v2\/pages\/36770"}],"wp:featuredmedia":[{"embeddable":true,"href":"https:\/\/www.vayahealth.com\/es\/wp-json\/wp\/v2\/media\/51184"}],"wp:attachment":[{"href":"https:\/\/www.vayahealth.com\/es\/wp-json\/wp\/v2\/media?parent=31319"}],"curies":[{"name":"wp","href":"https:\/\/api.w.org\/{rel}","templated":true}]}}