{"id":31388,"date":"2023-02-23T15:29:10","date_gmt":"2023-02-23T20:29:10","guid":{"rendered":"https:\/\/www.vayahealth.com\/?page_id=31388"},"modified":"2026-03-10T14:27:28","modified_gmt":"2026-03-10T18:27:28","slug":"ltss-mac","status":"publish","type":"page","link":"https:\/\/www.vayahealth.com\/es\/about\/committees\/ltss-mac\/","title":{"rendered":"Comit\u00e9 Consultivo de Miembros de Servicios y Ayudas a Largo Plazo"},"content":{"rendered":"<div>\n<div>\n<p>El Comit\u00e9 Asesor de Miembros de Servicios y Ayudas a Largo Plazo (LTSS) proporciona informaci\u00f3n y asesoramiento a las partes interesadas sobre los LTSS cubiertos por el Vaya, incluida la atenci\u00f3n prestada en el hogar, en entornos comunitarios o en centros como residencias de ancianos.<\/p>\n\n\n\n<p>El comit\u00e9 cumple todos los requisitos de&nbsp;<a href=\"https:\/\/www.ecfr.gov\/current\/title-42\/chapter-IV\/subchapter-C\/part-438\/subpart-C\/section-438.110\" target=\"_blank\" rel=\"noopener\" title=\"\">42 C.F.R. \u00a7 438.110<\/a>.<\/p>\n<\/div>\n\n\n\n<div>\n<h2 class=\"gb-text\">\u00bfQu\u00e9 hace un miembro de LTSS?<\/h2>\n\n\n\n<p>El Comit\u00e9 Consultivo de Miembros de LTSS revisa los informes pertinentes del Vaya y aporta sus comentarios al respecto. Las aportaciones del comit\u00e9 sirven como sistema de alerta temprana de problemas emergentes relacionados con la experiencia de los miembros y la calidad de la atenci\u00f3n. El Departamento de Gesti\u00f3n de la Calidad de Vaya revisa cualquier preocupaci\u00f3n espec\u00edfica del comit\u00e9 y ayuda a coordinar las resoluciones, remite los problemas para su investigaci\u00f3n seg\u00fan sea necesario, e informa al Comit\u00e9 de Mejora de la Calidad de Vaya.<\/p>\n<\/div>\n\n\n\n<div>\n<h3 class=\"gb-text\">Composici\u00f3n del comit\u00e9 consultivo de miembros de LTSS<\/h3>\n\n\n\n<p>El Comit\u00e9 est\u00e1 compuesto por:<\/p>\n\n\n\n<ul class=\"wp-block-list\">\n<li>Miembros que reciben LTSS y sus representantes autorizados<\/li>\n\n\n\n<li>Proveedores de LTSS<\/li>\n\n\n\n<li>Gestores de cuidados de consultas de Advanced Medical Home Plus y agencias de gesti\u00f3n de cuidados que atienden a afiliados con necesidades de LTSS.<\/li>\n\n\n\n<li>Vaya personal que participa en la autorizaci\u00f3n de LTSS o la gesti\u00f3n de la atenci\u00f3n de los miembros que utilizan LTSS<\/li>\n<\/ul>\n\n\n\n<p>Para m\u00e1s informaci\u00f3n, llame al <a href=\"tel:18008936246\" target=\"_blank\" rel=\"noopener\" title=\"\">1-800-893-6246<\/a> y pida hablar con un miembro del Equipo de Participaci\u00f3n de los Miembros.<\/p>\n<\/div>\n\n\n\n<div class=\"gb-element-5d56033b\">\n<h3 class=\"gb-text gb-text-86301dca\">\u00bfLe interesa formar parte del Comit\u00e9 LTSS?<\/h3>\n\n\n\n<div class=\"wp-block-buttons is-content-justification-center is-layout-flex wp-container-core-buttons-is-layout-5b5d3e20 wp-block-buttons-is-layout-flex\" style=\"margin-bottom:var(--wp--preset--spacing--60);padding-top:var(--wp--preset--spacing--40)\">\n<div class=\"wp-block-button\"><a class=\"wp-block-button__link has-white-color has-vaya-blue-background-color has-text-color has-background has-link-color has-text-align-center wp-element-button\" href=\"\/es\/about\/committees\/ltss-mac\/ltss-mac-membership-application\/\">Solicitar en l\u00ednea<\/a><\/div>\n<\/div>\n<\/div>\n<\/div>","protected":false},"excerpt":{"rendered":"<p>The Long-Term Services and Supports (LTSS) Member Advisory Committee provides stakeholder input and advice about the LTSS covered by Vaya, including care provided in the home, in community-based settings, or [&hellip;]<\/p>\n","protected":false},"author":62,"featured_media":31393,"parent":22870,"menu_order":105,"comment_status":"closed","ping_status":"closed","template":"breadcrumbs","meta":{"_tec_requires_first_save":true,"_price":"","_stock":"","_tribe_ticket_header":"","_tribe_default_ticket_provider":"","_tribe_ticket_capacity":"0","_ticket_start_date":"","_ticket_end_date":"","_tribe_ticket_show_description":"","_tribe_ticket_show_not_going":false,"_tribe_ticket_use_global_stock":"","_tribe_ticket_global_stock_level":"","_global_stock_mode":"","_global_stock_cap":"","_tribe_rsvp_for_event":"","_tribe_ticket_going_count":"","_tribe_ticket_not_going_count":"","_tribe_tickets_list":"[]","_tribe_ticket_has_attendee_info_fields":false,"_EventAllDay":false,"_EventTimezone":"","_EventStartDate":"","_EventEndDate":"","_EventStartDateUTC":"","_EventEndDateUTC":"","_EventShowMap":false,"_EventShowMapLink":false,"_EventURL":"","_EventCost":"","_EventCostDescription":"","_EventCurrencySymbol":"","_EventCurrencyCode":"","_EventCurrencyPosition":"","_EventDateTimeSeparator":"","_EventTimeRangeSeparator":"","_EventOrganizerID":[],"_EventVenueID":[],"_OrganizerEmail":"","_OrganizerPhone":"","_OrganizerWebsite":"","_VenueAddress":"","_VenueCity":"","_VenueCountry":"","_VenueProvince":"","_VenueState":"","_VenueZip":"","_VenuePhone":"","_VenueURL":"","_VenueStateProvince":"","_VenueLat":"","_VenueLng":"","_VenueShowMap":false,"_VenueShowMapLink":false,"_tribe_blocks_recurrence_rules":"","_tribe_blocks_recurrence_description":"","_tribe_blocks_recurrence_exclusions":"","banner-text":"","banner-text-color":"","button-text":"","button-text-color":"","button-link":"","has-button-icon":"","background-color":"","has-background-icon":"","background-icon-color":"","second-featured-image":"","footnotes":""},"class_list":["post-31388","page","type-page","status-publish","has-post-thumbnail","hentry"],"aioseo_notices":[],"_links":{"self":[{"href":"https:\/\/www.vayahealth.com\/es\/wp-json\/wp\/v2\/pages\/31388","targetHints":{"allow":["GET"]}}],"collection":[{"href":"https:\/\/www.vayahealth.com\/es\/wp-json\/wp\/v2\/pages"}],"about":[{"href":"https:\/\/www.vayahealth.com\/es\/wp-json\/wp\/v2\/types\/page"}],"author":[{"embeddable":true,"href":"https:\/\/www.vayahealth.com\/es\/wp-json\/wp\/v2\/users\/62"}],"replies":[{"embeddable":true,"href":"https:\/\/www.vayahealth.com\/es\/wp-json\/wp\/v2\/comments?post=31388"}],"version-history":[{"count":1,"href":"https:\/\/www.vayahealth.com\/es\/wp-json\/wp\/v2\/pages\/31388\/revisions"}],"predecessor-version":[{"id":56716,"href":"https:\/\/www.vayahealth.com\/es\/wp-json\/wp\/v2\/pages\/31388\/revisions\/56716"}],"up":[{"embeddable":true,"href":"https:\/\/www.vayahealth.com\/es\/wp-json\/wp\/v2\/pages\/22870"}],"wp:featuredmedia":[{"embeddable":true,"href":"https:\/\/www.vayahealth.com\/es\/wp-json\/wp\/v2\/media\/31393"}],"wp:attachment":[{"href":"https:\/\/www.vayahealth.com\/es\/wp-json\/wp\/v2\/media?parent=31388"}],"curies":[{"name":"wp","href":"https:\/\/api.w.org\/{rel}","templated":true}]}}