{"id":31527,"date":"2023-02-28T08:46:05","date_gmt":"2023-02-28T13:46:05","guid":{"rendered":"https:\/\/www.vayahealth.com\/?page_id=31527"},"modified":"2025-12-29T10:29:08","modified_gmt":"2025-12-29T15:29:08","slug":"child-family-wellness","status":"publish","type":"page","link":"https:\/\/www.vayahealth.com\/es\/benefits-services\/improve-your-wellness\/child-family-wellness\/","title":{"rendered":"Bienestar infantil y familiar"},"content":{"rendered":"<section class=\"gb-container gb-container-69466be4 child-family-page\"><div class=\"gb-inside-container\">\n<div class=\"gb-container gb-container-b4e1ac4f\"><div class=\"gb-inside-container\">\n\n<p>Los primeros a\u00f1os de vida son una etapa importante para favorecer el bienestar f\u00edsico, social y emocional a lo largo de toda la vida. Seg\u00fan la iniciativa \u201cBirth to 5: Watch Me Thrive\u201d del Departamento de Salud y Servicios Humanos de EE.UU., uno de cada cuatro ni\u00f1os de 0 a 5 a\u00f1os corre un riesgo moderado o alto de padecer retrasos sociales, de desarrollo o de comportamiento. Las intervenciones tempranas pueden darles a usted y a su hijo una ventaja hacia el \u00e9xito.<\/p>\n\n\n\n<p>Las intervenciones en la primera infancia incluyen:<\/p>\n\n\n\n<ul class=\"wp-block-list\">\n<li>Seguimiento de los hitos del crecimiento y el desarrollo<\/li>\n\n\n\n<li>Realizaci\u00f3n de revisiones auditivas, visuales y dentales<\/li>\n\n\n\n<li>Vacunas recomendadas<\/li>\n\n\n\n<li>Garantizar el acceso a alimentos nutritivos<\/li>\n\n\n\n<li>Proporcionar un entorno seguro y propicio<\/li>\n<\/ul>\n\n\n\n<p>El programa de bienestar infantil y familiar de Vaya se alinea con el <a href=\"https:\/\/www.ncdhhs.gov\/about\/department-initiatives\/early-childhood\/early-childhood-action-plan\" target=\"_blank\" rel=\"noopener\" title=\"\">Plan de Acci\u00f3n para la Primera Infancia de Carolina del Norte<\/a>. Este plan afirma que todos los ni\u00f1os tendr\u00e1n un comienzo saludable y desarrollar\u00e1n todo su potencial en familias, escuelas y comunidades seguras y acogedoras.<\/p>\n\n<\/div><\/div>\n\n<div class=\"gb-container gb-container-2083ae2e accordion-wrapper\"><div class=\"gb-inside-container\">\n\n<h2 class=\"gb-headline gb-headline-34eb5c7e gb-headline-text\">Bienestar infantil y familiar: servicios y recursos<\/h2>\n\n\n<div class=\"gb-container gb-container-70ef3469 accordion-wrapper accessible-accordion\" id=\"wrapper-main0125\"><div class=\"gb-inside-container\">\n<div class=\"gb-grid-wrapper gb-grid-wrapper-3d630872\">\n<div class=\"gb-grid-column gb-grid-column-1e991edd\"><div class=\"gb-container gb-container-1e991edd\"><div class=\"gb-inside-container\">\n\r\n\r\n\n\n\n\n    <div class=\"accordion-item-block\"  itemscope itemprop=\"mainEntity\" itemtype=\"https:\/\/schema.org\/Question\">\n        <h2 class=\"accordion-headline\" id=\"heading-acc-1yqspL\">\n            <div class=\"accordion-button-span custom-accordion-trigger\"  itemprop=\"name\" tabindex=\"0\" role=\"button\" data-bs-toggle=\"collapse\" data-bs-target=\"#collapse-acc-1yqspL\" aria-expanded=\"false\" aria-controls=\"collapse-acc-1yqspL\">Proyecciones<\/div>\n        <\/h2>\n        <div id=\"collapse-acc-1yqspL\"  itemscope itemprop=\"acceptedAnswer\" itemtype=\"https:\/\/schema.org\/Answer\" role=\"region\" class=\"accordion-collapse collapse\" aria-labelledby=\"heading-acc-1yqspL\" data-bs-parent=\"#wrapper-main0125\">\n            <div class=\"accordion-body\"  itemprop=\"text\">\n                <p>Asistir a las visitas rutinarias del ni\u00f1o sano da a su familia acceso a cuidados preventivos y revisiones, que desempe\u00f1an un papel importante para ayudar a su hijo a desarrollarse y aprender. <a href=\"https:\/\/www.healthychildren.org\/English\/family-life\/health-management\/Pages\/Well-Child-Care-A-Check-Up-for-Success.aspx\" target=\"_blank\" rel=\"noopener\">Revise el calendario de visitas del ni\u00f1o sano recomendado por la Academia Americana de Pediatr\u00eda (AAP).<\/a><\/p>\n<p>Las revisiones tempranas pueden detectar afecciones que pueden provocar posibles retrasos o problemas en el aprendizaje y el desarrollo de su hijo. \u00c9stas son algunas de las pruebas a las que debe someterse su hijo:<\/p>\n<h5 class=\"gb-headline gb-headline-567c0ccc gb-headline-text child-family-sub-heading\"><strong>Pruebas de audici\u00f3n\u00a0<\/strong>\u00a0<\/h5>\n<ul>\n<li>Todos los beb\u00e9s deben someterse a una prueba de audici\u00f3n al nacer antes de abandonar el hospital.<\/li>\n<\/ul>\n<ul class=\"wp-block-list\">\n<li>Los pediatras realizan pruebas de audici\u00f3n en las visitas de control del ni\u00f1o sano a partir de los 4 a\u00f1os.<\/li>\n<li>Muchos sistemas escolares realizan pruebas de audici\u00f3n. Estas pruebas ayudan a identificar a los ni\u00f1os con discapacidades u otras afecciones que pueden necesitar educaci\u00f3n especial o servicios relacionados.<\/li>\n<\/ul>\n<h5 class=\"child-family-sub-heading\"><strong>Ex\u00e1menes de desarrollo y comportamiento\u00a0<\/strong><\/h5>\n<ul class=\"wp-block-list\">\n<li>Este cribado incluye preguntas sobre el lenguaje, el movimiento y las habilidades sociales y emocionales de su hijo.<\/li>\n<li>La AAP recomienda la vigilancia del desarrollo en cada visita del ni\u00f1o sano y un cribado espec\u00edfico del desarrollo durante las visitas a los 9, 18 y 30 meses.<\/li>\n<li>Adem\u00e1s, el cribado del trastorno del espectro autista se realiza durante las visitas del ni\u00f1o sano a los 18 y 24 meses.<\/li>\n<li>Si se detecta un posible retraso en el desarrollo, se ha demostrado que la remisi\u00f3n al Programa de Infantes-Ni\u00f1os Menores de Tres A\u00f1os de Carolina del Norte para recibir servicios de intervenci\u00f3n temprana en el hogar mejora dr\u00e1sticamente los resultados en etapas posteriores de la vida. <a href=\"https:\/\/www.ncdhhs.gov\/divisions\/child-and-family-well-being\/north-carolina-infant-toddler-program-nc-itp\/families\" target=\"_blank\" rel=\"noopener\">M\u00e1s informaci\u00f3n sobre la autorreferencia al programa en caso de duda<\/a>.<\/li>\n<\/ul>\n<h5 class=\"child-family-sub-heading\"><strong>Ex\u00e1menes visuales<\/strong><\/h5>\n<ul class=\"wp-block-list\">\n<li>La AAP recomienda realizar evaluaciones del riesgo visual en cada visita del ni\u00f1o sano hasta los 30 meses y revisiones rutinarias de la vista a partir de los 3-6 a\u00f1os, y despu\u00e9s cada dos a\u00f1os hasta los 15 a\u00f1os.<\/li>\n<li>Los colegios p\u00fablicos realizan revisiones visuales universales a todos los ni\u00f1os antes de matricularlos.<\/li>\n<\/ul>\n<h5 class=\"child-family-sub-heading\"><strong>Revisiones dentales\u00a0\u00a0<\/strong><\/h5>\n<ul class=\"wp-block-list\">\n<li>Los Centros para el Control y la Prevenci\u00f3n de Enfermedades (CDC) y la AAP recomiendan llevar a tu hijo al dentista antes de que cumpla un a\u00f1o para detectar precozmente signos de problemas.<\/li>\n<li>La AAP recomienda a los pediatras aplicar barniz de fl\u00faor para prevenir las caries a partir de los 6 meses (o cuando sale el primer diente) y cada seis meses despu\u00e9s.<\/li>\n<\/ul>\n<h5 class=\"child-family-sub-heading\"><strong>Controles de plomo\u00a0\u00a0<\/strong><\/h5>\n<ul class=\"wp-block-list\">\n<li>La AAP y los CDC recomiendan realizar un an\u00e1lisis de plomo en sangre a todos los ni\u00f1os de 1 a 2 a\u00f1os y a los ni\u00f1os de 3 a 6 a\u00f1os que no hayan sido examinados.<\/li>\n<li>La exposici\u00f3n al plomo puede provocar retrasos en el desarrollo y d\u00e9ficits cognitivos. La identificaci\u00f3n precoz y la eliminaci\u00f3n de la fuente de plomo evitan da\u00f1os mayores.<\/li>\n<\/ul>\n                \n            <\/div>\n        <\/div>\n    <\/div>\n\n<\/div><\/div><\/div>\n\n<div class=\"gb-grid-column gb-grid-column-79133db2\"><div class=\"gb-container gb-container-79133db2\"><div class=\"gb-inside-container\">\n\r\n\r\n\n\n\n\n    <div class=\"accordion-item-block\"  itemscope itemprop=\"mainEntity\" itemtype=\"https:\/\/schema.org\/Question\">\n        <h2 class=\"accordion-headline\" id=\"heading-acc-Z18z6zn\">\n            <div class=\"accordion-button-span custom-accordion-trigger\"  itemprop=\"name\" tabindex=\"0\" role=\"button\" data-bs-toggle=\"collapse\" data-bs-target=\"#collapse-acc-Z18z6zn\" aria-expanded=\"false\" aria-controls=\"collapse-acc-Z18z6zn\">Vacunas<\/div>\n        <\/h2>\n        <div id=\"collapse-acc-Z18z6zn\"  itemscope itemprop=\"acceptedAnswer\" itemtype=\"https:\/\/schema.org\/Answer\" role=\"region\" class=\"accordion-collapse collapse\" aria-labelledby=\"heading-acc-Z18z6zn\" data-bs-parent=\"#wrapper-main0125\">\n            <div class=\"accordion-body\"  itemprop=\"text\">\n                <p><strong>Vacunas<\/strong> son importantes para protegerle a usted y a su familia de contraer y contagiar enfermedades prevenibles. Asistir a las visitas anuales de control mantiene a su hijo al d\u00eda con las vacunas recomendadas que lo protegen y lo mantienen sano. Los adultos tambi\u00e9n deben recibir las vacunas anuales recomendadas, como la de la gripe y la COVID-19. <a href=\"\/es\/benefits-services\/physical-health\/vaccinations\/\">M\u00e1s informaci\u00f3n sobre las vacunas a su disposici\u00f3n.<\/a><\/p>\n                \n            <\/div>\n        <\/div>\n    <\/div>\n\n<\/div><\/div><\/div>\n\n<div class=\"gb-grid-column gb-grid-column-aa86e055\"><div class=\"gb-container gb-container-aa86e055\"><div class=\"gb-inside-container\">\n\r\n\r\n\n\n\n\n    <div class=\"accordion-item-block\"  itemscope itemprop=\"mainEntity\" itemtype=\"https:\/\/schema.org\/Question\">\n        <h2 class=\"accordion-headline\" id=\"heading-acc-1bcQEW\">\n            <div class=\"accordion-button-span custom-accordion-trigger\"  itemprop=\"name\" tabindex=\"0\" role=\"button\" data-bs-toggle=\"collapse\" data-bs-target=\"#collapse-acc-1bcQEW\" aria-expanded=\"false\" aria-controls=\"collapse-acc-1bcQEW\">Programa para Mujeres, Beb\u00e9s y Ni\u00f1os (WIC)<\/div>\n        <\/h2>\n        <div id=\"collapse-acc-1bcQEW\"  itemscope itemprop=\"acceptedAnswer\" itemtype=\"https:\/\/schema.org\/Answer\" role=\"region\" class=\"accordion-collapse collapse\" aria-labelledby=\"heading-acc-1bcQEW\" data-bs-parent=\"#wrapper-main0125\">\n            <div class=\"accordion-body\"  itemprop=\"text\">\n                <p>WIC es el Programa Especial de Nutrici\u00f3n Suplementaria que proporciona alimentos sanos y apoyo sanitario a las mujeres embarazadas y pu\u00e9rperas, los lactantes y los ni\u00f1os menores de 5 a\u00f1os.<\/p>\n<p>Antes de iniciar el proceso de solicitud, puede rellenar el formulario en l\u00ednea <a href=\"https:\/\/www.fns.usda.gov\/wic\/eligibility-tool\" target=\"_blank\" rel=\"noopener\">Herramienta de elegibilidad WIC<\/a> para comprobar si cumple los requisitos.<\/p>\n<p>Para solicitar el programa WIC, p\u00f3ngase en contacto con su agencia WIC local o rellene el formulario en l\u00ednea <a href=\"https:\/\/www.ncdhhs.gov\/ncwicreferral\" target=\"_blank\" rel=\"noopener\">Formulario de referencia para familias WIC de Carolina del Norte<\/a>. Para m\u00e1s informaci\u00f3n, incluido un directorio de las oficinas locales de WIC, consulte el <a href=\"https:\/\/www.ncdhhs.gov\/ncwic\" target=\"_blank\" rel=\"noopener\">Programa WIC de Carolina del Norte<\/a> p\u00e1gina web.<\/p>\n                \n            <\/div>\n        <\/div>\n    <\/div>\n\n<\/div><\/div><\/div>\n\n<div class=\"gb-grid-column gb-grid-column-aa34a750\"><div class=\"gb-container gb-container-aa34a750\"><div class=\"gb-inside-container\">\n\r\n\r\n\n\n\n\n    <div class=\"accordion-item-block\"  itemscope itemprop=\"mainEntity\" itemtype=\"https:\/\/schema.org\/Question\">\n        <h2 class=\"accordion-headline\" id=\"heading-acc-2iyzbI\">\n            <div class=\"accordion-button-span custom-accordion-trigger\"  itemprop=\"name\" tabindex=\"0\" role=\"button\" data-bs-toggle=\"collapse\" data-bs-target=\"#collapse-acc-2iyzbI\" aria-expanded=\"false\" aria-controls=\"collapse-acc-2iyzbI\">Aumentar la resiliencia<\/div>\n        <\/h2>\n        <div id=\"collapse-acc-2iyzbI\"  itemscope itemprop=\"acceptedAnswer\" itemtype=\"https:\/\/schema.org\/Answer\" role=\"region\" class=\"accordion-collapse collapse\" aria-labelledby=\"heading-acc-2iyzbI\" data-bs-parent=\"#wrapper-main0125\">\n            <div class=\"accordion-body\"  itemprop=\"text\">\n                <p>Las experiencias infantiles, tanto positivas como negativas, tienen una gran influencia en el desarrollo del ni\u00f1o. Seg\u00fan los CDC, las experiencias infantiles adversas son un importante problema de salud p\u00fablica. Aprenda a prevenir las ACE utilizando estrategias para crear relaciones y entornos seguros, estables y enriquecedores para los ni\u00f1os.<\/p>\n<p><a href=\"https:\/\/youtu.be\/8gm-lNpzU4g\" target=\"_blank\" rel=\"noopener\">M\u00e1s informaci\u00f3n sobre resiliencia en los CDC<\/a>.<\/p>\n                \n            <\/div>\n        <\/div>\n    <\/div>\n\n<\/div><\/div><\/div>\n\n<div class=\"gb-grid-column gb-grid-column-4dd2763c\"><div class=\"gb-container gb-container-4dd2763c\"><div class=\"gb-inside-container\">\n\r\n\r\n\n\n\n\n    <div class=\"accordion-item-block\"  itemscope itemprop=\"mainEntity\" itemtype=\"https:\/\/schema.org\/Question\">\n        <h2 class=\"accordion-headline\" id=\"heading-acc-16Fz66\">\n            <div class=\"accordion-button-span custom-accordion-trigger\"  itemprop=\"name\" tabindex=\"0\" role=\"button\" data-bs-toggle=\"collapse\" data-bs-target=\"#collapse-acc-16Fz66\" aria-expanded=\"false\" aria-controls=\"collapse-acc-16Fz66\">Salud materna<\/div>\n        <\/h2>\n        <div id=\"collapse-acc-16Fz66\"  itemscope itemprop=\"acceptedAnswer\" itemtype=\"https:\/\/schema.org\/Answer\" role=\"region\" class=\"accordion-collapse collapse\" aria-labelledby=\"heading-acc-16Fz66\" data-bs-parent=\"#wrapper-main0125\">\n            <div class=\"accordion-body\"  itemprop=\"text\">\n                <p>Vaya se compromete a mejorar la salud de las madres y los reci\u00e9n nacidos. Hable hoy mismo con su proveedor sobre c\u00f3mo puede ayudarle con la planificaci\u00f3n del embarazo, la salud prenatal y la atenci\u00f3n posparto.<\/p>\n<h5 class=\"child-family-sub-heading\"><strong>Planificaci\u00f3n del embarazo<\/strong>\u00a0<\/h5>\n<p>\u00bfPlanea quedarse embarazada? Los CDC ofrecen consejos sobre <a href=\"https:\/\/www.cdc.gov\/pregnancy\/about\/index.html\" target=\"_blank\" rel=\"noopener\">c\u00f3mo planificar un embarazo saludable<\/a>:<\/p>\n<ul>\n<li>Hable con su m\u00e9dico sobre fertilidad y planificaci\u00f3n familiar<\/li>\n<\/ul>\n<ul class=\"wp-block-list\">\n<li>Prepare su cuerpo para el embarazo llevando un estilo de vida saludable<\/li>\n<li>Tomar una vitamina prenatal con \u00e1cido f\u00f3lico dos o tres meses antes de concebir (el \u00e1cido f\u00f3lico ayuda a proteger a su futuro beb\u00e9 contra defectos del tubo neural, como la espina b\u00edfida).<\/li>\n<li>Controlar cualquier problema de salud mental o m\u00e9dico actual<\/li>\n<li>Conozca el historial sanitario de su familia<\/li>\n<li>Espere al menos 18 meses entre el parto y un nuevo embarazo para reducir el riesgo de parto prematuro (un parto prematuro puede causar problemas de salud al beb\u00e9).<\/li>\n<\/ul>\n<h5 class=\"child-family-sub-heading\"><strong>Salud en el embarazo<\/strong>\u00a0<\/h5>\n<p>El embarazo puede ser una etapa emocionante y dif\u00edcil a la vez. Los CDC ofrecen consejos para <a href=\"https:\/\/www.cdc.gov\/pregnancy\/during\/index.html\" target=\"_blank\" rel=\"noopener\">mantener un embarazo saludable<\/a>:<\/p>\n<ul class=\"wp-block-list\">\n<li>Establezca visitas prenatales tempranas y regulares con su proveedor de atenci\u00f3n sanitaria.<\/li>\n<li>Mant\u00e9n tu salud y la del beb\u00e9 tomando \u00e1cido f\u00f3lico y realizando actividad f\u00edsica con regularidad.<\/li>\n<li>Inf\u00f3rmese sobre los riesgos asociados al consumo de sustancias durante el embarazo<\/li>\n<li>Controlar cualquier problema m\u00e9dico o mental<\/li>\n<\/ul>\n<p>Si recibe atenci\u00f3n personalizada a trav\u00e9s de Vaya, es posible que cumpla los requisitos para participar en nuestro Programa de prevenci\u00f3n y salud de la poblaci\u00f3n para embarazadas. Solicite hoy mismo una derivaci\u00f3n a su gestor de cuidados.<\/p>\n<h5 class=\"child-family-sub-heading\"><strong>Preparaci\u00f3n al parto<\/strong>\u00a0<\/h5>\n<p>Hay varias formas de prepararse para la llegada de su beb\u00e9. Los CDC describen las medidas que puede tomar durante el embarazo para que su beb\u00e9 tenga un comienzo saludable en la vida:<\/p>\n<ul class=\"wp-block-list\">\n<li>M\u00e1s informaci\u00f3n sobre los asientos de seguridad para ni\u00f1os<\/li>\n<li><a href=\"https:\/\/www.healthychildren.org\/English\/ages-stages\/baby\/sleep\/Pages\/A-Parents-Guide-to-Safe-Sleep.aspx?_gl=1*29kgc3*_ga*MTQ3NzcwMTk5NC4xNzU1NTMwODcz*_ga_FD9D3XZVQQ*czE3NjQ5NzA0ODMkbzE1JGcxJHQxNzY0OTcwNTEwJGozMyRsMCRoMA..\" target=\"_blank\" rel=\"noopener\">Comprender el sue\u00f1o seguro<\/a> y reducir el riesgo de muertes relacionadas con el sue\u00f1o, incluido el s\u00edndrome de muerte s\u00fabita del lactante (SMSL).<\/li>\n<li>Conozca los beneficios de la lactancia materna para la salud<\/li>\n<\/ul>\n<h5 class=\"child-family-sub-heading\"><strong>Salud posparto tras el embarazo\u00a0 <\/strong>\u00a0<\/h5>\n<p>Vaya quiere ayudarle a usted y a su beb\u00e9 a mantenerse sanos y pr\u00f3speros despu\u00e9s del parto. Los CDC ofrecen consejos sobre <a href=\"https:\/\/www.cdc.gov\/pregnancy\/after\/index.html\" target=\"_blank\" rel=\"noopener\">salud y seguridad para usted y su beb\u00e9<\/a>:\u00a0<\/p>\n<ul class=\"wp-block-list\">\n<li>Gestionar los cambios f\u00edsicos y emocionales tras el nacimiento del beb\u00e9\u00a0<\/li>\n<li>Cuidar del beb\u00e9 mientras se cura<\/li>\n<li>Comprender las revisiones del reci\u00e9n nacido, las visitas del ni\u00f1o sano y las vacunaciones<\/li>\n<li>Garantizar la seguridad del reci\u00e9n nacido y del ni\u00f1o<\/li>\n<\/ul>\n                \n            <\/div>\n        <\/div>\n    <\/div>\n\n<\/div><\/div><\/div>\n\n<div class=\"gb-grid-column gb-grid-column-48931322\"><div class=\"gb-container gb-container-48931322\"><div class=\"gb-inside-container\">\n\r\n\r\n\n\n\n\n    <div class=\"accordion-item-block\"  itemscope itemprop=\"mainEntity\" itemtype=\"https:\/\/schema.org\/Question\">\n        <h2 class=\"accordion-headline\" id=\"heading-acc-574kE\">\n            <div class=\"accordion-button-span custom-accordion-trigger\"  itemprop=\"name\" tabindex=\"0\" role=\"button\" data-bs-toggle=\"collapse\" data-bs-target=\"#collapse-acc-574kE\" aria-expanded=\"false\" aria-controls=\"collapse-acc-574kE\">Ventajas adicionales<\/div>\n        <\/h2>\n        <div id=\"collapse-acc-574kE\"  itemscope itemprop=\"acceptedAnswer\" itemtype=\"https:\/\/schema.org\/Answer\" role=\"region\" class=\"accordion-collapse collapse\" aria-labelledby=\"heading-acc-574kE\" data-bs-parent=\"#wrapper-main0125\">\n            <div class=\"accordion-body\"  itemprop=\"text\">\n                <p>Para apoyar el bienestar infantil y familiar, Vaya ofrece ventajas e incentivos adicionales a los miembros de Vaya Total Care que cumplan los requisitos. M\u00e1s informaci\u00f3n <a href=\"\/es\/health-plans\/vaya-total-care\/vaya-total-care-perks\/\">Vaya Total Care Perks<\/a> para actividades de bienestar, embarazo, educaci\u00f3n y mucho m\u00e1s.<\/p>\n                \n            <\/div>\n        <\/div>\n    <\/div>\n\n<\/div><\/div><\/div>\n\n<div class=\"gb-grid-column gb-grid-column-782d54c3\"><div class=\"gb-container gb-container-782d54c3\"><div class=\"gb-inside-container\">\n\r\n\r\n\n\n\n\n    <div class=\"accordion-item-block\"  itemscope itemprop=\"mainEntity\" itemtype=\"https:\/\/schema.org\/Question\">\n        <h2 class=\"accordion-headline\" id=\"heading-acc-1nFzJn\">\n            <div class=\"accordion-button-span custom-accordion-trigger\"  itemprop=\"name\" tabindex=\"0\" role=\"button\" data-bs-toggle=\"collapse\" data-bs-target=\"#collapse-acc-1nFzJn\" aria-expanded=\"false\" aria-controls=\"collapse-acc-1nFzJn\">Recursos<\/div>\n        <\/h2>\n        <div id=\"collapse-acc-1nFzJn\"  itemscope itemprop=\"acceptedAnswer\" itemtype=\"https:\/\/schema.org\/Answer\" role=\"region\" class=\"accordion-collapse collapse\" aria-labelledby=\"heading-acc-1nFzJn\" data-bs-parent=\"#wrapper-main0125\">\n            <div class=\"accordion-body\"  itemprop=\"text\">\n                <ul class=\"wp-block-list\">\n<li><a href=\"https:\/\/nccare360.org\/\" target=\"_blank\" rel=\"noreferrer noopener\">NCCARE360<\/a> es la primera red estatal de atenci\u00f3n coordinada que conecta mejor a las personas con los servicios y recursos locales.<\/li>\n<li><a href=\"https:\/\/www.211.org\/\" target=\"_blank\" rel=\"noreferrer noopener\">2-1-1<\/a> es una completa fuente de informaci\u00f3n sobre recursos y servicios locales.<\/li>\n<li>En <a href=\"https:\/\/beearly.nc.gov\/\" target=\"_blank\" rel=\"noopener\">Programa de Infantes-Ni\u00f1os Menores de Tres A\u00f1os de Carolina del Norte<\/a> ofrece apoyo y servicios a las familias con ni\u00f1os de 0 a 3 a\u00f1os que re\u00fanan los requisitos necesarios.<\/li>\n<li><a href=\"https:\/\/imaginationlibrary.com\/\" target=\"_blank\" rel=\"noreferrer noopener\">Biblioteca de la imaginaci\u00f3n de Dolly Parton<\/a> apoya la alfabetizaci\u00f3n temprana proporcionando libros gratuitos a los ni\u00f1os desde su nacimiento hasta los 5 a\u00f1os.<\/li>\n<\/ul>\n                \n            <\/div>\n        <\/div>\n    <\/div>\n\n<\/div><\/div><\/div>\n<\/div>\n<\/div><\/div>\n<\/div><\/div>\n<\/div><\/section>","protected":false},"excerpt":{"rendered":"<p>The early years of life are an important time to support lifelong physical, social, and emotional well-being. According to the U.S. Department of Health and Human Services \u201cBirth to 5: [&hellip;]<\/p>\n","protected":false},"author":62,"featured_media":50062,"parent":22469,"menu_order":66,"comment_status":"closed","ping_status":"closed","template":"breadcrumbs","meta":{"_tec_requires_first_save":true,"_price":"","_stock":"","_tribe_ticket_header":"","_tribe_default_ticket_provider":"","_tribe_ticket_capacity":"0","_ticket_start_date":"","_ticket_end_date":"","_tribe_ticket_show_description":"","_tribe_ticket_show_not_going":false,"_tribe_ticket_use_global_stock":"","_tribe_ticket_global_stock_level":"","_global_stock_mode":"","_global_stock_cap":"","_tribe_rsvp_for_event":"","_tribe_ticket_going_count":"","_tribe_ticket_not_going_count":"","_tribe_tickets_list":"[]","_tribe_ticket_has_attendee_info_fields":false,"_EventAllDay":false,"_EventTimezone":"","_EventStartDate":"","_EventEndDate":"","_EventStartDateUTC":"","_EventEndDateUTC":"","_EventShowMap":false,"_EventShowMapLink":false,"_EventURL":"","_EventCost":"","_EventCostDescription":"","_EventCurrencySymbol":"","_EventCurrencyCode":"","_EventCurrencyPosition":"","_EventDateTimeSeparator":"","_EventTimeRangeSeparator":"","_EventOrganizerID":[],"_EventVenueID":[],"_OrganizerEmail":"","_OrganizerPhone":"","_OrganizerWebsite":"","_VenueAddress":"","_VenueCity":"","_VenueCountry":"","_VenueProvince":"","_VenueState":"","_VenueZip":"","_VenuePhone":"","_VenueURL":"","_VenueStateProvince":"","_VenueLat":"","_VenueLng":"","_VenueShowMap":false,"_VenueShowMapLink":false,"_tribe_blocks_recurrence_rules":"","_tribe_blocks_recurrence_description":"","_tribe_blocks_recurrence_exclusions":"","banner-text":"","banner-text-color":"","button-text":"","button-text-color":"","button-link":"","has-button-icon":"","background-color":"","has-background-icon":"","background-icon-color":"","second-featured-image":"","footnotes":""},"class_list":["post-31527","page","type-page","status-publish","has-post-thumbnail","hentry"],"aioseo_notices":[],"_links":{"self":[{"href":"https:\/\/www.vayahealth.com\/es\/wp-json\/wp\/v2\/pages\/31527","targetHints":{"allow":["GET"]}}],"collection":[{"href":"https:\/\/www.vayahealth.com\/es\/wp-json\/wp\/v2\/pages"}],"about":[{"href":"https:\/\/www.vayahealth.com\/es\/wp-json\/wp\/v2\/types\/page"}],"author":[{"embeddable":true,"href":"https:\/\/www.vayahealth.com\/es\/wp-json\/wp\/v2\/users\/62"}],"replies":[{"embeddable":true,"href":"https:\/\/www.vayahealth.com\/es\/wp-json\/wp\/v2\/comments?post=31527"}],"version-history":[{"count":0,"href":"https:\/\/www.vayahealth.com\/es\/wp-json\/wp\/v2\/pages\/31527\/revisions"}],"up":[{"embeddable":true,"href":"https:\/\/www.vayahealth.com\/es\/wp-json\/wp\/v2\/pages\/22469"}],"wp:featuredmedia":[{"embeddable":true,"href":"https:\/\/www.vayahealth.com\/es\/wp-json\/wp\/v2\/media\/50062"}],"wp:attachment":[{"href":"https:\/\/www.vayahealth.com\/es\/wp-json\/wp\/v2\/media?parent=31527"}],"curies":[{"name":"wp","href":"https:\/\/api.w.org\/{rel}","templated":true}]}}