{"id":34989,"date":"2023-03-24T16:39:06","date_gmt":"2023-03-24T20:39:06","guid":{"rendered":"https:\/\/vayahealthdev.wpengine.com\/?page_id=32060"},"modified":"2026-03-16T17:00:24","modified_gmt":"2026-03-16T21:00:24","slug":"vaya-offices","status":"publish","type":"page","link":"https:\/\/www.vayahealth.com\/es\/contact\/vaya-offices\/","title":{"rendered":"Oficinas Vaya"},"content":{"rendered":"<div class=\"gb-container gb-container-056d4f46\"><div class=\"gb-inside-container\">\n<section class=\"gb-container gb-container-b970d3e4\"><div class=\"gb-inside-container\"><\/div><\/section>\n\n<div class=\"gb-container gb-container-d886be79\"><div class=\"gb-inside-container\">\n<div class=\"gb-container gb-container-7e25645d landing-page-container-grid\"><div class=\"gb-inside-container\">\n<div class=\"gb-grid-wrapper gb-grid-wrapper-42056596\">\n<div class=\"gb-grid-column gb-grid-column-bedd80ca\"><div class=\"gb-container gb-container-bedd80ca\"><div class=\"gb-inside-container\">\n\n<h1 class=\"gb-headline gb-headline-9538058f gb-headline-text\">Oficinas Vaya Health<\/h1>\n\n\n\n<p class=\"gb-headline gb-headline-d44d8285 gb-headline-text\">Vaya Health est\u00e1 aqu\u00ed para apoyar a las personas y comunidades locales a las que servimos. <\/p>\n\n\n<div class=\"gb-container gb-container-05846362\"><div class=\"gb-inside-container\">\n<div class=\"gb-grid-wrapper gb-grid-wrapper-44689eb0\">\n<div class=\"gb-grid-column gb-grid-column-914cc863\"><div class=\"gb-container gb-container-914cc863\"><div class=\"gb-inside-container\">\n\n<h2 class=\"gb-headline gb-headline-c510ce18 gb-headline-text\">Oficina administrativa<\/h2>\n\n\n\n<p><a href=\"https:\/\/www.google.com\/maps\/place\/200+Ridgefield+Ct+%23218,+Asheville,+NC+28806\/@35.5258297,-82.6020237,17z\/data=!3m1!4b1!4m6!3m5!1s0x88598d70b435a299:0x405916d8cc695105!8m2!3d35.5258297!4d-82.5994541!16s%2Fg%2F11scv0mf7p?entry=ttu\" target=\"_blank\" rel=\"noopener\" title=\"\">200 Ridgefield Court <br>Suite 218 <br>Asheville, NC 28806<\/a><\/p>\n\n\n\n<p>Tel\u00e9fono:<br><a href=\"tel:19008936246\">1-800-893-6246<\/a>(llamada gratuita)<br><a href=\"tel:18282252785\">1-828-225-2785<\/a>&nbsp;(local)<\/p>\n\n\n\n<p>Horario de atenci\u00f3n al p\u00fablico:<br><span aria-hidden=\"true\">8:30 a.m. a 5 p.m., <span aria-hidden=\"true\">De lunes a viernes<\/span> <\/span><\/p>\n\n<\/div><\/div><\/div>\n\n<div class=\"gb-grid-column gb-grid-column-00bc4f3b\"><div class=\"gb-container gb-container-00bc4f3b\"><div class=\"gb-inside-container\">\n\n<figure class=\"gb-block-image gb-block-image-ac9a1121\"><img loading=\"lazy\" decoding=\"async\" width=\"1000\" height=\"563\" class=\"gb-image gb-image-ac9a1121\" src=\"https:\/\/www.vayahealth.com\/wp-content\/uploads\/2025\/09\/Vaya_Ridgefield_Office_20250909.webp\" alt=\"Sede de Vaya Health en la oficina de Ridgefield, en Asheville (Carolina del Norte).\" title=\"Vaya Health Oficina de Ridgefield\" srcset=\"https:\/\/www.vayahealth.com\/wp-content\/uploads\/2025\/09\/Vaya_Ridgefield_Office_20250909.webp 1000w, https:\/\/www.vayahealth.com\/wp-content\/uploads\/2025\/09\/Vaya_Ridgefield_Office_20250909-300x169.webp 300w, https:\/\/www.vayahealth.com\/wp-content\/uploads\/2025\/09\/Vaya_Ridgefield_Office_20250909-768x432.webp 768w, https:\/\/www.vayahealth.com\/wp-content\/uploads\/2025\/09\/Vaya_Ridgefield_Office_20250909-18x10.webp 18w\" sizes=\"auto, (max-width: 1000px) 100vw, 1000px\" \/><\/figure>\n\n<\/div><\/div><\/div>\n<\/div>\n<\/div><\/div>\n<\/div><\/div><\/div>\n\n<div class=\"gb-grid-column gb-grid-column-7a5cfd2e\"><div class=\"gb-container gb-container-7a5cfd2e landing-page-sidebar\"><div class=\"gb-inside-container\">\n<div class=\"gb-container gb-container-effaba44\">\n<div class=\"gb-container gb-container-3e00c901 alignwide\">\n<div class=\"lazyblock-sidebar-top-links-Z2fsnGw wp-block-lazyblock-sidebar-top-links\">\r\n<div class=\"mb-3 sidebar-top-links\">\r\n    <div class=\"d-flex flex-row flex-wrap justify-content-center gap-3\">\r\n                    <a class=\"no-underline flex items-center gap-tw-1\" href=\"\/es\/\" target=\"_self\">\r\n                                    <i class=\"dashicons dashicons-admin-home\"><\/i>\r\n                                                    <span class=\"icon-list-text\">\r\n                        Inicio                    <\/span>\r\n                            <\/a>\r\n                    <a class=\"no-underline flex items-center gap-tw-1\" href=\"\/es\/contact\/\" target=\"_self\">\r\n                                    <i class=\"dashicons dashicons-email\"><\/i>\r\n                                                    <span class=\"icon-list-text\">\r\n                        P\u00f3ngase en contacto con                    <\/span>\r\n                            <\/a>\r\n                    <a class=\"no-underline flex items-center gap-tw-1\" href=\"\/es\/calendar\/\" target=\"_self\">\r\n                                    <i class=\"dashicons dashicons-calendar-alt\"><\/i>\r\n                                                    <span class=\"icon-list-text\">\r\n                        Eventos                    <\/span>\r\n                            <\/a>\r\n            <\/div>\r\n<\/div>\r\n<\/div>\n<\/div>\n\n<div class=\"gb-container gb-container-7f8f905e\">\n<div class=\"lazyblock-sidebar-need-help-1NWnb0 wp-block-lazyblock-sidebar-need-help\">\r\n\r\n<section\r\n        class=\"need-help section inner-section element element-43a9309 section-boxed section-height-default section-height-default\"\r\n        style=\"\">\r\n    <div class=\"container column-gap-default\">\r\n        <div class=\"row\">\r\n            <div class=\"column col-100 inner-column element element-52ec0be\">\r\n                <div class=\"column-wrap element-populated\">\r\n                    <div class=\"widget-wrap\">\r\n                        <div class=\"element element-9ef2eb1\">\r\n                            <div class=\"text-center\">\r\n                                <h2 class=\"text-center\">\u00bfNecesita ayuda?<\/h2>\r\n                            <\/div>\r\n                        <\/div>\r\n                        <div class=\"element element-61bd1b5 widget widget-text-editor\">\r\n                            <div class=\"widget-container\">\r\n                                <div class=\"text-editor clearfix text-center\">\r\n\t\t\t\t\t\t\t\t\t<p>A veces, encontrar asistencia puede resultar confuso. En Vaya Health lo hacemos m\u00e1s f\u00e1cil. El proceso comienza con una llamada telef\u00f3nica a nuestra L\u00ednea de Atenci\u00f3n al Afiliado y al Beneficiario al <br> <a href=\"tel:1-800-962-9003\">1-800-962-9003<\/a>.<\/p>\r\n                                <\/div>\r\n                            <\/div>\r\n                        <\/div>\r\n                    <\/div>\r\n                <\/div>\r\n            <\/div>\r\n        <\/div>\r\n    <\/div>\r\n<\/section><\/div>\n<\/div>\n\n<div class=\"gb-container gb-container-b76d4915\">\n<div class=\"lazyblock-sidebar-social-icons-Z2eKrC6 wp-block-lazyblock-sidebar-social-icons\">\r\n\r\n<div class=\"d-flex justify-content-center gap-3\">\r\n    <div class=\"d-flex justify-content-center align-items-center icon-container\">\r\n        <a class=\"social-icon\"\r\n            aria-label=\"facebook\" href='https:\/\/www.facebook.com\/Vayahealth' target=\"_blank\">\r\n            <i class=\"fa-brands fa-facebook-f\"><\/i>\r\n        <\/a>\r\n    <\/div>\r\n\r\n    <div class=\"d-flex justify-content-center align-items-center icon-container\">\r\n        <a class=\"social-icon\"\r\n            aria-label=\"twitter\" href='https:\/\/twitter.com\/VayaHealth' target=\"_blank\">\r\n            <i class=\"fa-brands fa-x-twitter\"><\/i>\r\n        <\/a>\r\n    <\/div>\r\n    <div class=\"d-flex justify-content-center align-items-center icon-container\">\r\n        <a class=\"social-icon\"\r\n            aria-label=\"conectado en\" href='https:\/\/www.linkedin.com\/company\/vaya-health\/' target=\"_blank\">\r\n            <i class=\"fa-brands fa-linkedin-in\"><\/i> <\/a>\r\n    <\/div>\r\n\r\n    <div class=\"d-flex justify-content-center align-items-center icon-container\">\r\n        <a class=\"social-icon\"\r\n            aria-label=\"instagram\" href='https:\/\/www.instagram.com\/vaya.health\/' target=\"_blank\">\r\n            <i class=\"fa-brands fa-instagram cache\"><\/i>\r\n        <\/a>\r\n    <\/div>\r\n\r\n<\/div>\r\n<\/div>\n<\/div>\n<\/div>\n<\/div><\/div><\/div>\n<\/div>\n<\/div><\/div>\n<\/div><\/div>\n<\/div><\/div>\n\n<div class=\"gb-container gb-container-c3e00f0a\">\n<div class=\"gb-container gb-container-c6534a3e\"><div class=\"gb-inside-container\">\n\n<h2 class=\"gb-headline gb-headline-b393c126 gb-headline-text\">Llame a la oficina administrativa para concertar una cita con el personal de Vaya en una de nuestras oficinas locales.<\/h2>\n\n\n<div class=\"gb-grid-wrapper gb-grid-wrapper-f6202483\">\n<div class=\"gb-grid-column gb-grid-column-08f003d8\"><div class=\"gb-container gb-container-08f003d8 box-shadow offices-card\"><div class=\"gb-inside-container\">\n\n<h2 class=\"gb-headline gb-headline-3126d5a4 gb-headline-text\">Condado de Ashe<\/h2>\n\n\n\n<p><a href=\"https:\/\/www.google.com\/maps\/dir\/36.5614567,-82.5726796\/Ashe+County+Social+Services+Department,+626+Ashe+Central+School+Rd+%239,+Jefferson,+NC+28640\/@36.5259068,-82.5209057,9z\/data=!3m1!4b1!4m10!4m9!1m1!4e1!1m5!1m1!1s0x8851ac2cf10ca8dd:0x5347f80cfb9bfa97!2m2!1d-81.4353311!2d36.4290316!3e0\" target=\"_blank\" rel=\"noopener\" title=\"\">626 Ashe Central School Road <br>Suite 202 <br>Jefferson, NC 28640<\/a><\/p>\n\n<\/div><\/div><\/div>\n\n<div class=\"gb-grid-column gb-grid-column-8d725bbb\"><div class=\"gb-container gb-container-8d725bbb box-shadow offices-card\"><div class=\"gb-inside-container\">\n\n<h2 class=\"gb-headline gb-headline-508c0563 gb-headline-text\">Condado de Alamance<\/h2>\n\n\n\n<p><a href=\"https:\/\/www.google.com\/maps\/dir\/\/Amedisys+Home+Health+Care,+2929+Crouse+Ln+Suite+F,+Burlington,+NC+27215\/data=!4m7!4m6!1m1!4e2!1m2!1m1!1s0x88532935ac4f421f:0xbdcd2d9a1f399661!3e0?sa=X&amp;ved=2ahUKEwick63R66z7AhUnmIQIHQpNAuQQox16BAgPEBQ\" target=\"_blank\" rel=\"noopener\" title=\"\">2929 Crouse Lane <br>Suite B <br>Burlington, NC 27215<\/a><\/p>\n\n<\/div><\/div><\/div>\n\n<div class=\"gb-grid-column gb-grid-column-cfbe6bfd\"><div class=\"gb-container gb-container-cfbe6bfd box-shadow offices-card\"><div class=\"gb-inside-container\">\n\n<h2 class=\"gb-headline gb-headline-1a78eb12 gb-headline-text\">Condado de Caldwell<\/h2>\n\n\n\n<p><a href=\"https:\/\/www.google.com\/maps\/dir\/\/Vaya+Health,+825+Wilkesboro+Blvd+NE,+Lenoir,+NC+28645\/@35.921822,-81.5426303,13z\/data=!4m9!4m8!1m0!1m5!1m1!1s0x88512064a84fadbf:0xa19b16b0c570eca2!2m2!1d-81.5076109!2d35.9217576!3e0\" target=\"_blank\" rel=\"noopener\" title=\"\">825 Wilkesboro Blvd. <br>NE Lenoir, NC 28645<\/a><\/p>\n\n\n\n<p><strong>Cerrado temporalmente por reformas hasta nuevo aviso<\/strong><\/p>\n\n<\/div><\/div><\/div>\n\n<div class=\"gb-grid-column gb-grid-column-00773dc0\"><div class=\"gb-container gb-container-00773dc0 box-shadow offices-card\"><div class=\"gb-inside-container\">\n\n<h2 class=\"gb-headline gb-headline-b132d4ea gb-headline-text\">Condado de Cherokee<\/h2>\n\n\n\n<p><a href=\"https:\/\/www.google.com\/maps\/dir\/\/Appalachian+Community+Services,+750+US+Hwy.+64+West,+Murphy,+NC+28906\/@35.0790713,-84.0760061,13z\/data=!4m9!4m8!1m0!1m5!1m1!1s0x885f1d70aff38c77:0xdf34595706ad2d88!2m2!1d-84.0409557!2d35.0790291!3e0\" target=\"_blank\" rel=\"noopener\" title=\"\">750 US Hwy 64 <br>West Murphy, NC 28906<\/a><\/p>\n\n<\/div><\/div><\/div>\n\n<div class=\"gb-grid-column gb-grid-column-ea6583bf\"><div class=\"gb-container gb-container-ea6583bf box-shadow offices-card\"><div class=\"gb-inside-container\">\n\n<h2 class=\"gb-headline gb-headline-8c006fe2 gb-headline-text\">Condado de McDowell<\/h2>\n\n\n\n<p><a href=\"https:\/\/www.google.com\/maps\/dir\/\/408+Spaulding+Rd+b,+Marion,+NC+28752\/@35.6668435,-82.0709173,13z\/data=!4m9!4m8!1m0!1m5!1m1!1s0x8850b2bb4ce90cc1:0x3f50e1e4b250bd1f!2m2!1d-82.0297178!2d35.6667808!3e0?entry=ttu&amp;g_ep=EgoyMDI0MTIxMS4wIKXMDSoASAFQAw%3D%3D\" target=\"_blank\" rel=\"noopener\" title=\"\">408 Spaulding Road <br>Suite B <br>Marion, NC 28752<\/a><\/p>\n\n<\/div><\/div><\/div>\n\n<div class=\"gb-grid-column gb-grid-column-a839101e\"><div class=\"gb-container gb-container-a839101e box-shadow offices-card\"><div class=\"gb-inside-container\">\n\n<h2 class=\"gb-headline gb-headline-1b1580f0 gb-headline-text\">Condado de Vance<\/h2>\n\n\n\n<p><a href=\"https:\/\/www.google.com\/maps\/dir\/\/134+S+Garnett+St,+Henderson,+NC+27536\/@36.3268665,-78.4059185,17z\/data=!4m9!4m8!1m0!1m5!1m1!1s0x89adbc3ef92fffff:0x7729c6286576d656!2m2!1d-78.4037298!2d36.3268622!3e0\" target=\"_blank\" rel=\"noopener\" title=\"\">134 S. Garnett St. <br>Henderson, NC 27536<\/a><\/p>\n\n<\/div><\/div><\/div>\n\n<div class=\"gb-grid-column gb-grid-column-6fe690ce\"><div class=\"gb-container gb-container-6fe690ce box-shadow offices-card\"><div class=\"gb-inside-container\">\n\n<h2 class=\"gb-headline gb-headline-a38bcdaa gb-headline-text\">Condado de Wilkes<\/h2>\n\n\n\n<p><a href=\"https:\/\/www.google.com\/maps\/dir\/\/Horace+Mann+Insurance+Co,+723+Main+St+A,+North+Wilkesboro,+NC+28659\/@36.1600357,-81.1796612,13z\/data=!4m9!4m8!1m0!1m5!1m1!1s0x885173240c1d867d:0x79eebfbe120d9205!2m2!1d-81.1447075!2d36.1600725!3e0\" target=\"_blank\" rel=\"noopener\" title=\"\">723 Main St. <br>Suite E <br>North Wilkesboro, NC 28659<\/a><\/p>\n\n<\/div><\/div><\/div>\n\n<div class=\"gb-grid-column gb-grid-column-3c3ea517\"><div class=\"gb-container gb-container-3c3ea517 box-shadow offices-card\"><div class=\"gb-inside-container\">\n\n<h2 class=\"gb-headline gb-headline-595261b9 gb-headline-text\">Condado de Yancey<\/h2>\n\n\n\n<p><a href=\"https:\/\/www.google.com\/maps\/dir\/\/72+Blue+Ridge+Ln,+Burnsville,+NC+28714\/@35.911553,-82.293101,17z\/data=!4m9!4m8!1m0!1m5!1m1!1s0x885a0948a75b96df:0x8d37fec94405f9f4!2m2!1d-82.2909123!2d35.9115487!3e0\" target=\"_blank\" rel=\"noopener\" title=\"\">72 Blue Ridge Lane <br>Burnsville, NC 28714<\/a><\/p>\n\n<\/div><\/div><\/div>\n<\/div>\n<\/div><\/div>\n<\/div>","protected":false},"excerpt":{"rendered":"<p>Llame a la oficina administrativa para concertar una cita con el personal de Vaya en una de nuestras oficinas locales.<\/p>","protected":false},"author":62,"featured_media":48608,"parent":22468,"menu_order":118,"comment_status":"closed","ping_status":"closed","template":"full-width","meta":{"_tec_requires_first_save":true,"_price":"","_stock":"","_tribe_ticket_header":"","_tribe_default_ticket_provider":"","_tribe_ticket_capacity":"0","_ticket_start_date":"","_ticket_end_date":"","_tribe_ticket_show_description":"","_tribe_ticket_show_not_going":false,"_tribe_ticket_use_global_stock":"","_tribe_ticket_global_stock_level":"","_global_stock_mode":"","_global_stock_cap":"","_tribe_rsvp_for_event":"","_tribe_ticket_going_count":"","_tribe_ticket_not_going_count":"","_tribe_tickets_list":"[]","_tribe_ticket_has_attendee_info_fields":false,"_EventAllDay":false,"_EventTimezone":"","_EventStartDate":"","_EventEndDate":"","_EventStartDateUTC":"","_EventEndDateUTC":"","_EventShowMap":false,"_EventShowMapLink":false,"_EventURL":"","_EventCost":"","_EventCostDescription":"","_EventCurrencySymbol":"","_EventCurrencyCode":"","_EventCurrencyPosition":"","_EventDateTimeSeparator":"","_EventTimeRangeSeparator":"","_EventOrganizerID":[],"_EventVenueID":[],"_OrganizerEmail":"","_OrganizerPhone":"","_OrganizerWebsite":"","_VenueAddress":"","_VenueCity":"","_VenueCountry":"","_VenueProvince":"","_VenueState":"","_VenueZip":"","_VenuePhone":"","_VenueURL":"","_VenueStateProvince":"","_VenueLat":"","_VenueLng":"","_VenueShowMap":false,"_VenueShowMapLink":false,"_tribe_blocks_recurrence_rules":"","_tribe_blocks_recurrence_description":"","_tribe_blocks_recurrence_exclusions":"","banner-text":"","banner-text-color":"","button-text":"","button-text-color":"","button-link":"","has-button-icon":"","background-color":"","has-background-icon":"","background-icon-color":"","second-featured-image":"","footnotes":""},"class_list":["post-34989","page","type-page","status-publish","has-post-thumbnail","hentry"],"aioseo_notices":[],"_links":{"self":[{"href":"https:\/\/www.vayahealth.com\/es\/wp-json\/wp\/v2\/pages\/34989","targetHints":{"allow":["GET"]}}],"collection":[{"href":"https:\/\/www.vayahealth.com\/es\/wp-json\/wp\/v2\/pages"}],"about":[{"href":"https:\/\/www.vayahealth.com\/es\/wp-json\/wp\/v2\/types\/page"}],"author":[{"embeddable":true,"href":"https:\/\/www.vayahealth.com\/es\/wp-json\/wp\/v2\/users\/62"}],"replies":[{"embeddable":true,"href":"https:\/\/www.vayahealth.com\/es\/wp-json\/wp\/v2\/comments?post=34989"}],"version-history":[{"count":1,"href":"https:\/\/www.vayahealth.com\/es\/wp-json\/wp\/v2\/pages\/34989\/revisions"}],"predecessor-version":[{"id":56787,"href":"https:\/\/www.vayahealth.com\/es\/wp-json\/wp\/v2\/pages\/34989\/revisions\/56787"}],"up":[{"embeddable":true,"href":"https:\/\/www.vayahealth.com\/es\/wp-json\/wp\/v2\/pages\/22468"}],"wp:featuredmedia":[{"embeddable":true,"href":"https:\/\/www.vayahealth.com\/es\/wp-json\/wp\/v2\/media\/48608"}],"wp:attachment":[{"href":"https:\/\/www.vayahealth.com\/es\/wp-json\/wp\/v2\/media?parent=34989"}],"curies":[{"name":"wp","href":"https:\/\/api.w.org\/{rel}","templated":true}]}}