{"id":34991,"date":"2023-03-24T16:44:44","date_gmt":"2023-03-24T20:44:44","guid":{"rendered":"https:\/\/vayahealthdev.wpengine.com\/?page_id=32062"},"modified":"2026-04-06T11:32:58","modified_gmt":"2026-04-06T15:32:58","slug":"hop","status":"publish","type":"page","link":"https:\/\/www.vayahealth.com\/es\/get-help\/local-resources\/hop\/","title":{"rendered":"Piloto de Oportunidades Saludables"},"content":{"rendered":"<div class=\"gb-element-1b9d5720\">\n<div class=\"gb-element-3a34da77\">\n<h5 class=\"gb-text gb-text-15ea5535\"><strong>Aviso del Departamento de Salud y Servicios Humanos y del Plan de Salud de Carolina del Norte <\/strong><br><strong>Re: Paralizaci\u00f3n de los servicios piloto de Oportunidades Saludables<\/strong><\/h5>\n\n\n\n<p class=\"has-text-align-center has-vaya-highlight-blue-color has-text-color has-link-color wp-elements-dda0ce70d7859ec935e34bc2a38b2981\" style=\"padding-top:var(--wp--preset--spacing--20);padding-bottom:0\"><em><strong>Parada del Servicio Piloto de Oportunidades Saludables (En vigor a partir del 1 de julio de 2025)<\/strong><\/em><\/p>\n\n\n\n<p class=\"has-vaya-highlight-blue-color has-text-color has-link-color wp-elements-fff3f2599e01b650ae6344d8565ace05\">Debido a la falta de financiaci\u00f3n actualmente disponible en los proyectos de presupuesto del Senado o de la C\u00e1mara de Representantes de la Asamblea General de Carolina del Norte, el estado est\u00e1 deteniendo 1) todas las nuevas autorizaciones de servicios y 2) la prestaci\u00f3n de servicios existentes para todos los servicios del programa piloto Healthy Opportunities hasta nuevo aviso. Esto significa que los servicios prestados en el marco del programa Healthy Opportunities Pilot ya no estar\u00e1n disponibles despu\u00e9s de esta fecha, incluso para las personas que actualmente reciben servicios. En concreto:<\/p>\n\n\n\n<ul class=\"wp-block-list\">\n<li class=\"has-vaya-highlight-blue-color has-text-color has-link-color wp-elements-d4017b541f4e166bb197aad49c8caa56\">No se autorizar\u00e1n nuevos servicios del Programa piloto de oportunidades saludables despu\u00e9s del 1 de julio de 2025.<\/li>\n\n\n\n<li class=\"has-vaya-highlight-blue-color has-text-color has-link-color wp-elements-070d34b4ddbb20341c94502d114bf8d9\">Los servicios existentes del Programa piloto de oportunidades sanas dejar\u00e1n de prestarse despu\u00e9s del 1 de julio de 2025.<\/li>\n\n\n\n<li class=\"has-vaya-highlight-blue-color has-text-color has-link-color wp-elements-ce1858f3358152520c98693077298a90\">Otras prestaciones y servicios de Medicaid no se ver\u00e1n afectados por este cambio.&nbsp;<\/li>\n<\/ul>\n\n\n\n<p class=\"has-vaya-highlight-blue-color has-text-color has-link-color wp-elements-c7602fccd517b99860fb5cf318da3147\">Si tiene alguna pregunta, p\u00f3ngase en contacto con su administrador de cuidados o llame a la L\u00ednea de Atenci\u00f3n al Afiliado y al Beneficiario de Vaya al 1-800-962-9003 de 7.00 a 18.00 horas, de lunes a s\u00e1bado.<\/p>\n\n\n\n<p class=\"has-vaya-highlight-blue-color has-text-color has-link-color wp-elements-6f1e98f4c12fa3fab62e1866854692ad\">Si bien los servicios se detendr\u00e1n el 1 de julio, nuestra esperanza es que esto sea s\u00f3lo una pausa, y que Oportunidades Saludables pueda reanudarse una vez que la Asamblea General asigne fondos adicionales. &nbsp;&nbsp;<\/p>\n<\/div>\n<\/div>\n\n\n<section class=\"gb-container gb-container-69466be4 healthy-opportunities-page\"><div class=\"gb-inside-container\">\n<div class=\"gb-container gb-container-b4e1ac4f healthy-opportunities-page\"><div class=\"gb-inside-container\">\n\n<p class=\"gb-headline gb-headline-0e6ad74b gb-headline-text\">Los servicios del Programa Piloto de Oportunidades Saludables (Healthy Opportunities Pilot, HOP) ya est\u00e1n disponibles para los afiliados al NC Medicaid Direct y al Plan Adaptado que cumplan los requisitos.<\/p>\n\n\n<div class=\"gb-grid-wrapper gb-grid-wrapper-297ea0b9\">\n<div class=\"gb-grid-column gb-grid-column-44b907eb\"><div class=\"gb-container gb-container-44b907eb\"><div class=\"gb-inside-container\">\n\n<p>El programa Piloto de Oportunidades Saludables (HOP) se centra en poner en contacto a las personas con recursos que atienden necesidades importantes, m\u00e1s all\u00e1 de la atenci\u00f3n sanitaria. Tener acceso a la atenci\u00f3n m\u00e9dica es importante, pero hay otros factores que afectan a nuestra salud. Cuando no tenemos lo que necesitamos, nuestro cuerpo se resiente, lo que provoca niveles m\u00e1s altos de estr\u00e9s, hipertensi\u00f3n y un sistema inmunitario m\u00e1s d\u00e9bil.<\/p>\n\n<\/div><\/div><\/div>\n\n<div class=\"gb-grid-column gb-grid-column-a97ba061\"><div class=\"gb-container gb-container-a97ba061\"><div class=\"gb-inside-container\">\n\n<figure class=\"gb-block-image gb-block-image-31ef35ad\"><img loading=\"lazy\" decoding=\"async\" width=\"380\" height=\"250\" class=\"gb-image gb-image-31ef35ad\" src=\"https:\/\/www.vayahealth.com\/wp-content\/uploads\/2024\/07\/woman-cooking.webp\" alt=\"Mujer cortando verduras\" title=\"mujer-cocinera\" srcset=\"https:\/\/www.vayahealth.com\/wp-content\/uploads\/2024\/07\/woman-cooking.webp 380w, https:\/\/www.vayahealth.com\/wp-content\/uploads\/2024\/07\/woman-cooking-300x197.webp 300w\" sizes=\"auto, (max-width: 380px) 100vw, 380px\" \/><\/figure>\n\n<\/div><\/div><\/div>\n<\/div>\n\n\n<p><strong>Ah\u00ed es donde entra HOP.<\/strong> A trav\u00e9s de este programa piloto, Vaya Health utiliza Medicaid para pagar a organizaciones comunitarias por servicios y apoyos que puedan ayudar:<\/p>\n\n\n\n<ul class=\"wp-block-list\">\n<li>Mejorar la vivienda y las condiciones de vida<\/li>\n\n\n\n<li>Aseg\u00farese de que dispone de alimentos suficientes<\/li>\n\n\n\n<li>Acceso al transporte para las cosas que afectan a su bienestar, como el trabajo, la escuela y los actos comunitarios.<\/li>\n\n\n\n<li>Gestionar la violencia interpersonal y el estr\u00e9s t\u00f3xico en casa y en la comunidad<\/li>\n<\/ul>\n\n\n\n<p>En <a href=\"https:\/\/www.ncdhhs.gov\/about\/department-initiatives\/healthy-opportunities\/healthy-opportunities-pilots\" target=\"_blank\" rel=\"noopener\" title=\"\">El Departamento de Salud y Servicios Humanos de Carolina del Norte (NCDHHS) puso en marcha HOP<\/a> en 33 condados de Carolina del Norte. Esto incluye 16 condados en los que presta servicio Vaya.<\/p>\n\n\n\n<p><a href=\"https:\/\/www.vayahealth.com\/es\/resources\/hop_member_rights_and_responsibilities\/\" target=\"_blank\" rel=\"noopener\" title=\"\">Derechos y deberes de los miembros de HOP<\/a><\/p>\n\n<\/div><\/div>\n\n<div class=\"gb-container gb-container-51bac9b9\"><div class=\"gb-inside-container\">\n\n<h2 class=\"gb-headline gb-headline-0a8c3bcc gb-headline-text\">Preguntas y respuestas sobre el programa piloto Oportunidad Saludable<\/h2>\n\n\n<div class=\"gb-container gb-container-2083ae2e accordion-wrapper accessible-accordion\" id=\"wrapper-main0125\"><div class=\"gb-inside-container\">\n<div class=\"gb-grid-wrapper gb-grid-wrapper-35c87d21\">\n<div class=\"gb-grid-column gb-grid-column-1a13d246\"><div class=\"gb-container gb-container-1a13d246\"><div class=\"gb-inside-container\">\n\r\n\r\n\n\n\n\n    <div class=\"accordion-item-block\"  itemscope itemprop=\"mainEntity\" itemtype=\"https:\/\/schema.org\/Question\">\n        <h2 class=\"accordion-headline\" id=\"heading-acc-1yqspL\">\n            <div class=\"accordion-button-span custom-accordion-trigger\"  itemprop=\"name\" tabindex=\"0\" role=\"button\" data-bs-toggle=\"collapse\" data-bs-target=\"#collapse-acc-1yqspL\" aria-expanded=\"false\" aria-controls=\"collapse-acc-1yqspL\">\u00bfQu\u00e9 es el Programa Piloto de Oportunidades Saludables (HOP)?<\/div>\n        <\/h2>\n        <div id=\"collapse-acc-1yqspL\"  itemscope itemprop=\"acceptedAnswer\" itemtype=\"https:\/\/schema.org\/Answer\" role=\"region\" class=\"accordion-collapse collapse\" aria-labelledby=\"heading-acc-1yqspL\" data-bs-parent=\"#wrapper-main0125\">\n            <div class=\"accordion-body\"  itemprop=\"text\">\n                <p>El NCDHHS est\u00e1 utilizando el programa piloto Oportunidades Saludables (Healthy Opportunities Pilot, o HOP) para averiguar en qu\u00e9 medida abordar los determinantes sociales de la salud puede mejorar los resultados sanitarios y reducir los costes de la atenci\u00f3n sanitaria. Los determinantes sociales de la salud son las condiciones de los lugares donde las personas viven, aprenden, trabajan y juegan que afectan a una amplia gama de riesgos y resultados sanitarios.<\/p>\n<p>Las investigaciones demuestran que los determinantes sociales de la salud pueden influir hasta en un 80% de la salud de una persona.<\/p>\n<p>El NCDHHS se est\u00e1 asociando con organizaciones sin fines de lucro de servicios humanos y agencias de salud para conectar a los beneficiarios de Medicaid de Carolina del Norte con recursos que pueden ayudar a beneficiar la salud de una persona. En este momento, el programa se centra en cuatro \u00e1reas:<\/p>\n<ul>\n<li>Estabilidad de la vivienda<\/li>\n<li>Seguridad alimentaria<\/li>\n<li>Transporte<\/li>\n<li>Violencia interpersonal y estr\u00e9s t\u00f3xico<\/li>\n<\/ul>\n<p>El NCDHHS seleccion\u00f3 tres organizaciones para que actuaran como l\u00edderes de la red en cada una de las regiones en las que est\u00e1 disponible el HOP. <a href=\"https:\/\/impacthealth.org\/healthy-opportunities-pilot\/\" target=\"_blank\" rel=\"noopener\">Impacto Salud<\/a> es el responsable de los 18 condados m\u00e1s occidentales, que incluyen los 16 condados HOP en los que presta servicio Vaya. El directorio completo de la red HOP del oeste de Carolina del Norte se encuentra en la p\u00e1gina web <a href=\"https:\/\/app.sigmacomputing.com\/embed\/1-1Ruo7VChvnbf8O4yJ9eWoz?:nodeId=_8Yz9TQ-Lv\" target=\"_blank\" rel=\"noopener\">P\u00e1gina web de Impact Health<\/a>.<\/p>\n                \n            <\/div>\n        <\/div>\n    <\/div>\n\n<\/div><\/div><\/div>\n\n<div class=\"gb-grid-column gb-grid-column-79133db2\"><div class=\"gb-container gb-container-79133db2\"><div class=\"gb-inside-container\">\n\r\n\r\n\n\n\n\n    <div class=\"accordion-item-block\"  itemscope itemprop=\"mainEntity\" itemtype=\"https:\/\/schema.org\/Question\">\n        <h2 class=\"accordion-headline\" id=\"heading-acc-Z18z6zn\">\n            <div class=\"accordion-button-span custom-accordion-trigger\"  itemprop=\"name\" tabindex=\"0\" role=\"button\" data-bs-toggle=\"collapse\" data-bs-target=\"#collapse-acc-Z18z6zn\" aria-expanded=\"false\" aria-controls=\"collapse-acc-Z18z6zn\">\u00bfQu\u00e9 hace que HOP sea un programa \"piloto\"?<\/div>\n        <\/h2>\n        <div id=\"collapse-acc-Z18z6zn\"  itemscope itemprop=\"acceptedAnswer\" itemtype=\"https:\/\/schema.org\/Answer\" role=\"region\" class=\"accordion-collapse collapse\" aria-labelledby=\"heading-acc-Z18z6zn\" data-bs-parent=\"#wrapper-main0125\">\n            <div class=\"accordion-body\"  itemprop=\"text\">\n                <p>Como programa piloto, el HOP s\u00f3lo est\u00e1 disponible en algunos condados durante un tiempo limitado. Carolina del Norte espera ampliar este programa a todo el estado en 2025.<\/p>\n                \n            <\/div>\n        <\/div>\n    <\/div>\n\n<\/div><\/div><\/div>\n\n<div class=\"gb-grid-column gb-grid-column-aa86e055\"><div class=\"gb-container gb-container-aa86e055\"><div class=\"gb-inside-container\">\n\r\n\r\n\n\n\n\n    <div class=\"accordion-item-block\"  itemscope itemprop=\"mainEntity\" itemtype=\"https:\/\/schema.org\/Question\">\n        <h2 class=\"accordion-headline\" id=\"heading-acc-1bcQEW\">\n            <div class=\"accordion-button-span custom-accordion-trigger\"  itemprop=\"name\" tabindex=\"0\" role=\"button\" data-bs-toggle=\"collapse\" data-bs-target=\"#collapse-acc-1bcQEW\" aria-expanded=\"false\" aria-controls=\"collapse-acc-1bcQEW\">\u00bfQu\u00e9 servicios ofrece el HOP?<\/div>\n        <\/h2>\n        <div id=\"collapse-acc-1bcQEW\"  itemscope itemprop=\"acceptedAnswer\" itemtype=\"https:\/\/schema.org\/Answer\" role=\"region\" class=\"accordion-collapse collapse\" aria-labelledby=\"heading-acc-1bcQEW\" data-bs-parent=\"#wrapper-main0125\">\n            <div class=\"accordion-body\"  itemprop=\"text\">\n                <p>HOP cubre el coste de diversos servicios. Estos servicios ayudan con la vivienda, la alimentaci\u00f3n, el transporte, la seguridad personal y el estr\u00e9s t\u00f3xico. A continuaci\u00f3n se ofrecen algunos ejemplos de los tipos de servicios disponibles.<\/p>\n<ul>\n<li>Vivienda\n<ul>\n<li>Dep\u00f3sito \u00fanico de seguridad y primer mes de alquiler<\/li>\n<li>Inspecci\u00f3n de la seguridad y calidad de las viviendas<\/li>\n<li>Servicios de rehabilitaci\u00f3n de viviendas<\/li>\n<li>Modificaciones de accesibilidad y seguridad en el hogar<\/li>\n<li>Alojamiento a corto plazo tras la hospitalizaci\u00f3n<\/li>\n<li>V\u00ednculos con los servicios de apoyo jur\u00eddico<\/li>\n<\/ul>\n<\/li>\n<li>Alimentaci\u00f3n\n<ul>\n<li>Caja de alimentos saludables (entrega y\/o recogida)<\/li>\n<li>Prescripci\u00f3n de frutas y hortalizas<\/li>\n<li>Comidas a domicilio adaptadas m\u00e9dicamente<\/li>\n<li>Clases de nutrici\u00f3n en grupo<\/li>\n<li>Programa de prevenci\u00f3n de la diabetes<\/li>\n<\/ul>\n<\/li>\n<li>Transporte\n<ul>\n<li>Transporte para cubrir necesidades sanitarias como ir al supermercado o al gimnasio<\/li>\n<li>Cr\u00e9ditos para taxis y veh\u00edculos compartidos cuando no se disponga de transporte p\u00fablico<\/li>\n<li>Reembolso del kilometraje<\/li>\n<li>Reparaci\u00f3n de veh\u00edculos<\/li>\n<li>Plan de estudios para padres basado en pruebas<\/li>\n<li>Servicios de visitas a domicilio<\/li>\n<\/ul>\n<\/li>\n<\/ul>\n<p>Su gestor de cuidados puede facilitarle la lista completa de servicios, o puede llamar a la L\u00ednea de Atenci\u00f3n al Afiliado y al Beneficiario de Vaya al <a href=\"tel:1-800-962-9003\" target=\"_blank\" rel=\"noopener\">1-800-962-9003<\/a> (de 7.00 a 18.00 horas, de lunes a s\u00e1bado). Vaya ayudar\u00e1 a poner en contacto a los miembros con los servicios HOP m\u00e1s adecuados para ellos.<\/p>\n                \n            <\/div>\n        <\/div>\n    <\/div>\n\n<\/div><\/div><\/div>\n\n<div class=\"gb-grid-column gb-grid-column-aa34a750\"><div class=\"gb-container gb-container-aa34a750\"><div class=\"gb-inside-container\">\n\r\n\r\n\n\n\n\n    <div class=\"accordion-item-block\"  itemscope itemprop=\"mainEntity\" itemtype=\"https:\/\/schema.org\/Question\">\n        <h2 class=\"accordion-headline\" id=\"heading-acc-2iyzbI\">\n            <div class=\"accordion-button-span custom-accordion-trigger\"  itemprop=\"name\" tabindex=\"0\" role=\"button\" data-bs-toggle=\"collapse\" data-bs-target=\"#collapse-acc-2iyzbI\" aria-expanded=\"false\" aria-controls=\"collapse-acc-2iyzbI\">\u00bfQui\u00e9n tiene derecho a HOP a trav\u00e9s de Medicaid de Carolina del Norte?<\/div>\n        <\/h2>\n        <div id=\"collapse-acc-2iyzbI\"  itemscope itemprop=\"acceptedAnswer\" itemtype=\"https:\/\/schema.org\/Answer\" role=\"region\" class=\"accordion-collapse collapse\" aria-labelledby=\"heading-acc-2iyzbI\" data-bs-parent=\"#wrapper-main0125\">\n            <div class=\"accordion-body\"  itemprop=\"text\">\n                <p>Para poder optar a ella, debe:<br \/><br \/><\/p>\n<ul>\n<li>Tener al menos un problema de salud f\u00edsico o conductual que cumpla los requisitos. Por ejemplo:\n<ul>\n<li>Una discapacidad intelectual y\/o del desarrollo o una lesi\u00f3n cerebral traum\u00e1tica<\/li>\n<li>Una afecci\u00f3n que cumple los criterios para recibir una Gesti\u00f3n de la Atenci\u00f3n Personalizada<\/li>\n<li>Dos o m\u00e1s enfermedades cr\u00f3nicas (para adultos)<\/li>\n<li>Gestaci\u00f3n multifetal para embarazadas<\/li>\n<li>Cuidados intensivos neonatales (para ni\u00f1os de 0 a 3 a\u00f1os)<\/li>\n<li>Tres o m\u00e1s experiencias infantiles adversas (para ni\u00f1os de 0 a 20 a\u00f1os)<\/li>\n<li>Una o m\u00e1s afecciones cr\u00f3nicas o un diagn\u00f3stico de c\u00e1ncer o enfermedad autoinmune (para ni\u00f1os de 0 a 20 a\u00f1os).<\/li>\n<\/ul>\n<\/li>\n<li>Tener uno de los factores de riesgo social definidos por el NCDHHS, entre los que se incluyen:\n<ul>\n<li>Carecer de hogar o tener una vivienda precaria<\/li>\n<li>Falta de seguridad alimentaria<\/li>\n<li>Falta de transporte<\/li>\n<li>Estar en riesgo de presenciar o sufrir violencia interpersonal<\/li>\n<\/ul>\n<\/li>\n<\/ul>\n                \n            <\/div>\n        <\/div>\n    <\/div>\n\n<\/div><\/div><\/div>\n\n<div class=\"gb-grid-column gb-grid-column-4dd2763c\"><div class=\"gb-container gb-container-4dd2763c\"><div class=\"gb-inside-container\">\n\r\n\r\n\n\n\n\n    <div class=\"accordion-item-block\"  itemscope itemprop=\"mainEntity\" itemtype=\"https:\/\/schema.org\/Question\">\n        <h2 class=\"accordion-headline\" id=\"heading-acc-16Fz66\">\n            <div class=\"accordion-button-span custom-accordion-trigger\"  itemprop=\"name\" tabindex=\"0\" role=\"button\" data-bs-toggle=\"collapse\" data-bs-target=\"#collapse-acc-16Fz66\" aria-expanded=\"false\" aria-controls=\"collapse-acc-16Fz66\">\u00bfQu\u00e9 \u00e1mbitos cubre HOP?<\/div>\n        <\/h2>\n        <div id=\"collapse-acc-16Fz66\"  itemscope itemprop=\"acceptedAnswer\" itemtype=\"https:\/\/schema.org\/Answer\" role=\"region\" class=\"accordion-collapse collapse\" aria-labelledby=\"heading-acc-16Fz66\" data-bs-parent=\"#wrapper-main0125\">\n            <div class=\"accordion-body\"  itemprop=\"text\">\n                <p>En la actualidad, HOP est\u00e1 disponible en tres zonas de Carolina del Norte, cada una de ellas con un responsable de red distinto, como se muestra en el siguiente mapa.<\/p>\n<p><a href=\"\/es\/resources\/hop-coverage-map11\/\" target=\"_blank\" rel=\"noopener\"><img loading=\"lazy\" decoding=\"async\" class=\"alignnone wp-image-41121\" src=\"https:\/\/www.vayahealth.com\/wp-content\/uploads\/2024\/03\/hop-coverage-map11-300x169.jpg\" alt=\"Mapa de cobertura de las oportunidades sanitarias\" width=\"677\" height=\"381\" srcset=\"https:\/\/www.vayahealth.com\/wp-content\/uploads\/2024\/03\/hop-coverage-map11-300x169.jpg 300w, https:\/\/www.vayahealth.com\/wp-content\/uploads\/2024\/03\/hop-coverage-map11-768x432.jpg 768w, https:\/\/www.vayahealth.com\/wp-content\/uploads\/2024\/03\/hop-coverage-map11-18x10.jpg 18w, https:\/\/www.vayahealth.com\/wp-content\/uploads\/2024\/03\/hop-coverage-map11-960x540.jpg 960w, https:\/\/www.vayahealth.com\/wp-content\/uploads\/2024\/03\/hop-coverage-map11.jpg 1024w\" sizes=\"auto, (max-width: 677px) 100vw, 677px\" \/><\/a><\/p>\n<p>Vaya presta servicio en 16 condados en los que est\u00e1 disponible HOP. Estos condados son Avery, Buncombe, Cherokee, Clay, Graham, Haywood, Henderson, Jackson, Macon, Madison, McDowell, Mitchell, Polk, Transylvania, Swain y Yancey.<\/p>\n                \n            <\/div>\n        <\/div>\n    <\/div>\n\n<\/div><\/div><\/div>\n\n<div class=\"gb-grid-column gb-grid-column-2fc35202\"><div class=\"gb-container gb-container-2fc35202\"><div class=\"gb-inside-container\">\n\r\n\r\n\n\n\n\n    <div class=\"accordion-item-block\"  itemscope itemprop=\"mainEntity\" itemtype=\"https:\/\/schema.org\/Question\">\n        <h2 class=\"accordion-headline\" id=\"heading-acc-2exGMC\">\n            <div class=\"accordion-button-span custom-accordion-trigger\"  itemprop=\"name\" tabindex=\"0\" role=\"button\" data-bs-toggle=\"collapse\" data-bs-target=\"#collapse-acc-2exGMC\" aria-expanded=\"false\" aria-controls=\"collapse-acc-2exGMC\">\u00bfQu\u00e9 hago si no puedo optar al programa HOP?<\/div>\n        <\/h2>\n        <div id=\"collapse-acc-2exGMC\"  itemscope itemprop=\"acceptedAnswer\" itemtype=\"https:\/\/schema.org\/Answer\" role=\"region\" class=\"accordion-collapse collapse\" aria-labelledby=\"heading-acc-2exGMC\" data-bs-parent=\"#wrapper-main0125\">\n            <div class=\"accordion-body\"  itemprop=\"text\">\n                <p>Hay muchos otros recursos disponibles para satisfacer sus necesidades no m\u00e9dicas:<\/p>\n<ul>\n<li>Hable con su cuidador sobre <a href=\"https:\/\/www.ncdhhs.gov\/about\/department-initiatives\/healthy-opportunities\/nccare360\">NCCARE360<\/a> y otras opciones disponibles.<\/li>\n<li>Llame a la L\u00ednea de Atenci\u00f3n a los Miembros y Beneficiarios de Vaya al <a href=\"tel:1-800-962-9003\">1-800-962-9003<\/a>De 7.00 a 18.00 horas, de lunes a s\u00e1bado<\/li>\n<li>Llame al 211 para hablar con alguien que le ayude a encontrar recursos y servicios locales en su comunidad.<\/li>\n<\/ul>\n                \n            <\/div>\n        <\/div>\n    <\/div>\n\n<\/div><\/div><\/div>\n<\/div>\n<\/div><\/div>\n<\/div><\/div>\n\n\n<div>\n<h3 class=\"gb-headline gb-headline-1fe13a42 gb-headline-text\">Las oportunidades saludables empiezan aqu\u00ed<\/h3>\n\n\n\n<p>Para obtener m\u00e1s informaci\u00f3n sobre los requisitos y el acceso a los servicios HOP, hable con su administrador de cuidados o llame a la l\u00ednea de atenci\u00f3n al afiliado y al beneficiario de Vaya al <a href=\"tel:1-800-962-9003\" target=\"_blank\" rel=\"noopener\" title=\"\">1-800-962-9003<\/a> de<span aria-hidden=\"true\"> De 7.00 a 18.00 h.<\/span>, <span aria-hidden=\"true\">De lunes a s\u00e1bado<\/span>.<\/p>\n<\/div>\n\n<\/div><\/section>","protected":false},"excerpt":{"rendered":"<p>North Carolina Department of Health and Human Services and Health Plan Notice Re: Stopping Healthy Opportunities Pilot Services Healthy Opportunities Pilot Service Stop (Effective July 1, 2025) Due to a [&hellip;]<\/p>\n","protected":false},"author":62,"featured_media":43848,"parent":22282,"menu_order":89,"comment_status":"closed","ping_status":"closed","template":"breadcrumbs","meta":{"_tec_requires_first_save":true,"_price":"","_stock":"","_tribe_ticket_header":"","_tribe_default_ticket_provider":"","_tribe_ticket_capacity":"0","_ticket_start_date":"","_ticket_end_date":"","_tribe_ticket_show_description":"","_tribe_ticket_show_not_going":false,"_tribe_ticket_use_global_stock":"","_tribe_ticket_global_stock_level":"","_global_stock_mode":"","_global_stock_cap":"","_tribe_rsvp_for_event":"","_tribe_ticket_going_count":"","_tribe_ticket_not_going_count":"","_tribe_tickets_list":"[]","_tribe_ticket_has_attendee_info_fields":false,"_EventAllDay":false,"_EventTimezone":"","_EventStartDate":"","_EventEndDate":"","_EventStartDateUTC":"","_EventEndDateUTC":"","_EventShowMap":false,"_EventShowMapLink":false,"_EventURL":"","_EventCost":"","_EventCostDescription":"","_EventCurrencySymbol":"","_EventCurrencyCode":"","_EventCurrencyPosition":"","_EventDateTimeSeparator":"","_EventTimeRangeSeparator":"","_EventOrganizerID":[],"_EventVenueID":[],"_OrganizerEmail":"","_OrganizerPhone":"","_OrganizerWebsite":"","_VenueAddress":"","_VenueCity":"","_VenueCountry":"","_VenueProvince":"","_VenueState":"","_VenueZip":"","_VenuePhone":"","_VenueURL":"","_VenueStateProvince":"","_VenueLat":"","_VenueLng":"","_VenueShowMap":false,"_VenueShowMapLink":false,"_tribe_blocks_recurrence_rules":"","_tribe_blocks_recurrence_description":"","_tribe_blocks_recurrence_exclusions":"","banner-text":"","banner-text-color":"","button-text":"","button-text-color":"","button-link":"","has-button-icon":"","background-color":"","has-background-icon":"","background-icon-color":"","second-featured-image":"","footnotes":""},"class_list":["post-34991","page","type-page","status-publish","has-post-thumbnail","hentry"],"aioseo_notices":[],"_links":{"self":[{"href":"https:\/\/www.vayahealth.com\/es\/wp-json\/wp\/v2\/pages\/34991","targetHints":{"allow":["GET"]}}],"collection":[{"href":"https:\/\/www.vayahealth.com\/es\/wp-json\/wp\/v2\/pages"}],"about":[{"href":"https:\/\/www.vayahealth.com\/es\/wp-json\/wp\/v2\/types\/page"}],"author":[{"embeddable":true,"href":"https:\/\/www.vayahealth.com\/es\/wp-json\/wp\/v2\/users\/62"}],"replies":[{"embeddable":true,"href":"https:\/\/www.vayahealth.com\/es\/wp-json\/wp\/v2\/comments?post=34991"}],"version-history":[{"count":1,"href":"https:\/\/www.vayahealth.com\/es\/wp-json\/wp\/v2\/pages\/34991\/revisions"}],"predecessor-version":[{"id":57143,"href":"https:\/\/www.vayahealth.com\/es\/wp-json\/wp\/v2\/pages\/34991\/revisions\/57143"}],"up":[{"embeddable":true,"href":"https:\/\/www.vayahealth.com\/es\/wp-json\/wp\/v2\/pages\/22282"}],"wp:featuredmedia":[{"embeddable":true,"href":"https:\/\/www.vayahealth.com\/es\/wp-json\/wp\/v2\/media\/43848"}],"wp:attachment":[{"href":"https:\/\/www.vayahealth.com\/es\/wp-json\/wp\/v2\/media?parent=34991"}],"curies":[{"name":"wp","href":"https:\/\/api.w.org\/{rel}","templated":true}]}}