{"id":377,"date":"2016-01-07T04:23:09","date_gmt":"2016-01-07T09:23:09","guid":{"rendered":"http:\/\/consulting.stylemixthemes.com\/demo\/?page_id=377"},"modified":"2026-04-21T14:17:43","modified_gmt":"2026-04-21T18:17:43","slug":"board-of-directors","status":"publish","type":"page","link":"https:\/\/www.vayahealth.com\/es\/about\/governance\/board-of-directors\/","title":{"rendered":"Consejo de Administraci\u00f3n"},"content":{"rendered":"<div>\n<div>\n<p>El Consejo de Administraci\u00f3n de Vaya Health es responsable de la planificaci\u00f3n y presupuestaci\u00f3n global y colaborativa de los servicios financiados con fondos p\u00fablicos para los miembros y beneficiarios de Vaya. El Consejo nombra al Director de \u00c1rea y al Consejero Delegado de Vaya, supervisa el cumplimiento, aprueba el presupuesto anual y garantiza que Vaya gestione los servicios de la forma que mejor satisfaga las diversas necesidades de las comunidades de nuestra regi\u00f3n.<\/p>\n\n\n\n<p>La Junta de Vaya se nombra en virtud de una estructura de junta alternativa aprobada por el Secretario del Departamento de Salud y Servicios Humanos de Carolina del Norte (NCDHHS) el 27 de octubre de 2021, por <a href=\"https:\/\/www.ncleg.gov\/EnactedLegislation\/Statutes\/PDF\/BySection\/Chapter_122C\/GS_122C-118.1.pdf\" target=\"_blank\" rel=\"noopener\" title=\"\">N.C.G.S. \u00a7122C-118.1(a)<\/a>. Vaya cumple con todas las disposiciones aplicables del Cap\u00edtulo 122C relativas a la composici\u00f3n, el calendario de reuniones, la formaci\u00f3n, la remuneraci\u00f3n, el mantenimiento y el apoyo del consejo de administraci\u00f3n.<\/p>\n<\/div>\n\n\n<div class=\"lazyblock-vaya-tab-content-2oBO8r wp-block-lazyblock-vaya-tab-content\"><ul class=\"nav nav-tabs no-bullets\" id=\"vaya-tab\" role=\"tablist\">\r\n\t        <li class=\"nav-item vaya-nav-item\">\r\n            <a class=\"nav-link active vaya-tab-link\" id=\"home-tab-0\" data-bs-toggle=\"tab\" href=\"#board-meeting-information\" role=\"tab\" aria-controls=\"board-meeting-information\" aria-selected=\"true\">Informaci\u00f3n sobre las reuniones del Consejo<\/a>\r\n        <\/li>\r\n        \t        <li class=\"nav-item vaya-nav-item\">\r\n            <a class=\"nav-link  vaya-tab-link\" id=\"home-tab-1\" data-bs-toggle=\"tab\" href=\"#board-of-directors-membership\" role=\"tab\" aria-controls=\"board-of-directors-membership\" aria-selected=\"true\">Miembros del Consejo de Administraci\u00f3n<\/a>\r\n        <\/li>\r\n        \t<\/ul>\r\n\r\n<div class=\"tab-content\" id=\"vaya-tab-content\">\r\n\t        <div class=\"tab-pane fade show active\" id=\"board-meeting-information\" role=\"tabpanel\" aria-labelledby=\"home-tab-0\"><p>Los \u00f3rdenes del d\u00eda de cada reuni\u00f3n del Consejo se publican en esta p\u00e1gina web antes de la reuni\u00f3n. Las actas se publican una vez aprobadas por la Junta Directiva o el comit\u00e9 correspondiente. Los documentos del Consejo, incluidos los \u00f3rdenes del d\u00eda y las actas, est\u00e1n siempre disponibles previa solicitud por escrito a <a href=\"mailto:board.clerk@vayahealth.com\" target=\"_blank\">board.clerk@vayahealth.com<\/a>.<\/p>\n<p>Los comentarios del p\u00fablico son bienvenidos al comienzo de cada reuni\u00f3n. Para solicitar avisos de reuniones especiales o de emergencia o cualquier cambio en el calendario de reuniones ordinarias, env\u00ede un correo electr\u00f3nico a <a href=\"mailto:board.clerk@vayahealth.com\" target=\"_blank\">board.clerk@vayahealth.com<\/a>.<\/p>\n<p>Salvo que se indique lo contrario en el orden del d\u00eda, todas las reuniones del Consejo se celebran en la oficina administrativa de Vaya, 200 Ridgefield Court, Suite 218, Asheville, NC 28806, con el siguiente calendario:<\/p>\n<ul class=\"bullets\">\n    <li>Comit\u00e9 Ejecutivo: 1:00 p.m.<\/li>\n    <li>Comit\u00e9 de Finanzas: 3:00 p.m.<\/li>\n    <li>Consejo en pleno: 4:30 p.m.<\/li>\n<\/ul>\n<p>Actualmente, el ACCESO DEL P\u00daBLICO a todas las reuniones del Consejo s\u00f3lo est\u00e1 disponible mediante comunicaci\u00f3n electr\u00f3nica (comunicaci\u00f3n bidireccional de audio y\/o visual en tiempo real, por ejemplo, tel\u00e9fono o Microsoft Teams). Consulte los \u00f3rdenes del d\u00eda enlazados a continuaci\u00f3n para obtener informaci\u00f3n sobre la conexi\u00f3n para cada reuni\u00f3n.<\/p><\/div>\r\n\t\t\t        <div class=\"tab-pane fade\" id=\"board-of-directors-membership\" role=\"tabpanel\" aria-labelledby=\"home-tab-1\"><p>Nancy Baker,\u00a0<em>Representante del Comit\u00e9 Consultivo de Consumidores y Familias (CCCF)<\/em><br \/>Houston Barrow,\u00a0<em> Comisario del condado de Rockingham<\/em><br \/>Ronnie Beale,\u00a0<em> Representante a distancia (Presidente)<\/em><br \/>Dan Brummitt, <em>Comisario del Condado de Vance (Vicepresidente)<\/em><br \/>Lynn Cody, <em>Comisario del Condado de Graham<\/em><br \/>Ira Dove, <em>Director de Salud y Servicios Humanos del Condado de Haywood<\/em><br \/>Ricky Graves, <em>Representante de la CFAC<\/em><br \/>Billy Kennedy, <em>Nombramiento del Secretario del NCDHHS<\/em><br \/>Bill Lapsley, <em>Comisario del Condado de Henderson<\/em><br \/>Pat McGinnis,\u00a0<em>Representante de la CFAC<\/em><br \/>Mike Norris,\u00a0<em>Representante Ampliado<\/em><br \/>Carson Ojamaa, <em>Presidente del Consejo Asesor de Proveedores Vaya<\/em><br \/>Steve Pitman, <em>Comisario del Condado de Mitchell<\/em><br \/>Donnie Potter,\u00a0<em>Comisario del Condado de Caldwell<\/em><br \/>Shirley Randleman, <em>Representante Ampliado<\/em><br \/>Mark Richardson,\u00a0<em>Comisario del condado de Rockingham<\/em><br \/>Mary Ann Widenhouse, <em>Representante de la CFAC<\/em><br \/>Gwynneth Wildcatt,\u00a0<em>Director Asesor<\/em><br \/>Ashley Wooten,\u00a0<em>Gerente del Condado de McDowell<\/em><\/p><\/div>\r\n\t\t\t<\/div><\/div>\n\n<div class=\"gb-container gb-container-0187a562\">\n\n<p><a href=\"\/es\/about\/governance\/board-of-directors\/2025-board-meetings\/\" target=\"_blank\" rel=\"noopener\" title=\"\">Ver el calendario y los documentos de las reuniones del Consejo de 2025<\/a><\/p>\n\n\n\n<h3 class=\"gb-headline gb-headline-2b605c64 gb-headline-text\">Calendario de reuniones de la Junta para 2026<\/h3>\n\n\n\n<div>\n<div class=\"gb-element-4a49946c\">\n<div>\n<h5 class=\"gb-text\"><strong>22-23 de enero de 2026 - Retiro de la Junta Directiva&nbsp;<\/strong><\/h5>\n\n\n\n<h5 class=\"gb-text\"><strong>Agenda<\/strong><\/h5>\n\n\n\n<ul class=\"wp-block-list\">\n<li><a href=\"\/es\/resources\/executive_20260122_b1-agenda\/\" target=\"_blank\" rel=\"noopener\" title=\"\">Orden del d\u00eda aprobado por el Comit\u00e9 Ejecutivo<\/a><\/li>\n\n\n\n<li><a href=\"\/es\/resources\/finance_20260122_b1-agenda\/\" target=\"_blank\" rel=\"noopener\" title=\"\">Orden del d\u00eda aprobado por el Comit\u00e9 de Finanzas<\/a><\/li>\n\n\n\n<li><a href=\"\/es\/resources\/full_board_20260122_b1-retreat_agenda_revised\/\" target=\"_blank\" rel=\"noopener\" title=\"\">D\u00eda 1 del Consejo de Administraci\u00f3n Agenda Aprobada<\/a><\/li>\n\n\n\n<li><a href=\"\/es\/resources\/full_board_20260122_b1-retreat_agenda\/\" target=\"_blank\" rel=\"noopener\" title=\"\">D\u00eda 2 del Consejo de Administraci\u00f3n - Agenda Aprobada<\/a><\/li>\n<\/ul>\n<\/div>\n\n\n\n<div style=\"height:10px\" aria-hidden=\"true\" class=\"wp-block-spacer\"><\/div>\n\n\n\n<div>\n<h5 class=\"gb-text\"><strong>Actas<\/strong><\/h5>\n\n\n\n<ul class=\"wp-block-list\">\n<li><a href=\"\/es\/resources\/20260122_executive_approvedminutes\/\" target=\"_blank\" rel=\"noopener\" title=\"\">Actas aprobadas por el Comit\u00e9 Ejecutivo<\/a><\/li>\n\n\n\n<li><a href=\"\/es\/resources\/20260122_finance_approvedminutes\/\" target=\"_blank\" rel=\"noopener\" title=\"\">Actas aprobadas por el Comit\u00e9 de Finanzas<\/a><\/li>\n\n\n\n<li><a href=\"\/es\/resources\/20260122-23_full_board_approvedminutes\/\" target=\"_blank\" rel=\"noopener\" title=\"\">Actas aprobadas por el Consejo de Administraci\u00f3n<\/a><\/li>\n<\/ul>\n<\/div>\n<\/div>\n\n\n\n<div class=\"gb-element-d36460de\">\n<h5 class=\"gb-text\"><strong>10 de marzo de 2026<\/strong><\/h5>\n\n\n\n<ul class=\"wp-block-list\">\n<li><a href=\"\/es\/resources\/strategic_committee_agenda\/\" target=\"_blank\" rel=\"noopener\" title=\"\">Proyecto de orden del d\u00eda del Comit\u00e9 Estrat\u00e9gico<\/a><\/li>\n<\/ul>\n<\/div>\n\n\n\n<div class=\"gb-element-4ea3a088\">\n<h5 class=\"gb-text\"><strong>26 de marzo de 2026&nbsp;<\/strong><\/h5>\n\n\n\n<ul class=\"wp-block-list\">\n<li><a href=\"\/es\/resources\/executive_20260326_b1-agenda\/\" target=\"_blank\" rel=\"noopener\" title=\"\">Proyecto de orden del d\u00eda del Comit\u00e9 Ejecutivo<\/a><\/li>\n\n\n\n<li><a href=\"\/es\/resources\/finance_20260326_b1-agenda\/\" target=\"_blank\" rel=\"noopener\" title=\"\">Proyecto de orden del d\u00eda del Comit\u00e9 de Finanzas<\/a><\/li>\n\n\n\n<li><a href=\"\/es\/resources\/full_board_20260326_b1-agenda\/\" target=\"_blank\" rel=\"noopener\" title=\"\">Proyecto de orden del d\u00eda del Consejo de Administraci\u00f3n<\/a><\/li>\n<\/ul>\n<\/div>\n\n\n\n<div class=\"gb-element-ccb21674\">\n<h5 class=\"gb-text\"><strong>23 de abril de 2026\u00a0<\/strong><\/h5>\n\n\n\n<ul class=\"wp-block-list\">\n<li><a href=\"\/es\/resources\/full_board_20260423_b1-agenda\/\" target=\"_blank\" rel=\"noopener\" title=\"\">Proyecto de orden del d\u00eda del Consejo de Administraci\u00f3n<\/a><\/li>\n<\/ul>\n<\/div>\n\n\n\n<div class=\"gb-element-2392fe39\">\n<h5 class=\"gb-text\"><strong>21 de mayo de 2026 - Revisi\u00f3n del presupuesto<\/strong><\/h5>\n<\/div>\n\n\n\n<div class=\"gb-element-1eb1af23\">\n<h5 class=\"gb-text\"><strong>25 de junio de 2026 - Audiencia p\u00fablica sobre el presupuesto<\/strong><\/h5>\n<\/div>\n\n\n\n<div class=\"gb-element-aa343b26\">\n<h5 class=\"gb-text\"><strong>27 de agosto de 2026<\/strong><\/h5>\n<\/div>\n\n\n\n<div class=\"gb-element-faf0d6ae\">\n<h5 class=\"gb-text\"><strong>22 de octubre de 2026<\/strong><\/h5>\n<\/div>\n\n\n\n<div>\n<h5 class=\"gb-text\"><strong>11 de diciembre de 2026<\/strong><\/h5>\n<\/div>\n<\/div>\n\n<\/div>\n\n\n<div>\n<h3 class=\"gb-text\">Calendario del Comit\u00e9 de Cumplimiento Normativo y Calidad<\/h3>\n\n\n\n<p>23 de abril de 2026, de 15.00 a 17.00 h.<\/p>\n\n\n\n<ul class=\"wp-block-list\">\n<li><a href=\"\/es\/resources\/rcqc_20260423_b1-agenda\/\" target=\"_blank\" rel=\"noopener\" title=\"\">Proyecto de orden del d\u00eda del Comit\u00e9 de conformidad reglamentaria y calidad<\/a><\/li>\n<\/ul>\n\n\n\n<p>20 de agosto de 2026, de 15.00 a 17.00 h.<\/p>\n\n\n\n<p>15 de octubre de 2026, de 15.00 a 17.00 h.<\/p>\n\n\n\n<p>21 de enero de 2027, de 15.00 a 17.00 h.<\/p>\n<\/div>\n<\/div>","protected":false},"excerpt":{"rendered":"<p>El Consejo de Administraci\u00f3n es responsable de la planificaci\u00f3n y presupuestaci\u00f3n integrales y colaborativas de los servicios de salud mental, discapacidad intelectual\/del desarrollo y consumo de sustancias (MH\/IDD\/SU) financiados con fondos p\u00fablicos y basados en la comunidad para nuestros afiliados. El Consejo nombra a nuestro director general, supervisa el cumplimiento, aprueba el presupuesto anual y establece directrices pol\u00edticas para que la direcci\u00f3n administre los servicios de forma que satisfagan las diversas necesidades de la comunidad.<\/p>","protected":false},"author":62,"featured_media":50216,"parent":25457,"menu_order":113,"comment_status":"closed","ping_status":"closed","template":"breadcrumbs","meta":{"_tec_requires_first_save":true,"_price":"","_stock":"","_tribe_ticket_header":"","_tribe_default_ticket_provider":"","_tribe_ticket_capacity":"0","_ticket_start_date":"","_ticket_end_date":"","_tribe_ticket_show_description":"","_tribe_ticket_show_not_going":false,"_tribe_ticket_use_global_stock":"","_tribe_ticket_global_stock_level":"","_global_stock_mode":"","_global_stock_cap":"","_tribe_rsvp_for_event":"","_tribe_ticket_going_count":"","_tribe_ticket_not_going_count":"","_tribe_tickets_list":"[]","_tribe_ticket_has_attendee_info_fields":false,"_EventAllDay":false,"_EventTimezone":"","_EventStartDate":"","_EventEndDate":"","_EventStartDateUTC":"","_EventEndDateUTC":"","_EventShowMap":false,"_EventShowMapLink":false,"_EventURL":"","_EventCost":"","_EventCostDescription":"","_EventCurrencySymbol":"","_EventCurrencyCode":"","_EventCurrencyPosition":"","_EventDateTimeSeparator":"","_EventTimeRangeSeparator":"","_EventOrganizerID":[],"_EventVenueID":[],"_OrganizerEmail":"","_OrganizerPhone":"","_OrganizerWebsite":"","_VenueAddress":"","_VenueCity":"","_VenueCountry":"","_VenueProvince":"","_VenueState":"","_VenueZip":"","_VenuePhone":"","_VenueURL":"","_VenueStateProvince":"","_VenueLat":"","_VenueLng":"","_VenueShowMap":false,"_VenueShowMapLink":false,"_tribe_blocks_recurrence_rules":"","_tribe_blocks_recurrence_description":"","_tribe_blocks_recurrence_exclusions":"","banner-text":"","banner-text-color":"","button-text":"","button-text-color":"","button-link":"","has-button-icon":"","background-color":"","has-background-icon":"","background-icon-color":"","second-featured-image":"","footnotes":""},"class_list":["post-377","page","type-page","status-publish","has-post-thumbnail","hentry"],"aioseo_notices":[],"_links":{"self":[{"href":"https:\/\/www.vayahealth.com\/es\/wp-json\/wp\/v2\/pages\/377","targetHints":{"allow":["GET"]}}],"collection":[{"href":"https:\/\/www.vayahealth.com\/es\/wp-json\/wp\/v2\/pages"}],"about":[{"href":"https:\/\/www.vayahealth.com\/es\/wp-json\/wp\/v2\/types\/page"}],"author":[{"embeddable":true,"href":"https:\/\/www.vayahealth.com\/es\/wp-json\/wp\/v2\/users\/62"}],"replies":[{"embeddable":true,"href":"https:\/\/www.vayahealth.com\/es\/wp-json\/wp\/v2\/comments?post=377"}],"version-history":[{"count":2,"href":"https:\/\/www.vayahealth.com\/es\/wp-json\/wp\/v2\/pages\/377\/revisions"}],"predecessor-version":[{"id":57391,"href":"https:\/\/www.vayahealth.com\/es\/wp-json\/wp\/v2\/pages\/377\/revisions\/57391"}],"up":[{"embeddable":true,"href":"https:\/\/www.vayahealth.com\/es\/wp-json\/wp\/v2\/pages\/25457"}],"wp:featuredmedia":[{"embeddable":true,"href":"https:\/\/www.vayahealth.com\/es\/wp-json\/wp\/v2\/media\/50216"}],"wp:attachment":[{"href":"https:\/\/www.vayahealth.com\/es\/wp-json\/wp\/v2\/media?parent=377"}],"curies":[{"name":"wp","href":"https:\/\/api.w.org\/{rel}","templated":true}]}}