{"id":38462,"date":"2024-01-09T02:29:42","date_gmt":"2024-01-09T07:29:42","guid":{"rendered":"https:\/\/www.vayahealth.com\/?page_id=38462"},"modified":"2026-04-13T14:40:55","modified_gmt":"2026-04-13T18:40:55","slug":"1915i-services","status":"publish","type":"page","link":"https:\/\/www.vayahealth.com\/es\/benefits-services\/1915i-services\/","title":{"rendered":"1915(i) Servicios"},"content":{"rendered":"<div class=\"gb-container gb-container-2e7a5762\">\n\n<div>\n<p>Los servicios de Medicaid 1915(i) de Carolina del Norte le ayudan a mantener su independencia en casa o en la comunidad.<\/p>\n\n\n\n<p>Vaya Health, junto con otras entidades de gesti\u00f3n local\/organizaciones de atenci\u00f3n gestionada de Carolina del Norte, ofrece servicios 1915(i) a los miembros de Medicaid con importantes necesidades de salud conductual, discapacidades intelectuales\/del desarrollo y\/o lesiones cerebrales traum\u00e1ticas.<\/p>\n<\/div>\n\n\n\n<div>\n<h2 class=\"gb-text\">\u00bfQu\u00e9 son los servicios 1915(i)?<\/h2>\n\n\n\n<p>Los servicios 1915(i) son un tipo de servicios domiciliarios y comunitarios. Pueden ayudarle a usted o a un ser querido a vivir en casa, encontrar trabajo, aprender habilidades para participar en la comunidad, recuperarse de un trastorno por uso de sustancias y m\u00e1s. Los Vaya <a href=\"\/es\/resources\/1915i-overview-resource-guide\/\" target=\"_blank\" rel=\"noopener\" title=\"\">1915(i) Gu\u00eda de recursos generales<\/a> Describe los pasos requeridos para comenzar los servicios 1915(i), los plazos para completar esos pasos, los requisitos de elegibilidad y las descripciones de los servicios. Es un folleto \u00fatil para que los gerentes de atenci\u00f3n, proveedores, equipos de atenci\u00f3n y miembros lo revisen juntos.<\/p>\n<\/div>\n\n\n\n<div>\n<h2 class=\"gb-text\">\u00bfQu\u00e9 servicios de 1915(i) puedo recibir?<\/h2>\n\n\n\n<ul class=\"wp-block-list\">\n<li>Respiro<\/li>\n\n\n\n<li>Transici\u00f3n comunitaria<\/li>\n\n\n\n<li>Colocaci\u00f3n y apoyo individuales - Empleo con apoyo<\/li>\n\n\n\n<li>Apoyo individual y transitorio<\/li>\n\n\n\n<li>Vida y apoyo comunitarios<\/li>\n<\/ul>\n\n\n\n<p>Si est\u00e1 interesado en estos servicios, deber\u00e1 inscribirse en <a href=\"\/es\/benefits-services\/care-management\/\" title=\"\">Gesti\u00f3n de la atenci\u00f3n personalizada<\/a>. Tambi\u00e9n debe obtener una evaluaci\u00f3n independiente para asegurarse de que los servicios de 1915(i) son adecuados para usted. Un gestor de cuidados trabajar\u00e1 con usted para completar la evaluaci\u00f3n.<\/p>\n\n\n\n<p>Para m\u00e1s informaci\u00f3n, llame a nuestra l\u00ednea de atenci\u00f3n a los afiliados y beneficiarios al <a href=\"tel:1-800-962-9003\" title=\"\">1-800-962-9003.<\/a><\/p>\n<\/div>\n\n\n<div class=\"gb-container gb-container-adbdb863\">\n\n<h2 class=\"gb-text\">Recursos de Medicaid en Carolina del Norte<\/h2>\n\n\n\n<ul class=\"wp-block-list\">\n<li><a href=\"https:\/\/medicaid.ncdhhs.gov\/1915i\" target=\"_blank\" rel=\"noopener\" title=\"\">Servicios de Medicaid 1915(i) de Carolina del Norte<\/a><\/li>\n\n\n\n<li><a href=\"https:\/\/medicaid.ncdhhs.gov\/beneficiaries\/1915i\/1915i-services\" target=\"_blank\" rel=\"noopener\" title=\"\">Tipos de servicios 1915(i)<\/a><\/li>\n\n\n\n<li><a href=\"https:\/\/medicaid.ncdhhs.gov\/flyer-1915i-medicaid-home-and-community-based-services\/download?attachment\" target=\"_blank\" rel=\"noopener\" title=\"Folleto: Servicios de Medicaid 1915(i) de Carolina del Norte\">Folleto: Servicios de Medicaid 1915(i) de Carolina del Norte<\/a><\/li>\n\n\n\n<li><a href=\"https:\/\/medicaid.ncdhhs.gov\/media\/14993\/download?attachment\" target=\"_blank\" rel=\"noopener\" title=\"Folleto: NC Medicaid 1915(i) Vida en comunidad y ayudas\">Folleto: NC Medicaid 1915(i) Vida en comunidad y ayudas<\/a><\/li>\n<\/ul>\n\n<\/div>\n<\/div>","protected":false},"excerpt":{"rendered":"<p>North Carolina\u2019s 1915(i) Medicaid services help support your independence at home or in the community. Vaya Health, along with North Carolina\u2019s other local management entities\/managed care organizations, offers 1915(i) services [&hellip;]<\/p>\n","protected":false},"author":62,"featured_media":0,"parent":26637,"menu_order":44,"comment_status":"closed","ping_status":"closed","template":"breadcrumbs","meta":{"_tec_requires_first_save":true,"_price":"","_stock":"","_tribe_ticket_header":"","_tribe_default_ticket_provider":"","_tribe_ticket_capacity":"0","_ticket_start_date":"","_ticket_end_date":"","_tribe_ticket_show_description":"","_tribe_ticket_show_not_going":false,"_tribe_ticket_use_global_stock":"","_tribe_ticket_global_stock_level":"","_global_stock_mode":"","_global_stock_cap":"","_tribe_rsvp_for_event":"","_tribe_ticket_going_count":"","_tribe_ticket_not_going_count":"","_tribe_tickets_list":"[]","_tribe_ticket_has_attendee_info_fields":false,"_EventAllDay":false,"_EventTimezone":"","_EventStartDate":"","_EventEndDate":"","_EventStartDateUTC":"","_EventEndDateUTC":"","_EventShowMap":false,"_EventShowMapLink":false,"_EventURL":"","_EventCost":"","_EventCostDescription":"","_EventCurrencySymbol":"","_EventCurrencyCode":"","_EventCurrencyPosition":"","_EventDateTimeSeparator":"","_EventTimeRangeSeparator":"","_EventOrganizerID":[],"_EventVenueID":[],"_OrganizerEmail":"","_OrganizerPhone":"","_OrganizerWebsite":"","_VenueAddress":"","_VenueCity":"","_VenueCountry":"","_VenueProvince":"","_VenueState":"","_VenueZip":"","_VenuePhone":"","_VenueURL":"","_VenueStateProvince":"","_VenueLat":"","_VenueLng":"","_VenueShowMap":false,"_VenueShowMapLink":false,"_tribe_blocks_recurrence_rules":"","_tribe_blocks_recurrence_description":"","_tribe_blocks_recurrence_exclusions":"","banner-text":"","banner-text-color":"","button-text":"","button-text-color":"","button-link":"","has-button-icon":"","background-color":"","has-background-icon":"","background-icon-color":"","second-featured-image":"","footnotes":""},"class_list":["post-38462","page","type-page","status-publish","hentry"],"aioseo_notices":[],"_links":{"self":[{"href":"https:\/\/www.vayahealth.com\/es\/wp-json\/wp\/v2\/pages\/38462","targetHints":{"allow":["GET"]}}],"collection":[{"href":"https:\/\/www.vayahealth.com\/es\/wp-json\/wp\/v2\/pages"}],"about":[{"href":"https:\/\/www.vayahealth.com\/es\/wp-json\/wp\/v2\/types\/page"}],"author":[{"embeddable":true,"href":"https:\/\/www.vayahealth.com\/es\/wp-json\/wp\/v2\/users\/62"}],"replies":[{"embeddable":true,"href":"https:\/\/www.vayahealth.com\/es\/wp-json\/wp\/v2\/comments?post=38462"}],"version-history":[{"count":2,"href":"https:\/\/www.vayahealth.com\/es\/wp-json\/wp\/v2\/pages\/38462\/revisions"}],"predecessor-version":[{"id":57259,"href":"https:\/\/www.vayahealth.com\/es\/wp-json\/wp\/v2\/pages\/38462\/revisions\/57259"}],"up":[{"embeddable":true,"href":"https:\/\/www.vayahealth.com\/es\/wp-json\/wp\/v2\/pages\/26637"}],"wp:attachment":[{"href":"https:\/\/www.vayahealth.com\/es\/wp-json\/wp\/v2\/media?parent=38462"}],"curies":[{"name":"wp","href":"https:\/\/api.w.org\/{rel}","templated":true}]}}