{"id":43293,"date":"2024-07-09T09:45:14","date_gmt":"2024-07-09T13:45:14","guid":{"rendered":"https:\/\/www.vayahealth.com\/?page_id=43293"},"modified":"2025-11-19T15:46:23","modified_gmt":"2025-11-19T20:46:23","slug":"vaccinations","status":"publish","type":"page","link":"https:\/\/www.vayahealth.com\/es\/benefits-services\/improve-your-wellness\/vaccinations\/","title":{"rendered":"Recursos sobre vacunaci\u00f3n"},"content":{"rendered":"<div class=\"gb-container gb-container-0d6f9739\">\n\n<h2 class=\"gb-headline gb-headline-3ad32a7e gb-headline-text\">Por qu\u00e9 son importantes las vacunas<\/h2>\n\n\n\n<div class=\"gb-element-f51aef9d\">\n<div>\n<p>Su salud y su bienestar son importantes. Las vacunas son importantes para protegerle a usted y a los dem\u00e1s de contraer y contagiar enfermedades prevenibles. Le ayudan a mantenerse sano y a reducir la gravedad de los s\u00edntomas si enferma. Hay vacunas recomendadas en funci\u00f3n de la edad, la salud, el embarazo, el trabajo, el estilo de vida y los viajes.<\/p>\n\n\n\n<p>Su proveedor de atenci\u00f3n primaria puede ayudarle a determinar qu\u00e9 vacunas necesita y d\u00f3nde obtenerlas. Asistir a las visitas anuales de bienestar le mantiene al d\u00eda con las vacunas de rutina recomendadas que le protegen y le mantienen sano. Los adultos y los ni\u00f1os deben recibir vacunas anuales, como la de la gripe (influenza) y la COVID-19.<\/p>\n<\/div>\n\n\n\n<div>\n<figure class=\"gb-block-image gb-block-image-22e1260e\"><img loading=\"lazy\" decoding=\"async\" width=\"600\" height=\"400\" class=\"gb-image gb-image-22e1260e\" src=\"https:\/\/www.vayahealth.com\/wp-content\/uploads\/2025\/04\/Child-Getting-Bandaid-Put-On_2293728981.webp\" alt=\"Un ni\u00f1o al que le ponen una tirita en el brazo despu\u00e9s de lo que puede haber sido recibir una inyecci\u00f3n para una vacuna.\" title=\"Child-Getting-Bandaid-Put-On_2293728981\" srcset=\"https:\/\/www.vayahealth.com\/wp-content\/uploads\/2025\/04\/Child-Getting-Bandaid-Put-On_2293728981.webp 600w, https:\/\/www.vayahealth.com\/wp-content\/uploads\/2025\/04\/Child-Getting-Bandaid-Put-On_2293728981-300x200.webp 300w, https:\/\/www.vayahealth.com\/wp-content\/uploads\/2025\/04\/Child-Getting-Bandaid-Put-On_2293728981-18x12.webp 18w\" sizes=\"auto, (max-width: 600px) 100vw, 600px\" \/><\/figure>\n<\/div>\n<\/div>\n\n\n<div class=\"gb-container gb-container-3c262e7a\">\n\n<h3 class=\"gb-headline gb-headline-0b75dfd6 gb-headline-text\">Temas de vacunaci\u00f3n sobre los que puede obtener m\u00e1s informaci\u00f3n:<\/h3>\n\n\n<div class=\"gb-container gb-container-2083ae2e accordion-wrapper accessible-accordion\" id=\"wrapper-main0125\">\n<div class=\"gb-grid-wrapper gb-grid-wrapper-35c87d21\">\n<div class=\"gb-grid-column gb-grid-column-1a13d246\"><div class=\"gb-container gb-container-1a13d246\">\n\r\n\r\n\n\n\n\n    <div class=\"accordion-item-block\"  itemscope itemprop=\"mainEntity\" itemtype=\"https:\/\/schema.org\/Question\">\n        <h2 class=\"accordion-headline\" id=\"heading-acc-1yqspL\">\n            <div class=\"accordion-button-span custom-accordion-trigger\"  itemprop=\"name\" tabindex=\"0\" role=\"button\" data-bs-toggle=\"collapse\" data-bs-target=\"#collapse-acc-1yqspL\" aria-expanded=\"false\" aria-controls=\"collapse-acc-1yqspL\">Ventajas de vacunarse<\/div>\n        <\/h2>\n        <div id=\"collapse-acc-1yqspL\"  itemscope itemprop=\"acceptedAnswer\" itemtype=\"https:\/\/schema.org\/Answer\" role=\"region\" class=\"accordion-collapse collapse\" aria-labelledby=\"heading-acc-1yqspL\" data-bs-parent=\"#wrapper-main0125\">\n            <div class=\"accordion-body\"  itemprop=\"text\">\n                <p>Son muchos los beneficios asociados a las vacunas. <strong>Salvar vidas es uno de los mayores impactos. <\/strong>Otras ventajas son:<\/p>\n<ul>\n<li>Prevenci\u00f3n de enfermedades y efectos negativos a largo plazo<\/li>\n<li>Ahorro de costes sanitarios<\/li>\n<li>Una vida m\u00e1s sana<\/li>\n<li>Comunidades m\u00e1s sanas<\/li>\n<\/ul>\n                \n            <\/div>\n        <\/div>\n    <\/div>\n\n<\/div><\/div>\n\n<div class=\"gb-grid-column gb-grid-column-79133db2\"><div class=\"gb-container gb-container-79133db2\">\n\r\n\r\n\n\n\n\n    <div class=\"accordion-item-block\"  itemscope itemprop=\"mainEntity\" itemtype=\"https:\/\/schema.org\/Question\">\n        <h2 class=\"accordion-headline\" id=\"heading-acc-Z18z6zn\">\n            <div class=\"accordion-button-span custom-accordion-trigger\"  itemprop=\"name\" tabindex=\"0\" role=\"button\" data-bs-toggle=\"collapse\" data-bs-target=\"#collapse-acc-Z18z6zn\" aria-expanded=\"false\" aria-controls=\"collapse-acc-Z18z6zn\">Vacunas disponibles<\/div>\n        <\/h2>\n        <div id=\"collapse-acc-Z18z6zn\"  itemscope itemprop=\"acceptedAnswer\" itemtype=\"https:\/\/schema.org\/Answer\" role=\"region\" class=\"accordion-collapse collapse\" aria-labelledby=\"heading-acc-Z18z6zn\" data-bs-parent=\"#wrapper-main0125\">\n            <div class=\"accordion-body\"  itemprop=\"text\">\n                <ul>\n<li>La Academia Americana de Pediatr\u00eda (AAP) ofrece una lista completa y <a href=\"https:\/\/downloads.aap.org\/AAP\/PDF\/AAP-Immunization-Schedule.pdf\" target=\"_blank\" rel=\"noopener\">calendario de vacunaciones para menores de 18 a\u00f1os<\/a>.<\/li>\n<li>La Academia Americana de Medicina de Familia (AAFP) ofrece una lista completa y <a href=\"https:\/\/\/es\/www.aafp.org\/dam\/AAFP\/documents\/patient_care\/immunizations\/2025%20adult%20Schedule.pdf\/\" target=\"_blank\" rel=\"noopener\">calendario de vacunaciones para mayores de 19 a\u00f1os<\/a>.<\/li>\n<\/ul>\n                \n            <\/div>\n        <\/div>\n    <\/div>\n\n<\/div><\/div>\n\n<div class=\"gb-grid-column gb-grid-column-aa86e055\"><div class=\"gb-container gb-container-aa86e055\">\n\r\n\r\n\n\n\n\n    <div class=\"accordion-item-block\"  itemscope itemprop=\"mainEntity\" itemtype=\"https:\/\/schema.org\/Question\">\n        <h2 class=\"accordion-headline\" id=\"heading-acc-1bcQEW\">\n            <div class=\"accordion-button-span custom-accordion-trigger\"  itemprop=\"name\" tabindex=\"0\" role=\"button\" data-bs-toggle=\"collapse\" data-bs-target=\"#collapse-acc-1bcQEW\" aria-expanded=\"false\" aria-controls=\"collapse-acc-1bcQEW\">C\u00f3mo vacunarse<\/div>\n        <\/h2>\n        <div id=\"collapse-acc-1bcQEW\"  itemscope itemprop=\"acceptedAnswer\" itemtype=\"https:\/\/schema.org\/Answer\" role=\"region\" class=\"accordion-collapse collapse\" aria-labelledby=\"heading-acc-1bcQEW\" data-bs-parent=\"#wrapper-main0125\">\n            <div class=\"accordion-body\"  itemprop=\"text\">\n                <p>Estamos aqu\u00ed para ayudarle. Si tiene alguna pregunta sobre c\u00f3mo vacunarse, puede ponerse en contacto con su administrador de cuidados o coordinador de cuidados o llamar a la l\u00ednea de atenci\u00f3n al afiliado y beneficiario del Vaya al <a href=\"tel:1-800-962-9003\" target=\"_blank\" rel=\"noopener\">1-800-962-9003<\/a>. Otros lugares donde obtener m\u00e1s informaci\u00f3n sobre la vacunaci\u00f3n son:<\/p>\n<ul>\n<li>La consulta de su m\u00e9dico de cabecera<\/li>\n<li>Farmacias participantes (los farmac\u00e9uticos pueden facilitar informaci\u00f3n detallada sobre las vacunas disponibles y los requisitos de edad vigentes)<\/li>\n<li>Centros de salud comunitarios<\/li>\n<li>Departamentos locales de sanidad<\/li>\n<\/ul>\n                \n            <\/div>\n        <\/div>\n    <\/div>\n\n<\/div><\/div>\n\n<div class=\"gb-grid-column gb-grid-column-aa34a750\"><div class=\"gb-container gb-container-aa34a750\">\n\r\n\r\n\n\n\n\n    <div class=\"accordion-item-block\"  itemscope itemprop=\"mainEntity\" itemtype=\"https:\/\/schema.org\/Question\">\n        <h2 class=\"accordion-headline\" id=\"heading-acc-2iyzbI\">\n            <div class=\"accordion-button-span custom-accordion-trigger\"  itemprop=\"name\" tabindex=\"0\" role=\"button\" data-bs-toggle=\"collapse\" data-bs-target=\"#collapse-acc-2iyzbI\" aria-expanded=\"false\" aria-controls=\"collapse-acc-2iyzbI\">Incentivos a la vacunaci\u00f3n<\/div>\n        <\/h2>\n        <div id=\"collapse-acc-2iyzbI\"  itemscope itemprop=\"acceptedAnswer\" itemtype=\"https:\/\/schema.org\/Answer\" role=\"region\" class=\"accordion-collapse collapse\" aria-labelledby=\"heading-acc-2iyzbI\" data-bs-parent=\"#wrapper-main0125\">\n            <div class=\"accordion-body\"  itemprop=\"text\">\n                <p>Vaya ofrece incentivos para algunas vacunas. Los afiliados Vaya Total Care que cumplan los requisitos pueden obtener una tarjeta regalo $10 por recibir una vacuna anual COVID-19 o contra la gripe. Este beneficio puede utilizarse para un m\u00e1ximo de dos tarjetas regalo por a\u00f1o del plan. Puede elegir una tarjeta regalo de Amazon, Target o Walmart. Visite <a href=\"https:\/\/www.vayahealth.com\/es\/benefits-services\/vaya-total-care-perks\/\">Vaya Total Care Perks<\/a> para m\u00e1s informaci\u00f3n.<\/p>\n                \n            <\/div>\n        <\/div>\n    <\/div>\n\n<\/div><\/div>\n\n<div class=\"gb-grid-column gb-grid-column-b452ea7a\"><div class=\"gb-container gb-container-b452ea7a\">\n\r\n\r\n\n\n\n\n    <div class=\"accordion-item-block\"  itemscope itemprop=\"mainEntity\" itemtype=\"https:\/\/schema.org\/Question\">\n        <h2 class=\"accordion-headline\" id=\"heading-acc-Z29E4qF\">\n            <div class=\"accordion-button-span custom-accordion-trigger\"  itemprop=\"name\" tabindex=\"0\" role=\"button\" data-bs-toggle=\"collapse\" data-bs-target=\"#collapse-acc-Z29E4qF\" aria-expanded=\"false\" aria-controls=\"collapse-acc-Z29E4qF\">Recursos adicionales sobre vacunaci\u00f3n<\/div>\n        <\/h2>\n        <div id=\"collapse-acc-Z29E4qF\"  itemscope itemprop=\"acceptedAnswer\" itemtype=\"https:\/\/schema.org\/Answer\" role=\"region\" class=\"accordion-collapse collapse\" aria-labelledby=\"heading-acc-Z29E4qF\" data-bs-parent=\"#wrapper-main0125\">\n            <div class=\"accordion-body\"  itemprop=\"text\">\n                <p><!-- wp:paragraph --><\/p>\n<p>Los virus respiratorios son una causa frecuente de enfermedades graves y pueden propagarse f\u00e1cilmente por las comunidades. Las vacunas relacionadas con las v\u00edas respiratorias figuran en los calendarios de vacunaci\u00f3n de la AAP y la AAFP, incluidas las vacunas anuales COVID-19 y contra la gripe, la vacuna contra el virus respiratorio sincitial (VRS) y la vacuna contra la neumon\u00eda.<\/p>\n<p>Para saber m\u00e1s sobre estos virus respiratorios y c\u00f3mo prevenirlos, visite los siguientes recursos:<\/p>\n<p>Para j\u00f3venes de 18 a\u00f1os o menos (AAP):<\/p>\n<ul>\n<li><a href=\"https:\/\/www.healthychildren.org\/English\/health-issues\/conditions\/COVID-19\/Pages\/default.aspx\" target=\"_blank\" rel=\"noopener\">COVID-19<\/a><\/li>\n<li><a href=\"https:\/\/www.healthychildren.org\/English\/health-issues\/conditions\/flu\/Pages\/default.aspx\" target=\"_blank\" rel=\"noopener\">Gripe<\/a><\/li>\n<li><a href=\"https:\/\/www.healthychildren.org\/English\/health-issues\/conditions\/chest-lungs\/Pages\/RSV-When-Its-More-Than-Just-a-Cold.aspx\" target=\"_blank\" rel=\"noopener\">RSV<\/a><\/li>\n<li><a href=\"https:\/\/www.healthychildren.org\/English\/health-issues\/conditions\/chest-lungs\/Pages\/Pneumonia.aspx\" target=\"_blank\" rel=\"noopener\">Neumon\u00eda<\/a><\/li>\n<\/ul>\n<p><!-- \/wp:list -->\n\n<!-- wp:paragraph --><\/p>\n<p>Para adultos a partir de 19 a\u00f1os (AAFP):<\/p>\n<ul>\n<li><a href=\"https:\/\/familydoctor.org\/condition\/coronavirus-covid-19\/\" target=\"_blank\" rel=\"noopener\">COVID-19<\/a><\/li>\n<li><a href=\"https:\/\/familydoctor.org\/condition\/colds-and-the-flu\/\" target=\"_blank\" rel=\"noopener\">Gripe<\/a><\/li>\n<li><a href=\"https:\/\/familydoctor.org\/condition\/rsv-in-adults-over-60\/\" target=\"_blank\" rel=\"noopener\">RSV<\/a><\/li>\n<li><a href=\"https:\/\/familydoctor.org\/condition\/pneumonia\/\" target=\"_blank\" rel=\"noopener\">Neumon\u00eda<\/a><\/li>\n<\/ul>\n<p><br \/><!-- \/wp:paragraph --><\/p>\n                \n            <\/div>\n        <\/div>\n    <\/div>\n\n<\/div><\/div>\n<\/div>\n<\/div>\n<\/div>\n<\/div>\n\n<div class=\"gb-container gb-container-2e2fdc00 d-none\">\n<div class=\"gb-container gb-container-78c6f7c9\">\n\n<h2 class=\"gb-headline gb-headline-25bc8347 gb-headline-text\">Descubra valiosas ideas y herramientas en nuestro centro Mejore su bienestar<\/h2>\n\n\n<div class=\"gb-grid-wrapper gb-grid-wrapper-4245a7bd\">\n<div class=\"gb-grid-column gb-grid-column-08f003d8\"><div class=\"gb-container gb-container-08f003d8 box-shadow contact-card\">\n\n<h3 class=\"gb-headline gb-headline-3126d5a4 gb-headline-text\">Control de su enfermedad<\/h3>\n\n\n\n<p>Obtenga consejos y estrategias de expertos para gestionar eficazmente su enfermedad.<\/p>\n\n\n\n<p class=\"learn-more\"><a href=\"#\" title=\"\">Control de su enfermedad<\/a><\/p>\n\n<\/div><\/div>\n\n<div class=\"gb-grid-column gb-grid-column-00773dc0\"><div class=\"gb-container gb-container-00773dc0 box-shadow contact-card\">\n\n<h3 class=\"gb-headline gb-headline-b132d4ea gb-headline-text\">Salud masculina<\/h3>\n\n\n\n<p>Tome las riendas de su bienestar con nuestra completa gu\u00eda sobre salud masculina.<\/p>\n\n\n\n<p class=\"learn-more\"><a href=\"#\" title=\"\">Salud masculina<\/a><\/p>\n\n<\/div><\/div>\n\n<div class=\"gb-grid-column gb-grid-column-a839101e\"><div class=\"gb-container gb-container-a839101e box-shadow contact-card\">\n\n<h3 class=\"gb-headline gb-headline-1b1580f0 gb-headline-text\">Dejar de fumar<\/h3>\n\n\n\n<p>Comience su viaje hacia una vida sin tabaco con nuestros recursos de eficacia probada para dejar de fumar.<\/p>\n\n\n\n<p class=\"learn-more\"><a href=\"\/es\/benefits-services\/physical-health\/tobacco-cessation\/\" title=\"\">Dejar de fumar<\/a><\/p>\n\n<\/div><\/div>\n<\/div>\n\n\n<div class=\"wp-block-buttons tailored-plan-button is-content-justification-center is-layout-flex wp-container-core-buttons-is-layout-46a81f07 wp-block-buttons-is-layout-flex\" style=\"margin-top:var(--wp--preset--spacing--80)\">\n<div class=\"wp-block-button\"><a class=\"wp-block-button__link has-white-color has-text-color has-background has-custom-font-size wp-element-button\" style=\"border-radius:45px;background:linear-gradient(90deg,rgb(46,124,181) 0%,rgb(25,79,144) 100%);font-size:clamp(14px, 0.875rem + ((1vw - 3.2px) * 0.156), 16px);\">Ver todas las p\u00e1ginas sobre bienestar<\/a><\/div>\n<\/div>\n\n<\/div>\n<\/div>","protected":false},"excerpt":{"rendered":"<p>Why vaccines matter Your health and wellness matter. Vaccines are important to protect you and others from getting and spreading preventable diseases. They help keep you well and reduce the [&hellip;]<\/p>\n","protected":false},"author":62,"featured_media":50215,"parent":22469,"menu_order":50,"comment_status":"closed","ping_status":"closed","template":"breadcrumbs","meta":{"_tec_requires_first_save":true,"_price":"","_stock":"","_tribe_ticket_header":"","_tribe_default_ticket_provider":"","_tribe_ticket_capacity":"0","_ticket_start_date":"","_ticket_end_date":"","_tribe_ticket_show_description":"","_tribe_ticket_show_not_going":false,"_tribe_ticket_use_global_stock":"","_tribe_ticket_global_stock_level":"","_global_stock_mode":"","_global_stock_cap":"","_tribe_rsvp_for_event":"","_tribe_ticket_going_count":"","_tribe_ticket_not_going_count":"","_tribe_tickets_list":"[]","_tribe_ticket_has_attendee_info_fields":false,"_EventAllDay":false,"_EventTimezone":"","_EventStartDate":"","_EventEndDate":"","_EventStartDateUTC":"","_EventEndDateUTC":"","_EventShowMap":false,"_EventShowMapLink":false,"_EventURL":"","_EventCost":"","_EventCostDescription":"","_EventCurrencySymbol":"","_EventCurrencyCode":"","_EventCurrencyPosition":"","_EventDateTimeSeparator":"","_EventTimeRangeSeparator":"","_EventOrganizerID":[],"_EventVenueID":[],"_OrganizerEmail":"","_OrganizerPhone":"","_OrganizerWebsite":"","_VenueAddress":"","_VenueCity":"","_VenueCountry":"","_VenueProvince":"","_VenueState":"","_VenueZip":"","_VenuePhone":"","_VenueURL":"","_VenueStateProvince":"","_VenueLat":"","_VenueLng":"","_VenueShowMap":false,"_VenueShowMapLink":false,"_tribe_blocks_recurrence_rules":"","_tribe_blocks_recurrence_description":"","_tribe_blocks_recurrence_exclusions":"","banner-text":"","banner-text-color":"","button-text":"","button-text-color":"","button-link":"","has-button-icon":"","background-color":"","has-background-icon":"","background-icon-color":"","second-featured-image":"","footnotes":""},"class_list":["post-43293","page","type-page","status-publish","has-post-thumbnail","hentry"],"aioseo_notices":[],"_links":{"self":[{"href":"https:\/\/www.vayahealth.com\/es\/wp-json\/wp\/v2\/pages\/43293","targetHints":{"allow":["GET"]}}],"collection":[{"href":"https:\/\/www.vayahealth.com\/es\/wp-json\/wp\/v2\/pages"}],"about":[{"href":"https:\/\/www.vayahealth.com\/es\/wp-json\/wp\/v2\/types\/page"}],"author":[{"embeddable":true,"href":"https:\/\/www.vayahealth.com\/es\/wp-json\/wp\/v2\/users\/62"}],"replies":[{"embeddable":true,"href":"https:\/\/www.vayahealth.com\/es\/wp-json\/wp\/v2\/comments?post=43293"}],"version-history":[{"count":0,"href":"https:\/\/www.vayahealth.com\/es\/wp-json\/wp\/v2\/pages\/43293\/revisions"}],"up":[{"embeddable":true,"href":"https:\/\/www.vayahealth.com\/es\/wp-json\/wp\/v2\/pages\/22469"}],"wp:featuredmedia":[{"embeddable":true,"href":"https:\/\/www.vayahealth.com\/es\/wp-json\/wp\/v2\/media\/50215"}],"wp:attachment":[{"href":"https:\/\/www.vayahealth.com\/es\/wp-json\/wp\/v2\/media?parent=43293"}],"curies":[{"name":"wp","href":"https:\/\/api.w.org\/{rel}","templated":true}]}}