{"id":43803,"date":"2024-07-30T09:05:45","date_gmt":"2024-07-30T13:05:45","guid":{"rendered":"https:\/\/www.vayahealth.com\/?page_id=43803"},"modified":"2025-09-25T10:24:51","modified_gmt":"2025-09-25T14:24:51","slug":"personal-care-services","status":"publish","type":"page","link":"https:\/\/www.vayahealth.com\/es\/get-help\/personal-care-services\/","title":{"rendered":"Servicios de atenci\u00f3n personal"},"content":{"rendered":"<div>\n<div>\n<p>Los Servicios de Cuidados Personales (PCS) son un servicio de Medicaid <a href=\"\/es\/health-plans\/vaya-total-care\/\" title=\"\">beneficio para Vaya Total Care<\/a> que necesitan ayuda con las actividades de la vida diaria, llamadas ADL. Estas actividades consisten en ba\u00f1arse, vestirse, ir al ba\u00f1o, comer y realizar tareas dom\u00e9sticas ligeras.<\/p>\n<\/div>\n\n\n\n<div>\n<h2 class=\"gb-text\">\u00bfPuedo optar al PCS?<\/h2>\n\n\n\n<p>Para poder optar al PCS, tendr\u00e1 que reunirse con una enfermera que hablar\u00e1 con usted sobre la ayuda que necesita.  Esto se llama evaluaci\u00f3n.  Para solicitar una evaluaci\u00f3n, su proveedor tendr\u00e1 que rellenar un formulario llamado Solicitud de Evaluaci\u00f3n Independiente para Servicios de Cuidados Personales: Formulario de declaraci\u00f3n de necesidad m\u00e9dica.<\/p>\n\n\n\n<p><a href=\"https:\/\/providers.vayahealth.com\/resources\/vaya_pcs_assessment_request_form\/\" target=\"_blank\" rel=\"noopener\" title=\"\">Descargue aqu\u00ed el formulario<\/a><\/p>\n\n\n\n<p>Durante la evaluaci\u00f3n, la enfermera le preguntar\u00e1 qu\u00e9 necesita ayuda para hacer y si alguien le ayuda con esas cosas. Despu\u00e9s de la evaluaci\u00f3n, el Vaya revisar\u00e1 la informaci\u00f3n para averiguar si re\u00fane los requisitos para el PCS. Si lo es, veremos cu\u00e1ntas horas de ayuda necesita. Tambi\u00e9n le ayudaremos a encontrar un proveedor de PCS en su zona.<\/p>\n<\/div>\n\n\n\n<div>\n<h3 class=\"gb-text\">\u00bfC\u00f3mo solicitar horas PCS adicionales?<\/h3>\n\n\n\n<p>Si tiene al menos 18 a\u00f1os y recibe una autorizaci\u00f3n de traslado por menos de 80 horas al mes, puede solicitar m\u00e1s horas de traslado rellenando un formulario <a href=\"\/es\/resources\/pcs_request_for_reconsideration_form\/\" target=\"_blank\" rel=\"noopener\" title=\"\">Formulario de solicitud de reconsideraci\u00f3n<\/a> y enviarlo por correo electr\u00f3nico a <a href=\"mailto:VayaStatePlanPCS@vayahealth.com\" target=\"_blank\" rel=\"noopener\" title=\"\">VayaStatePlanPCS@vayahealth.com<\/a> o enviando el formulario por fax al n\u00famero 828-707-9349. No presente la solicitud antes de 31 d\u00edas, ni despu\u00e9s de 60 d\u00edas, de haber recibido la notificaci\u00f3n de aprobaci\u00f3n.<\/p>\n<\/div>\n\n\n\n<div>\n<h3 class=\"gb-text\">\u00bfY si el PCS no es adecuado para m\u00ed?<\/h3>\n\n\n\n<p>Si el PCS no es adecuado para usted, le enviaremos una carta para comunic\u00e1rselo. Te ayudaremos a encontrar el apoyo que necesitas a trav\u00e9s de otros programas.<\/p>\n\n\n\n<p>Para obtener m\u00e1s informaci\u00f3n, hable con su m\u00e9dico para que nos env\u00ede un formulario de remisi\u00f3n. Usted o su m\u00e9dico tambi\u00e9n pueden llamarnos al <a href=\"tel:1-877-290-6315\" target=\"_blank\" rel=\"noopener\" title=\"\">1-877-290-6315<\/a> para m\u00e1s informaci\u00f3n.<\/p>\n<\/div>\n<\/div>","protected":false},"excerpt":{"rendered":"<p>Personal Care Services (PCS) is a Medicaid benefit for Vaya Total Care members who need help with activities of daily living, called ADLs. These activities are things like bathing, dressing, [&hellip;]<\/p>\n","protected":false},"author":62,"featured_media":0,"parent":7696,"menu_order":75,"comment_status":"closed","ping_status":"closed","template":"breadcrumbs","meta":{"_tec_requires_first_save":true,"_price":"","_stock":"","_tribe_ticket_header":"","_tribe_default_ticket_provider":"","_tribe_ticket_capacity":"0","_ticket_start_date":"","_ticket_end_date":"","_tribe_ticket_show_description":"","_tribe_ticket_show_not_going":false,"_tribe_ticket_use_global_stock":"","_tribe_ticket_global_stock_level":"","_global_stock_mode":"","_global_stock_cap":"","_tribe_rsvp_for_event":"","_tribe_ticket_going_count":"","_tribe_ticket_not_going_count":"","_tribe_tickets_list":"[]","_tribe_ticket_has_attendee_info_fields":false,"_EventAllDay":false,"_EventTimezone":"","_EventStartDate":"","_EventEndDate":"","_EventStartDateUTC":"","_EventEndDateUTC":"","_EventShowMap":false,"_EventShowMapLink":false,"_EventURL":"","_EventCost":"","_EventCostDescription":"","_EventCurrencySymbol":"","_EventCurrencyCode":"","_EventCurrencyPosition":"","_EventDateTimeSeparator":"","_EventTimeRangeSeparator":"","_EventOrganizerID":[],"_EventVenueID":[],"_OrganizerEmail":"","_OrganizerPhone":"","_OrganizerWebsite":"","_VenueAddress":"","_VenueCity":"","_VenueCountry":"","_VenueProvince":"","_VenueState":"","_VenueZip":"","_VenuePhone":"","_VenueURL":"","_VenueStateProvince":"","_VenueLat":"","_VenueLng":"","_VenueShowMap":false,"_VenueShowMapLink":false,"_tribe_blocks_recurrence_rules":"","_tribe_blocks_recurrence_description":"","_tribe_blocks_recurrence_exclusions":"","banner-text":"","banner-text-color":"","button-text":"","button-text-color":"","button-link":"","has-button-icon":"","background-color":"","has-background-icon":"","background-icon-color":"","second-featured-image":"","footnotes":""},"class_list":["post-43803","page","type-page","status-publish","hentry"],"aioseo_notices":[],"_links":{"self":[{"href":"https:\/\/www.vayahealth.com\/es\/wp-json\/wp\/v2\/pages\/43803","targetHints":{"allow":["GET"]}}],"collection":[{"href":"https:\/\/www.vayahealth.com\/es\/wp-json\/wp\/v2\/pages"}],"about":[{"href":"https:\/\/www.vayahealth.com\/es\/wp-json\/wp\/v2\/types\/page"}],"author":[{"embeddable":true,"href":"https:\/\/www.vayahealth.com\/es\/wp-json\/wp\/v2\/users\/62"}],"replies":[{"embeddable":true,"href":"https:\/\/www.vayahealth.com\/es\/wp-json\/wp\/v2\/comments?post=43803"}],"version-history":[{"count":0,"href":"https:\/\/www.vayahealth.com\/es\/wp-json\/wp\/v2\/pages\/43803\/revisions"}],"up":[{"embeddable":true,"href":"https:\/\/www.vayahealth.com\/es\/wp-json\/wp\/v2\/pages\/7696"}],"wp:attachment":[{"href":"https:\/\/www.vayahealth.com\/es\/wp-json\/wp\/v2\/media?parent=43803"}],"curies":[{"name":"wp","href":"https:\/\/api.w.org\/{rel}","templated":true}]}}