{"id":43807,"date":"2024-07-30T09:14:13","date_gmt":"2024-07-30T13:14:13","guid":{"rendered":"https:\/\/www.vayahealth.com\/?page_id=43807"},"modified":"2025-12-22T10:43:39","modified_gmt":"2025-12-22T15:43:39","slug":"mens-health","status":"publish","type":"page","link":"https:\/\/www.vayahealth.com\/es\/benefits-services\/improve-your-wellness\/mens-health\/","title":{"rendered":"Salud masculina"},"content":{"rendered":"<div class=\"gb-container gb-container-8579409a\">\n\n<p>Los hombres corren mayor riesgo de padecer muchas enfermedades graves, como cardiopat\u00edas, c\u00e1ncer de pulm\u00f3n y VIH. Los hombres tambi\u00e9n se enfrentan a problemas de salud espec\u00edficos que no afectan a las mujeres, como el c\u00e1ncer de pr\u00f3stata. Para mejorar la salud masculina, es importante que los hombres de todas las edades conozcan las pruebas preventivas y la atenci\u00f3n sanitaria peri\u00f3dica.<\/p>\n\n\n\n<p>Conocer mejor su cuerpo y sus necesidades es importante para su salud y bienestar general. Aunque su m\u00e9dico es su mejor aliado para realizar cambios saludables y proporcionarle atenci\u00f3n especializada, esta p\u00e1gina ofrece informaci\u00f3n sobre problemas de salud espec\u00edficos y c\u00f3mo afectan a los hombres.<\/p>\n\n\n\n<p><strong>Haga clic en uno de los temas siguientes para obtener m\u00e1s informaci\u00f3n:<\/strong><\/p>\n\n<\/div>\n\n\n<h2 class=\"gb-headline gb-headline-1398c28c gb-headline-text\">Salud mental<\/h2>\n\n\n<div class=\"gb-container gb-container-2083ae2e accordion-wrapper accessible-accordion\" id=\"wrapper-main0125\"><div class=\"gb-inside-container\">\n<div class=\"gb-grid-wrapper gb-grid-wrapper-35c87d21\">\n<div class=\"gb-grid-column gb-grid-column-1a13d246\"><div class=\"gb-container gb-container-1a13d246\"><div class=\"gb-inside-container\">\n\r\n\r\n\n\n\n\n    <div class=\"accordion-item-block\"  itemscope itemprop=\"mainEntity\" itemtype=\"https:\/\/schema.org\/Question\">\n        <h2 class=\"accordion-headline\" id=\"heading-acc-1yqspL\">\n            <div class=\"accordion-button-span custom-accordion-trigger\"  itemprop=\"name\" tabindex=\"0\" role=\"button\" data-bs-toggle=\"collapse\" data-bs-target=\"#collapse-acc-1yqspL\" aria-expanded=\"false\" aria-controls=\"collapse-acc-1yqspL\">Depresi\u00f3n<\/div>\n        <\/h2>\n        <div id=\"collapse-acc-1yqspL\"  itemscope itemprop=\"acceptedAnswer\" itemtype=\"https:\/\/schema.org\/Answer\" role=\"region\" class=\"accordion-collapse collapse\" aria-labelledby=\"heading-acc-1yqspL\" data-bs-parent=\"#wrapper-main0125\">\n            <div class=\"accordion-body\"  itemprop=\"text\">\n                <p>Cuidar su salud mental es importante para su bienestar general. La depresi\u00f3n es una enfermedad que m\u00e1s del 20% de los hombres han padecido en alg\u00fan momento de su vida*. Los hombres pueden presentar signos o s\u00edntomas de depresi\u00f3n m\u00e1s f\u00e1ciles de reconocer. Pueden sentirse tristes o desesperanzados, tener dificultades para dormir o no encontrar placer en actividades que normalmente disfrutan. Pero otros comportamientos tambi\u00e9n pueden ser signos de depresi\u00f3n en los hombres, entre ellos:<\/p>\n<ul>\n<li>Irritabilidad o ira inapropiada<\/li>\n<li>Problemas f\u00edsicos, como dolores de cabeza o problemas digestivos<\/li>\n<li>Pasar m\u00e1s tiempo en el trabajo o en otros lugares para evitar estar en casa<\/li>\n<li>Comportamiento arriesgado, como conducci\u00f3n temeraria<\/li>\n<li>Problemas de consumo de alcohol o drogas<\/li>\n<\/ul>\n<p>Pedir ayuda puede ser dif\u00edcil. Pero sin tratamiento, no es probable que la depresi\u00f3n desaparezca y podr\u00eda empeorar. Si tiene s\u00edntomas de depresi\u00f3n, p\u00f3ngase en contacto con su equipo asistencial para hablar de c\u00f3mo se siente y de las opciones de tratamiento disponibles. Vaya's <a href=\"\/es\/benefits-services\/mental-health\/screening\/\" target=\"_blank\" rel=\"noopener\">Examen de salud mental<\/a> es una herramienta en l\u00ednea gratuita que puede ayudarle a determinar si sus pensamientos o comportamientos recientes pueden estar relacionados con la depresi\u00f3n. El programa es completamente confidencial y an\u00f3nimo. Ver\u00e1s tus resultados, as\u00ed como recomendaciones y recursos, inmediatamente despu\u00e9s de completar el cuestionario.<\/p>\n<p>Si necesita ayuda urgente, puede llamar a la l\u00ednea de crisis de salud conductual del Vaya 24 horas al d\u00eda, 7 d\u00edas a la semana, al tel\u00e9fono <strong><a href=\"tel:1-800-849-6127\">1-800-849-6127<\/a>.<\/strong><\/p>\n<p><em>\u00a0<\/em><em>*Los resultados m\u00e1s recientes, obtenidos del 21 al 28 de febrero de 2023, se basan en 5.167 adultos estadounidenses encuestados como parte del Panel Gallup, un panel basado en probabilidades de unos 100.000 adultos en los 50 estados y el Distrito de Columbia.<\/em><\/p>\n                \n            <\/div>\n        <\/div>\n    <\/div>\n\n<\/div><\/div><\/div>\n\n<div class=\"gb-grid-column gb-grid-column-79133db2\"><div class=\"gb-container gb-container-79133db2\"><div class=\"gb-inside-container\">\n\r\n\r\n\n\n\n\n    <div class=\"accordion-item-block\"  itemscope itemprop=\"mainEntity\" itemtype=\"https:\/\/schema.org\/Question\">\n        <h2 class=\"accordion-headline\" id=\"heading-acc-Z18z6zn\">\n            <div class=\"accordion-button-span custom-accordion-trigger\"  itemprop=\"name\" tabindex=\"0\" role=\"button\" data-bs-toggle=\"collapse\" data-bs-target=\"#collapse-acc-Z18z6zn\" aria-expanded=\"false\" aria-controls=\"collapse-acc-Z18z6zn\">Prevenci\u00f3n del suicidio<\/div>\n        <\/h2>\n        <div id=\"collapse-acc-Z18z6zn\"  itemscope itemprop=\"acceptedAnswer\" itemtype=\"https:\/\/schema.org\/Answer\" role=\"region\" class=\"accordion-collapse collapse\" aria-labelledby=\"heading-acc-Z18z6zn\" data-bs-parent=\"#wrapper-main0125\">\n            <div class=\"accordion-body\"  itemprop=\"text\">\n                <p>Si t\u00fa o alguien que conoces est\u00e1is en crisis, busca ayuda lo antes posible. Si usted o alguien que conoce presenta alg\u00fan signo de alarma, p\u00f3ngase en contacto con \u00e9l, especialmente si el comportamiento es nuevo o ha aumentado recientemente.<\/p>\n<ul>\n<li>Llame o env\u00ede un mensaje de texto al <a href=\"https:\/\/988lifeline.org\/\" target=\"_blank\" rel=\"noopener\">988 L\u00ednea de ayuda en caso de suicidio y crisis<\/a> en <a href=\"tel:988\">988 <\/a>para obtener apoyo confidencial las 24 horas del d\u00eda y recursos espec\u00edficos para veteranos y supervivientes de atentados, cat\u00e1strofes y p\u00e9rdidas. Tambi\u00e9n hay recursos con consideraciones de origen cultural, g\u00e9nero, raza o etnia, identidad LGBTQ+, discapacidad, afiliaci\u00f3n religiosa y edad.<\/li>\n<li>Llame a <a href=\"tel:911\">911<\/a> en situaciones de emergencia y de riesgo vital.<\/li>\n<li>Llame a la l\u00ednea de crisis de salud mental del Vaya al <a href=\"tel:1-800-849-6127\">1-800-849-6127<\/a>24 horas al d\u00eda, 7 d\u00edas a la semana.<\/li>\n<\/ul>\n                \n            <\/div>\n        <\/div>\n    <\/div>\n\n<\/div><\/div><\/div>\n<\/div>\n<\/div><\/div>\n\n\n<h2 class=\"gb-headline gb-headline-cbd31560 gb-headline-text\">Salud f\u00edsica<\/h2>\n\n\n<div class=\"gb-container gb-container-c5c42120 accordion-wrapper accessible-accordion\" id=\"wrapper-main0125\"><div class=\"gb-inside-container\">\n<div class=\"gb-grid-wrapper gb-grid-wrapper-62067350\">\n<div class=\"gb-grid-column gb-grid-column-12d57446\"><div class=\"gb-container gb-container-12d57446\"><div class=\"gb-inside-container\">\n\r\n\r\n\n\n\n\n    <div class=\"accordion-item-block\"  itemscope itemprop=\"mainEntity\" itemtype=\"https:\/\/schema.org\/Question\">\n        <h2 class=\"accordion-headline\" id=\"heading-acc-FLf4V\">\n            <div class=\"accordion-button-span custom-accordion-trigger\"  itemprop=\"name\" tabindex=\"0\" role=\"button\" data-bs-toggle=\"collapse\" data-bs-target=\"#collapse-acc-FLf4V\" aria-expanded=\"false\" aria-controls=\"collapse-acc-FLf4V\">C\u00e1ncer<\/div>\n        <\/h2>\n        <div id=\"collapse-acc-FLf4V\"  itemscope itemprop=\"acceptedAnswer\" itemtype=\"https:\/\/schema.org\/Answer\" role=\"region\" class=\"accordion-collapse collapse\" aria-labelledby=\"heading-acc-FLf4V\" data-bs-parent=\"#wrapper-main0125\">\n            <div class=\"accordion-body\"  itemprop=\"text\">\n                <p>El c\u00e1ncer preocupa a cualquiera. Los c\u00e1nceres de pulm\u00f3n, pr\u00f3stata, colorrectal y piel suponen un mayor riesgo para los hombres. Afortunadamente, muchos de los factores de riesgo de estos c\u00e1nceres son cosas que puede controlar, como:<\/p>\n<ul>\n<li>Dejar de consumir tabaco y evitar la exposici\u00f3n al humo de segunda mano<\/li>\n<li>Evitar la exposici\u00f3n a productos qu\u00edmicos o toxinas, como el amianto o el rad\u00f3n.<\/li>\n<li>Reducir la cantidad de grasa en la dieta y mantener un peso saludable<\/li>\n<li>Utilizar loci\u00f3n con SPF y evitar la exposici\u00f3n al sol sin protecci\u00f3n<\/li>\n<\/ul>\n<p>Otros factores de riesgo pueden estar fuera de su control, pero es importante que hable de ellos con su m\u00e9dico. Algunos ejemplos de otros factores de riesgo son:<\/p>\n<ul>\n<li>Contaminaci\u00f3n atmosf\u00e9rica<\/li>\n<li>Edad<\/li>\n<li>Carrera<\/li>\n<li>Historia familiar<\/li>\n<\/ul>\n<p>Para obtener m\u00e1s informaci\u00f3n sobre c\u00f3mo reducir el riesgo de c\u00e1ncer y someterse a pruebas de detecci\u00f3n, visite el enlace de los Centros para el Control y la Prevenci\u00f3n de Enfermedades (CDC) en <a href=\"https:\/\/www.cdc.gov\/cancer\/features\/cancer-and-men.html\" target=\"_blank\" rel=\"noopener\">C\u00e1ncer y hombres<\/a>.<\/p>\n                \n            <\/div>\n        <\/div>\n    <\/div>\n\n<\/div><\/div><\/div>\n\n<div class=\"gb-grid-column gb-grid-column-0afa0f10\"><div class=\"gb-container gb-container-0afa0f10\"><div class=\"gb-inside-container\">\n\r\n\r\n\n\n\n\n    <div class=\"accordion-item-block\"  itemscope itemprop=\"mainEntity\" itemtype=\"https:\/\/schema.org\/Question\">\n        <h2 class=\"accordion-headline\" id=\"heading-acc-1nSJiJ\">\n            <div class=\"accordion-button-span custom-accordion-trigger\"  itemprop=\"name\" tabindex=\"0\" role=\"button\" data-bs-toggle=\"collapse\" data-bs-target=\"#collapse-acc-1nSJiJ\" aria-expanded=\"false\" aria-controls=\"collapse-acc-1nSJiJ\">Cardiopat\u00edas<\/div>\n        <\/h2>\n        <div id=\"collapse-acc-1nSJiJ\"  itemscope itemprop=\"acceptedAnswer\" itemtype=\"https:\/\/schema.org\/Answer\" role=\"region\" class=\"accordion-collapse collapse\" aria-labelledby=\"heading-acc-1nSJiJ\" data-bs-parent=\"#wrapper-main0125\">\n            <div class=\"accordion-body\"  itemprop=\"text\">\n                <p>Las cardiopat\u00edas son la principal causa de muerte de los hombres en EE.UU. Las cardiopat\u00edas incluyen cualquier problema con el coraz\u00f3n, sus v\u00e1lvulas y la circulaci\u00f3n. A veces, las cardiopat\u00edas pueden ser asintom\u00e1ticas o \"silenciosas\" durante mucho tiempo. Es posible que no se d\u00e9 cuenta de la existencia de un problema hasta que experimente los s\u00edntomas de un infarto de miocardio, una insuficiencia cardiaca o una arritmia. Algunos factores de riesgo de las cardiopat\u00edas son<\/p>\n<ul>\n<li>Edad<\/li>\n<li>Antecedentes familiares de cardiopat\u00edas<\/li>\n<li>Fumar<\/li>\n<li>Colesterol alto<\/li>\n<li>Presi\u00f3n arterial alta (hipertensi\u00f3n)<\/li>\n<li>Sobrepeso<\/li>\n<li>Diabetes<\/li>\n<\/ul>\n<p>Los cambios en el estilo de vida pueden reducir el riesgo de cardiopat\u00edas. Ser proactivo y tomar buenas decisiones para mejorar su bienestar son factores que contribuyen a prevenir las cardiopat\u00edas y otras afecciones. Algunas cosas que puede hacer para reducir el riesgo son:<\/p>\n<ul>\n<li>Controles peri\u00f3dicos de la tensi\u00f3n arterial<\/li>\n<li>Dejar de fumar<\/li>\n<li>H\u00e1gase una prueba de detecci\u00f3n de diabetes<\/li>\n<li>Controle sus niveles de colesterol y triglic\u00e9ridos<\/li>\n<li>Mantener un peso saludable<\/li>\n<li>Comer sano y hacer ejercicio f\u00edsico con regularidad<\/li>\n<li>Limitar el consumo de alcohol<\/li>\n<li>Gestionar el estr\u00e9s<\/li>\n<\/ul>\n<p>Para saber m\u00e1s, los CDC ofrecen informaci\u00f3n detallada y enlaces a recursos para <a href=\"https:\/\/www.cdc.gov\/heart-disease\/about\/men-and-heart-disease.html\" target=\"_blank\" rel=\"noopener\">Los hombres y las cardiopat\u00edas<\/a>.<\/p>\n                \n            <\/div>\n        <\/div>\n    <\/div>\n\n<\/div><\/div><\/div>\n\n<div class=\"gb-grid-column gb-grid-column-4b5d7fd9\"><div class=\"gb-container gb-container-4b5d7fd9\"><div class=\"gb-inside-container\">\n\r\n\r\n\n\n\n\n    <div class=\"accordion-item-block\"  itemscope itemprop=\"mainEntity\" itemtype=\"https:\/\/schema.org\/Question\">\n        <h2 class=\"accordion-headline\" id=\"heading-acc-ZFQ0HE\">\n            <div class=\"accordion-button-span custom-accordion-trigger\"  itemprop=\"name\" tabindex=\"0\" role=\"button\" data-bs-toggle=\"collapse\" data-bs-target=\"#collapse-acc-ZFQ0HE\" aria-expanded=\"false\" aria-controls=\"collapse-acc-ZFQ0HE\">C\u00e1ncer de pr\u00f3stata<\/div>\n        <\/h2>\n        <div id=\"collapse-acc-ZFQ0HE\"  itemscope itemprop=\"acceptedAnswer\" itemtype=\"https:\/\/schema.org\/Answer\" role=\"region\" class=\"accordion-collapse collapse\" aria-labelledby=\"heading-acc-ZFQ0HE\" data-bs-parent=\"#wrapper-main0125\">\n            <div class=\"accordion-body\"  itemprop=\"text\">\n                <p>La pr\u00f3stata es una gl\u00e1ndula situada justo debajo de la vejiga. Como parte del sistema reproductor masculino, la pr\u00f3stata produce el l\u00edquido que constituye el semen. El c\u00e1ncer de pr\u00f3stata se produce cuando las c\u00e9lulas de la pr\u00f3stata crecen de forma descontrolada. Los s\u00edntomas var\u00edan de una persona a otra, pero es importante que informe a su m\u00e9dico si experimenta alguno de los siguientes:<\/p>\n<ul>\n<li>Dificultad para iniciar la micci\u00f3n<\/li>\n<li>Flujo de orina d\u00e9bil o interrumpido<\/li>\n<li>Orinar con frecuencia, especialmente por la noche<\/li>\n<li>Dificultad para vaciar completamente la vejiga<\/li>\n<li>Dolor o ardor al orinar<\/li>\n<li>Sangre en la orina o el semen<\/li>\n<li>Dolor de espalda, caderas o pelvis que no desaparece<\/li>\n<li>Eyaculaci\u00f3n dolorosa<\/li>\n<\/ul>\n<p>Todos los hombres corren riesgo de padecer c\u00e1ncer de pr\u00f3stata, y la probabilidad de padecerlo aumenta con la edad. Los hombres afroamericanos y los hombres con antecedentes familiares de c\u00e1ncer de pr\u00f3stata tienen un riesgo mayor. Si le preocupa su riesgo, hable con su m\u00e9dico sobre las pruebas de detecci\u00f3n del c\u00e1ncer de pr\u00f3stata.<\/p>\n                \n            <\/div>\n        <\/div>\n    <\/div>\n\n<\/div><\/div><\/div>\n\n<div class=\"gb-grid-column gb-grid-column-f1c524c3\"><div class=\"gb-container gb-container-f1c524c3\"><div class=\"gb-inside-container\">\n\r\n\r\n\n\n\n\n    <div class=\"accordion-item-block\"  itemscope itemprop=\"mainEntity\" itemtype=\"https:\/\/schema.org\/Question\">\n        <h2 class=\"accordion-headline\" id=\"heading-acc-Z13qNUq\">\n            <div class=\"accordion-button-span custom-accordion-trigger\"  itemprop=\"name\" tabindex=\"0\" role=\"button\" data-bs-toggle=\"collapse\" data-bs-target=\"#collapse-acc-Z13qNUq\" aria-expanded=\"false\" aria-controls=\"collapse-acc-Z13qNUq\">Ictus<\/div>\n        <\/h2>\n        <div id=\"collapse-acc-Z13qNUq\"  itemscope itemprop=\"acceptedAnswer\" itemtype=\"https:\/\/schema.org\/Answer\" role=\"region\" class=\"accordion-collapse collapse\" aria-labelledby=\"heading-acc-Z13qNUq\" data-bs-parent=\"#wrapper-main0125\">\n            <div class=\"accordion-body\"  itemprop=\"text\">\n                <p>Isqu\u00e9mico (uh-<strong>skee<\/strong>-muhk) los ictus se producen cuando el flujo sangu\u00edneo al cerebro se detiene o se reduce, cortando el flujo de ox\u00edgeno que el cerebro necesita. Padecer una cardiopat\u00eda u otros problemas relacionados con el coraz\u00f3n puede aumentar el riesgo de sufrir un ictus isqu\u00e9mico. Los ictus isqu\u00e9micos comparten muchos factores de riesgo con las enfermedades cardiacas, como la edad, el consumo de tabaco, el colesterol y la tensi\u00f3n arterial elevados, el peso, la inactividad f\u00edsica y la diabetes.<\/p>\n<p>Los ictus isqu\u00e9micos son una de las principales causas de discapacidad y muerte a largo plazo en los hombres. Las siguientes medidas pueden reducir el riesgo de ictus isqu\u00e9mico:<\/p>\n<ul>\n<li>Actividad f\u00edsica regular<\/li>\n<li>Controles peri\u00f3dicos de la tensi\u00f3n arterial y control de la tensi\u00f3n arterial<\/li>\n<li>Abandono del tabaco<\/li>\n<li>Alimentaci\u00f3n sana<\/li>\n<li>Controlar el colesterol seg\u00fan las indicaciones de su m\u00e9dico\u00a0<\/li>\n<\/ul>\n<p>Para saber m\u00e1s, los CDC ofrecen informaci\u00f3n detallada y enlaces a recursos para <a href=\"https:\/\/www.cdc.gov\/stroke\/about\/men-and-stroke.html\" target=\"_blank\" rel=\"noopener\">Los hombres y el ictus<\/a>.<\/p>\n                \n            <\/div>\n        <\/div>\n    <\/div>\n\n<\/div><\/div><\/div>\n<\/div>\n<\/div><\/div>\n\n\n<h2 class=\"gb-headline gb-headline-3bb8e780 gb-headline-text\">Otra informaci\u00f3n para que los hombres gestionen su salud<\/h2>\n\n\n<div class=\"gb-container gb-container-2a100338 accordion-wrapper accessible-accordion\" id=\"wrapper-main0125\"><div class=\"gb-inside-container\">\n<div class=\"gb-grid-wrapper gb-grid-wrapper-858dc5d6\">\n<div class=\"gb-grid-column gb-grid-column-8dd40921\"><div class=\"gb-container gb-container-8dd40921\"><div class=\"gb-inside-container\">\n\r\n\r\n\n\n\n\n    <div class=\"accordion-item-block\"  itemscope itemprop=\"mainEntity\" itemtype=\"https:\/\/schema.org\/Question\">\n        <h2 class=\"accordion-headline\" id=\"heading-acc-Z2fulmL\">\n            <div class=\"accordion-button-span custom-accordion-trigger\"  itemprop=\"name\" tabindex=\"0\" role=\"button\" data-bs-toggle=\"collapse\" data-bs-target=\"#collapse-acc-Z2fulmL\" aria-expanded=\"false\" aria-controls=\"collapse-acc-Z2fulmL\">M\u00e1s consejos y herramientas<\/div>\n        <\/h2>\n        <div id=\"collapse-acc-Z2fulmL\"  itemscope itemprop=\"acceptedAnswer\" itemtype=\"https:\/\/schema.org\/Answer\" role=\"region\" class=\"accordion-collapse collapse\" aria-labelledby=\"heading-acc-Z2fulmL\" data-bs-parent=\"#wrapper-main0125\">\n            <div class=\"accordion-body\"  itemprop=\"text\">\n                <p>Hay muchas cosas que puede hacer para mejorar su salud general y prevenir enfermedades. Es importante que visite regularmente a su m\u00e9dico y se someta a las revisiones peri\u00f3dicas que \u00e9ste le recomiende. Hable siempre con su m\u00e9dico y colabore con su equipo asistencial para seguir el plan prescrito y tener su salud bajo control. Visite las siguientes p\u00e1ginas de bienestar para conocer otras formas de mantenerse sano.<\/p>\n<p><a href=\"\/es\/health-plans\/vaya-total-care\/vaya-total-care-perks\/\">Vaya Total Care Perks<\/a> est\u00e1 aqu\u00ed para apoyar a los miembros de Medicaid que cumplan los requisitos con servicios de valor a\u00f1adido sin coste alguno, para que usted pueda vivir la vida que elija.<\/p>\n                \n            <\/div>\n        <\/div>\n    <\/div>\n\n<\/div><\/div><\/div>\n\n<div class=\"gb-grid-column gb-grid-column-68c37d3b\"><div class=\"gb-container gb-container-68c37d3b\"><div class=\"gb-inside-container\">\n\r\n\r\n\n\n\n\n    <div class=\"accordion-item-block\"  itemscope itemprop=\"mainEntity\" itemtype=\"https:\/\/schema.org\/Question\">\n        <h2 class=\"accordion-headline\" id=\"heading-acc-2x31Dz\">\n            <div class=\"accordion-button-span custom-accordion-trigger\"  itemprop=\"name\" tabindex=\"0\" role=\"button\" data-bs-toggle=\"collapse\" data-bs-target=\"#collapse-acc-2x31Dz\" aria-expanded=\"false\" aria-controls=\"collapse-acc-2x31Dz\">Pruebas y ex\u00e1menes preventivos<\/div>\n        <\/h2>\n        <div id=\"collapse-acc-2x31Dz\"  itemscope itemprop=\"acceptedAnswer\" itemtype=\"https:\/\/schema.org\/Answer\" role=\"region\" class=\"accordion-collapse collapse\" aria-labelledby=\"heading-acc-2x31Dz\" data-bs-parent=\"#wrapper-main0125\">\n            <div class=\"accordion-body\"  itemprop=\"text\">\n                <p>Su m\u00e9dico le aconsejar\u00e1 qu\u00e9 pruebas y revisiones preventivas puede necesitar. Estos pueden incluir:<\/p>\n<ul>\n<li>Examen de pr\u00f3stata<\/li>\n<li>Ex\u00e1menes colorrectales, como colonoscopia y an\u00e1lisis para detectar sangre en las heces<\/li>\n<li>An\u00e1lisis de sangre como colesterol, hemoglobina A1C (an\u00e1lisis de sangre para detectar anomal\u00edas en el az\u00facar en sangre), detecci\u00f3n de hepatitis y otras pruebas recomendadas por su m\u00e9dico.<\/li>\n<\/ul>\n                \n            <\/div>\n        <\/div>\n    <\/div>\n\n<\/div><\/div><\/div>\n<\/div>\n<\/div><\/div>","protected":false},"excerpt":{"rendered":"<p>Men are at higher risk for many serious diseases, including heart disease, lung cancer, and HIV. Men also face unique health problems that don&#8217;t affect women, like prostate cancer. To [&hellip;]<\/p>\n","protected":false},"author":62,"featured_media":0,"parent":22469,"menu_order":64,"comment_status":"closed","ping_status":"closed","template":"breadcrumbs","meta":{"_tec_requires_first_save":true,"_price":"","_stock":"","_tribe_ticket_header":"","_tribe_default_ticket_provider":"","_tribe_ticket_capacity":"0","_ticket_start_date":"","_ticket_end_date":"","_tribe_ticket_show_description":"","_tribe_ticket_show_not_going":false,"_tribe_ticket_use_global_stock":"","_tribe_ticket_global_stock_level":"","_global_stock_mode":"","_global_stock_cap":"","_tribe_rsvp_for_event":"","_tribe_ticket_going_count":"","_tribe_ticket_not_going_count":"","_tribe_tickets_list":"[]","_tribe_ticket_has_attendee_info_fields":false,"_EventAllDay":false,"_EventTimezone":"","_EventStartDate":"","_EventEndDate":"","_EventStartDateUTC":"","_EventEndDateUTC":"","_EventShowMap":false,"_EventShowMapLink":false,"_EventURL":"","_EventCost":"","_EventCostDescription":"","_EventCurrencySymbol":"","_EventCurrencyCode":"","_EventCurrencyPosition":"","_EventDateTimeSeparator":"","_EventTimeRangeSeparator":"","_EventOrganizerID":[],"_EventVenueID":[],"_OrganizerEmail":"","_OrganizerPhone":"","_OrganizerWebsite":"","_VenueAddress":"","_VenueCity":"","_VenueCountry":"","_VenueProvince":"","_VenueState":"","_VenueZip":"","_VenuePhone":"","_VenueURL":"","_VenueStateProvince":"","_VenueLat":"","_VenueLng":"","_VenueShowMap":false,"_VenueShowMapLink":false,"_tribe_blocks_recurrence_rules":"","_tribe_blocks_recurrence_description":"","_tribe_blocks_recurrence_exclusions":"","banner-text":"","banner-text-color":"","button-text":"","button-text-color":"","button-link":"","has-button-icon":"","background-color":"","has-background-icon":"","background-icon-color":"","second-featured-image":"","footnotes":""},"class_list":["post-43807","page","type-page","status-publish","hentry"],"aioseo_notices":[],"_links":{"self":[{"href":"https:\/\/www.vayahealth.com\/es\/wp-json\/wp\/v2\/pages\/43807","targetHints":{"allow":["GET"]}}],"collection":[{"href":"https:\/\/www.vayahealth.com\/es\/wp-json\/wp\/v2\/pages"}],"about":[{"href":"https:\/\/www.vayahealth.com\/es\/wp-json\/wp\/v2\/types\/page"}],"author":[{"embeddable":true,"href":"https:\/\/www.vayahealth.com\/es\/wp-json\/wp\/v2\/users\/62"}],"replies":[{"embeddable":true,"href":"https:\/\/www.vayahealth.com\/es\/wp-json\/wp\/v2\/comments?post=43807"}],"version-history":[{"count":0,"href":"https:\/\/www.vayahealth.com\/es\/wp-json\/wp\/v2\/pages\/43807\/revisions"}],"up":[{"embeddable":true,"href":"https:\/\/www.vayahealth.com\/es\/wp-json\/wp\/v2\/pages\/22469"}],"wp:attachment":[{"href":"https:\/\/www.vayahealth.com\/es\/wp-json\/wp\/v2\/media?parent=43807"}],"curies":[{"name":"wp","href":"https:\/\/api.w.org\/{rel}","templated":true}]}}