{"id":440,"date":"2016-01-08T07:17:26","date_gmt":"2016-01-08T12:17:26","guid":{"rendered":"http:\/\/consulting.stylemixthemes.com\/demo\/?page_id=440"},"modified":"2025-04-01T16:47:36","modified_gmt":"2025-04-01T20:47:36","slug":"leadership","status":"publish","type":"page","link":"https:\/\/www.vayahealth.com\/es\/about\/governance\/leadership\/","title":{"rendered":"Liderazgo"},"content":{"rendered":"<div class=\"gb-grid-wrapper gb-grid-wrapper-c09a2762 grid-template gb-query-loop-wrapper\">\n<div class=\"gb-grid-column gb-grid-column-64e8cfa3 gb-query-loop-item post-8863 post type-post status-publish format-standard has-post-thumbnail hentry category-leadership\"><div class=\"gb-container gb-container-64e8cfa3 test-template\">\n<h2 class=\"gb-headline gb-headline-d8e668b2 h3 gb-headline-text\">Tracy Hayes<\/h2>\n\n<div class=\"gb-headline gb-headline-534856b9 gb-headline-text\">DIRECTORA DE \u00c1REA Y CONSEJERA DELEGADA\nComo Directora de \u00c1rea y Consejera Delegada de Vaya Health, Tracy Hayes dirige el equipo ejecutivo, supervisa la administraci\u00f3n general, garantiza la excelencia operativa y orienta la planificaci\u00f3n estrat\u00e9gica, las relaciones gubernamentales y la pol\u00edtica p\u00fablica. <\/div>\n\n<a class=\"wp-block-read-more\" href=\"https:\/\/www.vayahealth.com\/es\/get-to-know-us\/leadership\/bio-tracy-hayes\/\" target=\"_self\">Leer m\u00e1s<span class=\"screen-reader-text\">: Tracy Hayes<\/span><\/a>\n\n\n<hr class=\"wp-block-separator has-text-color has-alpha-channel-opacity has-background is-style-wide\" style=\"background-color:#f0f0f0;color:#f0f0f0\"\/>\n\n<\/div><\/div>\n\n<div class=\"gb-grid-column gb-grid-column-64e8cfa3 gb-query-loop-item post-8870 post type-post status-publish format-standard has-post-thumbnail hentry category-leadership\"><div class=\"gb-container gb-container-64e8cfa3 test-template\">\n<h2 class=\"gb-headline gb-headline-d8e668b2 h3 gb-headline-text\">Rhonda Cox<\/h2>\n\n<div class=\"gb-headline gb-headline-534856b9 gb-headline-text\">VICEPRESIDENTA EJECUTIVA Y DIRECTORA DE OPERACIONES\nRhonda Cox es una veterana en el dise\u00f1o y la prestaci\u00f3n de asistencia sanitaria a personas con necesidades de salud mental y discapacidad intelectual o mental. Como Vicepresidenta Ejecutiva y Directora de Operaciones, Cox supervisa una serie de programas que abordan las necesidades sanitarias y otros factores que afectan al bienestar general. <\/div>\n\n<a class=\"wp-block-read-more\" href=\"https:\/\/www.vayahealth.com\/es\/get-to-know-us\/leadership\/bio-rhonda-cox\/\" target=\"_self\">Leer m\u00e1s<span class=\"screen-reader-text\">: Rhonda Cox<\/span><\/a>\n\n\n<hr class=\"wp-block-separator has-text-color has-alpha-channel-opacity has-background is-style-wide\" style=\"background-color:#f0f0f0;color:#f0f0f0\"\/>\n\n<\/div><\/div>\n\n<div class=\"gb-grid-column gb-grid-column-64e8cfa3 gb-query-loop-item post-13781 post type-post status-publish format-standard has-post-thumbnail hentry category-leadership\"><div class=\"gb-container gb-container-64e8cfa3 test-template\">\n<h2 class=\"gb-headline gb-headline-d8e668b2 h3 gb-headline-text\">Larry Hill<\/h2>\n\n<div class=\"gb-headline gb-headline-534856b9 gb-headline-text\">VICEPRESIDENTE EJECUTIVO Y DIRECTOR FINANCIERO\nLarry Hill es un l\u00edder en el impulso de iniciativas financieras estrat\u00e9gicas y el fomento de la excelencia operativa en las organizaciones sanitarias.<\/div>\n\n<a class=\"wp-block-read-more\" href=\"https:\/\/www.vayahealth.com\/es\/get-to-know-us\/leadership\/bio-larry-hill\/\" target=\"_self\">Leer m\u00e1s<span class=\"screen-reader-text\">: Larry Hill<\/span><\/a>\n\n\n<hr class=\"wp-block-separator has-text-color has-alpha-channel-opacity has-background is-style-wide\" style=\"background-color:#f0f0f0;color:#f0f0f0\"\/>\n\n<\/div><\/div>\n\n<div class=\"gb-grid-column gb-grid-column-64e8cfa3 gb-query-loop-item post-8868 post type-post status-publish format-standard has-post-thumbnail hentry category-leadership\"><div class=\"gb-container gb-container-64e8cfa3 test-template\">\n<h2 class=\"gb-headline gb-headline-d8e668b2 h3 gb-headline-text\">Robert Webb<\/h2>\n\n<div class=\"gb-headline gb-headline-534856b9 gb-headline-text\">VICEPRESIDENTE EJECUTIVO Y DIRECTOR DE INFORMACI\u00d3N\nRobert Webb es un ejecutivo orientado a los resultados con m\u00e1s de 20 a\u00f1os de experiencia en el dise\u00f1o estrat\u00e9gico y la gesti\u00f3n operativa de sistemas de informaci\u00f3n.<\/div>\n\n<a class=\"wp-block-read-more\" href=\"https:\/\/www.vayahealth.com\/es\/get-to-know-us\/leadership\/bio-robert-webb\/\" target=\"_self\">Leer m\u00e1s<span class=\"screen-reader-text\">: Robert Webb<\/span><\/a>\n\n\n<hr class=\"wp-block-separator has-text-color has-alpha-channel-opacity has-background is-style-wide\" style=\"background-color:#f0f0f0;color:#f0f0f0\"\/>\n\n<\/div><\/div>\n\n<div class=\"gb-grid-column gb-grid-column-64e8cfa3 gb-query-loop-item post-34133 post type-post status-publish format-standard has-post-thumbnail hentry category-leadership tag-leadership\"><div class=\"gb-container gb-container-64e8cfa3 test-template\">\n<h2 class=\"gb-headline gb-headline-d8e668b2 h3 gb-headline-text\">Steve Martin<\/h2>\n\n<div class=\"gb-headline gb-headline-534856b9 gb-headline-text\">CONSEJERO GENERAL Y DIRECTOR DE CUMPLIMIENTO NORMATIVO\nSteve Martin es un experimentado l\u00edder en derecho sanitario. Como Consejero General y Director de Cumplimiento Normativo de Vaya Health, Martin supervisa las actividades jur\u00eddicas, de cumplimiento normativo, calidad, comunicaci\u00f3n, marketing y asuntos p\u00fablicos.<\/div>\n\n<a class=\"wp-block-read-more\" href=\"https:\/\/www.vayahealth.com\/es\/get-to-know-us\/leadership\/bio-steve-martin\/\" target=\"_self\">Leer m\u00e1s<span class=\"screen-reader-text\">: Steve Martin<\/span><\/a>\n\n\n<hr class=\"wp-block-separator has-text-color has-alpha-channel-opacity has-background is-style-wide\" style=\"background-color:#f0f0f0;color:#f0f0f0\"\/>\n\n<\/div><\/div>\n\n<div class=\"gb-grid-column gb-grid-column-64e8cfa3 gb-query-loop-item post-29667 post type-post status-publish format-standard has-post-thumbnail hentry category-leadership\"><div class=\"gb-container gb-container-64e8cfa3 test-template\">\n<h2 class=\"gb-headline gb-headline-d8e668b2 h3 gb-headline-text\">Dr. Richard Zenn<\/h2>\n\n<div class=\"gb-headline gb-headline-534856b9 gb-headline-text\">DIRECTOR M\u00c9DICO\nEl Dr. Richard Zenn es un experimentado ejecutivo sanitario y un consumado m\u00e9dico con una distinguida carrera en liderazgo cl\u00ednico y administraci\u00f3n. <\/div>\n\n<a class=\"wp-block-read-more\" href=\"https:\/\/www.vayahealth.com\/es\/get-to-know-us\/leadership\/bio-dr-richard-zenn\/\" target=\"_self\">Leer m\u00e1s<span class=\"screen-reader-text\">: Dr. Richard Zenn<\/span><\/a>\n\n\n<hr class=\"wp-block-separator has-text-color has-alpha-channel-opacity has-background is-style-wide\" style=\"background-color:#f0f0f0;color:#f0f0f0\"\/>\n\n<\/div><\/div>\n\n<div class=\"gb-grid-column gb-grid-column-64e8cfa3 gb-query-loop-item post-40668 post type-post status-publish format-standard has-post-thumbnail hentry category-leadership tag-leadership\"><div class=\"gb-container gb-container-64e8cfa3 test-template\">\n<h2 class=\"gb-headline gb-headline-d8e668b2 h3 gb-headline-text\">Danielle Wittekind<\/h2>\n\n<div class=\"gb-headline gb-headline-534856b9 gb-headline-text\">DIRECTORA GENERAL DE RECURSOS HUMANOS\nDanielle Wittekind es una consumada ejecutiva de recursos humanos con experiencia en los sectores p\u00fablico y privado.<\/div>\n\n<a class=\"wp-block-read-more\" href=\"https:\/\/www.vayahealth.com\/es\/get-to-know-us\/leadership\/danielle-wittekind\/\" target=\"_self\">Leer m\u00e1s<span class=\"screen-reader-text\">: Danielle Wittekind<\/span><\/a>\n\n\n<hr class=\"wp-block-separator has-text-color has-alpha-channel-opacity has-background is-style-wide\" style=\"background-color:#f0f0f0;color:#f0f0f0\"\/>\n\n<\/div><\/div>\n<\/div>\n\n\n<style>\n.grid-template .gb-query-loop-item.entry {margin-bottom: 0;}\n.grid-template .gb-query-loop-item.entry h5{letter-spacing: 0;color:#262626;font-size: 1.5rem;line-height: 1.5;}\n.grid-template .gb-query-loop-item.entry .wp-block-read-more{font-weight: 600;color: #005b93;}\n.grid-template .gb-query-loop-item.entry .wp-block-read-more:hover{color: #1197ca;}\n<\/style>","protected":false},"excerpt":{"rendered":"<p>Nuestro equipo directivo<\/p>","protected":false},"author":62,"featured_media":50005,"parent":25457,"menu_order":116,"comment_status":"closed","ping_status":"closed","template":"breadcrumbs","meta":{"_tec_requires_first_save":true,"_price":"","_stock":"","_tribe_ticket_header":"","_tribe_default_ticket_provider":"","_tribe_ticket_capacity":"0","_ticket_start_date":"","_ticket_end_date":"","_tribe_ticket_show_description":"","_tribe_ticket_show_not_going":false,"_tribe_ticket_use_global_stock":"","_tribe_ticket_global_stock_level":"","_global_stock_mode":"","_global_stock_cap":"","_tribe_rsvp_for_event":"","_tribe_ticket_going_count":"","_tribe_ticket_not_going_count":"","_tribe_tickets_list":"[]","_tribe_ticket_has_attendee_info_fields":false,"_EventAllDay":false,"_EventTimezone":"","_EventStartDate":"","_EventEndDate":"","_EventStartDateUTC":"","_EventEndDateUTC":"","_EventShowMap":false,"_EventShowMapLink":false,"_EventURL":"","_EventCost":"","_EventCostDescription":"","_EventCurrencySymbol":"","_EventCurrencyCode":"","_EventCurrencyPosition":"","_EventDateTimeSeparator":"","_EventTimeRangeSeparator":"","_EventOrganizerID":[],"_EventVenueID":[],"_OrganizerEmail":"","_OrganizerPhone":"","_OrganizerWebsite":"","_VenueAddress":"","_VenueCity":"","_VenueCountry":"","_VenueProvince":"","_VenueState":"","_VenueZip":"","_VenuePhone":"","_VenueURL":"","_VenueStateProvince":"","_VenueLat":"","_VenueLng":"","_VenueShowMap":false,"_VenueShowMapLink":false,"_tribe_blocks_recurrence_rules":"","_tribe_blocks_recurrence_description":"","_tribe_blocks_recurrence_exclusions":"","banner-text":"","banner-text-color":"","button-text":"","button-text-color":"","button-link":"","has-button-icon":"","background-color":"","has-background-icon":"","background-icon-color":"","second-featured-image":"","footnotes":""},"class_list":["post-440","page","type-page","status-publish","has-post-thumbnail","hentry"],"aioseo_notices":[],"_links":{"self":[{"href":"https:\/\/www.vayahealth.com\/es\/wp-json\/wp\/v2\/pages\/440","targetHints":{"allow":["GET"]}}],"collection":[{"href":"https:\/\/www.vayahealth.com\/es\/wp-json\/wp\/v2\/pages"}],"about":[{"href":"https:\/\/www.vayahealth.com\/es\/wp-json\/wp\/v2\/types\/page"}],"author":[{"embeddable":true,"href":"https:\/\/www.vayahealth.com\/es\/wp-json\/wp\/v2\/users\/62"}],"replies":[{"embeddable":true,"href":"https:\/\/www.vayahealth.com\/es\/wp-json\/wp\/v2\/comments?post=440"}],"version-history":[{"count":0,"href":"https:\/\/www.vayahealth.com\/es\/wp-json\/wp\/v2\/pages\/440\/revisions"}],"up":[{"embeddable":true,"href":"https:\/\/www.vayahealth.com\/es\/wp-json\/wp\/v2\/pages\/25457"}],"wp:featuredmedia":[{"embeddable":true,"href":"https:\/\/www.vayahealth.com\/es\/wp-json\/wp\/v2\/media\/50005"}],"wp:attachment":[{"href":"https:\/\/www.vayahealth.com\/es\/wp-json\/wp\/v2\/media?parent=440"}],"curies":[{"name":"wp","href":"https:\/\/api.w.org\/{rel}","templated":true}]}}