{"id":45259,"date":"2024-10-01T11:30:09","date_gmt":"2024-10-01T15:30:09","guid":{"rendered":"https:\/\/www.vayahealth.com\/?page_id=45259"},"modified":"2026-02-09T11:37:09","modified_gmt":"2026-02-09T16:37:09","slug":"helene-recovery","status":"publish","type":"page","link":"https:\/\/www.vayahealth.com\/es\/helene-recovery\/","title":{"rendered":"Recuperaci\u00f3n tras el hurac\u00e1n Helene"},"content":{"rendered":"<div class=\"gb-container gb-container-ddc2da0f\">\n\n<p>Vaya Health, una organizaci\u00f3n p\u00fablica de asistencia gestionada con sede en Asheville para personas con necesidades de salud mental, consumo de sustancias, discapacidad intelectual\/del desarrollo y lesiones cerebrales traum\u00e1ticas, presta servicio a 22 condados de Carolina del Norte incluidos en las declaraciones de cat\u00e1strofe del Presidente Biden tras el hurac\u00e1n Helene:<strong>Alexander, Alleghany, Ashe, Avery, Buncombe, Caldwell, Clay, Graham, Haywood, Henderson, Jackson, Macon, Madison, McDowell, Mitchell, Polk, Rowan, Swain, Transylvania, Watauga, Wilkes y Yancey.<\/strong><\/p>\n\n<\/div>\n\n<div class=\"gb-container gb-container-ebdd79b3\" id=\"cshelene\">\n\n<p>Vea una entrevista de WLOS News 13 Spotlight Carolina en la que se habla de c\u00f3mo Vaya y Hope4NC siguen apoyando a los residentes de WNC un a\u00f1o despu\u00e9s de que el hurac\u00e1n Helene tocara tierra.<\/p>\n\n\n\n<figure class=\"wp-block-embed is-type-video is-provider-vimeo wp-block-embed-vimeo wp-embed-aspect-16-9 wp-has-aspect-ratio id=cshelene\"><div class=\"wp-block-embed__wrapper\">\n<iframe loading=\"lazy\" title=\"Spotlight Carolina - Hope4NC\" src=\"https:\/\/player.vimeo.com\/video\/1120288394?dnt=1&amp;app_id=122963\" width=\"500\" height=\"281\" frameborder=\"0\" allow=\"autoplay; fullscreen; picture-in-picture; clipboard-write; encrypted-media; web-share\" referrerpolicy=\"strict-origin-when-cross-origin\"><\/iframe>\n<\/div><\/figure>\n\n\n\n<div class=\"gb-element-6a2052f7\">\n<div>\n<h2 class=\"gb-headline gb-headline-588f9c0d gb-headline-text h3\">L\u00ednea de ayuda Hope4NC<\/h2>\n\n\n\n<p>Hope4NC ayuda a las personas de las comunidades a recuperarse de los devastadores efectos del hurac\u00e1n Helene. Si sufre estr\u00e9s, fatiga emocional, una crisis de salud mental o simplemente necesita alguien con quien hablar, puede llamar al <a href=\"https:\/\/www.ncdhhs.gov\/divisions\/mental-health-developmental-disabilities-and-substance-use-services\/hope4nc-helpline-1-855-587-3463#Hope4NCMaterials-7610\" target=\"_blank\" rel=\"noopener\" title=\"\">L\u00ednea de ayuda Hope4NC<\/a> en <a href=\"tel:1-855-587-3463\" title=\"\">1-855-587-3463<\/a>. Hope4NC es gratuito, confidencial y est\u00e1 disponible 24 horas al d\u00eda, 7 d\u00edas a la semana.<\/p>\n<\/div>\n\n\n\n<div class=\"gb-element-8f4f5141\">\n<img loading=\"lazy\" decoding=\"async\" width=\"612\" height=\"181\" class=\"gb-media-2b002644\" alt=\"\" src=\"https:\/\/www.vayahealth.com\/wp-content\/uploads\/2025\/06\/Hope4NC_Logo.webp\" title=\"logo h4nc\" srcset=\"https:\/\/www.vayahealth.com\/wp-content\/uploads\/2025\/06\/Hope4NC_Logo.webp 612w, https:\/\/www.vayahealth.com\/wp-content\/uploads\/2025\/06\/Hope4NC_Logo-300x89.webp 300w, https:\/\/www.vayahealth.com\/wp-content\/uploads\/2025\/06\/Hope4NC_Logo-18x5.webp 18w\" sizes=\"auto, (max-width: 612px) 100vw, 612px\" \/>\n<\/div>\n<\/div>\n\n<\/div>\n\n\n<div>\n<h3 class=\"gb-text\">Recursos para la resiliencia<\/h3>\n\n\n\n<p>Como parte del proyecto GROWNC del NCDHHS para la recuperaci\u00f3n del hurac\u00e1n Helene, <a href=\"https:\/\/resourcesforresilience.org\/\" target=\"_blank\" rel=\"noopener\" title=\"\">Recursos para la resiliencia<\/a> ofrece cientos de cursos y talleres GRATUITOS para residentes y profesionales de WNC. Est\u00e1n disponibles tanto en formato presencial como virtual. Esta oportunidad finaliza en junio de 2026, as\u00ed que inscr\u00edbase pronto para asegurarse una plaza.<\/p>\n<\/div>\n\n\n<div class=\"gb-container gb-container-a0b9fa9b\">\n\n<h3 class=\"wp-block-heading\">Recursos de salud mental<\/h3>\n\n\n\n<p>Los recursos de salud conductual (salud mental y consumo de sustancias) son fundamentales durante los periodos de respuesta y recuperaci\u00f3n tras una cat\u00e1strofe. Las personas de las comunidades a las que sirve Vaya pueden recurrir a los siguientes recursos:&nbsp;<\/p>\n\n\n\n<ul class=\"wp-block-list\">\n<li>L\u00ednea de crisis de salud mental del Vaya (<a href=\"tel:1-800-849-6127\" title=\"\">1-800-849-6127<\/a>) est\u00e1 disponible 24 horas al d\u00eda, 7 d\u00edas a la semana&nbsp;<\/li>\n\n\n\n<li>La L\u00ednea de Atenci\u00f3n a los Miembros y Destinatarios de Vaya (<a href=\"tel:1-800-962-9003\" title=\"\">1-800-962-9003<\/a>) est\u00e1 disponible de lunes a s\u00e1bado, de 7.00 a 18.00 horas.<\/li>\n\n\n\n<li>Los centros sin cita previa ayudan a las personas que sufren una crisis de salud mental o de consumo de sustancias de la misma manera que las cl\u00ednicas de atenci\u00f3n urgente ayudan a las personas con necesidades inmediatas de salud f\u00edsica. Puede acudir a un centro sin cita previa. Busque un <a href=\"\/es\/get-help\/walk-crisis-centers\/\" title=\"\">centro sin cita previa<\/a> cerca de ti.<\/li>\n\n\n\n<li>Llamar a NC <a href=\"https:\/\/w6wxcxebb.cc.rs6.net\/tn.jsp?f=001X-aM6w1eJIuumFLtb-j_XLMO7rR2-FwZMebxeYyYkMhqyAIn0ZdIChNiet8psPgseEOyPq2a-mFGUbOprqixUpLryo38YY9MkZJ0PvKIm2FnuegUCLGOFdpnsS0eCyYC852kqMRb0Ndlc0zPDYJvYptI4HVN8lW1GarWk1ejwP1j6LET_LKTjA==&amp;c=bHu9bhHtp4CRzK7A8nphZr5_ZuLYFcSi8IdRudD2AlxKWF1BzHaWKw==&amp;ch=4acRLeI0WmVRYYmdmuClCYgevO9eLAd8nm7QJdZW9gxYPmILCv75xw==\" target=\"_blank\" rel=\"noreferrer noopener\">Peer Warmline<\/a> (<a href=\"tel:1-855-PEERS NC\" title=\"\">1-855-PEERS NC<\/a>) para hablar con un compa\u00f1ero que se est\u00e9 recuperando de un problema de salud mental o de consumo de sustancias.&nbsp;&nbsp;\n<ul class=\"wp-block-list\">\n<li>Disponible 24 horas al d\u00eda, 7 d\u00edas a la semana&nbsp;<\/li>\n\n\n\n<li>Gratuito y confidencial<\/li>\n<\/ul>\n<\/li>\n<\/ul>\n\n<\/div>\n\n<div class=\"gb-container gb-container-43626e12\">\n\n<h3 class=\"gb-headline gb-headline-f1a4103c gb-headline-text\">Gesti\u00f3n de casos de cat\u00e1strofe<\/h3>\n\n\n\n<p>NC Disaster Case Management ayuda a los residentes afectados por Helene a identificar sus necesidades y conectarse con los recursos de recuperaci\u00f3n. Despu\u00e9s de la encuesta de necesidades inicial se ha completado, los administradores de casos le puede ayudar con:<\/p>\n\n\n\n<ul class=\"wp-block-list\">\n<li>Elaborar un plan de recuperaci\u00f3n que se adapte a sus necesidades<\/li>\n\n\n\n<li>Ayudarle a encontrar los recursos disponibles<\/li>\n\n\n\n<li>Superar los problemas causados por la tormenta<\/li>\n<\/ul>\n\n\n\n<h5 class=\"gb-headline gb-headline-773d2c96 gb-headline-text\"><strong>Condados elegibles:<\/strong><\/h5>\n\n\n\n<p>Alexander, Alleghany, Ashe, Avery, Buncombe, Burke, Cabarrus, Caldwell, Catawba, Cherokee, Clay, Cleveland, Forsyth, Gaston, Graham, Haywood, Henderson, Iredell, Jackson, Lee, Lincoln, Macon, Madison, McDowell, Mecklenburg, Mitchell, Nash, Polk, Rowan, Rutherford, Stanly, Surry, Swain, Transylvania, Union, Watauga, Wilkes, Yadkin y Yancey, adem\u00e1s de la Banda Oriental de Indios Cherokee.<\/p>\n\n\n\n<p>Esta encuesta la realiza el Departamento de Seguridad P\u00fablica de Carolina del Norte. <a href=\"https:\/\/www.ncdps.gov\/helene\/dcm\" target=\"_blank\" rel=\"noopener\" title=\"\">M\u00e1s informaci\u00f3n.<\/a><\/p>\n\n<\/div>\n\n<div class=\"gb-container gb-container-24d9caad\">\n\n<h3 class=\"gb-headline gb-headline-a0528f0f gb-headline-text\">Programas de vivienda Vaya<\/h3>\n\n\n\n<p>El hurac\u00e1n Helene dej\u00f3 a miles de personas sin vivienda segura. M\u00e1s informaci\u00f3n <a href=\"\/es\/benefits-services\/housing-initiatives\/\" title=\"\">iniciativas en materia de vivienda<\/a> para los miembros y beneficiarios del Vaya que cumplan los requisitos. Si no tiene hogar o sufre inseguridad en la vivienda, llame a nuestro Equipo de Vivienda al 1-800-893-6246, ext. 4560, o env\u00ede un correo electr\u00f3nico a <a href=\"mailto:HousingTeam@vayahealth.com\">HousingTeam@vayahealth.com<\/a> para obtener informaci\u00f3n sobre programas locales y otros recursos.<\/p>\n\n<\/div>\n\n<div class=\"gb-container gb-container-5b0f6026\">\n\n<h3 class=\"gb-headline gb-headline-dbb0d2f1 gb-headline-text\">Apoyo gratuito a la salud mental de los adolescentes de Carolina del Norte tras el paso del hurac\u00e1n Helene<\/h3>\n\n\n\n<p>NCDHHS se est\u00e1 asociando con Alliance Health y Somethings para proporcionar apoyo de salud mental a los adolescentes de Carolina del Norte que han sido afectados por el hurac\u00e1n Helene. Somethings es una plataforma de salud mental que conecta a adolescentes y adultos j\u00f3venes con mentores especialistas certificados en apoyo entre pares y puede proporcionar referencias a terapeutas con licencia.<\/p>\n\n\n\n<p>Si eres adolescente o conoces a un adolescente que necesita apoyo en salud mental, visita <a href=\"https:\/\/somethings.com\/northcarolina\" target=\"_blank\" rel=\"noopener\" title=\"\">somethings.com\/northcarolina<\/a>&nbsp;para ponerte en contacto con los servicios de apoyo. Los servicios est\u00e1n disponibles a trav\u00e9s de mensajes de texto y videollamadas despu\u00e9s de las clases, de 15.00 a 23.00, y los fines de semana.<\/p>\n\n<\/div>","protected":false},"excerpt":{"rendered":"<p>Vaya Health, an Asheville-based public managed care organization for people with mental health, substance use, intellectual\/developmental disability, and traumatic brain injury needs, serves 22 North Carolina counties included in President [&hellip;]<\/p>\n","protected":false},"author":62,"featured_media":0,"parent":0,"menu_order":20,"comment_status":"closed","ping_status":"closed","template":"breadcrumbs","meta":{"_tec_requires_first_save":true,"_price":"","_stock":"","_tribe_ticket_header":"","_tribe_default_ticket_provider":"","_tribe_ticket_capacity":"0","_ticket_start_date":"","_ticket_end_date":"","_tribe_ticket_show_description":"","_tribe_ticket_show_not_going":false,"_tribe_ticket_use_global_stock":"","_tribe_ticket_global_stock_level":"","_global_stock_mode":"","_global_stock_cap":"","_tribe_rsvp_for_event":"","_tribe_ticket_going_count":"","_tribe_ticket_not_going_count":"","_tribe_tickets_list":"[]","_tribe_ticket_has_attendee_info_fields":false,"_EventAllDay":false,"_EventTimezone":"","_EventStartDate":"","_EventEndDate":"","_EventStartDateUTC":"","_EventEndDateUTC":"","_EventShowMap":false,"_EventShowMapLink":false,"_EventURL":"","_EventCost":"","_EventCostDescription":"","_EventCurrencySymbol":"","_EventCurrencyCode":"","_EventCurrencyPosition":"","_EventDateTimeSeparator":"","_EventTimeRangeSeparator":"","_EventOrganizerID":[],"_EventVenueID":[],"_OrganizerEmail":"","_OrganizerPhone":"","_OrganizerWebsite":"","_VenueAddress":"","_VenueCity":"","_VenueCountry":"","_VenueProvince":"","_VenueState":"","_VenueZip":"","_VenuePhone":"","_VenueURL":"","_VenueStateProvince":"","_VenueLat":"","_VenueLng":"","_VenueShowMap":false,"_VenueShowMapLink":false,"_tribe_blocks_recurrence_rules":"","_tribe_blocks_recurrence_description":"","_tribe_blocks_recurrence_exclusions":"","banner-text":"","banner-text-color":"","button-text":"","button-text-color":"","button-link":"","has-button-icon":"","background-color":"","has-background-icon":"","background-icon-color":"","second-featured-image":"","footnotes":""},"class_list":["post-45259","page","type-page","status-publish","hentry"],"aioseo_notices":[],"_links":{"self":[{"href":"https:\/\/www.vayahealth.com\/es\/wp-json\/wp\/v2\/pages\/45259","targetHints":{"allow":["GET"]}}],"collection":[{"href":"https:\/\/www.vayahealth.com\/es\/wp-json\/wp\/v2\/pages"}],"about":[{"href":"https:\/\/www.vayahealth.com\/es\/wp-json\/wp\/v2\/types\/page"}],"author":[{"embeddable":true,"href":"https:\/\/www.vayahealth.com\/es\/wp-json\/wp\/v2\/users\/62"}],"replies":[{"embeddable":true,"href":"https:\/\/www.vayahealth.com\/es\/wp-json\/wp\/v2\/comments?post=45259"}],"version-history":[{"count":0,"href":"https:\/\/www.vayahealth.com\/es\/wp-json\/wp\/v2\/pages\/45259\/revisions"}],"wp:attachment":[{"href":"https:\/\/www.vayahealth.com\/es\/wp-json\/wp\/v2\/media?parent=45259"}],"curies":[{"name":"wp","href":"https:\/\/api.w.org\/{rel}","templated":true}]}}