{"id":51103,"date":"2025-05-22T16:20:37","date_gmt":"2025-05-22T20:20:37","guid":{"rendered":"https:\/\/www.vayahealth.com\/?page_id=51103"},"modified":"2025-12-22T11:05:48","modified_gmt":"2025-12-22T16:05:48","slug":"community-listening-sessions","status":"publish","type":"page","link":"https:\/\/www.vayahealth.com\/es\/about\/transparency\/community-listening-sessions\/","title":{"rendered":"Sesiones de escucha comunitarias"},"content":{"rendered":"<p>Vaya Health valora su opini\u00f3n. Queremos que las comunidades a las que servimos dispongan de los recursos que necesitan. Nuestras sesiones de escucha son una de las formas en que los miembros de la comunidad pueden compartir sus opiniones. Queremos conocer los retos y las oportunidades de los servicios y ayudas que gestionamos.<\/p>\n\n\n\n<div>\n<h2 class=\"gb-text\">Momentos de los miembros<\/h2>\n\n\n\n<p>Los Momentos de los Miembros asociados a la serie de sesiones de escucha de mayo\/junio de 2025 han concluido. Los detalles sobre futuros Momentos de los Miembros relacionados con otros temas se publicar\u00e1n en nuestro&nbsp;<a href=\"\/es\/calendar\/\" target=\"_blank\" rel=\"noopener\" title=\"\">calendario de actos<\/a> cuando se programen, y los Momentos de los Miembros de futuras sesiones de escucha se destacar\u00e1n en esta p\u00e1gina web.<\/p>\n\n\n\n<p>Los Momentos de los Miembros son eventos informales y presenciales que permiten a los miembros de la comunidad compartir sus opiniones sobre lo que funciona bien y lo que necesita mejoras. El personal tambi\u00e9n comparte informaci\u00f3n sobre las formas en que los miembros pueden participar en los grupos de partes interesadas que asesoran a Vaya, y c\u00f3mo acceder a la atenci\u00f3n y los recursos. Los asistentes pueden pasarse en cualquier momento de los actos. Estos actos est\u00e1n pensados para afiliados, beneficiarios, familiares y cuidadores, pero est\u00e1n abiertos al p\u00fablico.<\/p>\n\n\n\n<p>Para saber m\u00e1s sobre los Momentos de los Miembros:<\/p>\n\n\n\n<ul class=\"wp-block-list\">\n<li>Llame a&nbsp;<a href=\"tel:1-800-893-6246\" target=\"_blank\" rel=\"noopener\" title=\"\">1-800-893-6246<\/a> y pida hablar con un Coordinador de Participaci\u00f3n de los Miembros.<\/li>\n\n\n\n<li>Correo electr\u00f3nico <a href=\"mailto:MemberEngagement@vayahealth.com\" target=\"_blank\" rel=\"noopener\" title=\"\">MemberEngagement@vayahealth.com<\/a>.<\/li>\n<\/ul>\n<\/div>\n\n\n\n<div class=\"gb-element-6e5af913\">\n<div class=\"gb-element-355b85a6\">\n<div>\n<h2 class=\"gb-text\">Sesiones virtuales de escucha comunitaria<\/h2>\n\n\n\n<p>Vaya Health organiza peri\u00f3dicamente sesiones de escucha para invitarle a expresar sus ideas sobre las formas de construir una comunidad m\u00e1s saludable. En estas sesiones, usted puede compartir las necesidades de su comunidad y aprender c\u00f3mo Vaya puede trabajar con usted para avanzar juntos. Las sesiones de escucha de junio de 2025 han concluido. Publicaremos aqu\u00ed las sesiones futuras.<\/p>\n<\/div>\n\n\n\n<div>\n<figure class=\"wp-block-image size-full is-resized has-custom-border\"><img loading=\"lazy\" decoding=\"async\" width=\"600\" height=\"600\" src=\"https:\/\/www.vayahealth.com\/wp-content\/uploads\/2025\/05\/Community-Listening-Online_2523044713.webp\" alt=\"Una mujer observa en l\u00ednea una conversaci\u00f3n comunitaria en torno a la atenci\u00f3n sanitaria con otros miembros reunidos en su ordenador port\u00e1til.\" class=\"wp-image-51101\" style=\"border-radius:25px;width:390px\" srcset=\"https:\/\/www.vayahealth.com\/wp-content\/uploads\/2025\/05\/Community-Listening-Online_2523044713.webp 600w, https:\/\/www.vayahealth.com\/wp-content\/uploads\/2025\/05\/Community-Listening-Online_2523044713-300x300.webp 300w, https:\/\/www.vayahealth.com\/wp-content\/uploads\/2025\/05\/Community-Listening-Online_2523044713-150x150.webp 150w, https:\/\/www.vayahealth.com\/wp-content\/uploads\/2025\/05\/Community-Listening-Online_2523044713-12x12.webp 12w\" sizes=\"auto, (max-width: 600px) 100vw, 600px\" \/><\/figure>\n<\/div>\n<\/div>\n<\/div>\n\n\n\n<div><div class=\"gb-grid-wrapper gb-grid-wrapper-f6202483\">\n<div class=\"gb-grid-column gb-grid-column-08f003d8\"><div class=\"gb-container gb-container-08f003d8 box-shadow offices-card\"><div class=\"gb-inside-container\">\n\n<h3 class=\"gb-headline gb-headline-3126d5a4 gb-headline-text\">Condados de la Regi\u00f3n 1:<\/h3>\n\n\n\n<p class=\"has-text-align-center\">Cherokee, Clay, Graham, Haywood, Jackson, Macon, Swain<\/p>\n\n<\/div><\/div><\/div>\n\n<div class=\"gb-grid-column gb-grid-column-8d725bbb\"><div class=\"gb-container gb-container-8d725bbb box-shadow offices-card\"><div class=\"gb-inside-container\">\n\n<h3 class=\"gb-headline gb-headline-508c0563 gb-headline-text\">Condados de la Regi\u00f3n 2:<\/h3>\n\n\n\n<p class=\"has-text-align-center\">Buncombe, Henderson, Madison, Mitchell, Polk, Transilvania, Yancey<\/p>\n\n<\/div><\/div><\/div>\n\n<div class=\"gb-grid-column gb-grid-column-cfbe6bfd\"><div class=\"gb-container gb-container-cfbe6bfd box-shadow offices-card\"><div class=\"gb-inside-container\">\n\n<h3 class=\"gb-headline gb-headline-1a78eb12 gb-headline-text\">Condados de la Regi\u00f3n 3:<\/h3>\n\n\n\n<p class=\"has-text-align-center\">Alexander, Alleghany, Ashe, Avery, Caldwell, McDowell, Rowan, Watauga, Wilkes<\/p>\n\n<\/div><\/div><\/div>\n\n<div class=\"gb-grid-column gb-grid-column-9297cbe1\"><div class=\"gb-container gb-container-9297cbe1 box-shadow offices-card\"><div class=\"gb-inside-container\">\n\n<h3 class=\"gb-headline gb-headline-9f787b33 gb-headline-text\">Condados de la Regi\u00f3n 4:<\/h3>\n\n\n\n<p class=\"has-text-align-center\">Alamance, Caswell, Chatham, Franklin, Granville, Person, Rockingham, Stokes, Vance<\/p>\n\n<\/div><\/div><\/div>\n<\/div><\/div>\n\n\n\n<div>\n<h2 class=\"gb-text\">Otras formas de compartir su opini\u00f3n<\/h2>\n\n\n\n<p>Si no puede asistir a un \"Momento de los Miembros\" o a un acto virtual, hay otras formas de compartir sus comentarios:<\/p>\n\n\n\n<ul class=\"wp-block-list\">\n<li>Complete nuestro <a href=\"https:\/\/forms.microsoft.com\/r\/DKRfkCSi5L\" target=\"_blank\" rel=\"noopener\" title=\"\">encuesta comunitaria<\/a>.<\/li>\n\n\n\n<li>Env\u00ede sus comentarios por correo electr\u00f3nico a <a href=\"mailto:Listening@vayahealth.com\" target=\"_blank\" rel=\"noopener\" title=\"\">Listening@vayahealth.com<\/a>. No incluya informaci\u00f3n sanitaria sensible o protegida.<\/li>\n\n\n\n<li>Llame a <a href=\"tel:1-800-893-6246\" target=\"_blank\" rel=\"noopener\" title=\"\">1-800-893-6246<\/a>. Pida hablar con el Equipo de Participaci\u00f3n de los Miembros.<\/li>\n\n\n\n<li>Env\u00ede el correo a Vaya Health, Attn: Member Engagement, 200 Ridgefield Court, Suite 218, Asheville, NC 28806.<\/li>\n<\/ul>\n<\/div>\n\n\n\n<div class=\"gb-element-2e5e9f56\" id=\"listeningevents\">\n<h2 class=\"gb-text\">Sesiones de escucha<\/h2>\n\n\n<div class=\"lazyblock-latest-events-cards-12p1fM wp-block-lazyblock-latest-events-cards\">\r\n<style>\r\n    .latest-events-card-container {\r\n        gap: 24px;\r\n    }\r\n\r\n    .latest-events-card-wrapper {\r\n        flex: 1 1 calc(33.333% - 16px);\r\n        \/* three per row, adjusted for gap *\/\r\n        min-width: 280px;\r\n        \/* prevent squishing *\/\r\n        box-sizing: border-box;\r\n    }\r\n\r\n    .latest-events-card {\r\n        padding: 30px;\r\n        box-shadow: 0px 0px 80px 0px rgba(25, 79, 144, 0.10);\r\n        border-radius: 12px;\r\n        height: 100%;\r\n    }\r\n\r\n    .latest-events-card img {\r\n        width: 100%;\r\n        height: 313px;\r\n        object-fit: cover;\r\n        border-radius: 5px;\r\n    }\r\n\r\n    .latest-events-card .title {\r\n        color: var(--wp--preset--color--vaya-blue) !important;\r\n        text-decoration: none !important;\r\n        font-size: 20px;\r\n        font-weight: 700;\r\n        line-height: 28px;\r\n        margin-top: 16px;\r\n    }\r\n\r\n    .latest-events-card .title a {\r\n        color: var(--wp--preset--color--vaya-blue) !important;\r\n        text-decoration: none !important;\r\n    }\r\n\r\n    .latest-events-card .divider {\r\n        height: 1px;\r\n        border: 1px solid var(--wp--preset--color--vaya-yellow);\r\n        max-width: 105px;\r\n        opacity: 1;\r\n    }\r\n\r\n    .latest-events-card .date-container div {\r\n        margin-right: 16px;\r\n    }\r\n\r\n    .latest-events-card .date {\r\n        border-radius: 12px 12px 0px 0px;\r\n        border-bottom: 4px solid var(--wp--preset--color--vaya-yellow);\r\n        background: var(--wp--preset--color--vaya-blue);\r\n        max-width: 79px;\r\n        padding: 14px;\r\n        margin-bottom: 16px;\r\n    }\r\n\r\n    .latest-events-card .date .day {\r\n        font-size: 40px;\r\n        font-style: normal;\r\n        font-weight: 700;\r\n        line-height: 35px;\r\n        letter-spacing: 4px;\r\n        color: white;\r\n    }\r\n\r\n    .latest-events-card .date .month {\r\n        font-size: 21px;\r\n        font-style: normal;\r\n        font-weight: 400;\r\n        line-height: 23px;\r\n        text-transform: uppercase;\r\n        color: white;\r\n    }\r\n<\/style>\r\n\r\n<div class=\"d-flex justify-content-center flex-wrap latest-events-card-container\">\r\n    <\/div><\/div>\n\n\n<div class=\"wp-block-buttons is-content-justification-center is-layout-flex wp-container-core-buttons-is-layout-98bb1f1d wp-block-buttons-is-layout-flex\" style=\"margin-top:var(--wp--preset--spacing--50);margin-bottom:var(--wp--preset--spacing--50)\">\n<div class=\"wp-block-button vaya-button-main\"><a class=\"wp-block-button__link has-white-color has-vaya-blue-background-color has-text-color has-background has-link-color has-text-align-center wp-element-button\" href=\"\/es\/calendar\/\" target=\"_blank\" rel=\"noreferrer noopener\">M\u00e1s acontecimientos<\/a><\/div>\n<\/div>\n<\/div>","protected":false},"excerpt":{"rendered":"<p>Vaya Health values your input. We want the communities we serve to have the resources they need. Our listening sessions are one way community members can share feedback. We want [&hellip;]<\/p>\n","protected":false},"author":62,"featured_media":51102,"parent":9333,"menu_order":10,"comment_status":"closed","ping_status":"closed","template":"","meta":{"_tec_requires_first_save":true,"_price":"","_stock":"","_tribe_ticket_header":"","_tribe_default_ticket_provider":"","_tribe_ticket_capacity":"0","_ticket_start_date":"","_ticket_end_date":"","_tribe_ticket_show_description":"","_tribe_ticket_show_not_going":false,"_tribe_ticket_use_global_stock":"","_tribe_ticket_global_stock_level":"","_global_stock_mode":"","_global_stock_cap":"","_tribe_rsvp_for_event":"","_tribe_ticket_going_count":"","_tribe_ticket_not_going_count":"","_tribe_tickets_list":"[]","_tribe_ticket_has_attendee_info_fields":false,"_EventAllDay":false,"_EventTimezone":"","_EventStartDate":"","_EventEndDate":"","_EventStartDateUTC":"","_EventEndDateUTC":"","_EventShowMap":false,"_EventShowMapLink":false,"_EventURL":"","_EventCost":"","_EventCostDescription":"","_EventCurrencySymbol":"","_EventCurrencyCode":"","_EventCurrencyPosition":"","_EventDateTimeSeparator":"","_EventTimeRangeSeparator":"","_EventOrganizerID":[],"_EventVenueID":[],"_OrganizerEmail":"","_OrganizerPhone":"","_OrganizerWebsite":"","_VenueAddress":"","_VenueCity":"","_VenueCountry":"","_VenueProvince":"","_VenueState":"","_VenueZip":"","_VenuePhone":"","_VenueURL":"","_VenueStateProvince":"","_VenueLat":"","_VenueLng":"","_VenueShowMap":false,"_VenueShowMapLink":false,"_tribe_blocks_recurrence_rules":"","_tribe_blocks_recurrence_description":"","_tribe_blocks_recurrence_exclusions":"","banner-text":"","banner-text-color":"","button-text":"","button-text-color":"","button-link":"","has-button-icon":"","background-color":"","has-background-icon":"","background-icon-color":"","second-featured-image":"","footnotes":""},"class_list":["post-51103","page","type-page","status-publish","has-post-thumbnail","hentry"],"aioseo_notices":[],"_links":{"self":[{"href":"https:\/\/www.vayahealth.com\/es\/wp-json\/wp\/v2\/pages\/51103","targetHints":{"allow":["GET"]}}],"collection":[{"href":"https:\/\/www.vayahealth.com\/es\/wp-json\/wp\/v2\/pages"}],"about":[{"href":"https:\/\/www.vayahealth.com\/es\/wp-json\/wp\/v2\/types\/page"}],"author":[{"embeddable":true,"href":"https:\/\/www.vayahealth.com\/es\/wp-json\/wp\/v2\/users\/62"}],"replies":[{"embeddable":true,"href":"https:\/\/www.vayahealth.com\/es\/wp-json\/wp\/v2\/comments?post=51103"}],"version-history":[{"count":0,"href":"https:\/\/www.vayahealth.com\/es\/wp-json\/wp\/v2\/pages\/51103\/revisions"}],"up":[{"embeddable":true,"href":"https:\/\/www.vayahealth.com\/es\/wp-json\/wp\/v2\/pages\/9333"}],"wp:featuredmedia":[{"embeddable":true,"href":"https:\/\/www.vayahealth.com\/es\/wp-json\/wp\/v2\/media\/51102"}],"wp:attachment":[{"href":"https:\/\/www.vayahealth.com\/es\/wp-json\/wp\/v2\/media?parent=51103"}],"curies":[{"name":"wp","href":"https:\/\/api.w.org\/{rel}","templated":true}]}}