{"id":51409,"date":"2025-06-13T16:10:47","date_gmt":"2025-06-13T20:10:47","guid":{"rendered":"https:\/\/www.vayahealth.com\/?page_id=51409"},"modified":"2026-04-13T10:10:27","modified_gmt":"2026-04-13T14:10:27","slug":"traumatic-brain-injury","status":"publish","type":"page","link":"https:\/\/www.vayahealth.com\/es\/benefits-services\/traumatic-brain-injury\/","title":{"rendered":"Da\u00f1o cerebral traum\u00e1tico"},"content":{"rendered":"<div>\n<p>M\u00e1s de 5 millones de estadounidenses \u2014una de cada 60 personas\u2014 viven con una lesi\u00f3n cerebral traum\u00e1tica (TBI) permanente. Si bien no hay dos lesiones cerebrales iguales, muchas personas con una TBI pueden vivir con \u00e9xito en nuestras comunidades locales con la atenci\u00f3n y el sistema de apoyo adecuados.<\/p>\n<\/div>\n\n\n\n<div>\n<div>\n<h2 class=\"gb-text\">\u00bfQu\u00e9 es una lesi\u00f3n cerebral traum\u00e1tica (LCT)?<\/h2>\n\n\n\n<div class=\"gb-element-3ebbd5bc\">\n<div>\n<p>Una lesi\u00f3n cerebral traum\u00e1tica (TBI, por sus siglas en ingl\u00e9s) es una lesi\u00f3n cerebral causada por una fuerza externa. Un golpe o sacudida en la cabeza o el cuerpo puede causar una TBI. Un objeto que penetra el cerebro tambi\u00e9n puede causar este tipo de lesi\u00f3n.<\/p>\n\n\n\n<p>Las causas comunes de TBI incluyen ca\u00eddas, accidentes automovil\u00edsticos y violencia. Una lesi\u00f3n deportiva tambi\u00e9n puede causar una TBI. Una TBI leve puede causar solo s\u00edntomas temporales, pero una lesi\u00f3n m\u00e1s grave puede provocar una discapacidad permanente. La prevenci\u00f3n es la \u00fanica forma de evitar una TBI, ya que no hay cura. En la poblaci\u00f3n sin hogar, la TBI es 14 veces mayor que en la poblaci\u00f3n general y se reconoce poco como un factor que contribuye a la salud y el bienestar general de esta poblaci\u00f3n.<\/p>\n<\/div>\n\n\n\n<div>\n<img loading=\"lazy\" decoding=\"async\" width=\"800\" height=\"600\" class=\"gb-media-1d662f3e\" alt=\"Un m\u00e9dico examina a su paciente var\u00f3n para comprobar si ha sufrido alg\u00fan traumatismo craneoencef\u00e1lico.\" src=\"https:\/\/www.vayahealth.com\/wp-content\/uploads\/2025\/06\/Doctor-Exam-Head-Trauma_471118124.webp\" title=\"Doctor-Exam-Head-Trauma_471118124\" srcset=\"https:\/\/www.vayahealth.com\/wp-content\/uploads\/2025\/06\/Doctor-Exam-Head-Trauma_471118124.webp 800w, https:\/\/www.vayahealth.com\/wp-content\/uploads\/2025\/06\/Doctor-Exam-Head-Trauma_471118124-300x225.webp 300w, https:\/\/www.vayahealth.com\/wp-content\/uploads\/2025\/06\/Doctor-Exam-Head-Trauma_471118124-768x576.webp 768w, https:\/\/www.vayahealth.com\/wp-content\/uploads\/2025\/06\/Doctor-Exam-Head-Trauma_471118124-16x12.webp 16w\" sizes=\"auto, (max-width: 800px) 100vw, 800px\" \/>\n<\/div>\n<\/div>\n<\/div>\n<\/div>\n\n\n\n<div>\n<div>\n<h2 class=\"gb-text\">\u00bfQu\u00e9 servicios de LCT est\u00e1n disponibles a trav\u00e9s de Vaya Health?<\/h2>\n\n\n\n<p>Vaya ofrece servicios para ayudar a las personas con una lesi\u00f3n cerebral traum\u00e1tica (TBI, por sus siglas en ingl\u00e9s) a gozar de buena salud y vivir de la manera m\u00e1s independiente posible. Dependiendo de su plan de salud y sus necesidades individuales, usted podr\u00eda ser elegible para recibir los servicios que se detallan a continuaci\u00f3n.<\/p>\n\n\n\n<p>Si est\u00e1 interesado en recibir servicios para una TBI, contacte a la L\u00ednea de Servicio para Miembros y Destinatarios de Vayaen <a href=\"tel:1-800-962-9003\" target=\"_blank\" rel=\"noopener\" title=\"\">1-800-962-9003<\/a> y solicitar su inclusi\u00f3n en el Registro de Intereses de TBI.<\/p>\n<\/div>\n\n\n\n<div>\n<h5 class=\"gb-text\"><strong>Gesti\u00f3n de Cuidados Personalizada<\/strong><\/h5>\n\n\n\n<p>La Gesti\u00f3n de Cuidados Personalizados a trav\u00e9s de Vaya est\u00e1 disponible para los miembros de Medicaid que han sufrido una lesi\u00f3n cerebral traum\u00e1tica. Su Gestor de Cuidados Personalizados le ayuda a navegar por el sistema de atenci\u00f3n m\u00e9dica y los servicios que necesita, incluyendo:<\/p>\n\n\n\n<ul class=\"wp-block-list\">\n<li>Equipo m\u00e9dico duradero necesita<\/li>\n\n\n\n<li>Servicios de cuidado personal para ayudar con las actividades de la vida diaria, si corresponde<\/li>\n\n\n\n<li>Enfermer\u00eda de guardia privada, si es apropiado<\/li>\n\n\n\n<li>Fisioterapia, terapia ocupacional y\/o terapia del habla<\/li>\n\n\n\n<li>Atenci\u00f3n coordinada en tu equipo m\u00e9dico<\/li>\n\n\n\n<li>Servicios adicionales, como los servicios financiados por el estado y los servicios 1915(i) descritos a continuaci\u00f3n <\/li>\n<\/ul>\n<\/div>\n\n\n\n<div>\n<h5 class=\"gb-text\"><strong>Servicios financiados por el Estado:<\/strong><\/h5>\n\n\n\n<ul class=\"wp-block-list\">\n<li>Ayudas residenciales<\/li>\n\n\n\n<li>Ayudas diarias<\/li>\n\n\n\n<li>Vida y apoyo comunitarios<\/li>\n\n\n\n<li>Vida con apoyo Peri\u00f3dico<\/li>\n\n\n\n<li>Empleo con apoyo<\/li>\n\n\n\n<li>Respiro<\/li>\n\n\n\n<li>Servicios de rehabilitaci\u00f3n residencial a largo plazo para TBI<\/li>\n<\/ul>\n\n\n\n<p><em>Tenga en cuenta que los servicios financiados por el Estado no son un derecho y dependen de la financiaci\u00f3n disponible.<\/em><\/p>\n<\/div>\n\n\n\n<div>\n<h5 class=\"gb-text\"><strong>Servicios de Medicaid 1915(i):<\/strong><\/h5>\n\n\n\n<ul class=\"wp-block-list\">\n<li>Vida y apoyo comunitarios<\/li>\n\n\n\n<li>Empleo con apoyo<\/li>\n\n\n\n<li>Respiro<\/li>\n\n\n\n<li>Transici\u00f3n comunitaria<\/li>\n<\/ul>\n<\/div>\n\n\n\n<div>\n<h5 class=\"gb-text\"><strong>Servicios de exenci\u00f3n de Medicaid:<\/strong><\/h5>\n\n\n\n<p>Las personas que sufren una lesi\u00f3n cerebral traum\u00e1tica antes de los 22 a\u00f1os pueden calificar para la <a href=\"\/es\/benefits-services\/intellectual-developmental-disabilities\/nc-innovations-waiver-registry-unmet-needs\/\" title=\"\">Exenci\u00f3n de NC Innovations<\/a>. La Renuncia de Innovaciones ofrece cupos limitados que permiten a las personas con una discapacidad intelectual\/desarrollo recibir servicios y apoyos en la comunidad. Si usted cree que usted o un ser querido podr\u00eda calificar para la Renuncia de Innovaciones, llame a la l\u00ednea de Servicio al Miembro y Receptor de Vayaal 1-800-962-9003. Puede solicitar ser agregado a la Lista de Espera de Innovaciones.<\/p>\n\n\n\n<p>Las personas con necesidades significativas de salud f\u00edsica, incluidas aquellas con TBI, pueden calificar para <a href=\"https:\/\/medicaid.ncdhhs.gov\/capc\" target=\"_blank\" rel=\"noopener\" title=\"\">Programa de Alternativas Comunitarias para Ni\u00f1os (CAP\/C)<\/a> o <a href=\"https:\/\/medicaid.ncdhhs.gov\/providers\/programs-and-services\/long-term-care\/community-alternatives-program-disabled-adults-capda\" target=\"_blank\" rel=\"noopener\" title=\"\">Programa de Alternativas Comunitarias para Adultos Discapacitados (CAP\/DA)<\/a> programas de exenci\u00f3n a trav\u00e9s del Departamento de Salud y Servicios Humanos de Carolina del Norte (NCDHHS). Obtenga m\u00e1s informaci\u00f3n sobre estos programas y c\u00f3mo solicitarlos visitando estas p\u00e1ginas en el sitio web del NCDHHS.<\/p>\n\n\n\n<p><a href=\"https:\/\/medicaid.ncdhhs.gov\/behavioral-health-and-intellectual-developmental-disabilities-tailored-plan\/traumatic-brain-injury-tbi-waiver\" target=\"_blank\" rel=\"noopener\" title=\"\">Exenci\u00f3n por LCT de Carolina del Norte<\/a> proporciona servicios en la comunidad para ayudar a la recuperaci\u00f3n. Los servicios de exenci\u00f3n por LCT promueven la elecci\u00f3n, la independencia y la participaci\u00f3n en la comunidad. <em>Tenga en cuenta que la exenci\u00f3n LCT a\u00fan no est\u00e1 disponible en la regi\u00f3n Vaya.<\/em><\/p>\n<\/div>\n\n\n\n<div>\n<div>\n<div class=\"gb-element-b2947bdc\">\n<div>\n<img loading=\"lazy\" decoding=\"async\" width=\"800\" height=\"600\" class=\"gb-media-a723dee9\" alt=\"Una mujer sentada, sujet\u00e1ndose la cabeza, tras ser atropellada por un coche mientras montaba en bicicleta.\" src=\"https:\/\/www.vayahealth.com\/wp-content\/uploads\/2025\/06\/Woman-Bicycle-Accident-Head_581251246.webp\" title=\"Woman-Bicycle-Accident-Head_581251246\" srcset=\"https:\/\/www.vayahealth.com\/wp-content\/uploads\/2025\/06\/Woman-Bicycle-Accident-Head_581251246.webp 800w, https:\/\/www.vayahealth.com\/wp-content\/uploads\/2025\/06\/Woman-Bicycle-Accident-Head_581251246-300x225.webp 300w, https:\/\/www.vayahealth.com\/wp-content\/uploads\/2025\/06\/Woman-Bicycle-Accident-Head_581251246-768x576.webp 768w, https:\/\/www.vayahealth.com\/wp-content\/uploads\/2025\/06\/Woman-Bicycle-Accident-Head_581251246-16x12.webp 16w\" sizes=\"auto, (max-width: 800px) 100vw, 800px\" \/>\n<\/div>\n\n\n\n<div>\n<h5 class=\"gb-text\"><strong>Servicios adicionales:<\/strong><\/h5>\n\n\n\n<p>Si tiene otras necesidades de salud adem\u00e1s de una lesi\u00f3n cerebral traum\u00e1tica (TBI), como un trastorno de salud mental o de uso de sustancias, puede ser elegible para servicios para tratar esas condiciones. Adem\u00e1s, los miembros de Medicaid con un Plan Personalizado (Vaya) (Vaya Total Care) pueden ser elegibles para servicios para necesidades de salud f\u00edsica relacionadas.<\/p>\n\n\n\n<p>Llame a la L\u00ednea de Atenci\u00f3n a Socios y Beneficiarios <a href=\"tel:1-800-962-9003\" target=\"_blank\" rel=\"noopener\" title=\"\">1-800-962-9003<\/a> para m\u00e1s informaci\u00f3n.<\/p>\n<\/div>\n<\/div>\n<\/div>\n<\/div>\n<\/div>\n\n\n\n<div>\n<h2 class=\"gb-text\">S\u00edntomas del traumatismo craneoencef\u00e1lico (TCE)<\/h2>\n\n\n\n<div>\n<h5 class=\"gb-text\"><strong>S\u00edntomas f\u00edsicos de la LCT<\/strong><\/h5>\n\n\n\n<ul class=\"wp-block-list\">\n<li>Dolor de cabeza<\/li>\n\n\n\n<li>Convulsiones o ataques<\/li>\n\n\n\n<li>Problemas de visi\u00f3n<\/li>\n\n\n\n<li>N\u00e1useas y v\u00f3mitos<\/li>\n\n\n\n<li>Problemas neurol\u00f3gicos, como dificultad para hablar o p\u00e9rdida de equilibrio.<\/li>\n\n\n\n<li>Dificultad para dormir<\/li>\n\n\n\n<li>Mayor sensibilidad a la luz o al sonido<\/li>\n\n\n\n<li>Zumbido en los o\u00eddos<\/li>\n\n\n\n<li>Mareos o vah\u00eddos<\/li>\n<\/ul>\n<\/div>\n\n\n\n<div>\n<h5 class=\"gb-text\"><strong>S\u00edntomas cognitivos del TCE<\/strong><\/h5>\n\n\n\n<ul class=\"wp-block-list\">\n<li>P\u00e9rdida o cambio de conciencia<\/li>\n\n\n\n<li>Confusi\u00f3n o desorientaci\u00f3n<\/li>\n\n\n\n<li>Problemas para recordar, concentrarse o tomar decisiones.<\/li>\n<\/ul>\n<\/div>\n<\/div>\n\n\n\n<div>\n<h5 class=\"gb-text\"><strong>S\u00edntomas conductuales de la TBI<\/strong><\/h5>\n\n\n\n<ul class=\"wp-block-list\">\n<li>Frustraci\u00f3n<\/li>\n\n\n\n<li>Irritabilidad<\/li>\n\n\n\n<li>Depresi\u00f3n<\/li>\n\n\n\n<li>Ansiedad<\/li>\n\n\n\n<li>Cambios de personalidad<\/li>\n\n\n\n<li>Dificultad para regular las emociones<\/li>\n<\/ul>\n<\/div>\n\n\n\n<div>\n<h2 class=\"gb-text\">Tratamientos del traumatismo craneoencef\u00e1lico (TCE)<\/h2>\n\n\n\n<div>\n<h5 class=\"gb-text\"><strong>Los tratamientos para una LCT incluyen:<\/strong><\/h5>\n\n\n\n<ul class=\"wp-block-list\">\n<li>Fisioterapia y terapia ocupacional<\/li>\n\n\n\n<li>Logopedia<\/li>\n\n\n\n<li>Asesoramiento y psicoterapia<\/li>\n\n\n\n<li>Medicamentos<\/li>\n<\/ul>\n<\/div>\n\n\n\n<div>\n<h5 class=\"gb-text\"><strong>Un plan de tratamiento precoz puede:<\/strong><\/h5>\n\n\n\n<ul class=\"wp-block-list\">\n<li>Reducir el riesgo de complicaciones a largo plazo<\/li>\n\n\n\n<li>Acelerar la recuperaci\u00f3n y la cicatrizaci\u00f3n<\/li>\n\n\n\n<li>Ayudar a prevenir s\u00edntomas cr\u00f3nicos como la p\u00e9rdida de memoria, la depresi\u00f3n o los dolores de cabeza.<\/li>\n\n\n\n<li>Aumentar la probabilidad de volver al trabajo, a la escuela y a las actividades normales.<\/li>\n<\/ul>\n<\/div>\n<\/div>\n\n\n\n<div>\n<h2 class=\"gb-text\">Prevenci\u00f3n de Traumatismo Craneoencef\u00e1lico<\/h2>\n\n\n\n<p>No existe cura para la LCT, lo que hace que la prevenci\u00f3n sea especialmente importante. Las causas m\u00e1s comunes de LCT son las ca\u00eddas, los accidentes de tr\u00e1fico, la violencia interpersonal y otras fuerzas mec\u00e1nicas, incluidas las lesiones relacionadas con el deporte y las explosiones. Los hombres tienen un mayor riesgo de LCT en comparaci\u00f3n con las mujeres. Las personas afectadas por la violencia de pareja tambi\u00e9n tienen un mayor riesgo.<\/p>\n\n\n\n<div>\n<h5 class=\"gb-text\"><strong>Formas de prevenir lesiones graves por ca\u00eddas en ni\u00f1os:<\/strong><\/h5>\n\n\n\n<p>En ni\u00f1os peque\u00f1os, las ca\u00eddas en casa, en patios de recreo y jugando deportes son los entornos m\u00e1s comunes de ca\u00eddas que provocan LCT.<\/p>\n\n\n\n<ul class=\"wp-block-list\">\n<li>Supervisa a los ni\u00f1os cuando jueguen, especialmente en los equipos del parque infantil y en las escaleras.<\/li>\n\n\n\n<li>Haz tu hogar seguro colocando barreras en las escaleras, protectores en las ventanas a nivel del suelo y rejas o barreras alrededor de chimeneas y otras \u00e1reas peligrosas.<\/li>\n\n\n\n<li>Aseg\u00farese de que el \u00e1rea de juegos sea segura revisando el equipo en busca de posibles problemas mec\u00e1nicos y asegur\u00e1ndose de que la superficie de aterrizaje sea blanda.<\/li>\n\n\n\n<li>Aseg\u00farate de que los ni\u00f1os jueguen deportes de forma segura usando equipo de protecci\u00f3n, incluido un casco al andar en bicicleta, patineta o monopat\u00edn.<\/li>\n\n\n\n<li>Comprender el riesgo de los diferentes deportes; las TBI son m\u00e1s comunes en deportes de contacto como el f\u00fatbol y el f\u00fatbol americano y en deportes de acrobacias como el porrismo y la gimnasia.<\/li>\n<\/ul>\n<\/div>\n\n\n\n<div>\n<h5 class=\"gb-text\"><strong>Maneras de prevenir lesiones graves por ca\u00eddas en adultos mayores:<\/strong><\/h5>\n\n\n\n<p>Las ca\u00eddas son la principal causa de muertes por lesiones, hospitalizaciones y visitas a urgencias en adultos mayores de 65 a\u00f1os. Las ca\u00eddas pueden causar consecuencias duraderas y profundas que afectan la movilidad, la independencia y la salud mental, incluida la lesi\u00f3n cerebral traum\u00e1tica. La mayor\u00eda de estas ca\u00eddas ocurren en casa.<\/p>\n\n\n\n<ul class=\"wp-block-list\">\n<li>Retire los objetos con los que pueda tropezar, como alfombras, libros, ropa, cables y zapatos, de los lugares por donde camina.<\/li>\n\n\n\n<li>Ten en cuenta las mascotas y los juguetes relacionados con mascotas.<\/li>\n\n\n\n<li>Instale barras de agarre al lado del inodoro, la ba\u00f1era y la ducha.<\/li>\n\n\n\n<li>Utilice alfombrillas antideslizantes en la ba\u00f1era y en el suelo de la ducha.<\/li>\n\n\n\n<li>Mejora la iluminaci\u00f3n a una m\u00e1s brillante y cuelga cortinas ligeras para reducir el deslumbramiento.<\/li>\n\n\n\n<li>Pida al equipo de atenci\u00f3n m\u00e9dica que revise los medicamentos y se asegure de que el r\u00e9gimen est\u00e9 dise\u00f1ado para minimizar los mareos o el v\u00e9rtigo.<\/li>\n\n\n\n<li>Empieza una rutina de ejercicios. Mantener la fuerza y la movilidad es clave para envejecer bien y prevenir ca\u00eddas.<\/li>\n<\/ul>\n<\/div>\n\n\n\n<div>\n<h5 class=\"gb-text\"><strong>Seguridad de veh\u00edculos motorizados y tr\u00e1fico<\/strong><\/h5>\n\n\n\n<ul class=\"wp-block-list\">\n<li>Usar el cintur\u00f3n de seguridad es la mejor manera de prevenir lesiones cerebrales traum\u00e1ticas relacionadas con veh\u00edculos motorizados. Los cinturones de seguridad evitan que los ocupantes se golpeen o salgan despedidos del veh\u00edculo durante un accidente automovil\u00edstico.<\/li>\n\n\n\n<li>No conduzcas despu\u00e9s de consumir sustancias, incluyendo alcohol, marihuana, opi\u00e1ceos y estimulantes como la coca\u00edna y la metanfetamina. Las personas con trastornos por uso de sustancias tienen un riesgo elevado de TBI. Visita <a href=\"\/es\/benefits-services\/substance-use-disorders\/\" title=\"\">P\u00e1gina de Trastornos por Uso de Sustancias de Vaya<\/a> para saber m\u00e1s.<\/li>\n\n\n\n<li>Asegure que los beb\u00e9s y ni\u00f1os peque\u00f1os usen asientos de seguridad para autom\u00f3viles apropiados para su peso y altura.<\/li>\n\n\n\n<li>Los ni\u00f1os deben usar asientos elevadores hasta que midan 4 pies y 9 pulgadas para minimizar las posibilidades de lesiones.<\/li>\n<\/ul>\n<\/div>\n<\/div>\n\n\n\n<div>\n<h2 class=\"gb-text\">Lesi\u00f3n Cerebral Adquirida vs. Lesi\u00f3n Cerebral Traum\u00e1tica<\/h2>\n\n\n\n<p>Las lesiones cerebrales adquiridas (LCA) son lesiones cerebrales que no son hereditarias, cong\u00e9nitas, degenerativas ni inducidas por trauma de nacimiento. Este tipo de lesi\u00f3n cerebral ocurre&nbsp;<em>despu\u00e9s<\/em>&nbsp;nacimiento. La lesi\u00f3n cerebral traum\u00e1tica (LCT) se divide en traum\u00e1tica y no traum\u00e1tica.<\/p>\n\n\n\n<p>Ejemplos de lesiones cerebrales adquiridas no traum\u00e1ticas incluyen:<\/p>\n\n\n\n<ul class=\"wp-block-list\">\n<li>Lesi\u00f3n cerebral an\u00f3xica: falta de ox\u00edgeno o flujo sangu\u00edneo al cerebro durante un paro card\u00edaco, parto, sobredosis o ahogamiento<\/li>\n\n\n\n<li>Ictus<\/li>\n\n\n\n<li>Hemorragia cerebral<\/li>\n\n\n\n<li>Tumor cerebral<\/li>\n\n\n\n<li>Las consecuencias a largo plazo de una infecci\u00f3n cerebral como la meningitis o la encefalitis<\/li>\n<\/ul>\n<\/div>\n\n\n\n<div>\n<div>\n<h2 class=\"gb-text\">\u00bfQu\u00e9 otros recursos existen fuera de Vaya?<\/h2>\n\n\n\n<p>Las siguientes son organizaciones de confianza para el apoyo y la defensa de las LCT:<\/p>\n\n\n\n<div class=\"gb-element-3ddad45f\">\n<div>\n<ul class=\"wp-block-list\">\n<li><a href=\"https:\/\/www.ncdhhs.gov\/brain-injury-advisory-council\" target=\"_blank\" rel=\"noopener\" title=\"\">Consejo Asesor sobre Da\u00f1o Cerebral de Carolina del Norte<\/a> (La Directora de \u00c1rea y CEO deVaya, Tracy Hayes, se desempe\u00f1a como Vicepresidenta)<\/li>\n\n\n\n<li><a href=\"https:\/\/www.ncdhhs.gov\/divisions\/mental-health-developmental-disabilities-and-substance-use-services\/councils-and-committees\/state-consumer-and-family-advisory-committee\" target=\"_blank\" rel=\"noopener\" title=\"\">Comit\u00e9 Consultivo Estatal de Consumidores y Familias<\/a> (incluye a representantes de la comunidad de LCT)<\/li>\n\n\n\n<li><a href=\"https:\/\/biausa.org\/\" target=\"_blank\" rel=\"noopener\" title=\"\">Asociaci\u00f3n Americana de Lesiones Cerebrales<\/a><\/li>\n\n\n\n<li><a href=\"https:\/\/www.bianc.net\/\" target=\"_blank\" rel=\"noopener\" title=\"\">Asociaci\u00f3n de Lesiones Cerebrales de Carolina del Norte<\/a><\/li>\n\n\n\n<li><a href=\"https:\/\/www.cdc.gov\/traumatic-brain-injury\/index.html\" target=\"_blank\" rel=\"noopener\" title=\"\">Centros para el Control y la Prevenci\u00f3n de Enfermedades<\/a><\/li>\n<\/ul>\n<\/div>\n\n\n\n<div>\n<img loading=\"lazy\" decoding=\"async\" width=\"800\" height=\"600\" class=\"gb-media-aff2b19c\" alt=\"Un hombre yace dentro de una m\u00e1quina de tomograf\u00eda computarizada mientras dos m\u00e9dicos hablan y revisan su historial.\" src=\"https:\/\/www.vayahealth.com\/wp-content\/uploads\/2025\/06\/Man-In-CT-Scan-Machine_2519637569.webp\" title=\"Man-In-CT-Scan-Machine_2519637569\" srcset=\"https:\/\/www.vayahealth.com\/wp-content\/uploads\/2025\/06\/Man-In-CT-Scan-Machine_2519637569.webp 800w, https:\/\/www.vayahealth.com\/wp-content\/uploads\/2025\/06\/Man-In-CT-Scan-Machine_2519637569-300x225.webp 300w, https:\/\/www.vayahealth.com\/wp-content\/uploads\/2025\/06\/Man-In-CT-Scan-Machine_2519637569-768x576.webp 768w, https:\/\/www.vayahealth.com\/wp-content\/uploads\/2025\/06\/Man-In-CT-Scan-Machine_2519637569-16x12.webp 16w\" sizes=\"auto, (max-width: 800px) 100vw, 800px\" \/>\n<\/div>\n<\/div>\n<\/div>\n<\/div>","protected":false},"excerpt":{"rendered":"<p>More than 5 million Americans\u2014one in every 60 people\u2014are living with a permanent traumatic brain injury (TBI). While no two brain injuries are the same, many people with a TBI [&hellip;]<\/p>\n","protected":false},"author":62,"featured_media":51442,"parent":26637,"menu_order":9,"comment_status":"closed","ping_status":"closed","template":"breadcrumbs","meta":{"_tec_requires_first_save":true,"_price":"","_stock":"","_tribe_ticket_header":"","_tribe_default_ticket_provider":"","_tribe_ticket_capacity":"0","_ticket_start_date":"","_ticket_end_date":"","_tribe_ticket_show_description":"","_tribe_ticket_show_not_going":false,"_tribe_ticket_use_global_stock":"","_tribe_ticket_global_stock_level":"","_global_stock_mode":"","_global_stock_cap":"","_tribe_rsvp_for_event":"","_tribe_ticket_going_count":"","_tribe_ticket_not_going_count":"","_tribe_tickets_list":"[]","_tribe_ticket_has_attendee_info_fields":false,"_EventAllDay":false,"_EventTimezone":"","_EventStartDate":"","_EventEndDate":"","_EventStartDateUTC":"","_EventEndDateUTC":"","_EventShowMap":false,"_EventShowMapLink":false,"_EventURL":"","_EventCost":"","_EventCostDescription":"","_EventCurrencySymbol":"","_EventCurrencyCode":"","_EventCurrencyPosition":"","_EventDateTimeSeparator":"","_EventTimeRangeSeparator":"","_EventOrganizerID":[],"_EventVenueID":[],"_OrganizerEmail":"","_OrganizerPhone":"","_OrganizerWebsite":"","_VenueAddress":"","_VenueCity":"","_VenueCountry":"","_VenueProvince":"","_VenueState":"","_VenueZip":"","_VenuePhone":"","_VenueURL":"","_VenueStateProvince":"","_VenueLat":"","_VenueLng":"","_VenueShowMap":false,"_VenueShowMapLink":false,"_tribe_blocks_recurrence_rules":"","_tribe_blocks_recurrence_description":"","_tribe_blocks_recurrence_exclusions":"","banner-text":"","banner-text-color":"","button-text":"","button-text-color":"","button-link":"","has-button-icon":"","background-color":"","has-background-icon":"","background-icon-color":"","second-featured-image":"","footnotes":""},"class_list":["post-51409","page","type-page","status-publish","has-post-thumbnail","hentry"],"aioseo_notices":[],"_links":{"self":[{"href":"https:\/\/www.vayahealth.com\/es\/wp-json\/wp\/v2\/pages\/51409","targetHints":{"allow":["GET"]}}],"collection":[{"href":"https:\/\/www.vayahealth.com\/es\/wp-json\/wp\/v2\/pages"}],"about":[{"href":"https:\/\/www.vayahealth.com\/es\/wp-json\/wp\/v2\/types\/page"}],"author":[{"embeddable":true,"href":"https:\/\/www.vayahealth.com\/es\/wp-json\/wp\/v2\/users\/62"}],"replies":[{"embeddable":true,"href":"https:\/\/www.vayahealth.com\/es\/wp-json\/wp\/v2\/comments?post=51409"}],"version-history":[{"count":2,"href":"https:\/\/www.vayahealth.com\/es\/wp-json\/wp\/v2\/pages\/51409\/revisions"}],"predecessor-version":[{"id":57241,"href":"https:\/\/www.vayahealth.com\/es\/wp-json\/wp\/v2\/pages\/51409\/revisions\/57241"}],"up":[{"embeddable":true,"href":"https:\/\/www.vayahealth.com\/es\/wp-json\/wp\/v2\/pages\/26637"}],"wp:featuredmedia":[{"embeddable":true,"href":"https:\/\/www.vayahealth.com\/es\/wp-json\/wp\/v2\/media\/51442"}],"wp:attachment":[{"href":"https:\/\/www.vayahealth.com\/es\/wp-json\/wp\/v2\/media?parent=51409"}],"curies":[{"name":"wp","href":"https:\/\/api.w.org\/{rel}","templated":true}]}}