{"id":51630,"date":"2025-06-02T13:51:41","date_gmt":"2025-06-02T17:51:41","guid":{"rendered":"https:\/\/vayahealthstg.wpengine.com\/?page_id=50897"},"modified":"2026-04-02T16:53:31","modified_gmt":"2026-04-02T20:53:31","slug":"health-plans","status":"publish","type":"page","link":"https:\/\/www.vayahealth.com\/es\/health-plans\/","title":{"rendered":"Planos Vaya Health"},"content":{"rendered":"<div class=\"gb-element-ebcf4238\">\n<div class=\"gb-element-4d68b34e\">\n<h1 class=\"gb-text\">Planos Vaya Health<\/h1>\n\n\n\n<p>Vaya Health apoya el bienestar de los habitantes de Carolina del Norte a trav\u00e9s de Medicaid y los planes de salud financiados por el Estado. Obtenga m\u00e1s informaci\u00f3n sobre los servicios que pueden estar disponibles para usted.<\/p>\n<\/div>\n<\/div>\n\n\n\n<div class=\"gb-element-b0f55c6e\">\n<div class=\"gb-element-0ab4f43f\">\n<div class=\"gb-element-0a9734f4\">\n<div>\n<div class=\"gb-element-5f921584\">\n<div class=\"gb-element-95ed849c\">\n<div class=\"gb-element-8ceb42dd\">\n<div class=\"gb-text gb-text-2a80fe65\">Vaya Total Care Servicios de Medicaid<\/div>\n\n\n\n<div class=\"gb-text gb-text-458ce3b6\">(Plan a medida)<\/div>\n<\/div>\n<\/div>\n\n\n\n<div class=\"gb-element-8c93a12f\">\n<p class=\"gb-text gb-text-609055ae\"><strong>Vaya Total Care<\/strong> es una cobertura de Medicaid que incluye atenci\u00f3n sanitaria f\u00edsica, servicios de salud conductual y prestaciones farmac\u00e9uticas en un \u00fanico plan de salud integrado, m\u00e1s com\u00fanmente conocido como atenci\u00f3n integral a la persona. La atenci\u00f3n integral combina la atenci\u00f3n de la mente y el cuerpo con otros factores que afectan a la salud de una persona. Su m\u00e9dico, otros proveedores y el gestor de cuidados colaboran para ayudarle a obtener la atenci\u00f3n que necesita para estar sano.<\/p>\n<\/div>\n\n\n\n<div class=\"gb-element-9575848d\">\n<p class=\"gb-text-f72f8360 darker-link\"><span class=\"gb-text\"><strong><a href=\"\/es\/health-plans\/vaya-total-care\/\" title=\"Vaya Total Care\">M\u00e1s informaci\u00f3n<\/a><\/strong><\/span><span class=\"gb-shape\"><svg xmlns=\"http:\/\/www.w3.org\/2000\/svg\" width=\"12\" height=\"14\">\n    <path d=\"M3.857 7H12L0 0l3.857 7ZM3.857 7H12L0 14l3.857-7Z\"><\/path>\n<\/svg><\/span><\/p>\n<\/div>\n<\/div>\n<\/div>\n\n\n\n<div>\n<div class=\"gb-element-80dfa04c\">\n<div class=\"gb-element-70d6416e\">\n<div class=\"gb-element-7a14a0c4\">\n<div class=\"gb-text gb-text-0c3d3127\">Servicios financiados por el Estado<\/div>\n\n\n\n<div class=\"gb-text gb-text-5d1bfc5b\">(Plan a medida)<\/div>\n<\/div>\n<\/div>\n\n\n\n<div class=\"gb-element-326efeaa\">\n<p class=\"gb-text gb-text-54856a14\"><strong>Servicios financiados por el Estado<\/strong> son para las personas que viven en la regi\u00f3n Vaya y no tienen seguro, o que necesitan determinados servicios que no est\u00e1n a su disposici\u00f3n en su plan de salud y no pueden permitirse la atenci\u00f3n. Los servicios financiados por el Estado son para salud mental, uso de sustancias, I\/DD y TBI. No incluyen la atenci\u00f3n sanitaria f\u00edsica ni las prestaciones farmac\u00e9uticas. Los servicios financiados por el Estado los financian los gobiernos estatales, federales y de los condados al margen de Medicaid.<\/p>\n<\/div>\n\n\n\n<div class=\"gb-element-7b364f60\">\n<p class=\"gb-text-161ae444 darker-link\"><span class=\"gb-text\"><strong><a href=\"\/es\/health-plans\/state-funded-services\/\" title=\"Servicios financiados por el Estado\">M\u00e1s informaci\u00f3n<\/a><\/strong><\/span><span class=\"gb-shape\"><svg xmlns=\"http:\/\/www.w3.org\/2000\/svg\" width=\"12\" height=\"14\">\n    <path d=\"M3.857 7H12L0 0l3.857 7ZM3.857 7H12L0 14l3.857-7Z\"><\/path>\n<\/svg><\/span><\/p>\n<\/div>\n<\/div>\n<\/div>\n\n\n\n<div>\n<div class=\"gb-element-6432a31c\">\n<div class=\"gb-element-611bae8a\">\n<div class=\"gb-element-22f0570e\">\n<div class=\"gb-text gb-text-b0f42b97\">Medicaid NC<br>Directo<\/div>\n<\/div>\n<\/div>\n\n\n\n<div class=\"gb-element-cdfa40fd\">\n<p class=\"gb-text gb-text-86b3312b\"><strong>NC Medicaid Direct<\/strong> es un programa de asistencia sanitaria para los beneficiarios de Medicaid que no est\u00e1n inscritos en la asistencia gestionada. Vaya gestiona la salud mental, el uso de sustancias, I \/ DD, y los servicios de TBI para las personas en nuestra regi\u00f3n que est\u00e1n en NC Medicaid Direct, mientras que el Departamento de Salud y Servicios Humanos de Carolina del Norte gestiona su atenci\u00f3n de salud f\u00edsica y servicios de farmacia.<\/p>\n<\/div>\n\n\n\n<div class=\"gb-element-cbd0dc89\">\n<p class=\"gb-text-40e8ae87 darker-link\"><span class=\"gb-text\"><strong><a href=\"\/es\/health-plans\/nc-medicaid-direct\/\" title=\"M\u00e1s informaci\u00f3n Servicios NC Medicaid Direct\">M\u00e1s informaci\u00f3n<\/a><\/strong><\/span><span class=\"gb-shape\"><svg xmlns=\"http:\/\/www.w3.org\/2000\/svg\" width=\"12\" height=\"14\">\n    <path d=\"M3.857 7H12L0 0l3.857 7ZM3.857 7H12L0 14l3.857-7Z\"><\/path>\n<\/svg><\/span><\/p>\n<\/div>\n<\/div>\n<\/div>\n<\/div>\n<\/div>\n<\/div>\n\n\n\n<div class=\"gb-element-786f5124\">\n<div class=\"gb-element-b8510bd9\">\n<div class=\"gb-text gb-text-f4b9ff9e h3\">Para m\u00e1s informaci\u00f3n sobre planes de salud<\/div>\n\n\n\n<p>Llame al Vaya <strong>L\u00ednea de atenci\u00f3n a los afiliados y beneficiarios en<\/strong> <a href=\"tel:1-800-962-9003\" title=\"\">1-800-962-9003<\/a> <em>(de 7.00 a 18.00 horas, de lunes a s\u00e1bado)<\/em> si tiene m\u00e1s preguntas sobre los planes de salud.<\/p>\n<\/div>\n<\/div>\n\n\n\n<div>\n<div class=\"gb-element-e8146c99\">\n<div class=\"gb-element-e83b8ceb\">\n<div class=\"gb-element-abc1081e\">\n<h2 class=\"gb-text gb-text-75bed15a\">Recursos<\/h2>\n<\/div>\n\n\n\n<div class=\"gb-element-3ebc07c0\">\n<div class=\"gb-element-99a41fd1\">\n<div class=\"gb-element-fa7db971\">\n<div class=\"gb-element-30dcc50d\">\n<div class=\"gb-element-28a5f8d0\">\n<div class=\"gb-element-4b815a77\">\n<p class=\"gb-text-519a5800\"><span class=\"gb-shape\"><svg xmlns=\"http:\/\/www.w3.org\/2000\/svg\" width=\"112\" height=\"113\" fill=\"none\">\n    <rect y=\".895\" width=\"112.007\" height=\"112\" rx=\"12\" fill=\"#fff\"><\/rect>\n    <path d=\"M16.356 62.228A40 40 0 0 1 56 16.895M95.651 62.228A40 40 0 0 0 56 16.895\" stroke=\"#005B93\" stroke-width=\"3\" stroke-linecap=\"round\" stroke-linejoin=\"round\"><\/path>\n    <path d=\"M85.337 57.058A29.367 29.367 0 0 0 56 86.46a29.37 29.37 0 0 0 29.337-29.4Z\" stroke=\"#4197CB\" stroke-width=\"3\" stroke-linecap=\"round\" stroke-linejoin=\"round\"><\/path>\n    <path d=\"M63.719 66.583a32.54 32.54 0 0 0-7.68-33.688 32.537 32.537 0 0 0-7.637 33.816\" stroke=\"#4197CB\" stroke-width=\"3\" stroke-linecap=\"round\" stroke-linejoin=\"round\"><\/path>\n    <path d=\"M56 86.46a29.368 29.368 0 0 0-29.333-29.402A29.366 29.366 0 0 0 56 86.46Z\" stroke=\"#4197CB\" stroke-width=\"3\" stroke-linecap=\"round\" stroke-linejoin=\"round\"><\/path>\n    <path d=\"M56.003 96.894V86.46M92.682 72.865a38.15 38.15 0 0 1-5.013 8.466M79.957 88.915a37.603 37.603 0 0 1-8.533 4.879M40.665 93.794a37.33 37.33 0 0 1-8.534-4.879M24.409 81.331a38.066 38.066 0 0 1-5.013-8.466\" stroke=\"#005B93\" stroke-width=\"3\" stroke-linecap=\"round\" stroke-linejoin=\"round\"><\/path>\n<\/svg><\/span><\/p>\n<\/div>\n\n\n\n<div class=\"gb-text gb-text-e12c1fb2\">Mejore su bienestar<\/div>\n\n\n\n<div class=\"gb-element-ec1b9e83\"><\/div>\n\n\n\n<div class=\"gb-text gb-text-c19b1f3f\">Su salud f\u00edsica y mental est\u00e1n estrechamente relacionadas. Aprende a llevar un estilo de vida m\u00e1s sano y a reforzar tu resiliencia.<\/div>\n<\/div>\n\n\n\n<div class=\"gb-element-a9e74a67\">\n<div class=\"gb-text-dcf570d2 darker-link\"><span class=\"gb-text\"><strong><a href=\"\/es\/benefits-services\/improve-your-wellness\/\" title=\"Apoyo al bienestar de las comunidades de Carolina del Norte\">C\u00f3mo mejorar el bienestar<\/a><\/strong><\/span><span class=\"gb-shape\"><svg xmlns=\"http:\/\/www.w3.org\/2000\/svg\" width=\"12\" height=\"14\">\n    <path d=\"M3.857 7H12L0 0l3.857 7ZM3.857 7H12L0 14l3.857-7Z\"><\/path>\n<\/svg><\/span><\/div>\n<\/div>\n<\/div>\n<\/div>\n\n\n\n<div class=\"gb-element-ef688295\">\n<div class=\"gb-element-af5739ad\">\n<div class=\"gb-element-8394a835\">\n<div class=\"gb-element-78b05045\">\n<p class=\"gb-text-50675944\"><span class=\"gb-shape\"><svg xmlns=\"http:\/\/www.w3.org\/2000\/svg\" width=\"112\" height=\"113\" viewbox=\"0 0 112 113\" fill=\"none\">\n<rect y=\"0.894531\" width=\"112\" height=\"112\" rx=\"12\" fill=\"white\"><\/rect>\n<path d=\"M16 80.8945V91.5612C16 92.9757 16.5619 94.3322 17.5621 95.3324C18.5623 96.3326 19.9188 96.8945 21.3333 96.8945H32\" stroke=\"#005B93\" stroke-width=\"3\" stroke-linecap=\"round\" stroke-linejoin=\"round\"><\/path>\n<path d=\"M32 16.8945H21.3333C19.9188 16.8945 18.5623 17.4564 17.5621 18.4566C16.5619 19.4568 16 20.8134 16 22.2279V32.8945\" stroke=\"#005B93\" stroke-width=\"3\" stroke-linecap=\"round\" stroke-linejoin=\"round\"><\/path>\n<path d=\"M96 32.8945V22.2279C96 20.8134 95.4381 19.4568 94.4379 18.4566C93.4377 17.4564 92.0812 16.8945 90.6667 16.8945H80\" stroke=\"#005B93\" stroke-width=\"3\" stroke-linecap=\"round\" stroke-linejoin=\"round\"><\/path>\n<path d=\"M80 96.8945H90.6667C92.0812 96.8945 93.4377 96.3326 94.4379 95.3324C95.4381 94.3322 96 92.9757 96 91.5612V80.8945\" stroke=\"#005B93\" stroke-width=\"3\" stroke-linecap=\"round\" stroke-linejoin=\"round\"><\/path>\n<path d=\"M45.3333 86.2279V75.5613H40C38.5855 75.5613 37.2289 74.9994 36.2287 73.9992C35.2285 72.999 34.6666 71.6424 34.6666 70.2279V64.8946H30.4604C30.0353 64.8947 29.6164 64.7932 29.2385 64.5985C28.8607 64.4038 28.5348 64.1216 28.2882 63.7754C28.0415 63.4293 27.8811 63.0291 27.8205 62.6084C27.7598 62.1877 27.8007 61.7586 27.9395 61.3568C34.6844 41.8155 35.4311 27.5613 56 27.5613C60.8604 27.5614 65.6063 29.0373 69.6097 31.7937C73.613 34.55 76.6851 38.4569 78.4194 42.9975C80.1538 47.538 80.4686 52.4981 79.3223 57.2214C78.176 61.9448 75.6226 66.2088 72 69.4493V86.2279\" stroke=\"#005B93\" stroke-width=\"3\" stroke-linecap=\"round\" stroke-linejoin=\"round\"><\/path>\n<path d=\"M65.4188 55.7996C65.79 55.9658 66.1943 56.0452 66.6008 56.0317C67.0073 56.0181 67.4054 55.912 67.7647 55.7213C68.1241 55.5307 68.4352 55.2606 68.6743 54.9316C68.9135 54.6026 69.0745 54.2233 69.145 53.8227C69.6441 50.9088 69.1611 47.9116 67.772 45.3019C66.3828 42.6922 64.1661 40.6179 61.4701 39.4048C58.7741 38.1917 55.7515 37.9085 52.877 38.5997C50.0026 39.2909 47.4392 40.9174 45.5894 43.2236C45.3357 43.5418 45.1581 43.9138 45.0702 44.3111C44.9822 44.7084 44.9863 45.1206 45.082 45.5162C45.1777 45.9117 45.3625 46.2801 45.6224 46.5933C45.8823 46.9065 46.2103 47.1561 46.5814 47.3231L65.4188 55.7996Z\" stroke=\"#4197CB\" stroke-width=\"3\" stroke-linecap=\"round\" stroke-linejoin=\"round\"><\/path>\n<\/svg><\/span><\/p>\n<\/div>\n\n\n\n<div class=\"gb-text gb-text-dcaefff9\">Ex\u00e1menes m\u00e9dicos<\/div>\n\n\n\n<div class=\"gb-element-2a031003\"><\/div>\n\n\n\n<div class=\"gb-text gb-text-587471cd\">Ser fuerte mental y emocionalmente es importante para mantener la salud general. H\u00e1gase una prueba hoy mismo para saber en qu\u00e9 punto se encuentra.<\/div>\n<\/div>\n\n\n\n<div class=\"gb-element-ca22e803\">\n<div class=\"gb-text-c0e163af darker-link\"><span class=\"gb-text\"><strong><a href=\"\/es\/benefits-services\/mental-health\/screening\/\" title=\"\">Som\u00e9tase a un reconocimiento m\u00e9dico<\/a><\/strong><\/span><span class=\"gb-shape\"><svg xmlns=\"http:\/\/www.w3.org\/2000\/svg\" width=\"12\" height=\"14\">\n    <path d=\"M3.857 7H12L0 0l3.857 7ZM3.857 7H12L0 14l3.857-7Z\"><\/path>\n<\/svg><\/span><\/div>\n<\/div>\n<\/div>\n<\/div>\n\n\n\n<div class=\"gb-element-e65f35d4\">\n<div class=\"gb-element-ffd631df\">\n<div class=\"gb-element-8b641aed\">\n<div class=\"gb-element-d056c915\">\n<p class=\"gb-text-a8fcea97\"><span class=\"gb-shape\"><svg xmlns=\"http:\/\/www.w3.org\/2000\/svg\" width=\"113\" height=\"112\" viewbox=\"0 0 113 112\" fill=\"none\">\n<rect x=\"0.5\" width=\"112\" height=\"112\" rx=\"12\" fill=\"white\"><\/rect>\n<path d=\"M21.8335 37.3333H91.1668V96H21.8335V37.3333Z\" stroke=\"#005B93\" stroke-width=\"3\" stroke-linecap=\"round\" stroke-linejoin=\"round\"><\/path>\n<path d=\"M59.1667 80H53.8333C52.4188 80 51.0623 80.5619 50.0621 81.5621C49.0619 82.5623 48.5 83.9188 48.5 85.3333V96H64.5V85.3333C64.5 83.9188 63.9381 82.5623 62.9379 81.5621C61.9377 80.5619 60.5812 80 59.1667 80Z\" stroke=\"#005B93\" stroke-width=\"3\" stroke-linecap=\"round\" stroke-linejoin=\"round\"><\/path>\n<path d=\"M32.5 48V53.3333\" stroke=\"#4197CB\" stroke-width=\"3\" stroke-linecap=\"round\" stroke-linejoin=\"round\"><\/path>\n<path d=\"M48.5 48V53.3333\" stroke=\"#4197CB\" stroke-width=\"3\" stroke-linecap=\"round\" stroke-linejoin=\"round\"><\/path>\n<path d=\"M64.5 48V53.3333\" stroke=\"#4197CB\" stroke-width=\"3\" stroke-linecap=\"round\" stroke-linejoin=\"round\"><\/path>\n<path d=\"M80.5 48V53.3333\" stroke=\"#4197CB\" stroke-width=\"3\" stroke-linecap=\"round\" stroke-linejoin=\"round\"><\/path>\n<path d=\"M32.5 64V69.3333\" stroke=\"#4197CB\" stroke-width=\"3\" stroke-linecap=\"round\" stroke-linejoin=\"round\"><\/path>\n<path d=\"M48.5 64V69.3333\" stroke=\"#4197CB\" stroke-width=\"3\" stroke-linecap=\"round\" stroke-linejoin=\"round\"><\/path>\n<path d=\"M64.5 64V69.3333\" stroke=\"#4197CB\" stroke-width=\"3\" stroke-linecap=\"round\" stroke-linejoin=\"round\"><\/path>\n<path d=\"M80.5 64V69.3333\" stroke=\"#4197CB\" stroke-width=\"3\" stroke-linecap=\"round\" stroke-linejoin=\"round\"><\/path>\n<path d=\"M16.5 37.3333H96.5\" stroke=\"#005B93\" stroke-width=\"3\" stroke-linecap=\"round\" stroke-linejoin=\"round\"><\/path>\n<path d=\"M81.6699 16H31.3304C30.1412 16.0001 28.9862 16.3977 28.0488 17.1295C27.1115 17.8614 26.4456 18.8855 26.1571 20.0391L21.8335 37.3333H91.1668L86.8433 20.0391C86.5547 18.8855 85.8888 17.8614 84.9515 17.1295C84.0142 16.3977 82.8591 16.0001 81.6699 16Z\" stroke=\"#005B93\" stroke-width=\"3\" stroke-linecap=\"round\" stroke-linejoin=\"round\"><\/path>\n<path d=\"M32.5 80V85.3333\" stroke=\"#4197CB\" stroke-width=\"3\" stroke-linecap=\"round\" stroke-linejoin=\"round\"><\/path>\n<path d=\"M80.5 80V85.3333\" stroke=\"#4197CB\" stroke-width=\"3\" stroke-linecap=\"round\" stroke-linejoin=\"round\"><\/path>\n<\/svg><\/span><\/p>\n<\/div>\n\n\n\n<div class=\"gb-text gb-text-967eb1b0\">Centros sin cita previa<\/div>\n\n\n\n<div class=\"gb-element-d492ca44\"><\/div>\n\n\n\n<div class=\"gb-text gb-text-bd4f454d\">Encuentre un centro sin cita previa cerca de usted y reciba una evaluaci\u00f3n de crisis en el mismo d\u00eda<\/div>\n<\/div>\n\n\n\n<div class=\"gb-element-13f3741c\">\n<div class=\"gb-text-5dfd97ba darker-link\"><span class=\"gb-text\"><strong><a href=\"\/es\/get-help\/walk-crisis-centers\/\" title=\"Centros sin cita previa\">Buscar un lugar<\/a><\/strong><\/span><span class=\"gb-shape\"><svg xmlns=\"http:\/\/www.w3.org\/2000\/svg\" width=\"12\" height=\"14\">\n    <path d=\"M3.857 7H12L0 0l3.857 7ZM3.857 7H12L0 14l3.857-7Z\"><\/path>\n<\/svg><\/span><\/div>\n<\/div>\n<\/div>\n<\/div>\n<\/div>\n<\/div>\n<\/div>\n<\/div>\n<\/div>","protected":false},"excerpt":{"rendered":"<p>Vaya Health Plans Vaya Health supports the well-being of North Carolinians through Medicaid and State-funded health plans. Learn more about services that may be available to you. Vaya Total Care\u2028 [&hellip;]<\/p>\n","protected":false},"author":62,"featured_media":51631,"parent":0,"menu_order":16,"comment_status":"closed","ping_status":"closed","template":"full-width-breadcrumbs","meta":{"_tec_requires_first_save":true,"_price":"","_stock":"","_tribe_ticket_header":"","_tribe_default_ticket_provider":"","_tribe_ticket_capacity":"0","_ticket_start_date":"","_ticket_end_date":"","_tribe_ticket_show_description":"","_tribe_ticket_show_not_going":false,"_tribe_ticket_use_global_stock":"","_tribe_ticket_global_stock_level":"","_global_stock_mode":"","_global_stock_cap":"","_tribe_rsvp_for_event":"","_tribe_ticket_going_count":"","_tribe_ticket_not_going_count":"","_tribe_tickets_list":"[]","_tribe_ticket_has_attendee_info_fields":false,"_EventAllDay":false,"_EventTimezone":"","_EventStartDate":"","_EventEndDate":"","_EventStartDateUTC":"","_EventEndDateUTC":"","_EventShowMap":false,"_EventShowMapLink":false,"_EventURL":"","_EventCost":"","_EventCostDescription":"","_EventCurrencySymbol":"","_EventCurrencyCode":"","_EventCurrencyPosition":"","_EventDateTimeSeparator":"","_EventTimeRangeSeparator":"","_EventOrganizerID":[],"_EventVenueID":[],"_OrganizerEmail":"","_OrganizerPhone":"","_OrganizerWebsite":"","_VenueAddress":"","_VenueCity":"","_VenueCountry":"","_VenueProvince":"","_VenueState":"","_VenueZip":"","_VenuePhone":"","_VenueURL":"","_VenueStateProvince":"","_VenueLat":"","_VenueLng":"","_VenueShowMap":false,"_VenueShowMapLink":false,"_tribe_blocks_recurrence_rules":"","_tribe_blocks_recurrence_description":"","_tribe_blocks_recurrence_exclusions":"","banner-text":"","banner-text-color":"","button-text":"","button-text-color":"","button-link":"","has-button-icon":"","background-color":"","has-background-icon":"","background-icon-color":"","second-featured-image":"","footnotes":""},"class_list":["post-51630","page","type-page","status-publish","has-post-thumbnail","hentry"],"aioseo_notices":[],"_links":{"self":[{"href":"https:\/\/www.vayahealth.com\/es\/wp-json\/wp\/v2\/pages\/51630","targetHints":{"allow":["GET"]}}],"collection":[{"href":"https:\/\/www.vayahealth.com\/es\/wp-json\/wp\/v2\/pages"}],"about":[{"href":"https:\/\/www.vayahealth.com\/es\/wp-json\/wp\/v2\/types\/page"}],"author":[{"embeddable":true,"href":"https:\/\/www.vayahealth.com\/es\/wp-json\/wp\/v2\/users\/62"}],"replies":[{"embeddable":true,"href":"https:\/\/www.vayahealth.com\/es\/wp-json\/wp\/v2\/comments?post=51630"}],"version-history":[{"count":1,"href":"https:\/\/www.vayahealth.com\/es\/wp-json\/wp\/v2\/pages\/51630\/revisions"}],"predecessor-version":[{"id":57134,"href":"https:\/\/www.vayahealth.com\/es\/wp-json\/wp\/v2\/pages\/51630\/revisions\/57134"}],"wp:featuredmedia":[{"embeddable":true,"href":"https:\/\/www.vayahealth.com\/es\/wp-json\/wp\/v2\/media\/51631"}],"wp:attachment":[{"href":"https:\/\/www.vayahealth.com\/es\/wp-json\/wp\/v2\/media?parent=51630"}],"curies":[{"name":"wp","href":"https:\/\/api.w.org\/{rel}","templated":true}]}}