{"id":54865,"date":"2026-01-07T11:53:03","date_gmt":"2026-01-07T16:53:03","guid":{"rendered":"https:\/\/www.vayahealth.com\/?page_id=54865"},"modified":"2026-01-07T13:36:45","modified_gmt":"2026-01-07T18:36:45","slug":"mobile-crisis-services","status":"publish","type":"page","link":"https:\/\/www.vayahealth.com\/es\/get-help\/mobile-crisis-services\/","title":{"rendered":"Servicios m\u00f3viles de crisis"},"content":{"rendered":"<div>\n<div>\n<h2 class=\"gb-text\">\u00bfC\u00f3mo puedo obtener ayuda m\u00f3vil en caso de crisis?<\/h2>\n\n\n\n<p>Cualquier persona que viva en la regi\u00f3n de Vaya Health puede llamar a nuestra L\u00ednea de Crisis de Salud Mental 24 horas al d\u00eda, 7 d\u00edas a la semana, al tel\u00e9fono&nbsp;<a href=\"tel:1-800-849-6127\" target=\"_blank\" rel=\"noopener\" title=\"\">1-800-849-6127<\/a>. Podemos proporcionar intervenci\u00f3n inmediata en crisis por tel\u00e9fono y organizar una evaluaci\u00f3n presencial de un proveedor m\u00f3vil de servicios de crisis, en funci\u00f3n de las necesidades.<\/p>\n\n\n\n<p>Tambi\u00e9n puede ponerse en contacto con el equipo m\u00f3vil de crisis de su condado utilizando la informaci\u00f3n que figura a continuaci\u00f3n. Puede pedir ayuda para usted, un amigo, un familiar o cualquier otra persona que est\u00e9 atravesando una crisis.<\/p>\n<\/div>\n\n\n\n<div>\n<h2 class=\"gb-text\">\u00bfQu\u00e9 son los servicios m\u00f3viles de crisis?<\/h2>\n\n\n\n<div>\n<div class=\"gb-element-c7011040\">\n<div>\n<p>Si tienes problemas, un equipo m\u00f3vil de crisis puede acudir a ti. Este recurso gratuito est\u00e1 disponible 24 horas al d\u00eda, siete d\u00edas a la semana, para personas de todas las edades.<\/p>\n\n\n\n<p>Los equipos m\u00f3viles de crisis est\u00e1n formados por profesionales de la salud mental que se reunir\u00e1n con usted en su casa, trabajo, escuela o casi cualquier lugar donde se produzca una crisis. Le escuchar\u00e1n, le ofrecer\u00e1n apoyo e informaci\u00f3n sobre opciones de tratamiento y recursos.<\/p>\n\n\n\n<p>Cuando una crisis no pone en peligro la vida, llamar al servicio de crisis m\u00f3vil puede evitar un viaje innecesario al servicio de urgencias. Recibir ayuda del equipo tambi\u00e9n puede reducir la probabilidad de sufrir otra crisis en el futuro.<\/p>\n<\/div>\n\n\n\n<div>\n<img loading=\"lazy\" decoding=\"async\" width=\"800\" height=\"600\" class=\"gb-media-1fd2c080\" alt=\"Una madre consuela a su hijo que sufre una crisis mental.\" title=\"Mom-Comforting-Son_2050970423\" src=\"https:\/\/www.vayahealth.com\/wp-content\/uploads\/2026\/01\/Mom-Comforting-Son_2050970423.webp\" srcset=\"https:\/\/www.vayahealth.com\/wp-content\/uploads\/2026\/01\/Mom-Comforting-Son_2050970423.webp 800w, https:\/\/www.vayahealth.com\/wp-content\/uploads\/2026\/01\/Mom-Comforting-Son_2050970423-300x225.webp 300w, https:\/\/www.vayahealth.com\/wp-content\/uploads\/2026\/01\/Mom-Comforting-Son_2050970423-768x576.webp 768w, https:\/\/www.vayahealth.com\/wp-content\/uploads\/2026\/01\/Mom-Comforting-Son_2050970423-16x12.webp 16w\" sizes=\"auto, (max-width: 800px) 100vw, 800px\" \/>\n<\/div>\n<\/div>\n<\/div>\n<\/div>\n\n\n\n<div>\n<h2 class=\"gb-text\">\u00bfQu\u00e9 proveedores ofrecen servicios m\u00f3viles de crisis?<\/h2>\n\n\n\n<p>Los proveedores de la red Vaya ofrecen servicios m\u00f3viles de crisis como parte de una atenci\u00f3n continuada especializada. Utilice el mapa para localizar el proveedor m\u00f3vil de crisis de su condado y pida ayuda.<\/p>\n\n\n\n<img loading=\"lazy\" decoding=\"async\" width=\"1999\" height=\"791\" class=\"gb-media-28f5ed37\" alt=\"Mapa m\u00f3vil de crisis codificado por colores para cada uno de los cinco socios seg\u00fan los condados en los que prestan servicio.\" src=\"https:\/\/www.vayahealth.com\/wp-content\/uploads\/2025\/11\/Mobile_crisis_NC_map_2000x791_20250924.webp\" title=\"Mobile_crisis_NC_map_2000x791_20250924\" srcset=\"https:\/\/www.vayahealth.com\/wp-content\/uploads\/2025\/11\/Mobile_crisis_NC_map_2000x791_20250924.webp 1999w, https:\/\/www.vayahealth.com\/wp-content\/uploads\/2025\/11\/Mobile_crisis_NC_map_2000x791_20250924-300x119.webp 300w, https:\/\/www.vayahealth.com\/wp-content\/uploads\/2025\/11\/Mobile_crisis_NC_map_2000x791_20250924-1024x405.webp 1024w, https:\/\/www.vayahealth.com\/wp-content\/uploads\/2025\/11\/Mobile_crisis_NC_map_2000x791_20250924-768x304.webp 768w, https:\/\/www.vayahealth.com\/wp-content\/uploads\/2025\/11\/Mobile_crisis_NC_map_2000x791_20250924-1536x608.webp 1536w, https:\/\/www.vayahealth.com\/wp-content\/uploads\/2025\/11\/Mobile_crisis_NC_map_2000x791_20250924-18x7.webp 18w\" sizes=\"auto, (max-width: 1999px) 100vw, 1999px\" \/>\n\n\n\n<ul class=\"wp-block-list\">\n<li><strong>Servicios Comunitarios de los Apalaches (Adquisici\u00f3n NCG)<\/strong> - Si necesita ayuda, llame al <a href=\"tel:888-315-2880\" target=\"_blank\" rel=\"noopener\" title=\"\">888-315-2880<\/a><\/li>\n\n\n\n<li><strong>Servicios de recuperaci\u00f3n Daymark<\/strong> - Si necesita ayuda, llame al <a href=\"tel:866-275-9552\" target=\"_blank\" rel=\"noopener\" title=\"\">866-275-9552<\/a><\/li>\n\n\n\n<li><strong>Centro de Recuperaci\u00f3n Freedom House<\/strong> - Si necesita ayuda, llame al <a href=\"tel:866-275-9552\" target=\"_blank\" rel=\"noopener\" title=\"\">866-275-9552<\/a><\/li>\n\n\n\n<li><strong>Monarca<\/strong> - Si necesita ayuda, llame al <a href=\"tel:800-568-7235\" target=\"_blank\" rel=\"noopener\" title=\"\">800-568-7235<\/a><\/li>\n\n\n\n<li><strong>Servicios sanitarios RHA (Central)<\/strong> - Si necesita ayuda, llame al <a href=\"tel:18447094097\" target=\"_blank\" rel=\"noopener\" title=\"\">844-709-4097<\/a><\/li>\n\n\n\n<li><strong>Servicios sanitarios RHA (Oeste)<\/strong> - Si necesita ayuda, llame al <a href=\"tel:18885731006\" target=\"_blank\" rel=\"noopener\" title=\"\">888-573-1006<\/a><\/li>\n<\/ul>\n<\/div>\n\n\n\n<div>\n<h2 class=\"gb-text\">\u00bfCu\u00e1ndo debo llamar a los servicios m\u00f3viles de crisis?<\/h2>\n\n\n\n<p>Puede solicitar servicios m\u00f3viles de crisis para cualquier necesidad urgente relacionada con la salud mental, un trastorno por consumo de sustancias, una discapacidad intelectual o del desarrollo o una lesi\u00f3n cerebral traum\u00e1tica. Por ejemplo, puedes llamar si t\u00fa o una persona con la que est\u00e1s ten\u00e9is s\u00edntomas como los que se indican a continuaci\u00f3n:<\/p>\n\n\n\n<ul class=\"wp-block-list\">\n<li>Expresar la intenci\u00f3n de hacerse da\u00f1o a s\u00ed mismo o a otros<\/li>\n\n\n\n<li>Experimentar alucinaciones o \u201co\u00edr voces\u201d.\u201d<\/li>\n\n\n\n<li>Mostrar un comportamiento irracional o ingobernable<\/li>\n\n\n\n<li>Uso de medicamentos por v\u00eda intravenosa<\/li>\n\n\n\n<li>Consumo de sustancias durante el embarazo<\/li>\n\n\n\n<li>Abstinencia de alcohol u otras drogas<\/li>\n<\/ul>\n<\/div>\n<\/div>","protected":false},"excerpt":{"rendered":"<p>How can I get mobile crisis help? Anyone living in Vaya Health\u2019s region can call our 24\/7 Behavioral Health Crisis Line at&nbsp;1-800-849-6127. We can provide immediate crisis intervention by telephone [&hellip;]<\/p>\n","protected":false},"author":62,"featured_media":55781,"parent":7696,"menu_order":6,"comment_status":"closed","ping_status":"closed","template":"breadcrumbs","meta":{"_tec_requires_first_save":true,"_price":"","_stock":"","_tribe_ticket_header":"","_tribe_default_ticket_provider":"","_tribe_ticket_capacity":"0","_ticket_start_date":"","_ticket_end_date":"","_tribe_ticket_show_description":"","_tribe_ticket_show_not_going":false,"_tribe_ticket_use_global_stock":"","_tribe_ticket_global_stock_level":"","_global_stock_mode":"","_global_stock_cap":"","_tribe_rsvp_for_event":"","_tribe_ticket_going_count":"","_tribe_ticket_not_going_count":"","_tribe_tickets_list":"[]","_tribe_ticket_has_attendee_info_fields":false,"_EventAllDay":false,"_EventTimezone":"","_EventStartDate":"","_EventEndDate":"","_EventStartDateUTC":"","_EventEndDateUTC":"","_EventShowMap":false,"_EventShowMapLink":false,"_EventURL":"","_EventCost":"","_EventCostDescription":"","_EventCurrencySymbol":"","_EventCurrencyCode":"","_EventCurrencyPosition":"","_EventDateTimeSeparator":"","_EventTimeRangeSeparator":"","_EventOrganizerID":[],"_EventVenueID":[],"_OrganizerEmail":"","_OrganizerPhone":"","_OrganizerWebsite":"","_VenueAddress":"","_VenueCity":"","_VenueCountry":"","_VenueProvince":"","_VenueState":"","_VenueZip":"","_VenuePhone":"","_VenueURL":"","_VenueStateProvince":"","_VenueLat":"","_VenueLng":"","_VenueShowMap":false,"_VenueShowMapLink":false,"_tribe_blocks_recurrence_rules":"","_tribe_blocks_recurrence_description":"","_tribe_blocks_recurrence_exclusions":"","banner-text":"","banner-text-color":"","button-text":"","button-text-color":"","button-link":"","has-button-icon":"","background-color":"","has-background-icon":"","background-icon-color":"","second-featured-image":"","footnotes":""},"class_list":["post-54865","page","type-page","status-publish","has-post-thumbnail","hentry"],"aioseo_notices":[],"_links":{"self":[{"href":"https:\/\/www.vayahealth.com\/es\/wp-json\/wp\/v2\/pages\/54865","targetHints":{"allow":["GET"]}}],"collection":[{"href":"https:\/\/www.vayahealth.com\/es\/wp-json\/wp\/v2\/pages"}],"about":[{"href":"https:\/\/www.vayahealth.com\/es\/wp-json\/wp\/v2\/types\/page"}],"author":[{"embeddable":true,"href":"https:\/\/www.vayahealth.com\/es\/wp-json\/wp\/v2\/users\/62"}],"replies":[{"embeddable":true,"href":"https:\/\/www.vayahealth.com\/es\/wp-json\/wp\/v2\/comments?post=54865"}],"version-history":[{"count":0,"href":"https:\/\/www.vayahealth.com\/es\/wp-json\/wp\/v2\/pages\/54865\/revisions"}],"up":[{"embeddable":true,"href":"https:\/\/www.vayahealth.com\/es\/wp-json\/wp\/v2\/pages\/7696"}],"wp:featuredmedia":[{"embeddable":true,"href":"https:\/\/www.vayahealth.com\/es\/wp-json\/wp\/v2\/media\/55781"}],"wp:attachment":[{"href":"https:\/\/www.vayahealth.com\/es\/wp-json\/wp\/v2\/media?parent=54865"}],"curies":[{"name":"wp","href":"https:\/\/api.w.org\/{rel}","templated":true}]}}