{"id":55965,"date":"2026-01-14T16:19:59","date_gmt":"2026-01-14T21:19:59","guid":{"rendered":"https:\/\/www.vayahealth.com\/?page_id=55965"},"modified":"2026-03-31T14:11:03","modified_gmt":"2026-03-31T18:11:03","slug":"2025-board-meetings","status":"publish","type":"page","link":"https:\/\/www.vayahealth.com\/es\/about\/governance\/board-of-directors\/2025-board-meetings\/","title":{"rendered":"2025 Reuniones del Consejo"},"content":{"rendered":"<div>\n<div class=\"gb-element-4a49946c\">\n<h3 class=\"gb-text\">23-24 de enero de 2025 - Retiro de la Junta Directiva<\/h3>\n\n\n\n<h5 class=\"gb-text\"><strong>Agenda<\/strong><\/h5>\n\n\n\n<ul class=\"wp-block-list\">\n<li><a href=\"\/es\/resources\/executive-committee-agenda\/\" target=\"_blank\" rel=\"noopener\" title=\"\">Orden del d\u00eda aprobado por el Comit\u00e9 Ejecutivo - 23 de enero (1-3 p.m.)<\/a><\/li>\n\n\n\n<li><a href=\"\/es\/resources\/finance-committee-agenda\/\" target=\"_blank\" rel=\"noopener\" title=\"\">Orden del d\u00eda aprobado por el Comit\u00e9 de Finanzas - 23 de enero (15.15 - 15.45 horas)<\/a><\/li>\n\n\n\n<li><a href=\"\/es\/resources\/board-of-directors-agenda\/\" target=\"_blank\" rel=\"noopener\" title=\"\">Orden del d\u00eda aprobado por el Consejo de Administraci\u00f3n - 23 de enero (16.00-19.00 horas)<\/a><\/li>\n\n\n\n<li><a href=\"\/es\/resources\/board-of-directors-agenda\/\" target=\"_blank\" rel=\"noopener\" title=\"\">Orden del d\u00eda aprobado por el Consejo de Administraci\u00f3n - 24 de enero (8.30-12.00)<\/a><\/li>\n<\/ul>\n\n\n\n<div style=\"height:10px\" aria-hidden=\"true\" class=\"wp-block-spacer\"><\/div>\n\n\n\n<h5 class=\"gb-text\"><strong>Actas<\/strong><\/h5>\n\n\n\n<ul class=\"wp-block-list\">\n<li><a href=\"\/es\/resources\/executive_approvedminutes_20250123\/\" target=\"_blank\" rel=\"noopener\" title=\"\">Actas aprobadas por el Comit\u00e9 Ejecutivo<\/a><\/li>\n\n\n\n<li><a href=\"\/es\/resources\/finance_approvedminutes_20250123\/\" target=\"_blank\" rel=\"noopener\" title=\"\">Actas aprobadas por el Comit\u00e9 de Finanzas<\/a><\/li>\n\n\n\n<li><a href=\"\/es\/resources\/full_board_approvedminutes_20250123\/\" target=\"_blank\" rel=\"noopener\" title=\"\">Actas aprobadas por el Consejo de Administraci\u00f3n - 23 de enero<\/a><\/li>\n\n\n\n<li><a href=\"\/es\/resources\/full_board_approvedminutes_20250124\/\" target=\"_blank\" rel=\"noopener\" title=\"\">Actas aprobadas por el Consejo de Administraci\u00f3n - 24 de enero<\/a><\/li>\n<\/ul>\n<\/div>\n\n\n\n<div class=\"gb-element-4ea3a088\">\n<h3 class=\"gb-text\">27 de marzo de 2025<\/h3>\n\n\n\n<h5 class=\"gb-text\"><strong>Agenda<\/strong><\/h5>\n\n\n\n<ul class=\"wp-block-list\">\n<li><a href=\"\/es\/resources\/executive_committee_draft_agenda_20250327\/\" target=\"_blank\" rel=\"noopener\" title=\"\">Orden del d\u00eda aprobado por el Comit\u00e9 Ejecutivo<\/a><\/li>\n\n\n\n<li><a href=\"\/es\/resources\/finance_committee_draft_agenda_20250327\/\" target=\"_blank\" rel=\"noopener\" title=\"\">Orden del d\u00eda aprobado por el Comit\u00e9 de Finanzas<\/a><\/li>\n\n\n\n<li><a href=\"\/es\/resources\/rcqc_draft_agenda_20250327\/\" target=\"_blank\" rel=\"noopener\" title=\"\">Comit\u00e9 de conformidad reglamentaria y calidad Orden del d\u00eda aprobado<\/a><\/li>\n\n\n\n<li><a href=\"\/es\/resources\/bod_draft_agenda_20250327\/\" target=\"_blank\" rel=\"noopener\" title=\"\">Orden del d\u00eda aprobado por el Consejo de Administraci\u00f3n<\/a><\/li>\n<\/ul>\n\n\n\n<div style=\"height:10px\" aria-hidden=\"true\" class=\"wp-block-spacer\"><\/div>\n\n\n\n<h5 class=\"gb-text\"><strong>Actas<\/strong><\/h5>\n\n\n\n<ul class=\"wp-block-list\">\n<li><a href=\"\/es\/resources\/executive_approvedminutes_20250327\/\" target=\"_blank\" rel=\"noopener\" title=\"\">Actas aprobadas por el Comit\u00e9 Ejecutivo<\/a><\/li>\n\n\n\n<li><a href=\"\/es\/resources\/finance_approvedminutes_20250327\/\" target=\"_blank\" rel=\"noopener\" title=\"\">Actas aprobadas por el Comit\u00e9 de Finanzas<\/a><\/li>\n\n\n\n<li><a href=\"\/es\/resources\/full_board_approvedminutes_20250327\/\" target=\"_blank\" rel=\"noopener\" title=\"\">Actas aprobadas por el Consejo de Administraci\u00f3n<\/a><\/li>\n\n\n\n<li><a href=\"\/es\/resources\/rcqc_approvedminutes_20250327\/\" target=\"_blank\" rel=\"noopener\" title=\"\">Actas aprobadas del Comit\u00e9 de conformidad reglamentaria y calidad<\/a><\/li>\n<\/ul>\n<\/div>\n\n\n\n<div class=\"gb-element-d0723a33\">\n<h3 class=\"gb-text\">28 de marzo de 2025<\/h3>\n\n\n\n<ul class=\"wp-block-list\">\n<li>Simulaci\u00f3n de reincorporaci\u00f3n al DAC | Centro de Convenciones de Guilford, 3113 Cedar Park Road Greensboro, NC 27405 | D\u00eda 2 opcional (10.00-12.00)<\/li>\n<\/ul>\n<\/div>\n\n\n\n<div class=\"gb-element-2392fe39\">\n<h3 class=\"gb-text\">30 de abril de 2025<\/h3>\n\n\n\n<h5 class=\"gb-text\"><strong>Agenda<\/strong><\/h5>\n\n\n\n<ul class=\"wp-block-list\">\n<li><a href=\"\/es\/resources\/strategic-committee-draft-agenda-20250430\/\" target=\"_blank\" rel=\"noopener\" title=\"\">Agenda Aprobada del Comit\u00e9 Estrat\u00e9gico<\/a><\/li>\n<\/ul>\n\n\n\n<div style=\"height:10px\" aria-hidden=\"true\" class=\"wp-block-spacer\"><\/div>\n\n\n\n<h5 class=\"gb-text\"><strong>Actas<\/strong><\/h5>\n\n\n\n<ul class=\"wp-block-list\">\n<li><a href=\"\/es\/resources\/20250430_strategic_approvedminutes\/\" target=\"_blank\" rel=\"noopener\" title=\"\">Minutas aprobadas por el Comit\u00e9 Estrat\u00e9gico<\/a><\/li>\n<\/ul>\n<\/div>\n\n\n\n<div class=\"gb-element-ebc14afd\">\n<h3 class=\"gb-text\">22 de mayo de 2025 - Revisi\u00f3n del presupuesto<\/h3>\n\n\n\n<p><a href=\"\/es\/resources\/2025-26-proposed-budget-packet\/\" target=\"_blank\" rel=\"noopener\" title=\"\">SF25-26 Paquete de propuestas presupuestarias<\/a><\/p>\n\n\n\n<h5 class=\"gb-text\"><strong>Agenda<\/strong><\/h5>\n\n\n\n<ul class=\"wp-block-list\">\n<li><a href=\"\/es\/resources\/finance-committee-draft-agenda-may-22\/\" target=\"_blank\" rel=\"noopener\" title=\"\">Orden del d\u00eda aprobado por el Comit\u00e9 de Finanzas<\/a><\/li>\n\n\n\n<li><a href=\"\/es\/resources\/board-of-directors-draft-agenda-may-22\/\" target=\"_blank\" rel=\"noopener\" title=\"\">Orden del d\u00eda aprobado por el Consejo de Administraci\u00f3n<\/a><\/li>\n<\/ul>\n\n\n\n<div style=\"height:10px\" aria-hidden=\"true\" class=\"wp-block-spacer\"><\/div>\n\n\n\n<h5 class=\"gb-text\"><strong>Actas<\/strong><\/h5>\n\n\n\n<ul class=\"wp-block-list\">\n<li><a href=\"\/es\/resources\/finance_approvedminutes_20250522\/\" target=\"_blank\" rel=\"noopener\" title=\"\">Actas aprobadas por el Comit\u00e9 de Finanzas<\/a><\/li>\n\n\n\n<li><a href=\"\/es\/resources\/full_board_approvedminutes_20250522\/\" target=\"_blank\" rel=\"noopener\" title=\"\">Actas aprobadas por el Consejo de Administraci\u00f3n<\/a><\/li>\n<\/ul>\n<\/div>\n\n\n\n<div class=\"gb-element-1eb1af23\">\n<h3 class=\"gb-text\">26 de junio de 2025 - Audiencia p\u00fablica sobre el presupuesto<\/h3>\n\n\n\n<h5 class=\"gb-text\"><strong>Agenda<\/strong><\/h5>\n\n\n\n<p><a href=\"\/es\/resources\/adopted_budget_packet_20250627\/\" target=\"_blank\" rel=\"noopener\" title=\"\">SF25-26 Paquete de presupuesto aprobado<\/a><\/p>\n\n\n\n<ul class=\"wp-block-list\">\n<li><a href=\"\/es\/resources\/executive_20250626_b1-agenda\/\" target=\"_blank\" rel=\"noopener\" title=\"\">Orden del d\u00eda aprobado por el Comit\u00e9 Ejecutivo<\/a><\/li>\n\n\n\n<li><a href=\"\/es\/resources\/finance_20250626_b1-agenda\/\" target=\"_blank\" rel=\"noopener\" title=\"\">Orden del d\u00eda aprobado por el Comit\u00e9 de Finanzas<\/a><\/li>\n\n\n\n<li><a href=\"\/es\/resources\/rcqc_20250626_b1-agenda\/\" target=\"_blank\" rel=\"noopener\" title=\"\">Comit\u00e9 de conformidad reglamentaria y calidad Orden del d\u00eda aprobado<\/a><\/li>\n\n\n\n<li><a href=\"\/es\/resources\/full_board_20250626_b1-agenda\/\" target=\"_blank\" rel=\"noopener\" title=\"\">Orden del d\u00eda aprobado por el Consejo de Administraci\u00f3n<\/a><\/li>\n<\/ul>\n\n\n\n<div style=\"height:10px\" aria-hidden=\"true\" class=\"wp-block-spacer\"><\/div>\n\n\n\n<h5 class=\"gb-text\"><strong>Actas<\/strong><\/h5>\n\n\n\n<ul class=\"wp-block-list\">\n<li><a href=\"\/es\/resources\/executive_20250828_b2-minutes_062625_open\/\" target=\"_blank\" rel=\"noopener\" title=\"\">Actas aprobadas por el Comit\u00e9 Ejecutivo<\/a><\/li>\n\n\n\n<li><a href=\"\/es\/resources\/finance_20250828_b2-minutes_062625\/\" target=\"_blank\" rel=\"noopener\" title=\"\">Actas aprobadas por el Comit\u00e9 de Finanzas<\/a><\/li>\n\n\n\n<li><a href=\"\/es\/resources\/rcqc_20250828_b2-minutes_20250626\/\" target=\"_blank\" rel=\"noopener\" title=\"\">Cumplimiento de la normativa y control de calidad Actas aprobadas<\/a><\/li>\n\n\n\n<li><a href=\"\/es\/resources\/full_board_20250828_b2-minutes_062625_open\/\" target=\"_blank\" rel=\"noopener\" title=\"\">Actas aprobadas por el Consejo de Administraci\u00f3n<\/a><\/li>\n<\/ul>\n<\/div>\n\n\n\n<div class=\"gb-element-aa343b26\">\n<div>\n<h3 class=\"gb-text\">28 de agosto de 2025<\/h3>\n\n\n\n<h5 class=\"gb-text\"><strong>Agenda<\/strong><\/h5>\n\n\n\n<ul class=\"wp-block-list\">\n<li><a href=\"\/es\/resources\/strategic_20250828_a-agenda\/\" target=\"_blank\" rel=\"noopener\" title=\"\">Agenda Aprobada del Comit\u00e9 Estrat\u00e9gico<\/a><\/li>\n\n\n\n<li><a href=\"\/es\/resources\/executive_approvedminutes_20250828\/\" target=\"_blank\" rel=\"noopener\" title=\"\">Orden del d\u00eda aprobado por el Comit\u00e9 Ejecutivo<\/a><\/li>\n\n\n\n<li><a href=\"\/es\/resources\/finance_approvedminutes_20250828\/\" target=\"_blank\" rel=\"noopener\" title=\"\">Orden del d\u00eda aprobado por el Comit\u00e9 de Finanzas<\/a><\/li>\n\n\n\n<li><a href=\"\/es\/resources\/rcqc_b1-agenda_20250828\/\" target=\"_blank\" rel=\"noopener\" title=\"\">Comit\u00e9 de conformidad reglamentaria y calidad Orden del d\u00eda aprobado<\/a><\/li>\n\n\n\n<li><a href=\"\/es\/resources\/full_board_b1-agenda_20250828\/\" target=\"_blank\" rel=\"noopener\" title=\"\">Orden del d\u00eda aprobado por el Consejo de Administraci\u00f3n<\/a><\/li>\n<\/ul>\n<\/div>\n\n\n\n<div style=\"height:10px\" aria-hidden=\"true\" class=\"wp-block-spacer\"><\/div>\n\n\n\n<div>\n<h5 class=\"gb-text\"><strong>Actas<\/strong><\/h5>\n\n\n\n<ul class=\"wp-block-list\">\n<li><a href=\"\/es\/resources\/full_board_approvedminutes_20250828\/\" target=\"_blank\" rel=\"noopener\" title=\"\">Actas aprobadas por el Consejo de Administraci\u00f3n<\/a><\/li>\n\n\n\n<li><a href=\"\/es\/resources\/20250828_executive_approvedminutes\/\" target=\"_blank\" rel=\"noopener\" title=\"\">Actas aprobadas por el Comit\u00e9 Ejecutivo<\/a><\/li>\n\n\n\n<li><a href=\"\/es\/resources\/20250828_finance_approvedminutes\/\" target=\"_blank\" rel=\"noopener\" title=\"\">Actas aprobadas por el Comit\u00e9 de Finanzas<\/a><\/li>\n\n\n\n<li><a href=\"\/es\/resources\/20250828_rcqc_approvedminutes\/\" target=\"_blank\" rel=\"noopener\" title=\"\">Actas aprobadas del Comit\u00e9 de conformidad reglamentaria y calidad<\/a><\/li>\n<\/ul>\n<\/div>\n<\/div>\n\n\n\n<div class=\"gb-element-faf0d6ae\">\n<div>\n<h3 class=\"gb-text\">23 de octubre de 2025<\/h3>\n\n\n\n<h5 class=\"gb-text\"><strong>Agenda<\/strong><\/h5>\n\n\n\n<ul class=\"wp-block-list\">\n<li><a href=\"\/es\/resources\/executive_20251023_b1-agenda\/\" target=\"_blank\" rel=\"noopener\" title=\"\">Orden del d\u00eda aprobado por el Comit\u00e9 Ejecutivo<\/a><\/li>\n\n\n\n<li><a href=\"\/es\/resources\/finance_20251023_b1-agenda\/\" target=\"_blank\" rel=\"noopener\" title=\"\">Orden del d\u00eda aprobado por el Comit\u00e9 de Finanzas<\/a><\/li>\n\n\n\n<li><a href=\"\/es\/resources\/full_board_20251023_b1-agenda\/\" target=\"_blank\" rel=\"noopener\" title=\"\">Orden del d\u00eda aprobado por el Consejo de Administraci\u00f3n<\/a><\/li>\n<\/ul>\n<\/div>\n\n\n\n<div style=\"height:10px\" aria-hidden=\"true\" class=\"wp-block-spacer\"><\/div>\n\n\n\n<div>\n<h5 class=\"gb-text\"><strong>Actas<\/strong><\/h5>\n\n\n\n<ul class=\"wp-block-list\">\n<li><a href=\"\/es\/resources\/20251023_full_board_approvedminutes\/\" target=\"_blank\" rel=\"noopener\" title=\"\">Actas aprobadas por el Consejo de Administraci\u00f3n<\/a><\/li>\n\n\n\n<li><a href=\"\/es\/resources\/20251023_executive_approvedminutes\/\" target=\"_blank\" rel=\"noopener\" title=\"\">Actas aprobadas por el Comit\u00e9 Ejecutivo<\/a><\/li>\n\n\n\n<li><a href=\"\/es\/resources\/20251023_finance_approvedminutes\/\" target=\"_blank\" rel=\"noopener\" title=\"\">Actas aprobadas por el Comit\u00e9 de Finanzas<\/a><\/li>\n<\/ul>\n<\/div>\n<\/div>\n\n\n\n<div>\n<div>\n<h3 class=\"gb-text\">11 de diciembre de 2025<\/h3>\n\n\n\n<h5 class=\"gb-text\"><strong>Agenda<\/strong><\/h5>\n\n\n\n<ul class=\"wp-block-list\">\n<li><a href=\"\/es\/resources\/executive_agenda_20251211\/\" target=\"_blank\" rel=\"noopener\" title=\"\">Orden del d\u00eda aprobado por el Comit\u00e9 Ejecutivo<\/a><\/li>\n\n\n\n<li><a href=\"\/es\/resources\/finance_agenda_20251211\/\" target=\"_blank\" rel=\"noopener\" title=\"\">Orden del d\u00eda aprobado por el Comit\u00e9 de Finanzas<\/a><\/li>\n\n\n\n<li><a href=\"\/es\/resources\/rcqc_agenda_20251211\/\" target=\"_blank\" rel=\"noopener\" title=\"\">Comit\u00e9 de conformidad reglamentaria y calidad Orden del d\u00eda aprobado<\/a><\/li>\n\n\n\n<li><a href=\"\/es\/resources\/full_board_agenda_20251211\/\" target=\"_blank\" rel=\"noopener\" title=\"\">Orden del d\u00eda aprobado por el Consejo de Administraci\u00f3n<\/a><\/li>\n<\/ul>\n<\/div>\n\n\n\n<div style=\"height:10px\" aria-hidden=\"true\" class=\"wp-block-spacer\"><\/div>\n\n\n\n<div>\n<h5 class=\"gb-text\"><strong>Actas<\/strong><\/h5>\n\n\n\n<ul class=\"wp-block-list\">\n<li><a href=\"\/es\/resources\/20251211_full_board_approvedminutes\/\" target=\"_blank\" rel=\"noopener\" title=\"\">Actas aprobadas por el Consejo de Administraci\u00f3n<\/a><\/li>\n\n\n\n<li><a href=\"\/es\/resources\/20251211_executive_approvedminutes\/\" target=\"_blank\" rel=\"noopener\" title=\"\">Actas aprobadas por el Comit\u00e9 Ejecutivo<\/a><\/li>\n\n\n\n<li><a href=\"\/es\/resources\/20251211_finance_approvedminutes\/\" target=\"_blank\" rel=\"noopener\" title=\"\">Actas aprobadas por el Comit\u00e9 de Finanzas<\/a><\/li>\n<\/ul>\n<\/div>\n<\/div>\n<\/div>","protected":false},"excerpt":{"rendered":"<p>January 23-24, 2025 \u2013 Board Retreat Agenda Minutes March 27, 2025 Agenda Minutes March 28, 2025 April 30, 2025 Agenda Minutes May 22, 2025 \u2013 Budget Review SF25-26 Proposed Budget [&hellip;]<\/p>\n","protected":false},"author":62,"featured_media":0,"parent":377,"menu_order":114,"comment_status":"closed","ping_status":"closed","template":"breadcrumbs","meta":{"_tec_requires_first_save":true,"_price":"","_stock":"","_tribe_ticket_header":"","_tribe_default_ticket_provider":"","_tribe_ticket_capacity":"0","_ticket_start_date":"","_ticket_end_date":"","_tribe_ticket_show_description":"","_tribe_ticket_show_not_going":false,"_tribe_ticket_use_global_stock":"","_tribe_ticket_global_stock_level":"","_global_stock_mode":"","_global_stock_cap":"","_tribe_rsvp_for_event":"","_tribe_ticket_going_count":"","_tribe_ticket_not_going_count":"","_tribe_tickets_list":"[]","_tribe_ticket_has_attendee_info_fields":false,"_EventAllDay":false,"_EventTimezone":"","_EventStartDate":"","_EventEndDate":"","_EventStartDateUTC":"","_EventEndDateUTC":"","_EventShowMap":false,"_EventShowMapLink":false,"_EventURL":"","_EventCost":"","_EventCostDescription":"","_EventCurrencySymbol":"","_EventCurrencyCode":"","_EventCurrencyPosition":"","_EventDateTimeSeparator":"","_EventTimeRangeSeparator":"","_EventOrganizerID":[],"_EventVenueID":[],"_OrganizerEmail":"","_OrganizerPhone":"","_OrganizerWebsite":"","_VenueAddress":"","_VenueCity":"","_VenueCountry":"","_VenueProvince":"","_VenueState":"","_VenueZip":"","_VenuePhone":"","_VenueURL":"","_VenueStateProvince":"","_VenueLat":"","_VenueLng":"","_VenueShowMap":false,"_VenueShowMapLink":false,"_tribe_blocks_recurrence_rules":"","_tribe_blocks_recurrence_description":"","_tribe_blocks_recurrence_exclusions":"","banner-text":"","banner-text-color":"","button-text":"","button-text-color":"","button-link":"","has-button-icon":"","background-color":"","has-background-icon":"","background-icon-color":"","second-featured-image":"","footnotes":""},"class_list":["post-55965","page","type-page","status-publish","hentry"],"aioseo_notices":[],"_links":{"self":[{"href":"https:\/\/www.vayahealth.com\/es\/wp-json\/wp\/v2\/pages\/55965","targetHints":{"allow":["GET"]}}],"collection":[{"href":"https:\/\/www.vayahealth.com\/es\/wp-json\/wp\/v2\/pages"}],"about":[{"href":"https:\/\/www.vayahealth.com\/es\/wp-json\/wp\/v2\/types\/page"}],"author":[{"embeddable":true,"href":"https:\/\/www.vayahealth.com\/es\/wp-json\/wp\/v2\/users\/62"}],"replies":[{"embeddable":true,"href":"https:\/\/www.vayahealth.com\/es\/wp-json\/wp\/v2\/comments?post=55965"}],"version-history":[{"count":3,"href":"https:\/\/www.vayahealth.com\/es\/wp-json\/wp\/v2\/pages\/55965\/revisions"}],"predecessor-version":[{"id":57065,"href":"https:\/\/www.vayahealth.com\/es\/wp-json\/wp\/v2\/pages\/55965\/revisions\/57065"}],"up":[{"embeddable":true,"href":"https:\/\/www.vayahealth.com\/es\/wp-json\/wp\/v2\/pages\/377"}],"wp:attachment":[{"href":"https:\/\/www.vayahealth.com\/es\/wp-json\/wp\/v2\/media?parent=55965"}],"curies":[{"name":"wp","href":"https:\/\/api.w.org\/{rel}","templated":true}]}}