{"id":56232,"date":"2026-02-02T07:30:00","date_gmt":"2026-02-02T12:30:00","guid":{"rendered":"https:\/\/www.vayahealth.com\/?page_id=56232"},"modified":"2026-04-10T16:36:32","modified_gmt":"2026-04-10T20:36:32","slug":"rfq-caldwell-construction","status":"publish","type":"page","link":"https:\/\/www.vayahealth.com\/es\/about\/transparency\/procurement\/rfq-caldwell-construction\/","title":{"rendered":"Solicitud de cualificaciones"},"content":{"rendered":"<div>\n<div>\n<h2 class=\"gb-text gb-text-78a1f6e2 h3\">Proyecto de construcci\u00f3n en el condado de Caldwell<\/h2>\n\n\n\n<p>Vaya Health (Vaya) recibir\u00e1 ofertas cerradas en 200 Ridgefield Court, Suite 218, Asheville, North Carolina 28806, hasta las 3 p.m. hora del Este el 27 de abril de 2026, momento en el cual y lugar las ofertas se abrir\u00e1n y leer\u00e1n p\u00fablicamente en relaci\u00f3n con un proyecto integral de dise\u00f1o y construcci\u00f3n en el condado de Caldwell en 825 Wilkesboro Blvd. SE, Lenoir, North Carolina 28645.<\/p>\n\n\n\n<p>Las organizaciones interesadas en presentar un pliego de condiciones pueden consultar el pliego de condiciones completo descargando el <a href=\"\/es\/resources\/26-001r1_rfq_design_build_suexpansion_caldwellcounty_readvertisement\/\" target=\"_blank\" rel=\"noopener\" title=\"\">RFQ del condado de Caldwell<\/a>. Tambi\u00e9n puede obtener copias en la oficina administrativa de Vaya, 200 Ridgefield Court, Suite 218, Asheville, Carolina del Norte 28806, de lunes a viernes de 8.30 a 17.00 horas, excepto festivos.<\/p>\n\n\n\n<p>Adem\u00e1s de presentar una Declaraci\u00f3n de Cualificaciones, las organizaciones deben presentar un Formulario de Inscripci\u00f3n de Proveedores Vaya cumplimentado.&nbsp;<\/p>\n\n\n\n<div class=\"wp-block-buttons is-content-justification-center is-layout-flex wp-container-core-buttons-is-layout-f5e0fe0c wp-block-buttons-is-layout-flex\" style=\"margin-bottom:1.875rem;padding-bottom:0\">\n<div class=\"wp-block-button\"><a class=\"wp-block-button__link has-vaya-blue-background-color has-background wp-element-button\" href=\"https:\/\/forms.office.com\/r\/5T9HYbwNjw\" target=\"_blank\" rel=\"noreferrer noopener\">Rellene el formulario de inscripci\u00f3n de proveedores<\/a><\/div>\n<\/div>\n\n\n\n<p>Vaya se reserva todos los derechos, incluyendo, pero no limitado a, el derecho de modificar este comunicado, rechazar cualquiera o todas las ofertas, y \/ o renunciar a las formalidades, por cualquier o ninguna raz\u00f3n.<\/p>\n<\/div>\n<\/div>","protected":false},"excerpt":{"rendered":"<p>Caldwell County Construction Project Vaya Health (Vaya) will receive sealed bids at 200 Ridgefield Court, Suite 218, Asheville, North Carolina 28806, until 3 p.m. Eastern time on April 27, 2026, [&hellip;]<\/p>\n","protected":false},"author":62,"featured_media":0,"parent":56229,"menu_order":2,"comment_status":"closed","ping_status":"closed","template":"breadcrumbs","meta":{"_tec_requires_first_save":true,"_price":"","_stock":"","_tribe_ticket_header":"","_tribe_default_ticket_provider":"","_tribe_ticket_capacity":"0","_ticket_start_date":"","_ticket_end_date":"","_tribe_ticket_show_description":"","_tribe_ticket_show_not_going":false,"_tribe_ticket_use_global_stock":"","_tribe_ticket_global_stock_level":"","_global_stock_mode":"","_global_stock_cap":"","_tribe_rsvp_for_event":"","_tribe_ticket_going_count":"","_tribe_ticket_not_going_count":"","_tribe_tickets_list":"[]","_tribe_ticket_has_attendee_info_fields":false,"_EventAllDay":false,"_EventTimezone":"","_EventStartDate":"","_EventEndDate":"","_EventStartDateUTC":"","_EventEndDateUTC":"","_EventShowMap":false,"_EventShowMapLink":false,"_EventURL":"","_EventCost":"","_EventCostDescription":"","_EventCurrencySymbol":"","_EventCurrencyCode":"","_EventCurrencyPosition":"","_EventDateTimeSeparator":"","_EventTimeRangeSeparator":"","_EventOrganizerID":[],"_EventVenueID":[],"_OrganizerEmail":"","_OrganizerPhone":"","_OrganizerWebsite":"","_VenueAddress":"","_VenueCity":"","_VenueCountry":"","_VenueProvince":"","_VenueState":"","_VenueZip":"","_VenuePhone":"","_VenueURL":"","_VenueStateProvince":"","_VenueLat":"","_VenueLng":"","_VenueShowMap":false,"_VenueShowMapLink":false,"_tribe_blocks_recurrence_rules":"","_tribe_blocks_recurrence_description":"","_tribe_blocks_recurrence_exclusions":"","banner-text":"","banner-text-color":"","button-text":"","button-text-color":"","button-link":"","has-button-icon":"","background-color":"","has-background-icon":"","background-icon-color":"","second-featured-image":"","footnotes":""},"class_list":["post-56232","page","type-page","status-publish","hentry"],"aioseo_notices":[],"_links":{"self":[{"href":"https:\/\/www.vayahealth.com\/es\/wp-json\/wp\/v2\/pages\/56232","targetHints":{"allow":["GET"]}}],"collection":[{"href":"https:\/\/www.vayahealth.com\/es\/wp-json\/wp\/v2\/pages"}],"about":[{"href":"https:\/\/www.vayahealth.com\/es\/wp-json\/wp\/v2\/types\/page"}],"author":[{"embeddable":true,"href":"https:\/\/www.vayahealth.com\/es\/wp-json\/wp\/v2\/users\/62"}],"replies":[{"embeddable":true,"href":"https:\/\/www.vayahealth.com\/es\/wp-json\/wp\/v2\/comments?post=56232"}],"version-history":[{"count":3,"href":"https:\/\/www.vayahealth.com\/es\/wp-json\/wp\/v2\/pages\/56232\/revisions"}],"predecessor-version":[{"id":57226,"href":"https:\/\/www.vayahealth.com\/es\/wp-json\/wp\/v2\/pages\/56232\/revisions\/57226"}],"up":[{"embeddable":true,"href":"https:\/\/www.vayahealth.com\/es\/wp-json\/wp\/v2\/pages\/56229"}],"wp:attachment":[{"href":"https:\/\/www.vayahealth.com\/es\/wp-json\/wp\/v2\/media?parent=56232"}],"curies":[{"name":"wp","href":"https:\/\/api.w.org\/{rel}","templated":true}]}}