{"id":5792,"date":"2017-02-13T16:14:04","date_gmt":"2017-02-13T21:14:02","guid":{"rendered":"http:\/\/vayahealth.com\/?page_id=5792"},"modified":"2026-04-28T13:56:37","modified_gmt":"2026-04-28T17:56:37","slug":"crisis-help","status":"publish","type":"page","link":"https:\/\/www.vayahealth.com\/es\/get-help\/crisis-help\/","title":{"rendered":"Ayuda en caso de crisis"},"content":{"rendered":"<div>\n<div>\n<p>\u00bfEst\u00e1 usted o alguien que conoce atravesando una crisis? La buena noticia es que hay varias formas de obtener ayuda.<\/p>\n\n\n\n<p>Cualquier persona que viva en la regi\u00f3n de Vaya Health puede llamar a nuestra l\u00ednea de crisis de salud mental, gratuita y disponible 24 horas al d\u00eda, 7 d\u00edas a la semana, al n\u00famero <a href=\"tel:1-800-849-6127\" target=\"_blank\" rel=\"noopener\" title=\"\">1-800-849-6127<\/a>. Su llamada es confidencial. Hablar\u00e1 con un profesional formado que puede proporcionarle una intervenci\u00f3n inmediata en caso de crisis por tel\u00e9fono y concertar una evaluaci\u00f3n presencial, en funci\u00f3n de las necesidades, para los miembros de Vaya.<\/p>\n\n\n\n<p>El 988 Lifeline tambi\u00e9n est\u00e1 disponible 24 horas al d\u00eda, siete d\u00edas a la semana. Llame o env\u00ede un mensaje de texto <a href=\"tel:988\" target=\"_blank\" rel=\"noopener\" title=\"\">988<\/a> o utilice la opci\u00f3n de chat en <a href=\"https:\/\/988lifeline.org\/\" target=\"_blank\" rel=\"noopener\" title=\"\">988lifeline.org<\/a> para hablar con un consejero de crisis formado en cualquier momento, de d\u00eda o de noche.<a id=\"_msocom_1\"><\/a><\/p>\n\n\n\n<p>Las personas con deficiencias auditivas pueden marcar <a href=\"tel:711\" target=\"_blank\" rel=\"noopener\" title=\"\">711<\/a> para llegar al rel\u00e9 NC.<\/p>\n\n\n\n<p><strong>Tenga en cuenta lo siguiente:<\/strong>&nbsp;Si tiene una urgencia m\u00e9dica o vital, llame al&nbsp;<a href=\"tel:911\" target=\"_blank\" rel=\"noopener\" title=\"\">911<\/a>&nbsp;o acuda inmediatamente al servicio de urgencias de un hospital.<\/p>\n<\/div>\n\n\n\n<div>\n<h2 class=\"gb-headline gb-headline-cc95e28a gb-headline-text\">\u00bfQu\u00e9 es una crisis?<\/h2>\n\n\n\n<p>Las personas experimentan diferentes situaciones de crisis debido a necesidades de salud mental, consumo de sustancias, discapacidad intelectual\/del desarrollo o lesi\u00f3n cerebral traum\u00e1tica. Usted o su ser querido pueden estar:<\/p>\n\n\n\n<ul class=\"wp-block-list\">\n<li>Suicida o con pensamientos suicidas<\/li>\n\n\n\n<li>Pensar en hacerse da\u00f1o a s\u00ed mismo o a otra persona<\/li>\n\n\n\n<li>Problemas para saber qu\u00e9 es real y qu\u00e9 no lo es<\/li>\n\n\n\n<li>Experimentar angustia grave debido al consumo de alcohol o drogas o a la abstinencia.<\/li>\n\n\n\n<li>Mostrar un comportamiento incontrolable<\/li>\n\n\n\n<li>No poder atender las necesidades b\u00e1sicas de salud y seguridad<\/li>\n<\/ul>\n<\/div>\n\n\n\n<div>\n<h2 class=\"gb-headline gb-headline-b69d6ce6 gb-headline-text\">\u00bfC\u00f3mo obtener ayuda en caso de crisis?<\/h2>\n\n\n\n<p>Afortunadamente, la mayor\u00eda de las situaciones de crisis no requieren acudir al servicio de urgencias. Adem\u00e1s de la l\u00ednea de crisis de salud mental de Vaya en <a href=\"tel:1-800-849-6127\" target=\"_blank\" rel=\"noopener\" title=\"\">1-800-849-6127<\/a>A continuaci\u00f3n se indican algunas formas de obtener servicios de atenci\u00f3n en situaciones de crisis y postestabilizaci\u00f3n.<\/p>\n\n\n\n<h5 class=\"gb-text\"><strong>Seleccione las opciones de ayuda que aparecen a continuaci\u00f3n para abrir o cerrar cada secci\u00f3n.<\/strong><\/h5>\n\n\n<div class=\"gb-container gb-container-2083ae2e accordion-wrapper accessible-accordion\" id=\"wrapper-main0125\"><div class=\"gb-inside-container\">\n<div class=\"gb-grid-wrapper gb-grid-wrapper-35c87d21\">\n<div class=\"gb-grid-column gb-grid-column-1a13d246\"><div class=\"gb-container gb-container-1a13d246\"><div class=\"gb-inside-container\">\n\r\n\r\n\n\n\n\n    <div class=\"accordion-item-block\"  itemscope itemprop=\"mainEntity\" itemtype=\"https:\/\/schema.org\/Question\">\n        <h2 class=\"accordion-headline\" id=\"heading-acc-1yqspL\">\n            <div class=\"accordion-button-span custom-accordion-trigger\"  itemprop=\"name\" tabindex=\"0\" role=\"button\" data-bs-toggle=\"collapse\" data-bs-target=\"#collapse-acc-1yqspL\" aria-expanded=\"false\" aria-controls=\"collapse-acc-1yqspL\">Llame a su proveedor<\/div>\n        <\/h2>\n        <div id=\"collapse-acc-1yqspL\"  itemscope itemprop=\"acceptedAnswer\" itemtype=\"https:\/\/schema.org\/Answer\" role=\"region\" class=\"accordion-collapse collapse\" aria-labelledby=\"heading-acc-1yqspL\" data-bs-parent=\"#wrapper-main0125\">\n            <div class=\"accordion-body\"  itemprop=\"text\">\n                <p>Si la crisis se produce durante el d\u00eda y ya tienes un terapeuta, psiquiatra u otro proveedor, llama a tu proveedor para comentarle lo que est\u00e1s experimentando.<\/p>\n                \n            <\/div>\n        <\/div>\n    <\/div>\n\n<\/div><\/div><\/div>\n\n<div class=\"gb-grid-column gb-grid-column-79133db2\"><div class=\"gb-container gb-container-79133db2\"><div class=\"gb-inside-container\">\n\r\n\r\n\n\n\n\n    <div class=\"accordion-item-block\"  itemscope itemprop=\"mainEntity\" itemtype=\"https:\/\/schema.org\/Question\">\n        <h2 class=\"accordion-headline\" id=\"heading-acc-Z18z6zn\">\n            <div class=\"accordion-button-span custom-accordion-trigger\"  itemprop=\"name\" tabindex=\"0\" role=\"button\" data-bs-toggle=\"collapse\" data-bs-target=\"#collapse-acc-Z18z6zn\" aria-expanded=\"false\" aria-controls=\"collapse-acc-Z18z6zn\">Visite un centro sin cita previa<\/div>\n        <\/h2>\n        <div id=\"collapse-acc-Z18z6zn\"  itemscope itemprop=\"acceptedAnswer\" itemtype=\"https:\/\/schema.org\/Answer\" role=\"region\" class=\"accordion-collapse collapse\" aria-labelledby=\"heading-acc-Z18z6zn\" data-bs-parent=\"#wrapper-main0125\">\n            <div class=\"accordion-body\"  itemprop=\"text\">\n                <p>Si no puede ponerse en contacto con su proveedor o no tiene uno, y la crisis se produce durante el horario laboral habitual, puede acudir a un <a href=\"\/es\/get-help\/walk-crisis-centers\/\">centro sin cita previa cerca de usted<\/a>. Estos centros prestan servicios en el mismo d\u00eda, como evaluaciones, recomendaciones de cuidados e informaci\u00f3n sobre tratamientos.<\/p>\n                \n            <\/div>\n        <\/div>\n    <\/div>\n\n<\/div><\/div><\/div>\n\n<div class=\"gb-grid-column gb-grid-column-aa86e055\"><div class=\"gb-container gb-container-aa86e055\"><div class=\"gb-inside-container\">\n\r\n\r\n\n\n\n\n    <div class=\"accordion-item-block\"  itemscope itemprop=\"mainEntity\" itemtype=\"https:\/\/schema.org\/Question\">\n        <h2 class=\"accordion-headline\" id=\"heading-acc-1bcQEW\">\n            <div class=\"accordion-button-span custom-accordion-trigger\"  itemprop=\"name\" tabindex=\"0\" role=\"button\" data-bs-toggle=\"collapse\" data-bs-target=\"#collapse-acc-1bcQEW\" aria-expanded=\"false\" aria-controls=\"collapse-acc-1bcQEW\">Solicitar servicios m\u00f3viles de crisis<\/div>\n        <\/h2>\n        <div id=\"collapse-acc-1bcQEW\"  itemscope itemprop=\"acceptedAnswer\" itemtype=\"https:\/\/schema.org\/Answer\" role=\"region\" class=\"accordion-collapse collapse\" aria-labelledby=\"heading-acc-1bcQEW\" data-bs-parent=\"#wrapper-main0125\">\n            <div class=\"accordion-body\"  itemprop=\"text\">\n                <p>Para obtener servicios m\u00f3viles de crisis 24 horas al d\u00eda, 7 d\u00edas a la semana, llame a nuestra l\u00ednea de crisis de salud conductual al <a href=\"tel:1-800-849-6127\">1-800-849-6127<\/a>. En la mayor\u00eda de los casos, los equipos m\u00f3viles de crisis acuden al lugar donde usted se encuentra para prestarle ayuda. M\u00e1s informaci\u00f3n <a href=\"\/es\/get-help\/mobile-crisis-services\/\">servicios m\u00f3viles de crisis<\/a>.<\/p>\n                \n            <\/div>\n        <\/div>\n    <\/div>\n\n<\/div><\/div><\/div>\n\n<div class=\"gb-grid-column gb-grid-column-aa34a750\"><div class=\"gb-container gb-container-aa34a750\"><div class=\"gb-inside-container\">\n\r\n\r\n\n\n\n\n    <div class=\"accordion-item-block\"  itemscope itemprop=\"mainEntity\" itemtype=\"https:\/\/schema.org\/Question\">\n        <h2 class=\"accordion-headline\" id=\"heading-acc-2iyzbI\">\n            <div class=\"accordion-button-span custom-accordion-trigger\"  itemprop=\"name\" tabindex=\"0\" role=\"button\" data-bs-toggle=\"collapse\" data-bs-target=\"#collapse-acc-2iyzbI\" aria-expanded=\"false\" aria-controls=\"collapse-acc-2iyzbI\">Visite un centro de urgencias de salud conductual<\/div>\n        <\/h2>\n        <div id=\"collapse-acc-2iyzbI\"  itemscope itemprop=\"acceptedAnswer\" itemtype=\"https:\/\/schema.org\/Answer\" role=\"region\" class=\"accordion-collapse collapse\" aria-labelledby=\"heading-acc-2iyzbI\" data-bs-parent=\"#wrapper-main0125\">\n            <div class=\"accordion-body\"  itemprop=\"text\">\n                <p><!-- wp:paragraph --><\/p>\n<p>Los centros de atenci\u00f3n urgente de salud conductual (BHUC) son una alternativa al servicio de urgencias para ni\u00f1os y adultos que sufren una crisis de salud mental o de consumo de sustancias. Una persona puede permanecer en el centro hasta 23 horas y recibir triaje, evaluaci\u00f3n de riesgos de crisis, evaluaci\u00f3n e intervenci\u00f3n para necesidades urgentes o emergentes.<\/p>\n<p>Vaya presta apoyo a los centros BHUC en las siguientes instalaciones:<\/p>\n<ul>\n<li><a href=\"https:\/\/www.acswnc.com\/urgent-care\" target=\"_blank\" rel=\"noopener\">Servicios Comunitarios de los Apalaches (Adquisici\u00f3n NCG) - The Balsam Center<\/a>, 91 Timberlane Rd., Waynesville, NC 28786<\/li>\n<li><a href=\"https:\/\/rhahealthservices.org\/services\/behavioral-health-services\/behavioral-health-north-carolina\/comprehensive-care-centers-in-nc\/\" target=\"_blank\" rel=\"noopener\">Servicios de salud de RHA - Centro de salud conductual de Alamance,<\/a> 963 Kirkpatrick Road, Burlington, NC 27215<\/li>\n<li><a href=\"https:\/\/rhahealthservices.org\/services\/behavioral-health-services\/behavioral-health-north-carolina\/comprehensive-care-centers-in-nc\/\" target=\"_blank\" rel=\"noopener\">Servicios de Salud RHA - Centro de Atenci\u00f3n Integral Asheville C3<\/a>, 356 Biltmore Ave., Asheville, NC 28801<\/li>\n<li><a href=\"https:\/\/rhahealthservices.org\/services\/behavioral-health-services\/behavioral-health-north-carolina\/comprehensive-care-centers-in-nc\/\" target=\"_blank\" rel=\"noopener\">Servicios sanitarios de RHA - Centro de atenci\u00f3n integral Caldwell C3<\/a>, 2415 Morganton Blvd. SW, Lenoir, NC 28645<\/li>\n<li><a href=\"https:\/\/daymarkrecovery.org\/rockingham-county\/\" target=\"_blank\" rel=\"noopener\">Daymark Recovery Services - Condado de Rockingham<\/a>, 355 County Home Road, Reidsville, NC 27320<\/li>\n<li><a href=\"https:\/\/daymarkrecovery.org\/rowan-county-bhuc\/\" target=\"_blank\" rel=\"noopener\">Daymark Recovery Services - Centro de Rowan<\/a>, 2129 Statesville Blvd., Salisbury, NC 28147<\/li>\n<\/ul>\n<p><!-- \/wp:paragraph --><\/p>\n                \n            <\/div>\n        <\/div>\n    <\/div>\n\n<\/div><\/div><\/div>\n\n<div class=\"gb-grid-column gb-grid-column-dc6fc998\"><div class=\"gb-container gb-container-dc6fc998\"><div class=\"gb-inside-container\">\n\r\n\r\n\n\n\n\n    <div class=\"accordion-item-block\"  itemscope itemprop=\"mainEntity\" itemtype=\"https:\/\/schema.org\/Question\">\n        <h2 class=\"accordion-headline\" id=\"heading-acc-IL0Fo\">\n            <div class=\"accordion-button-span custom-accordion-trigger\"  itemprop=\"name\" tabindex=\"0\" role=\"button\" data-bs-toggle=\"collapse\" data-bs-target=\"#collapse-acc-IL0Fo\" aria-expanded=\"false\" aria-controls=\"collapse-acc-IL0Fo\">Considere la posibilidad de un centro de crisis<\/div>\n        <\/h2>\n        <div id=\"collapse-acc-IL0Fo\"  itemscope itemprop=\"acceptedAnswer\" itemtype=\"https:\/\/schema.org\/Answer\" role=\"region\" class=\"accordion-collapse collapse\" aria-labelledby=\"heading-acc-IL0Fo\" data-bs-parent=\"#wrapper-main0125\">\n            <div class=\"accordion-body\"  itemprop=\"text\">\n                <p><!-- wp:paragraph --><\/p>\n<p>Los centros de crisis basados en instalaciones (FBC, por sus siglas en ingl\u00e9s) prestan servicios m\u00e9dicos no hospitalarios las 24 horas del d\u00eda, los 7 d\u00edas de la semana, a personas que sufren una crisis de salud mental o de consumo de sustancias. Los centros ofrecen alternativas de tratamiento basadas en la comunidad para las personas que buscan atenci\u00f3n de forma voluntaria, y la mayor\u00eda aceptan a personas que han sido internadas involuntariamente para recibir tratamiento. Para informarse sobre la admisi\u00f3n en un centro FBC, le animamos a que llame primero al centro para evaluar la disponibilidad y la idoneidad.<\/p>\n<p>Vaya presta apoyo a los centros FBC en las siguientes instalaciones:<\/p>\n<ul>\n<li>Adulto: <a href=\"https:\/\/www.acswnc.com\/the-balsam-center\" target=\"_blank\" rel=\"noopener\">Servicios Comunitarios de los Apalaches (Adquisici\u00f3n NCG) - Unidad de Recuperaci\u00f3n de Adultos del Centro Balsam<\/a>, 91 Timberlane Rd., Waynesville, NC 28786<\/li>\n<li>Adulto: <a href=\"https:\/\/www.rtsalamance.org\/addiction-recovery-facilities\/hall-avenue\" target=\"_blank\" rel=\"noopener\">Servicios de Tratamiento Residencial de Alamance - Hall Avenue Facility<\/a>, 136 Hall Ave., Burlington, NC 27217<\/li>\n<li>Adulto: <a href=\"https:\/\/rhahealthservices.org\/services\/behavioral-health-services\/behavioral-health-north-carolina\/comprehensive-care-centers-in-nc\/\" target=\"_blank\" rel=\"noopener\">RHA Health Services - Centro de salud conductual de Alamance<\/a>, 963 Kirkpatrick Road, Burlington, NC 27215<\/li>\n<li>Adulto: <a href=\"https:\/\/rhahealthservices.org\/services\/behavioral-health-services\/behavioral-health-north-carolina\/comprehensive-care-centers-in-nc\/\" target=\"_blank\" rel=\"noopener\">Servicios sanitarios de RHA - Centro de atenci\u00f3n integral Caldwell C3<\/a>, 2415 Morganton Blvd. SW, Lenoir, NC 28645<\/li>\n<li>Adulto: <a href=\"https:\/\/rhahealthservices.org\/services\/behavioral-health-services\/behavioral-health-north-carolina\/comprehensive-care-centers-in-nc\/\" target=\"_blank\" rel=\"noopener\">Servicios sanitarios RHA - Centro Neil Dobbins<\/a>, 356 Biltmore Ave., Asheville, NC 28801<\/li>\n<li>Adulto: <a href=\"https:\/\/daymarkrecovery.org\/wilkes-county-fbc\/\" target=\"_blank\" rel=\"noopener\">Servicios de recuperaci\u00f3n Daymark en el Centro Shirley B. Randleman<\/a>, 118 Peace St., North Wilkesboro, NC 28659<\/li>\n<li>Ni\u00f1o\/Adolescente: <a href=\"https:\/\/daymarkrecovery.org\/fbc-buncombe\/\" target=\"_blank\" rel=\"noopener\">Daymark Recovery Services - Centro de crisis para ni\u00f1os Caiyalynn Burrell<\/a>, 277 Biltmore Ave., Asheville, NC 28801<\/li>\n<\/ul>\n<p><!-- \/wp:paragraph --><\/p>\n                \n            <\/div>\n        <\/div>\n    <\/div>\n\n<\/div><\/div><\/div>\n<\/div>\n<\/div><\/div><\/div>\n<\/div>","protected":false},"excerpt":{"rendered":"<p>Are you or is someone you know experiencing a crisis? The good news is there are several ways to get help. Anyone living in Vaya Health\u2019s region can call our [&hellip;]<\/p>\n","protected":false},"author":62,"featured_media":50039,"parent":7696,"menu_order":84,"comment_status":"closed","ping_status":"closed","template":"breadcrumbs","meta":{"_tec_requires_first_save":true,"_price":"","_stock":"","_tribe_ticket_header":"","_tribe_default_ticket_provider":"","_tribe_ticket_capacity":"0","_ticket_start_date":"","_ticket_end_date":"","_tribe_ticket_show_description":"","_tribe_ticket_show_not_going":false,"_tribe_ticket_use_global_stock":"","_tribe_ticket_global_stock_level":"","_global_stock_mode":"","_global_stock_cap":"","_tribe_rsvp_for_event":"","_tribe_ticket_going_count":"","_tribe_ticket_not_going_count":"","_tribe_tickets_list":"[]","_tribe_ticket_has_attendee_info_fields":false,"_EventAllDay":false,"_EventTimezone":"","_EventStartDate":"","_EventEndDate":"","_EventStartDateUTC":"","_EventEndDateUTC":"","_EventShowMap":false,"_EventShowMapLink":false,"_EventURL":"","_EventCost":"","_EventCostDescription":"","_EventCurrencySymbol":"","_EventCurrencyCode":"","_EventCurrencyPosition":"","_EventDateTimeSeparator":"","_EventTimeRangeSeparator":"","_EventOrganizerID":[],"_EventVenueID":[],"_OrganizerEmail":"","_OrganizerPhone":"","_OrganizerWebsite":"","_VenueAddress":"","_VenueCity":"","_VenueCountry":"","_VenueProvince":"","_VenueState":"","_VenueZip":"","_VenuePhone":"","_VenueURL":"","_VenueStateProvince":"","_VenueLat":"","_VenueLng":"","_VenueShowMap":false,"_VenueShowMapLink":false,"_tribe_blocks_recurrence_rules":"","_tribe_blocks_recurrence_description":"","_tribe_blocks_recurrence_exclusions":"","banner-text":"","banner-text-color":"","button-text":"","button-text-color":"","button-link":"","has-button-icon":"","background-color":"","has-background-icon":"","background-icon-color":"","second-featured-image":"","footnotes":""},"class_list":["post-5792","page","type-page","status-publish","has-post-thumbnail","hentry"],"aioseo_notices":[],"_links":{"self":[{"href":"https:\/\/www.vayahealth.com\/es\/wp-json\/wp\/v2\/pages\/5792","targetHints":{"allow":["GET"]}}],"collection":[{"href":"https:\/\/www.vayahealth.com\/es\/wp-json\/wp\/v2\/pages"}],"about":[{"href":"https:\/\/www.vayahealth.com\/es\/wp-json\/wp\/v2\/types\/page"}],"author":[{"embeddable":true,"href":"https:\/\/www.vayahealth.com\/es\/wp-json\/wp\/v2\/users\/62"}],"replies":[{"embeddable":true,"href":"https:\/\/www.vayahealth.com\/es\/wp-json\/wp\/v2\/comments?post=5792"}],"version-history":[{"count":2,"href":"https:\/\/www.vayahealth.com\/es\/wp-json\/wp\/v2\/pages\/5792\/revisions"}],"predecessor-version":[{"id":57526,"href":"https:\/\/www.vayahealth.com\/es\/wp-json\/wp\/v2\/pages\/5792\/revisions\/57526"}],"up":[{"embeddable":true,"href":"https:\/\/www.vayahealth.com\/es\/wp-json\/wp\/v2\/pages\/7696"}],"wp:featuredmedia":[{"embeddable":true,"href":"https:\/\/www.vayahealth.com\/es\/wp-json\/wp\/v2\/media\/50039"}],"wp:attachment":[{"href":"https:\/\/www.vayahealth.com\/es\/wp-json\/wp\/v2\/media?parent=5792"}],"curies":[{"name":"wp","href":"https:\/\/api.w.org\/{rel}","templated":true}]}}