{"id":5993,"date":"2017-03-01T17:41:55","date_gmt":"2017-03-01T22:41:55","guid":{"rendered":"http:\/\/vayahealth.com\/?page_id=5993"},"modified":"2026-03-10T14:27:41","modified_gmt":"2026-03-10T18:27:41","slug":"hrc","status":"publish","type":"page","link":"https:\/\/www.vayahealth.com\/es\/about\/committees\/hrc\/","title":{"rendered":"Comisi\u00f3n de Derechos Humanos"},"content":{"rendered":"<div>\n<div>\n<p>El Comit\u00e9 de Derechos Humanos (CDH) de Vaya Health ayuda a garantizar la existencia de procesos para proteger los derechos humanos, los derechos civiles y los derechos de los clientes de todos los miembros y beneficiarios de Vaya.<\/p>\n<\/div>\n\n\n\n<div>\n<h2 class=\"gb-text\">\u00bfCu\u00e1les son las responsabilidades del CDH?<\/h2>\n\n\n\n<p>El comit\u00e9 es responsable de revisar, supervisar y proporcionar informaci\u00f3n sobre las tendencias de las quejas e incidentes, como el uso de intervenciones restrictivas, abusos, negligencia, explotaci\u00f3n, muerte y errores de medicaci\u00f3n. Informa al Consejo de Administraci\u00f3n de Vaya y se re\u00fane al menos trimestralmente.<\/p>\n<\/div>\n\n\n\n<div class=\"gb-element-5d56033b\">\n<h3 class=\"gb-text gb-text-86301dca\">\u00bfLe interesa formar parte del Comit\u00e9 de Derechos Humanos de Vaya?<\/h3>\n\n\n\n<div class=\"wp-block-buttons is-content-justification-center is-layout-flex wp-container-core-buttons-is-layout-d234f690 wp-block-buttons-is-layout-flex\" style=\"margin-top:var(--wp--preset--spacing--50);margin-bottom:var(--wp--preset--spacing--50)\">\n<div class=\"wp-block-button\"><a class=\"wp-block-button__link has-white-color has-vaya-blue-background-color has-text-color has-background has-link-color has-text-align-center wp-element-button\" href=\"\/es\/get-involved\/human-rights-committee\/human-rights-committee-application\/\">Solicitar en l\u00ednea<\/a><\/div>\n<\/div>\n<\/div>\n\n\n\n<p>Tambi\u00e9n puede afiliarse llamando al <a href=\"tel:1-800-893-6246\" target=\"_blank\" rel=\"noopener\" title=\"\">1-800-893-6246<\/a> y pida hablar con un enlace del Comit\u00e9 de Derechos Humanos o enviando una solicitud por correo electr\u00f3nico a <a href=\"mailto:HRC@vayahealth.com\" target=\"_blank\" rel=\"noopener\" title=\"\">HRC@vayahealth.com<\/a>.<\/p>\n<\/div>","protected":false},"excerpt":{"rendered":"<p>Vaya Health\u2019s Human Rights Committee (HRC) helps ensure processes are in place to protect human rights, civil rights, and client rights of all Vaya members and recipients. What are the [&hellip;]<\/p>\n","protected":false},"author":62,"featured_media":49229,"parent":22870,"menu_order":109,"comment_status":"closed","ping_status":"closed","template":"breadcrumbs","meta":{"_tec_requires_first_save":true,"_price":"","_stock":"","_tribe_ticket_header":"","_tribe_default_ticket_provider":"","_tribe_ticket_capacity":"0","_ticket_start_date":"","_ticket_end_date":"","_tribe_ticket_show_description":"","_tribe_ticket_show_not_going":false,"_tribe_ticket_use_global_stock":"","_tribe_ticket_global_stock_level":"","_global_stock_mode":"","_global_stock_cap":"","_tribe_rsvp_for_event":"","_tribe_ticket_going_count":"","_tribe_ticket_not_going_count":"","_tribe_tickets_list":"[]","_tribe_ticket_has_attendee_info_fields":false,"_EventAllDay":false,"_EventTimezone":"","_EventStartDate":"","_EventEndDate":"","_EventStartDateUTC":"","_EventEndDateUTC":"","_EventShowMap":false,"_EventShowMapLink":false,"_EventURL":"","_EventCost":"","_EventCostDescription":"","_EventCurrencySymbol":"","_EventCurrencyCode":"","_EventCurrencyPosition":"","_EventDateTimeSeparator":"","_EventTimeRangeSeparator":"","_EventOrganizerID":[],"_EventVenueID":[],"_OrganizerEmail":"","_OrganizerPhone":"","_OrganizerWebsite":"","_VenueAddress":"","_VenueCity":"","_VenueCountry":"","_VenueProvince":"","_VenueState":"","_VenueZip":"","_VenuePhone":"","_VenueURL":"","_VenueStateProvince":"","_VenueLat":"","_VenueLng":"","_VenueShowMap":false,"_VenueShowMapLink":false,"_tribe_blocks_recurrence_rules":"","_tribe_blocks_recurrence_description":"","_tribe_blocks_recurrence_exclusions":"","banner-text":"","banner-text-color":"","button-text":"","button-text-color":"","button-link":"","has-button-icon":"","background-color":"","has-background-icon":"","background-icon-color":"","second-featured-image":"","footnotes":""},"class_list":["post-5993","page","type-page","status-publish","has-post-thumbnail","hentry"],"aioseo_notices":[],"_links":{"self":[{"href":"https:\/\/www.vayahealth.com\/es\/wp-json\/wp\/v2\/pages\/5993","targetHints":{"allow":["GET"]}}],"collection":[{"href":"https:\/\/www.vayahealth.com\/es\/wp-json\/wp\/v2\/pages"}],"about":[{"href":"https:\/\/www.vayahealth.com\/es\/wp-json\/wp\/v2\/types\/page"}],"author":[{"embeddable":true,"href":"https:\/\/www.vayahealth.com\/es\/wp-json\/wp\/v2\/users\/62"}],"replies":[{"embeddable":true,"href":"https:\/\/www.vayahealth.com\/es\/wp-json\/wp\/v2\/comments?post=5993"}],"version-history":[{"count":1,"href":"https:\/\/www.vayahealth.com\/es\/wp-json\/wp\/v2\/pages\/5993\/revisions"}],"predecessor-version":[{"id":56717,"href":"https:\/\/www.vayahealth.com\/es\/wp-json\/wp\/v2\/pages\/5993\/revisions\/56717"}],"up":[{"embeddable":true,"href":"https:\/\/www.vayahealth.com\/es\/wp-json\/wp\/v2\/pages\/22870"}],"wp:featuredmedia":[{"embeddable":true,"href":"https:\/\/www.vayahealth.com\/es\/wp-json\/wp\/v2\/media\/49229"}],"wp:attachment":[{"href":"https:\/\/www.vayahealth.com\/es\/wp-json\/wp\/v2\/media?parent=5993"}],"curies":[{"name":"wp","href":"https:\/\/api.w.org\/{rel}","templated":true}]}}