{"id":6011,"date":"2017-03-01T18:25:09","date_gmt":"2017-03-01T23:25:09","guid":{"rendered":"http:\/\/vayahealth.com\/?page_id=6011"},"modified":"2026-03-16T12:20:03","modified_gmt":"2026-03-16T16:20:03","slug":"cfac","status":"publish","type":"page","link":"https:\/\/www.vayahealth.com\/es\/about\/committees\/cfac\/","title":{"rendered":"Comit\u00e9 Consultivo de Consumidores y Familias"},"content":{"rendered":"<div>\n<div>\n<h2 class=\"gb-text\">\u00bfQu\u00e9 es el Comit\u00e9 Consultivo de Consumidores y Familias?<\/h2>\n\n\n\n<p>El Comit\u00e9 Consultivo de Consumidores y Familiares (CFAC) es una voz fuerte en Vaya y en la comunidad. El comit\u00e9 incluye a personas que reciben servicios de salud mental, consumo de sustancias, discapacidad intelectual\/del desarrollo (I\/DD) y lesi\u00f3n cerebral traum\u00e1tica (TBI), as\u00ed como a sus familiares o tutores.<\/p>\n\n\n\n<p>La CFAC es aut\u00f3noma y se rige por sus propios estatutos. Cuatro miembros de la CFAC tambi\u00e9n son miembros con derecho a voto del Consejo de Administraci\u00f3n de Vaya.<\/p>\n<\/div>\n\n\n\n<div class=\"gb-element-9b5af4f8 d-none\">\n<figure class=\"wp-block-embed is-type-video is-provider-vimeo wp-block-embed-vimeo wp-embed-aspect-16-9 wp-has-aspect-ratio\"><div class=\"wp-block-embed__wrapper\">\n<iframe loading=\"lazy\" title=\"Retiro anual de la CFAC 2026\" src=\"https:\/\/player.vimeo.com\/video\/1172262885?dnt=1&amp;app_id=122963\" width=\"500\" height=\"281\" frameborder=\"0\" allow=\"autoplay; fullscreen; picture-in-picture; clipboard-write; encrypted-media; web-share\" referrerpolicy=\"strict-origin-when-cross-origin\"><\/iframe>\n<\/div><\/figure>\n<\/div>\n\n\n<div class=\"gb-container gb-container-80c456b8\">\n\n<p>\u201cEl Vaya Health ha respondido siempre a las aportaciones del CFAC, lo que ha permitido una magn\u00edfica colaboraci\u00f3n que, en \u00faltima instancia, mejora los servicios prestados a nuestros seres queridos. Ha sido una gran experiencia formar parte de este comit\u00e9.\u201d<\/p>\n\n\n\n<p class=\"mb-0\"><strong>Vaya Health Miembro del CFAC<\/strong><\/p>\n\n<\/div>\n\n\n<div class=\"gb-element-5d56033b\">\n<h3 class=\"gb-text gb-text-86301dca\">\u00bfLe interesa formar parte de la CFAC?<\/h3>\n\n\n\n<div class=\"wp-block-buttons is-content-justification-center is-layout-flex wp-container-core-buttons-is-layout-21b8d056 wp-block-buttons-is-layout-flex\" style=\"margin-top:var(--wp--preset--spacing--50);margin-bottom:var(--wp--preset--spacing--60)\">\n<div class=\"wp-block-button\"><a class=\"wp-block-button__link has-white-color has-vaya-blue-background-color has-text-color has-background has-link-color has-text-align-center wp-element-button\" href=\"\/es\/community\/cfac-membership-application\/\">Solicitar en l\u00ednea<\/a><\/div>\n<\/div>\n<\/div>\n\n\n\n<div>\n<h2 class=\"gb-text\">\u00bfCu\u00e1les son las responsabilidades de la CFAC?<\/h2>\n\n\n\n<p>De acuerdo con la legislaci\u00f3n estatal, el Vaya CFAC tiene las siguientes responsabilidades:<\/p>\n\n\n\n<ul class=\"wp-block-list\">\n<li>Revisar, comentar y supervisar la aplicaci\u00f3n de los resultados del contrato entre Vaya y el Departamento de Salud y Servicios Humanos de Carolina del Norte.<\/li>\n\n\n\n<li>Identificar las carencias de servicios y las poblaciones desatendidas<\/li>\n\n\n\n<li>Formular recomendaciones sobre la gama de servicios y supervisar el desarrollo de servicios adicionales.<\/li>\n\n\n\n<li>Revisar y comentar el presupuesto de Vaya<\/li>\n\n\n\n<li>Desarrollar una relaci\u00f3n de colaboraci\u00f3n y trabajo con los comit\u00e9s consultivos de los miembros de Vaya para obtener aportaciones relacionadas con la prestaci\u00f3n de servicios y cuestiones de cambio del sistema.<\/li>\n\n\n\n<li>Presentar conclusiones y recomendaciones a la CFAC estatal sobre formas de mejorar la prestaci\u00f3n de servicios de salud mental, trastornos por consumo de sustancias, I\/DD y LCT, incluidas cuestiones de \u00e1mbito estatal.<\/li>\n<\/ul>\n\n\n\n<p>El Vaya CFAC ayuda a garantizar que las personas que reciben servicios participen en nuestros comit\u00e9s de supervisi\u00f3n, planificaci\u00f3n y funcionamiento.<\/p>\n\n\n\n<p>Para m\u00e1s informaci\u00f3n, llame al <a href=\"tel:18008936246\" target=\"_blank\" rel=\"noopener\" title=\"\">1-800-893-6246<\/a> y pida hablar con un enlace de la CFAC<\/p>\n<\/div>\n\n\n\n<div>\n<p>Las reuniones del CFAC se publican en nuestro <a href=\"\/es\/calendar\/\" title=\"\">Calendario de actos<\/a>. Para solicitar los \u00f3rdenes del d\u00eda y las actas aprobadas de las reuniones del CFAC, p\u00f3ngase en contacto con nosotros por correo electr\u00f3nico, tel\u00e9fono o correo postal:<\/p>\n\n\n\n<ul class=\"wp-block-list\">\n<li>Correo electr\u00f3nico <a href=\"mailto:cfac@vayahealth.com\" target=\"_blank\" rel=\"noopener\" title=\"\">cfac@vayahealth.com<\/a><\/li>\n\n\n\n<li>Llame a <a href=\"tel:18008936246\" target=\"_blank\" rel=\"noopener\" title=\"\">1-800-893-6246<\/a> y pida hablar con un enlace de la CFAC<\/li>\n\n\n\n<li>Env\u00ede su solicitud a Vaya Health, Attn: CFAC, 200 Ridgefield Court, Suite 218, Asheville, NC 28806<\/li>\n<\/ul>\n<\/div>\n<\/div>","protected":false},"excerpt":{"rendered":"<p>What is the Consumer and Family Advisory Committee? The Consumer and Family Advisory Committee (CFAC) is a strong voice at Vaya and in the community. The committee includes people who [&hellip;]<\/p>\n","protected":false},"author":62,"featured_media":8437,"parent":22870,"menu_order":107,"comment_status":"closed","ping_status":"closed","template":"breadcrumbs","meta":{"_tec_requires_first_save":true,"_price":"","_stock":"","_tribe_ticket_header":"","_tribe_default_ticket_provider":"","_tribe_ticket_capacity":"0","_ticket_start_date":"","_ticket_end_date":"","_tribe_ticket_show_description":"","_tribe_ticket_show_not_going":false,"_tribe_ticket_use_global_stock":"","_tribe_ticket_global_stock_level":"","_global_stock_mode":"","_global_stock_cap":"","_tribe_rsvp_for_event":"","_tribe_ticket_going_count":"","_tribe_ticket_not_going_count":"","_tribe_tickets_list":"[]","_tribe_ticket_has_attendee_info_fields":false,"_EventAllDay":false,"_EventTimezone":"","_EventStartDate":"","_EventEndDate":"","_EventStartDateUTC":"","_EventEndDateUTC":"","_EventShowMap":false,"_EventShowMapLink":false,"_EventURL":"","_EventCost":"","_EventCostDescription":"","_EventCurrencySymbol":"","_EventCurrencyCode":"","_EventCurrencyPosition":"","_EventDateTimeSeparator":"","_EventTimeRangeSeparator":"","_EventOrganizerID":[],"_EventVenueID":[],"_OrganizerEmail":"","_OrganizerPhone":"","_OrganizerWebsite":"","_VenueAddress":"","_VenueCity":"","_VenueCountry":"","_VenueProvince":"","_VenueState":"","_VenueZip":"","_VenuePhone":"","_VenueURL":"","_VenueStateProvince":"","_VenueLat":"","_VenueLng":"","_VenueShowMap":false,"_VenueShowMapLink":false,"_tribe_blocks_recurrence_rules":"","_tribe_blocks_recurrence_description":"","_tribe_blocks_recurrence_exclusions":"","banner-text":"","banner-text-color":"","button-text":"","button-text-color":"","button-link":"","has-button-icon":"","background-color":"","has-background-icon":"","background-icon-color":"","second-featured-image":"","footnotes":""},"class_list":["post-6011","page","type-page","status-publish","has-post-thumbnail","hentry"],"aioseo_notices":[],"_links":{"self":[{"href":"https:\/\/www.vayahealth.com\/es\/wp-json\/wp\/v2\/pages\/6011","targetHints":{"allow":["GET"]}}],"collection":[{"href":"https:\/\/www.vayahealth.com\/es\/wp-json\/wp\/v2\/pages"}],"about":[{"href":"https:\/\/www.vayahealth.com\/es\/wp-json\/wp\/v2\/types\/page"}],"author":[{"embeddable":true,"href":"https:\/\/www.vayahealth.com\/es\/wp-json\/wp\/v2\/users\/62"}],"replies":[{"embeddable":true,"href":"https:\/\/www.vayahealth.com\/es\/wp-json\/wp\/v2\/comments?post=6011"}],"version-history":[{"count":3,"href":"https:\/\/www.vayahealth.com\/es\/wp-json\/wp\/v2\/pages\/6011\/revisions"}],"predecessor-version":[{"id":56771,"href":"https:\/\/www.vayahealth.com\/es\/wp-json\/wp\/v2\/pages\/6011\/revisions\/56771"}],"up":[{"embeddable":true,"href":"https:\/\/www.vayahealth.com\/es\/wp-json\/wp\/v2\/pages\/22870"}],"wp:featuredmedia":[{"embeddable":true,"href":"https:\/\/www.vayahealth.com\/es\/wp-json\/wp\/v2\/media\/8437"}],"wp:attachment":[{"href":"https:\/\/www.vayahealth.com\/es\/wp-json\/wp\/v2\/media?parent=6011"}],"curies":[{"name":"wp","href":"https:\/\/api.w.org\/{rel}","templated":true}]}}