{"id":7970,"date":"2018-03-07T10:55:09","date_gmt":"2018-03-07T15:55:09","guid":{"rendered":"\/?page_id=7642"},"modified":"2025-09-17T14:00:06","modified_gmt":"2025-09-17T18:00:06","slug":"innovations-stakeholders","status":"publish","type":"page","link":"https:\/\/www.vayahealth.com\/es\/about\/committees\/innovations-stakeholders\/","title":{"rendered":"Partes interesadas de NC Innovations"},"content":{"rendered":"<div class=\"gb-container gb-container-8beafb8a\"><div class=\"gb-inside-container\">\n\n<div>\n<p>Nuestras reuniones de Innovations Stakeholders se centran en temas relacionados con la <a href=\"\/es\/benefits-services\/intellectual-developmental-disabilities\/nc-innovations-waiver-registry-unmet-needs\/\" title=\"\">Exenci\u00f3n de NC Innovations<\/a>. En las reuniones compartimos nueva informaci\u00f3n y recibimos comentarios de los participantes sobre temas como:<\/p>\n\n\n\n<ul class=\"wp-block-list\">\n<li>Implantaci\u00f3n de los servicios de exenci\u00f3n de NC Innovations<\/li>\n\n\n\n<li>Empleador registrado (EOR)<\/li>\n\n\n\n<li>Apoya la pol\u00edtica y el uso de la Escala de Intensidad (SIS)<\/li>\n\n\n\n<li>Pol\u00edtica de asignaci\u00f3n y utilizaci\u00f3n de recursos<\/li>\n<\/ul>\n\n\n\n<p>Valoramos su privacidad. Por favor, tenga en cuenta que cumplimos las normas de confidencialidad y que la informaci\u00f3n espec\u00edfica de cada caso no se discutir\u00e1 durante las reuniones. No obstante, le remitiremos a la persona de contacto adecuada.<\/p>\n<\/div>\n\n\n\n<div>\n<h2 class=\"gb-headline gb-headline-ed43f758 gb-headline-text\">M\u00e1s informaci\u00f3n<\/h2>\n\n\n\n<p>Las pr\u00f3ximas reuniones se publican en nuestro <a href=\"\/es\/calendar\/\">Calendario de actos<\/a>.<\/p>\n\n\n\n<p>Tambi\u00e9n puede&nbsp;<a href=\"https:\/\/visitor.r20.constantcontact.com\/manage\/optin?v=001LoosUHW84sbxATDARN6pQfl9ESmIw9sou7KxdPwQ-xXFu3n-ScgKCxBsxzgdr750BZu7rfGik5oX71-VOIra9fSEdmgNGO8FApyyXFprQqFNQ-AtfdnEv8jUOc1K4A9YCdTXO3sN3Oj73cEu9DSu0lBODS0eK8w-kXbsdNqIvfA00SV4HIzIG3fVm1TPFIY9siMq5vkc-Y3gLvCMRpB9RM06q4UdUYczbMa7ju4QfcwEd9vwdjwmXpTU2cpNwrWWtxXra8153UiDceLn-WVpJw%3D%3D\" target=\"_blank\" rel=\"noopener\" title=\"\">inscribirse<\/a> <strong>para recibir actualizaciones por correo electr\u00f3nico<\/strong> sobre las reuniones de Innovations Stakeholders.<\/p>\n\n\n\n<p>\u00bfTiene alguna pregunta? Env\u00edenos un correo electr\u00f3nico a <a href=\"mailto:innovations.stakeholder@vayahealth.com\" target=\"_blank\" rel=\"noopener\" title=\"\">innovations.stakeholder@vayahealth.com<\/a>.<\/p>\n<\/div>\n\n<\/div><\/div>","protected":false},"excerpt":{"rendered":"<p>Las organizaciones de atenci\u00f3n sanitaria gestionada de Carolina del Norte se encargan de gestionar la atenci\u00f3n de determinadas personas con diagn\u00f3sticos de salud conductual o discapacidades intelectuales o del desarrollo. En muchas ocasiones, estas personas presentan tasas de problemas cr\u00f3nicos de salud f\u00edsica superiores a la media y tasas de acceso a servicios de salud f\u00edsica rutinarios y preventivos inferiores.<\/p>","protected":false},"author":62,"featured_media":50044,"parent":22870,"menu_order":111,"comment_status":"closed","ping_status":"closed","template":"breadcrumbs","meta":{"_tec_requires_first_save":true,"_price":"","_stock":"","_tribe_ticket_header":"","_tribe_default_ticket_provider":"","_tribe_ticket_capacity":"0","_ticket_start_date":"","_ticket_end_date":"","_tribe_ticket_show_description":"","_tribe_ticket_show_not_going":false,"_tribe_ticket_use_global_stock":"","_tribe_ticket_global_stock_level":"","_global_stock_mode":"","_global_stock_cap":"","_tribe_rsvp_for_event":"","_tribe_ticket_going_count":"","_tribe_ticket_not_going_count":"","_tribe_tickets_list":"[]","_tribe_ticket_has_attendee_info_fields":false,"_EventAllDay":false,"_EventTimezone":"","_EventStartDate":"","_EventEndDate":"","_EventStartDateUTC":"","_EventEndDateUTC":"","_EventShowMap":false,"_EventShowMapLink":false,"_EventURL":"","_EventCost":"","_EventCostDescription":"","_EventCurrencySymbol":"","_EventCurrencyCode":"","_EventCurrencyPosition":"","_EventDateTimeSeparator":"","_EventTimeRangeSeparator":"","_EventOrganizerID":[],"_EventVenueID":[],"_OrganizerEmail":"","_OrganizerPhone":"","_OrganizerWebsite":"","_VenueAddress":"","_VenueCity":"","_VenueCountry":"","_VenueProvince":"","_VenueState":"","_VenueZip":"","_VenuePhone":"","_VenueURL":"","_VenueStateProvince":"","_VenueLat":"","_VenueLng":"","_VenueShowMap":false,"_VenueShowMapLink":false,"_tribe_blocks_recurrence_rules":"","_tribe_blocks_recurrence_description":"","_tribe_blocks_recurrence_exclusions":"","banner-text":"","banner-text-color":"","button-text":"","button-text-color":"","button-link":"","has-button-icon":"","background-color":"","has-background-icon":"","background-icon-color":"","second-featured-image":"","footnotes":""},"class_list":["post-7970","page","type-page","status-publish","has-post-thumbnail","hentry"],"aioseo_notices":[],"_links":{"self":[{"href":"https:\/\/www.vayahealth.com\/es\/wp-json\/wp\/v2\/pages\/7970","targetHints":{"allow":["GET"]}}],"collection":[{"href":"https:\/\/www.vayahealth.com\/es\/wp-json\/wp\/v2\/pages"}],"about":[{"href":"https:\/\/www.vayahealth.com\/es\/wp-json\/wp\/v2\/types\/page"}],"author":[{"embeddable":true,"href":"https:\/\/www.vayahealth.com\/es\/wp-json\/wp\/v2\/users\/62"}],"replies":[{"embeddable":true,"href":"https:\/\/www.vayahealth.com\/es\/wp-json\/wp\/v2\/comments?post=7970"}],"version-history":[{"count":0,"href":"https:\/\/www.vayahealth.com\/es\/wp-json\/wp\/v2\/pages\/7970\/revisions"}],"up":[{"embeddable":true,"href":"https:\/\/www.vayahealth.com\/es\/wp-json\/wp\/v2\/pages\/22870"}],"wp:featuredmedia":[{"embeddable":true,"href":"https:\/\/www.vayahealth.com\/es\/wp-json\/wp\/v2\/media\/50044"}],"wp:attachment":[{"href":"https:\/\/www.vayahealth.com\/es\/wp-json\/wp\/v2\/media?parent=7970"}],"curies":[{"name":"wp","href":"https:\/\/api.w.org\/{rel}","templated":true}]}}