{"id":8466,"date":"2019-02-11T11:28:47","date_gmt":"2019-02-11T16:28:47","guid":{"rendered":"\/?page_id=8466"},"modified":"2025-12-22T10:39:01","modified_gmt":"2025-12-22T15:39:01","slug":"nc-innovations-waiver","status":"publish","type":"page","link":"https:\/\/www.vayahealth.com\/es\/benefits-services\/intellectual-developmental-disabilities\/nc-innovations-waiver\/","title":{"rendered":"Exenci\u00f3n de NC Innovations y lista de espera de Innovations"},"content":{"rendered":"<div>\n<div>\n<p>La exenci\u00f3n de NC Innovations ayuda a las personas con discapacidad intelectual o del desarrollo (I\/DD) a obtener servicios y ayudas en su hogar y a participar en su comunidad. Se trata de una exenci\u00f3n de Medicaid de Carolina del Norte con un n\u00famero limitado de plazas. Si los cupos est\u00e1n completos, puede solicitar su inclusi\u00f3n en la lista de espera de Innovations.<\/p>\n\n\n\n<p>Vaya Health ayuda a coordinar los servicios para los participantes en la exenci\u00f3n de Innovations y mantiene la lista de espera de Innovations en estos condados de Carolina del Norte: Alamance, Alexander, Alleghany, Ashe, Avery, Buncombe, Caldwell, Caswell, Chatham, Cherokee, Clay, Franklin, Graham, Granville, Haywood, Henderson, Jackson, Macon, Madison, McDowell, Mitchell, Person, Polk, Rockingham, Rowan, Stokes, Swain, Transylvania, Vance, Watauga, Wilkes y Yancey.<\/p>\n\n\n\n<p>Si tiene alguna pregunta sobre el programa de exenci\u00f3n o la lista de espera de Innovations, o si desea presentar una solicitud, llame a la L\u00ednea de atenci\u00f3n a los miembros y beneficiarios de Vaya al<strong> <\/strong><a href=\"tel:1-800-962-9003\" target=\"_blank\" rel=\"noopener\" title=\"\">1-800-962-9003<\/a><strong> <\/strong>(TTY <a href=\"tel:711\" target=\"_blank\" rel=\"noopener\" title=\"\">711<\/a>) entre las 7.00 y las 18.00 horas, de lunes a s\u00e1bado.<\/p>\n<\/div>\n\n\n\n<div>\n<h2 class=\"gb-text\">\u00bfQu\u00e9 es la exenci\u00f3n de NC Innovations?<\/h2>\n\n\n\n<p>En <a href=\"https:\/\/medicaid.ncdhhs.gov\/nc-innovations-waiver\" target=\"_blank\" rel=\"noopener\" title=\"\">Exenci\u00f3n por innovaci\u00f3n<\/a> es una exenci\u00f3n de Medicaid para servicios domiciliarios y comunitarios aprobada a nivel federal en 1915(c). <a href=\"https:\/\/www.ncdhhs.gov\/about\/department-initiatives\/home-and-community-based-services-final-rule\" target=\"_blank\" rel=\"noopener\" title=\"\">Servicios a domicilio y comunitarios<\/a> y apoyos ayudan a las personas a tomar sus propias decisiones sobre su atenci\u00f3n y a participar en su comunidad.<\/p>\n\n\n\n<p>Los servicios de la exenci\u00f3n est\u00e1n dise\u00f1ados para fomentar el bienestar, la integraci\u00f3n en la comunidad y la capacidad de alcanzar los objetivos vitales. La exenci\u00f3n de Innovaciones incluye servicios que:<\/p>\n\n\n\n<ul class=\"wp-block-list\">\n<li>Apoyo a las necesidades personales y ayuda con las actividades cotidianas<\/li>\n\n\n\n<li>Le ayudamos a vivir donde usted elija<\/li>\n\n\n\n<li>Ayudarle a pasar el d\u00eda de la forma que elija<\/li>\n\n\n\n<li>Educar sobre c\u00f3mo integrarse mejor en la comunidad<\/li>\n\n\n\n<li>Ayudarle a vivir de forma m\u00e1s independiente y a gestionar sus propios servicios<\/li>\n<\/ul>\n<\/div>\n\n\n<div class=\"gb-container gb-container-2083ae2e accordion-wrapper accessible-accordion\" id=\"wrapper-main0125\"><div class=\"gb-inside-container\">\n\n<h2 class=\"gb-text\">Preguntas y respuestas sobre la exenci\u00f3n de NC Innovations<\/h2>\n\n\n<div class=\"gb-grid-wrapper gb-grid-wrapper-35c87d21\">\n<div class=\"gb-grid-column gb-grid-column-79133db2\"><div class=\"gb-container gb-container-79133db2\"><div class=\"gb-inside-container\">\n\r\n\r\n\n\n\n\n    <div class=\"accordion-item-block\"  itemscope itemprop=\"mainEntity\" itemtype=\"https:\/\/schema.org\/Question\">\n        <h2 class=\"accordion-headline\" id=\"heading-acc-Z18z6zn\">\n            <div class=\"accordion-button-span custom-accordion-trigger\"  itemprop=\"name\" tabindex=\"0\" role=\"button\" data-bs-toggle=\"collapse\" data-bs-target=\"#collapse-acc-Z18z6zn\" aria-expanded=\"false\" aria-controls=\"collapse-acc-Z18z6zn\">\u00bfQu\u00e9 es la lista de espera de Innovations?<\/div>\n        <\/h2>\n        <div id=\"collapse-acc-Z18z6zn\"  itemscope itemprop=\"acceptedAnswer\" itemtype=\"https:\/\/schema.org\/Answer\" role=\"region\" class=\"accordion-collapse collapse\" aria-labelledby=\"heading-acc-Z18z6zn\" data-bs-parent=\"#wrapper-main0125\">\n            <div class=\"accordion-body\"  itemprop=\"text\">\n                <p>La lista de espera de Innovations, anteriormente conocida como Registro de necesidades insatisfechas, es una lista de personas en espera de una plaza en el programa de exenci\u00f3n de Innovations. Algunos servicios y apoyos pueden estar disponibles para las personas que est\u00e9n en la lista de espera y cumplan determinados requisitos.<\/p>\n<p>Las plazas del programa de exenci\u00f3n de Innovations est\u00e1n financiadas por la Asamblea General de Carolina del Norte y asignadas por el Departamento de Salud y Servicios Humanos de Carolina del Norte (NCDHHS). Las entidades de gesti\u00f3n local\/organizaciones de atenci\u00f3n gestionada (LME\/MCO), como Vaya, mantienen la lista de personas en espera de una plaza.<\/p>\n<p>El tiempo de espera para obtener una plaza en el programa de exenci\u00f3n de Innovations depende del n\u00famero de plazas disponibles. Animamos a las personas que puedan cumplir los requisitos a solicitar e inscribirse en la lista de espera de Innovations en cuanto sepan que pueden necesitar los servicios.<\/p>\n<p>Para inscribirse en la lista de espera de Innovaciones, llame a la l\u00ednea de atenci\u00f3n a socios y beneficiarios de Vaya al <a href=\"tel:1-800-962-9003\" target=\"_blank\" rel=\"noopener\">1-800-962-9003<\/a> entre las 7.00 y las 18.00 horas, de lunes a s\u00e1bado. Pida hablar con alguien sobre la lista de espera de Innovations. Le diremos qu\u00e9 informaci\u00f3n se necesita y le ayudaremos a rellenar una solicitud.<\/p>\n<p>Nos pondremos en contacto con usted para comunicarle si su solicitud cumple los requisitos para la exenci\u00f3n de Innovaciones y la lista de espera. Nos pondremos en contacto con las personas de la lista de espera cuando haya una plaza disponible.<\/p>\n<p>Visite el <a href=\"https:\/\/medicaid.ncdhhs.gov\/reports\/dashboards\/innovations-waitlist-dashboard\" target=\"_blank\" rel=\"noopener\">Cuadro de mando de la lista de espera de Innovaciones en todo el estado del NCDHHS<\/a> para ver cu\u00e1ntas personas est\u00e1n en lista de espera por condado y LME\/MCO.<\/p>\n                \n            <\/div>\n        <\/div>\n    <\/div>\n\n<\/div><\/div><\/div>\n\n<div class=\"gb-grid-column gb-grid-column-aa86e055\"><div class=\"gb-container gb-container-aa86e055\"><div class=\"gb-inside-container\">\n\r\n\r\n\n\n\n\n    <div class=\"accordion-item-block\"  itemscope itemprop=\"mainEntity\" itemtype=\"https:\/\/schema.org\/Question\">\n        <h2 class=\"accordion-headline\" id=\"heading-acc-1bcQEW\">\n            <div class=\"accordion-button-span custom-accordion-trigger\"  itemprop=\"name\" tabindex=\"0\" role=\"button\" data-bs-toggle=\"collapse\" data-bs-target=\"#collapse-acc-1bcQEW\" aria-expanded=\"false\" aria-controls=\"collapse-acc-1bcQEW\">\u00bfTengo derecho a la exenci\u00f3n de NC Innovations?<\/div>\n        <\/h2>\n        <div id=\"collapse-acc-1bcQEW\"  itemscope itemprop=\"acceptedAnswer\" itemtype=\"https:\/\/schema.org\/Answer\" role=\"region\" class=\"accordion-collapse collapse\" aria-labelledby=\"heading-acc-1bcQEW\" data-bs-parent=\"#wrapper-main0125\">\n            <div class=\"accordion-body\"  itemprop=\"text\">\n                <p>Para recibir los servicios y la asistencia de la exenci\u00f3n de Innovations, debe:<\/p>\n<ul>\n<li>Cumplir los requisitos del nivel de atenci\u00f3n de un centro de cuidados intermedios para personas con discapacidad intelectual (ICF\/IID).<\/li>\n<li>Viven en una ICF\/IID o corren el riesgo de ser ingresados en una ICF\/IID<\/li>\n<li>Poder permanecer seguro, sano y bien en su hogar y comunidad mientras utiliza los servicios de exenci\u00f3n de Innovations<\/li>\n<li>Necesita y utiliza los servicios del programa de exenci\u00f3n de Innovations indicados en su plan de asistencia al menos una vez al mes<\/li>\n<li>Desea utilizar los servicios de exenci\u00f3n de Innovations en lugar de vivir en una ICF\/IID<\/li>\n<li>Vivir en Carolina del Norte<\/li>\n<\/ul>\n<p>Tambi\u00e9n debe contar con una evaluaci\u00f3n psicol\u00f3gica que demuestre deficiencias funcionales debidas a una I\/DD.<\/p>\n<p>La participaci\u00f3n en la exenci\u00f3n de Innovaciones se basa en la elegibilidad y la disponibilidad de plazas.<\/p>\n                \n            <\/div>\n        <\/div>\n    <\/div>\n\n<\/div><\/div><\/div>\n\n<div class=\"gb-grid-column gb-grid-column-b7db64f9\"><div class=\"gb-container gb-container-b7db64f9\"><div class=\"gb-inside-container\">\n\r\n\r\n\n\n\n\n    <div class=\"accordion-item-block\"  itemscope itemprop=\"mainEntity\" itemtype=\"https:\/\/schema.org\/Question\">\n        <h2 class=\"accordion-headline\" id=\"heading-acc-HpMOP\">\n            <div class=\"accordion-button-span custom-accordion-trigger\"  itemprop=\"name\" tabindex=\"0\" role=\"button\" data-bs-toggle=\"collapse\" data-bs-target=\"#collapse-acc-HpMOP\" aria-expanded=\"false\" aria-controls=\"collapse-acc-HpMOP\">\u00bfQu\u00e9 servicios ofrece el programa de exenci\u00f3n de NC Innovations?<\/div>\n        <\/h2>\n        <div id=\"collapse-acc-HpMOP\"  itemscope itemprop=\"acceptedAnswer\" itemtype=\"https:\/\/schema.org\/Answer\" role=\"region\" class=\"accordion-collapse collapse\" aria-labelledby=\"heading-acc-HpMOP\" data-bs-parent=\"#wrapper-main0125\">\n            <div class=\"accordion-body\"  itemprop=\"text\">\n                <p>La exenci\u00f3n de NC Innovations respalda actividades cotidianas como ba\u00f1arse, comer, trabajar, desarrollar amistades y llevar un estilo de vida activo. El programa incluye algunos servicios no m\u00e9dicos, como el relevo y las modificaciones en el hogar. Estos servicios no est\u00e1n disponibles en Medicaid tradicional y pueden ayudar a mantener a las personas alejadas de las instituciones.<\/p>\n<p>Los servicios de exenci\u00f3n de NC Innovations se basan en sus necesidades individuales y pueden incluir:<\/p>\n<ul>\n<li>Asesoramiento sobre prestaciones<\/li>\n<li>Redes comunitarias<\/li>\n<li>Soportes de d\u00eda<\/li>\n<li>Vida y apoyo comunitarios<\/li>\n<li>Respiro<\/li>\n<li>Vida asistida<\/li>\n<li>Empleo con apoyo<\/li>\n<li>Equipos y suministros de tecnolog\u00eda asistencial<\/li>\n<li>Transici\u00f3n de un centro a la comunidad<\/li>\n<li>Servicios de crisis<\/li>\n<li>Modificaciones en el hogar<\/li>\n<li>Modificaciones del veh\u00edculo<\/li>\n<li>Natural apoya la educaci\u00f3n<\/li>\n<li>Servicios de consulta especializados<\/li>\n<li>Bienes y servicios individuales necesarios para vivir de forma independiente<\/li>\n<li>Navegador comunitario (<em>para personas que autogestionan sus ayudas<\/em>)<\/li>\n<\/ul>\n                \n            <\/div>\n        <\/div>\n    <\/div>\n\n<\/div><\/div><\/div>\n\n<div class=\"gb-grid-column gb-grid-column-e3c6f114\"><div class=\"gb-container gb-container-e3c6f114\"><div class=\"gb-inside-container\">\n\r\n\r\n\n\n\n\n    <div class=\"accordion-item-block\"  itemscope itemprop=\"mainEntity\" itemtype=\"https:\/\/schema.org\/Question\">\n        <h2 class=\"accordion-headline\" id=\"heading-acc-RnrwP\">\n            <div class=\"accordion-button-span custom-accordion-trigger\"  itemprop=\"name\" tabindex=\"0\" role=\"button\" data-bs-toggle=\"collapse\" data-bs-target=\"#collapse-acc-RnrwP\" aria-expanded=\"false\" aria-controls=\"collapse-acc-RnrwP\">\u00bfQu\u00e9 son los servicios individuales y familiares?<\/div>\n        <\/h2>\n        <div id=\"collapse-acc-RnrwP\"  itemscope itemprop=\"acceptedAnswer\" itemtype=\"https:\/\/schema.org\/Answer\" role=\"region\" class=\"accordion-collapse collapse\" aria-labelledby=\"heading-acc-RnrwP\" data-bs-parent=\"#wrapper-main0125\">\n            <div class=\"accordion-body\"  itemprop=\"text\">\n                <p>La autodirecci\u00f3n, tambi\u00e9n conocida como servicios dirigidos por el individuo o la familia, le da la oportunidad de tomar sus propias decisiones y responsabilizarse de ellas. Puede proporcionarle m\u00e1s flexibilidad y la oportunidad de asumir un mayor control de su vida. Usted, uno de sus padres o una persona legalmente responsable pueden elegir dirigir uno o varios servicios de la exenci\u00f3n de Innovations.<\/p>\n<p><strong>M\u00e1s informaci\u00f3n<\/strong> <a href=\"\/es\/benefits-services\/intellectual-developmental-disabilities\/individual-family-directive-services\/\">Servicios individuales y familiares<\/a>.<\/p>\n                \n            <\/div>\n        <\/div>\n    <\/div>\n\n<\/div><\/div><\/div>\n\n<div class=\"gb-grid-column gb-grid-column-9bbbc0be\"><div class=\"gb-container gb-container-9bbbc0be\"><div class=\"gb-inside-container\">\n\r\n\r\n\n\n\n\n    <div class=\"accordion-item-block\"  itemscope itemprop=\"mainEntity\" itemtype=\"https:\/\/schema.org\/Question\">\n        <h2 class=\"accordion-headline\" id=\"heading-acc-Z2sI13T\">\n            <div class=\"accordion-button-span custom-accordion-trigger\"  itemprop=\"name\" tabindex=\"0\" role=\"button\" data-bs-toggle=\"collapse\" data-bs-target=\"#collapse-acc-Z2sI13T\" aria-expanded=\"false\" aria-controls=\"collapse-acc-Z2sI13T\">Qu\u00e9 es la escala de intensidad de los apoyos (Supports Intensity Scale\u2122, SIS)?<\/div>\n        <\/h2>\n        <div id=\"collapse-acc-Z2sI13T\"  itemscope itemprop=\"acceptedAnswer\" itemtype=\"https:\/\/schema.org\/Answer\" role=\"region\" class=\"accordion-collapse collapse\" aria-labelledby=\"heading-acc-Z2sI13T\" data-bs-parent=\"#wrapper-main0125\">\n            <div class=\"accordion-body\"  itemprop=\"text\">\n                <p>Como primer paso del proceso de planificaci\u00f3n centrada en la persona, Vaya se encarga de identificar sus necesidades mediante la escala Supports Intensity Scale\u2122 (SIS). La SIS es una herramienta de evaluaci\u00f3n. Incluye entrevistas centradas en sus necesidades de apoyo.<\/p>\n<p>Las evaluaciones incluyen entrevistas con personas conocidas, como familiares, tutores, amigos, personal de centros residenciales o programas de d\u00eda, profesores y cuidadores personales.<\/p>\n<p>La informaci\u00f3n recopilada en las entrevistas del SIS se utiliza para elaborar su plan de atenci\u00f3n, tambi\u00e9n llamado Plan Individual de Apoyo (ISP). Despu\u00e9s de la primera evaluaci\u00f3n, los ni\u00f1os reciben nuevas evaluaciones cada dos a\u00f1os. Los adultos, cada tres a\u00f1os. Un cambio o acontecimiento importante en su vida puede hacer que necesite una nueva evaluaci\u00f3n SIS antes de la fecha prevista para la reevaluaci\u00f3n.<\/p>\n                \n            <\/div>\n        <\/div>\n    <\/div>\n\n<\/div><\/div><\/div>\n\n<div class=\"gb-grid-column gb-grid-column-025ab0b1\"><div class=\"gb-container gb-container-025ab0b1\"><div class=\"gb-inside-container\">\n\r\n\r\n\n\n\n\n    <div class=\"accordion-item-block\"  itemscope itemprop=\"mainEntity\" itemtype=\"https:\/\/schema.org\/Question\">\n        <h2 class=\"accordion-headline\" id=\"heading-acc-1EUYej\">\n            <div class=\"accordion-button-span custom-accordion-trigger\"  itemprop=\"name\" tabindex=\"0\" role=\"button\" data-bs-toggle=\"collapse\" data-bs-target=\"#collapse-acc-1EUYej\" aria-expanded=\"false\" aria-controls=\"collapse-acc-1EUYej\">Si tengo el Plan est\u00e1ndar de Medicaid o un seguro m\u00e9dico privado, \u00bfcambiar\u00e1 mi cobertura a Vaya cuando me incluyan en la lista de espera de Innovations?<\/div>\n        <\/h2>\n        <div id=\"collapse-acc-1EUYej\"  itemscope itemprop=\"acceptedAnswer\" itemtype=\"https:\/\/schema.org\/Answer\" role=\"region\" class=\"accordion-collapse collapse\" aria-labelledby=\"heading-acc-1EUYej\" data-bs-parent=\"#wrapper-main0125\">\n            <div class=\"accordion-body\"  itemprop=\"text\">\n                <p>No necesariamente. Una persona inscrita en un plan est\u00e1ndar puede permanecer en \u00e9l hasta que haya una plaza disponible en el programa de exenci\u00f3n de Innovations.<\/p>\n<p>Sin embargo, una persona en la lista de espera de Innovations puede cambiar a Vaya antes de recibir un cupo de exenci\u00f3n de Innovations si los servicios que necesita no se ofrecen a trav\u00e9s de su plan actual.<\/p>\n                \n            <\/div>\n        <\/div>\n    <\/div>\n\n<\/div><\/div><\/div>\n\n<div class=\"gb-grid-column gb-grid-column-50319e35\"><div class=\"gb-container gb-container-50319e35\"><div class=\"gb-inside-container\">\n\r\n\r\n\n\n\n\n    <div class=\"accordion-item-block\"  itemscope itemprop=\"mainEntity\" itemtype=\"https:\/\/schema.org\/Question\">\n        <h2 class=\"accordion-headline\" id=\"heading-acc-1GjKdo\">\n            <div class=\"accordion-button-span custom-accordion-trigger\"  itemprop=\"name\" tabindex=\"0\" role=\"button\" data-bs-toggle=\"collapse\" data-bs-target=\"#collapse-acc-1GjKdo\" aria-expanded=\"false\" aria-controls=\"collapse-acc-1GjKdo\">Si me mudo fuera de mi regi\u00f3n LME\/MCO, \u00bftengo que hacer algo?<\/div>\n        <\/h2>\n        <div id=\"collapse-acc-1GjKdo\"  itemscope itemprop=\"acceptedAnswer\" itemtype=\"https:\/\/schema.org\/Answer\" role=\"region\" class=\"accordion-collapse collapse\" aria-labelledby=\"heading-acc-1GjKdo\" data-bs-parent=\"#wrapper-main0125\">\n            <div class=\"accordion-body\"  itemprop=\"text\">\n                <p>S\u00ed, los servicios de la exenci\u00f3n de Innovations pueden trasladarse con usted por Carolina del Norte. Si se muda fuera de Carolina del Norte, perder\u00e1 su cupo de la exenci\u00f3n de Innovations o su lugar en la lista de espera.<\/p>\n<p>Es importante que informe a su administrador de cuidados si cambia de domicilio. Su gestor de cuidados y el Departamento de Servicios Sociales (DSS) de su localidad le informar\u00e1n si un cambio de domicilio afecta a su derecho a Medicaid o a la inscripci\u00f3n en el Vaya.<\/p>\n<p>Es importante que su DSS local disponga siempre de la informaci\u00f3n necesaria para actualizar su derecho a Medicaid y que usted lea y responda a todas las cartas que le env\u00eden.<\/p>\n                \n            <\/div>\n        <\/div>\n    <\/div>\n\n<\/div><\/div><\/div>\n<\/div>\n<\/div><\/div>\n\n<div class=\"gb-container gb-container-8fc27138\">\n\n<h2 class=\"gb-headline gb-headline-45cdb68d gb-headline-text\">Innovaciones Formaci\u00f3n en lista de espera<\/h2>\n\n\n\n<p>Vaya ofrece sesiones de formaci\u00f3n sobre la lista de espera de Innovations. Los participantes obtienen una descripci\u00f3n general de la exenci\u00f3n de Innovations y la lista de espera, revisan los pasos para solicitar la lista de espera y obtienen informaci\u00f3n sobre los servicios de la exenci\u00f3n. Esta formaci\u00f3n virtual est\u00e1 disponible para las personas interesadas en la lista de espera de Innovations, las partes interesadas y los miembros de la comunidad.<\/p>\n\n\n\n<p><a href=\"\/es\/calendar\/\" title=\"\">Encuentre una fecha pr\u00f3xima en nuestro calendario.<\/a><\/p>\n\n<\/div>\n\n<div class=\"gb-container gb-container-83f2388f\">\n\n<h2 class=\"wp-block-heading\">Innovaciones Grupo de partes interesadas<\/h2>\n\n\n\n<p>Para prestar un mejor servicio a los participantes de la exenci\u00f3n de Innovations y a sus familias, organizamos reuniones trimestrales de las partes interesadas de NC Innovations para compartir informaci\u00f3n actualizada sobre el programa. Visite nuestro <a href=\"\/es\/about\/committees\/innovations-stakeholders\/\" title=\"\">Partes interesadas de NC Innovations<\/a> para obtener m\u00e1s informaci\u00f3n.<\/p>\n\n<\/div><\/div>","protected":false},"excerpt":{"rendered":"<p>The NC Innovations Waiver helps people with intellectual\/developmental disabilities (I\/DD) get services and supports in their home and participate in their community. It is an NC Medicaid waiver with a [&hellip;]<\/p>\n","protected":false},"author":62,"featured_media":48308,"parent":1146,"menu_order":59,"comment_status":"closed","ping_status":"closed","template":"breadcrumbs","meta":{"_tec_requires_first_save":true,"_price":"","_stock":"","_tribe_ticket_header":"","_tribe_default_ticket_provider":"","_tribe_ticket_capacity":"0","_ticket_start_date":"","_ticket_end_date":"","_tribe_ticket_show_description":"","_tribe_ticket_show_not_going":false,"_tribe_ticket_use_global_stock":"","_tribe_ticket_global_stock_level":"","_global_stock_mode":"","_global_stock_cap":"","_tribe_rsvp_for_event":"","_tribe_ticket_going_count":"","_tribe_ticket_not_going_count":"","_tribe_tickets_list":"[]","_tribe_ticket_has_attendee_info_fields":false,"_EventAllDay":false,"_EventTimezone":"","_EventStartDate":"","_EventEndDate":"","_EventStartDateUTC":"","_EventEndDateUTC":"","_EventShowMap":false,"_EventShowMapLink":false,"_EventURL":"","_EventCost":"","_EventCostDescription":"","_EventCurrencySymbol":"","_EventCurrencyCode":"","_EventCurrencyPosition":"","_EventDateTimeSeparator":"","_EventTimeRangeSeparator":"","_EventOrganizerID":[],"_EventVenueID":[],"_OrganizerEmail":"","_OrganizerPhone":"","_OrganizerWebsite":"","_VenueAddress":"","_VenueCity":"","_VenueCountry":"","_VenueProvince":"","_VenueState":"","_VenueZip":"","_VenuePhone":"","_VenueURL":"","_VenueStateProvince":"","_VenueLat":"","_VenueLng":"","_VenueShowMap":false,"_VenueShowMapLink":false,"_tribe_blocks_recurrence_rules":"","_tribe_blocks_recurrence_description":"","_tribe_blocks_recurrence_exclusions":"","banner-text":"","banner-text-color":"","button-text":"","button-text-color":"","button-link":"","has-button-icon":"","background-color":"","has-background-icon":"","background-icon-color":"","second-featured-image":"","footnotes":""},"class_list":["post-8466","page","type-page","status-publish","has-post-thumbnail","hentry"],"aioseo_notices":[],"_links":{"self":[{"href":"https:\/\/www.vayahealth.com\/es\/wp-json\/wp\/v2\/pages\/8466","targetHints":{"allow":["GET"]}}],"collection":[{"href":"https:\/\/www.vayahealth.com\/es\/wp-json\/wp\/v2\/pages"}],"about":[{"href":"https:\/\/www.vayahealth.com\/es\/wp-json\/wp\/v2\/types\/page"}],"author":[{"embeddable":true,"href":"https:\/\/www.vayahealth.com\/es\/wp-json\/wp\/v2\/users\/62"}],"replies":[{"embeddable":true,"href":"https:\/\/www.vayahealth.com\/es\/wp-json\/wp\/v2\/comments?post=8466"}],"version-history":[{"count":0,"href":"https:\/\/www.vayahealth.com\/es\/wp-json\/wp\/v2\/pages\/8466\/revisions"}],"up":[{"embeddable":true,"href":"https:\/\/www.vayahealth.com\/es\/wp-json\/wp\/v2\/pages\/1146"}],"wp:featuredmedia":[{"embeddable":true,"href":"https:\/\/www.vayahealth.com\/es\/wp-json\/wp\/v2\/media\/48308"}],"wp:attachment":[{"href":"https:\/\/www.vayahealth.com\/es\/wp-json\/wp\/v2\/media?parent=8466"}],"curies":[{"name":"wp","href":"https:\/\/api.w.org\/{rel}","templated":true}]}}