{"id":8470,"date":"2019-02-11T11:47:59","date_gmt":"2019-02-11T16:47:59","guid":{"rendered":"\/?page_id=8470"},"modified":"2026-01-13T13:14:28","modified_gmt":"2026-01-13T18:14:28","slug":"transition-to-community-living","status":"publish","type":"page","link":"https:\/\/www.vayahealth.com\/es\/benefits-services\/transition-to-community-living\/","title":{"rendered":"Transiciones a la vida comunitaria"},"content":{"rendered":"<div>\n<div>\n<p><strong>El programa Transitions to Community Living (TCL) ofrece a los adultos con enfermedades mentales graves que re\u00fanan los requisitos necesarios la oportunidad de elegir d\u00f3nde vivir y trabajar.<\/strong><\/p>\n\n\n\n<p>La TCL pone en contacto a las personas con servicios y ayudas de salud mental y f\u00edsica que les ayudan a mantener un hogar a su nombre, en lugar de vivir en un centro. A los participantes se les pone en contacto con proveedores locales de salud mental de su comunidad para que reciban una atenci\u00f3n integral. El programa ayuda a los participantes a aprender habilidades cotidianas, participar en actividades comunitarias y compartir sus vidas con familiares, amigos y vecinos. El TCL tambi\u00e9n ayuda a las personas a identificar sus intereses y las pone en contacto con servicios de empleo con apoyo.<\/p>\n\n\n\n<p>Vaya Health gestiona el programa TCL en nuestra regi\u00f3n. Cualquiera puede remitir a una persona al programa mediante el proceso que se describe a continuaci\u00f3n.<\/p>\n<\/div>\n\n\n<div class=\"gb-container gb-container-2083ae2e accordion-wrapper accessible-accordion\" id=\"wrapper-main0125\"><div class=\"gb-inside-container\">\n\n<h2 class=\"gb-text\">Preguntas y respuestas sobre el programa TCL<\/h2>\n\n\n<div class=\"gb-grid-wrapper gb-grid-wrapper-35c87d21\">\n<div class=\"gb-grid-column gb-grid-column-4dd2763c\"><div class=\"gb-container gb-container-4dd2763c\"><div class=\"gb-inside-container\">\n\r\n\r\n\n\n\n\n    <div class=\"accordion-item-block\"  itemscope itemprop=\"mainEntity\" itemtype=\"https:\/\/schema.org\/Question\">\n        <h2 class=\"accordion-headline\" id=\"heading-acc-16Fz66\">\n            <div class=\"accordion-button-span custom-accordion-trigger\"  itemprop=\"name\" tabindex=\"0\" role=\"button\" data-bs-toggle=\"collapse\" data-bs-target=\"#collapse-acc-16Fz66\" aria-expanded=\"false\" aria-controls=\"collapse-acc-16Fz66\">\u00bfQui\u00e9n puede optar a la TCL?<\/div>\n        <\/h2>\n        <div id=\"collapse-acc-16Fz66\"  itemscope itemprop=\"acceptedAnswer\" itemtype=\"https:\/\/schema.org\/Answer\" role=\"region\" class=\"accordion-collapse collapse\" aria-labelledby=\"heading-acc-16Fz66\" data-bs-parent=\"#wrapper-main0125\">\n            <div class=\"accordion-body\"  itemprop=\"text\">\n                <p><!-- wp:paragraph --><\/p>\n<p><strong>Las personas deben cumplir todos los criterios siguientes para poder optar a la TCL. Los participantes deben ser:<\/strong><\/p>\n<p><!-- \/wp:paragraph -->\n\n<!-- wp:paragraph --><\/p>\n<ol>\n<li>Diagn\u00f3stico de enfermedad mental grave y persistente o de enfermedad mental grave<\/li>\n<li>Se est\u00e1 estudiando su ingreso en una residencia para adultos o en una residencia familiar, O se le ha dado el alta de un centro psiqui\u00e1trico estatal y se ha quedado sin hogar o en una vivienda inestable.<\/li>\n<li>Beneficiario de Medicaid de Carolina del Norte, con derecho a Medicaid O con unos ingresos mensuales iguales o inferiores a $2.000<\/li>\n<li>Tener al menos 18 a\u00f1os Y estar dispuesto a aceptar un m\u00ednimo de un servicio de ayuda a la vivienda al mes<\/li>\n<\/ol>\n<p><!-- \/wp:paragraph --><\/p>\n                \n            <\/div>\n        <\/div>\n    <\/div>\n\n<\/div><\/div><\/div>\n\n<div class=\"gb-grid-column gb-grid-column-79133db2\"><div class=\"gb-container gb-container-79133db2\"><div class=\"gb-inside-container\">\n\r\n\r\n\n\n\n\n    <div class=\"accordion-item-block\"  itemscope itemprop=\"mainEntity\" itemtype=\"https:\/\/schema.org\/Question\">\n        <h2 class=\"accordion-headline\" id=\"heading-acc-Z18z6zn\">\n            <div class=\"accordion-button-span custom-accordion-trigger\"  itemprop=\"name\" tabindex=\"0\" role=\"button\" data-bs-toggle=\"collapse\" data-bs-target=\"#collapse-acc-Z18z6zn\" aria-expanded=\"false\" aria-controls=\"collapse-acc-Z18z6zn\">\u00bfC\u00f3mo puedo hacer una recomendaci\u00f3n?<\/div>\n        <\/h2>\n        <div id=\"collapse-acc-Z18z6zn\"  itemscope itemprop=\"acceptedAnswer\" itemtype=\"https:\/\/schema.org\/Answer\" role=\"region\" class=\"accordion-collapse collapse\" aria-labelledby=\"heading-acc-Z18z6zn\" data-bs-parent=\"#wrapper-main0125\">\n            <div class=\"accordion-body\"  itemprop=\"text\">\n                <p><!-- wp:paragraph --><\/p>\n<p>Las remisiones pueden realizarse a trav\u00e9s del Proceso de Verificaci\u00f3n de la Selecci\u00f3n de Remitentes (RSVP) de tres maneras:<\/p>\n<p><!-- \/wp:paragraph -->\n\n<!-- wp:list --><\/p>\n<ul><!-- wp:list-item -->\n<li>Inicie el <a href=\"https:\/\/www.myhousingsearch.com\/pre_screening\/ncdrst\/DiversionScreeningTool.html\" target=\"_blank\" rel=\"noopener\">RSVP en l\u00ednea<\/a>.<\/li>\n<li>Llame a la l\u00ednea de atenci\u00f3n a socios y beneficiarios de Vaya al <a href=\"tel:1-800-962-9003\" target=\"_blank\" rel=\"noopener\">1-800-962-9003 <\/a>para hacer una remisi\u00f3n RSVP.<\/li>\n<li>Solicite un formulario de remisi\u00f3n en papel llamando a la L\u00ednea de Atenci\u00f3n a Socios y Beneficiarios al <a href=\"tel:1-800-962-9003\" target=\"_blank\" rel=\"noopener\">1-800-962-9003<\/a>.<\/li>\n<!-- \/wp:list-item -->\n\n<!-- wp:list-item --><!-- \/wp:list-item --><\/ul>\n<p><!-- \/wp:list --><\/p>\n                \n            <\/div>\n        <\/div>\n    <\/div>\n\n<\/div><\/div><\/div>\n\n<div class=\"gb-grid-column gb-grid-column-aa86e055\"><div class=\"gb-container gb-container-aa86e055\"><div class=\"gb-inside-container\">\n\r\n\r\n\n\n\n\n    <div class=\"accordion-item-block\"  itemscope itemprop=\"mainEntity\" itemtype=\"https:\/\/schema.org\/Question\">\n        <h2 class=\"accordion-headline\" id=\"heading-acc-1bcQEW\">\n            <div class=\"accordion-button-span custom-accordion-trigger\"  itemprop=\"name\" tabindex=\"0\" role=\"button\" data-bs-toggle=\"collapse\" data-bs-target=\"#collapse-acc-1bcQEW\" aria-expanded=\"false\" aria-controls=\"collapse-acc-1bcQEW\">\u00bfQu\u00e9 informaci\u00f3n y recursos adicionales hay sobre la TCL?<\/div>\n        <\/h2>\n        <div id=\"collapse-acc-1bcQEW\"  itemscope itemprop=\"acceptedAnswer\" itemtype=\"https:\/\/schema.org\/Answer\" role=\"region\" class=\"accordion-collapse collapse\" aria-labelledby=\"heading-acc-1bcQEW\" data-bs-parent=\"#wrapper-main0125\">\n            <div class=\"accordion-body\"  itemprop=\"text\">\n                <ul>\n<li><a href=\"https:\/\/www.ncdhhs.gov\/about\/department-initiatives\/transitions-community-living\" target=\"_blank\" rel=\"noopener\">Transiciones a la vida comunitaria<\/a> (Departamento de Salud y Servicios Humanos de Carolina del Norte)<\/li>\n<li><a href=\"https:\/\/www.ncdhhs.gov\/about\/department-initiatives\/transitions-community-living-initiative\/settlement-agreement-department\" target=\"_blank\" rel=\"noopener\">Acuerdo con el Departamento de Justicia de EE.UU.<\/a><\/li>\n<li><a href=\"https:\/\/www.ncdhhs.gov\/media\/10500\/download\" target=\"_blank\" rel=\"noopener\">Preguntas frecuentes sobre RSVP<\/a><\/li>\n<li>Para informar de un obst\u00e1culo que impida a un afiliado o beneficiario realizar la transici\u00f3n o mantenerse en contacto con su comunidad, incluida la b\u00fasqueda de vivienda y empleo, rellene el formulario <a href=\"https:\/\/forms.office.com\/Pages\/ResponsePage.aspx?id=scCRr9-7Bk68M0GOJpR0MkujKAjOLoxCsMbYF6B20jtUOTZKUVhESFVEVTlBUFFQNlBDOEZFUkw3TSQlQCN0PWcu\" target=\"_blank\" rel=\"noopener\">Formulario de solicitud de la Comisi\u00f3n de Barreras Locales de TCL.<\/a><\/li>\n<\/ul>\n                \n            <\/div>\n        <\/div>\n    <\/div>\n\n<\/div><\/div><\/div>\n<\/div>\n<\/div><\/div>\n\n\n<div><\/div>\n\n\n<div class=\"gb-container gb-container-10595937\">\n\n<h2 class=\"gb-text gb-text-7ac6cd53\">El impacto de la TCL<\/h2>\n\n\n\n<p class=\"has-text-align-center\"><\/p>\n\n\n<div class=\"gb-grid-wrapper gb-grid-wrapper-8e5d9a1e\">\n<div class=\"gb-grid-column gb-grid-column-c6e65e14\"><div class=\"gb-container gb-container-c6e65e14 box-shadow\">\n\n<p class=\"has-text-align-center has-white-color has-text-color\" style=\"margin-top:var(--wp--preset--spacing--60);margin-bottom:var(--wp--preset--spacing--60);padding-top:0;padding-bottom:0\">\"TCL me ha dado mucha m\u00e1s libertad e independencia. Nunca supe lo institucionalizada que estaba\".<\/p>\n\n\n\n<p class=\"has-text-align-center has-white-color has-text-color\">Participante de 60 a\u00f1os<\/p>\n\n\n\n<p class=\"has-text-align-center has-white-color has-text-color\">Condado de Watauga<\/p>\n\n<\/div><\/div>\n\n<div class=\"gb-grid-column gb-grid-column-35dfb62b\"><div class=\"gb-container gb-container-35dfb62b box-shadow\">\n\n<p class=\"has-text-align-center\" style=\"margin-top:var(--wp--preset--spacing--60);margin-bottom:var(--wp--preset--spacing--60)\">\"TCL es incre\u00edble ayudando a los necesitados. A nosotros tambi\u00e9n nos gusta ayudar a la gente. TCL hace que hacerlo sea mucho m\u00e1s agradable y c\u00f3modo\".<\/p>\n\n\n\n<p class=\"has-text-align-center\"><strong>Socio arrendador de TCL<\/strong><\/p>\n\n\n\n<p class=\"has-text-align-center\">Condado de McDowell<\/p>\n\n<\/div><\/div>\n\n<div class=\"gb-grid-column gb-grid-column-1ee63047\"><div class=\"gb-container gb-container-1ee63047 box-shadow\">\n\n<p class=\"has-text-align-center has-white-color has-text-color\" style=\"margin-top:var(--wp--preset--spacing--60);margin-bottom:var(--wp--preset--spacing--60)\">\"Me encanta mi apartamento. Much\u00edsimas gracias. Soy tan feliz\".<\/p>\n\n\n\n<p class=\"has-text-align-center has-white-color has-text-color\">Participante masculino en el TCL<\/p>\n\n\n\n<p class=\"has-text-align-center has-white-color has-text-color\">Condado de Wilkes<\/p>\n\n<\/div><\/div>\n\n<div class=\"gb-grid-column gb-grid-column-4e26abfc\"><div class=\"gb-container gb-container-4e26abfc box-shadow\"><\/div><\/div>\n<\/div>\n<\/div><\/div>","protected":false},"excerpt":{"rendered":"<p>The Transitions to Community Living (TCL) program gives eligible adults with serious mental illness the opportunity to choose where they live and work. TCL connects people to mental and physical [&hellip;]<\/p>\n","protected":false},"author":62,"featured_media":8408,"parent":26637,"menu_order":73,"comment_status":"closed","ping_status":"closed","template":"breadcrumbs","meta":{"_tec_requires_first_save":true,"_price":"","_stock":"","_tribe_ticket_header":"","_tribe_default_ticket_provider":"","_tribe_ticket_capacity":"0","_ticket_start_date":"","_ticket_end_date":"","_tribe_ticket_show_description":"","_tribe_ticket_show_not_going":false,"_tribe_ticket_use_global_stock":"","_tribe_ticket_global_stock_level":"","_global_stock_mode":"","_global_stock_cap":"","_tribe_rsvp_for_event":"","_tribe_ticket_going_count":"","_tribe_ticket_not_going_count":"","_tribe_tickets_list":"[]","_tribe_ticket_has_attendee_info_fields":false,"_EventAllDay":false,"_EventTimezone":"","_EventStartDate":"","_EventEndDate":"","_EventStartDateUTC":"","_EventEndDateUTC":"","_EventShowMap":false,"_EventShowMapLink":false,"_EventURL":"","_EventCost":"","_EventCostDescription":"","_EventCurrencySymbol":"","_EventCurrencyCode":"","_EventCurrencyPosition":"","_EventDateTimeSeparator":"","_EventTimeRangeSeparator":"","_EventOrganizerID":[],"_EventVenueID":[],"_OrganizerEmail":"","_OrganizerPhone":"","_OrganizerWebsite":"","_VenueAddress":"","_VenueCity":"","_VenueCountry":"","_VenueProvince":"","_VenueState":"","_VenueZip":"","_VenuePhone":"","_VenueURL":"","_VenueStateProvince":"","_VenueLat":"","_VenueLng":"","_VenueShowMap":false,"_VenueShowMapLink":false,"_tribe_blocks_recurrence_rules":"","_tribe_blocks_recurrence_description":"","_tribe_blocks_recurrence_exclusions":"","banner-text":"","banner-text-color":"","button-text":"","button-text-color":"","button-link":"","has-button-icon":"","background-color":"","has-background-icon":"","background-icon-color":"","second-featured-image":"","footnotes":""},"class_list":["post-8470","page","type-page","status-publish","has-post-thumbnail","hentry"],"aioseo_notices":[],"_links":{"self":[{"href":"https:\/\/www.vayahealth.com\/es\/wp-json\/wp\/v2\/pages\/8470","targetHints":{"allow":["GET"]}}],"collection":[{"href":"https:\/\/www.vayahealth.com\/es\/wp-json\/wp\/v2\/pages"}],"about":[{"href":"https:\/\/www.vayahealth.com\/es\/wp-json\/wp\/v2\/types\/page"}],"author":[{"embeddable":true,"href":"https:\/\/www.vayahealth.com\/es\/wp-json\/wp\/v2\/users\/62"}],"replies":[{"embeddable":true,"href":"https:\/\/www.vayahealth.com\/es\/wp-json\/wp\/v2\/comments?post=8470"}],"version-history":[{"count":0,"href":"https:\/\/www.vayahealth.com\/es\/wp-json\/wp\/v2\/pages\/8470\/revisions"}],"up":[{"embeddable":true,"href":"https:\/\/www.vayahealth.com\/es\/wp-json\/wp\/v2\/pages\/26637"}],"wp:featuredmedia":[{"embeddable":true,"href":"https:\/\/www.vayahealth.com\/es\/wp-json\/wp\/v2\/media\/8408"}],"wp:attachment":[{"href":"https:\/\/www.vayahealth.com\/es\/wp-json\/wp\/v2\/media?parent=8470"}],"curies":[{"name":"wp","href":"https:\/\/api.w.org\/{rel}","templated":true}]}}