{"id":8474,"date":"2019-02-11T11:55:25","date_gmt":"2019-02-11T16:55:25","guid":{"rendered":"\/?page_id=8474"},"modified":"2025-08-26T13:44:59","modified_gmt":"2025-08-26T17:44:59","slug":"family-partners","status":"publish","type":"page","link":"https:\/\/www.vayahealth.com\/es\/get-help\/family-partners\/","title":{"rendered":"Socios familiares"},"content":{"rendered":"<div>\n<div>\n<p><strong>Los Socios Familiares de Vaya Health ayudan a otras familias a hacerse o\u00edr para defender sus necesidades particulares.<\/strong> Como cuidadores de ni\u00f1os que han recibido servicios de salud mental, consumo de sustancias, discapacidad intelectual\/del desarrollo y\/o lesiones cerebrales traum\u00e1ticas, comparten sus experiencias con otros cuidadores y ofrecen comprensi\u00f3n, \u00e1nimo y apoyo.<\/p>\n\n\n\n<p>Los Socios Familiares tambi\u00e9n conectan a las familias con los recursos locales y les ayudan a utilizar sus puntos fuertes para abogar por s\u00ed mismas, encontrar servicios y apoyos y fomentar las relaciones comunitarias. Esto incluye ayudar a las familias a prepararse para <a href=\"\/es\/get-help\/system-of-care\/for-youth-and-families\/\" title=\"\">Reuniones del Equipo Ni\u00f1o y Familia<\/a>En esta fase, los miembros de la familia se ponen en contacto con otras personas para crear un plan que se ajuste a los puntos fuertes, las necesidades y los objetivos del ni\u00f1o y la familia.<\/p>\n\n\n\n<p>Los Socios Familiares promueven <a href=\"\/es\/get-help\/system-of-care\/\" title=\"\">Sistema de atenci\u00f3n<\/a> valores entre los miembros de la comunidad y los profesionales y proporcionar educaci\u00f3n y asesoramiento sobre el autocuidado individual y familiar.<\/p>\n\n\n\n<p>Para solicitar el apoyo de su pareja familiar, p\u00f3ngase en contacto con su administrador de cuidados o llame a la l\u00ednea de atenci\u00f3n al afiliado y al beneficiario de Vaya al <strong><a href=\"tel:1-800-962-9003\" target=\"_blank\" rel=\"noopener\" title=\"\">1-800-962-9003<\/a><\/strong>De 7.00 a 18.00 horas, de lunes a s\u00e1bado.<\/p>\n\n\n\n<hr class=\"wp-block-separator has-alpha-channel-opacity\"\/>\n<\/div>\n\n\n\n<div>\n<h2 class=\"gb-headline gb-headline-2b66a20f gb-headline-text\">Voces de la comunidad<\/h2>\n\n\n\n<div class=\"wp-block-group has-global-padding is-layout-constrained wp-block-group-is-layout-constrained\">\n<div class=\"wp-block-columns is-layout-flex wp-container-core-columns-is-layout-28f84493 wp-block-columns-is-layout-flex\">\n<div class=\"wp-block-column is-layout-flow wp-block-column-is-layout-flow\"><div class=\"gb-container gb-container-80c456b8\">\n\n<p>\"Tener (un Socio Familiar) en mi casa ha sido una gran alegr\u00eda. Estoy agradecida de que haya gente como vosotros para ayudar a familias como la m\u00eda.\"<\/p>\n\n\n\n<p class=\"mb-0\"><strong>Padres del condado de Buncombe<\/strong><\/p>\n\n<\/div><\/div>\n\n\n\n<div class=\"wp-block-column is-layout-flow wp-block-column-is-layout-flow\"><div class=\"gb-container gb-container-10a20018\">\n\n<p>\"Hoy me siento tan fortalecida, como si una bendici\u00f3n hubiera aterrizado en mi regazo. Gracias por toda tu ayuda\".<\/p>\n\n\n\n<p class=\"mb-0\"><strong>Familia del condado de Swain<\/strong><\/p>\n\n<\/div><\/div>\n<\/div>\n\n\n\n<div class=\"wp-block-group has-global-padding is-layout-constrained wp-block-group-is-layout-constrained\" style=\"margin-top:var(--wp--preset--spacing--30);margin-bottom:var(--wp--preset--spacing--30)\"><div class=\"gb-container gb-container-ad56939f\">\n\n<p>\"Estoy muy contenta de hablar con alguien que realmente sabe lo que es la vida criando a un hijo con discapacidad; la mayor\u00eda de la gente no lo entiende o no quiere entenderlo. Gracias por estar aqu\u00ed\".<\/p>\n\n\n\n<p class=\"mb-0\"><strong>Padres del condado de Wilkes<\/strong><\/p>\n\n<\/div><\/div>\n<\/div>\n<\/div>\n<\/div>","protected":false},"excerpt":{"rendered":"<p>Vaya Health\u2019s Family Partners help other families develop a strong voice to advocate for their unique needs. As caregivers of children who have received mental health, substance use, intellectual\/developmental disability, [&hellip;]<\/p>\n","protected":false},"author":62,"featured_media":50042,"parent":7696,"menu_order":87,"comment_status":"closed","ping_status":"closed","template":"breadcrumbs","meta":{"_tec_requires_first_save":true,"_price":"","_stock":"","_tribe_ticket_header":"","_tribe_default_ticket_provider":"","_tribe_ticket_capacity":"0","_ticket_start_date":"","_ticket_end_date":"","_tribe_ticket_show_description":"","_tribe_ticket_show_not_going":false,"_tribe_ticket_use_global_stock":"","_tribe_ticket_global_stock_level":"","_global_stock_mode":"","_global_stock_cap":"","_tribe_rsvp_for_event":"","_tribe_ticket_going_count":"","_tribe_ticket_not_going_count":"","_tribe_tickets_list":"[]","_tribe_ticket_has_attendee_info_fields":false,"_EventAllDay":false,"_EventTimezone":"","_EventStartDate":"","_EventEndDate":"","_EventStartDateUTC":"","_EventEndDateUTC":"","_EventShowMap":false,"_EventShowMapLink":false,"_EventURL":"","_EventCost":"","_EventCostDescription":"","_EventCurrencySymbol":"","_EventCurrencyCode":"","_EventCurrencyPosition":"","_EventDateTimeSeparator":"","_EventTimeRangeSeparator":"","_EventOrganizerID":[],"_EventVenueID":[],"_OrganizerEmail":"","_OrganizerPhone":"","_OrganizerWebsite":"","_VenueAddress":"","_VenueCity":"","_VenueCountry":"","_VenueProvince":"","_VenueState":"","_VenueZip":"","_VenuePhone":"","_VenueURL":"","_VenueStateProvince":"","_VenueLat":"","_VenueLng":"","_VenueShowMap":false,"_VenueShowMapLink":false,"_tribe_blocks_recurrence_rules":"","_tribe_blocks_recurrence_description":"","_tribe_blocks_recurrence_exclusions":"","banner-text":"","banner-text-color":"","button-text":"","button-text-color":"","button-link":"","has-button-icon":"","background-color":"","has-background-icon":"","background-icon-color":"","second-featured-image":"","footnotes":""},"class_list":["post-8474","page","type-page","status-publish","has-post-thumbnail","hentry"],"aioseo_notices":[],"_links":{"self":[{"href":"https:\/\/www.vayahealth.com\/es\/wp-json\/wp\/v2\/pages\/8474","targetHints":{"allow":["GET"]}}],"collection":[{"href":"https:\/\/www.vayahealth.com\/es\/wp-json\/wp\/v2\/pages"}],"about":[{"href":"https:\/\/www.vayahealth.com\/es\/wp-json\/wp\/v2\/types\/page"}],"author":[{"embeddable":true,"href":"https:\/\/www.vayahealth.com\/es\/wp-json\/wp\/v2\/users\/62"}],"replies":[{"embeddable":true,"href":"https:\/\/www.vayahealth.com\/es\/wp-json\/wp\/v2\/comments?post=8474"}],"version-history":[{"count":0,"href":"https:\/\/www.vayahealth.com\/es\/wp-json\/wp\/v2\/pages\/8474\/revisions"}],"up":[{"embeddable":true,"href":"https:\/\/www.vayahealth.com\/es\/wp-json\/wp\/v2\/pages\/7696"}],"wp:featuredmedia":[{"embeddable":true,"href":"https:\/\/www.vayahealth.com\/es\/wp-json\/wp\/v2\/media\/50042"}],"wp:attachment":[{"href":"https:\/\/www.vayahealth.com\/es\/wp-json\/wp\/v2\/media?parent=8474"}],"curies":[{"name":"wp","href":"https:\/\/api.w.org\/{rel}","templated":true}]}}