{"id":9333,"date":"2019-03-14T12:21:23","date_gmt":"2019-03-14T16:21:23","guid":{"rendered":"\/?page_id=9333"},"modified":"2025-10-03T10:54:04","modified_gmt":"2025-10-03T14:54:04","slug":"transparency","status":"publish","type":"page","link":"https:\/\/www.vayahealth.com\/es\/about\/transparency\/","title":{"rendered":"Transparencia"},"content":{"rendered":"<p>En Vaya Health, la integridad es un valor fundamental. Nos esforzamos por garantizar una atenci\u00f3n de calidad y una gesti\u00f3n financiera responsable en nuestras operaciones diarias. Como gestores de fondos p\u00fablicos, creemos que la transparencia no solo genera confianza, sino que tambi\u00e9n mejora los resultados.<\/p>\n\n\n<div class=\"gb-container gb-container-973bcd25\">\n<div class=\"gb-grid-wrapper gb-grid-wrapper-b28408f4\">\n<div class=\"gb-grid-column gb-grid-column-8d95149b\"><div class=\"gb-container gb-container-8d95149b\">\n\n<figure class=\"gb-block-image gb-block-image-253f8d64\"><img decoding=\"async\" class=\"gb-image gb-image-253f8d64\" src=\"https:\/\/www.vayahealth.com\/wp-content\/uploads\/2019\/03\/Vaya_Health_Logo_white_gray_footer.png\" alt=\"Un logotipo estilizado de &quot;VAYA HEALTH&quot; est\u00e1 centrado sobre un fondo azul s\u00f3lido. El dise\u00f1o del logotipo presenta una forma geom\u00e9trica blanca sobre el texto.\" title=\"tablero\"\/><\/figure>\n\n<\/div><\/div>\n\n<div class=\"gb-grid-column gb-grid-column-1e06686d\"><div class=\"gb-container gb-container-1e06686d\">\n\n<h2 class=\"gb-headline gb-headline-98def0af gb-headline-text\">Vaya Health Consejo de Administraci\u00f3n<\/h2>\n\n\n\n<div class=\"wp-block-buttons tailored-plan-button is-content-justification-left is-layout-flex wp-container-core-buttons-is-layout-fc4fd283 wp-block-buttons-is-layout-flex\">\n<div class=\"wp-block-button\"><a class=\"wp-block-button__link has-white-color has-vaya-blue-background-color has-text-color has-background has-text-align-left has-custom-font-size wp-element-button\" href=\"https:\/\/www.vayahealth.com\/es\/about\/governance\/board-of-directors\/\" style=\"border-radius:45px;font-size:clamp(14px, 0.875rem + ((1vw - 3.2px) * 0.156), 16px);\">M\u00e1s informaci\u00f3n sobre el Consejo de Administraci\u00f3n de Vaya<\/a><\/div>\n<\/div>\n\n<\/div><\/div>\n<\/div>\n<\/div>\n\n<div class=\"gb-container gb-container-d0fb1f15 d-none\">\n\n<p><strong>Vaya El Consejo adopta una resoluci\u00f3n sobre diversidad, equidad e inclusi\u00f3n<\/strong><\/p>\n\n\n\n<p>El Consejo de Administraci\u00f3n de Vaya adopt\u00f3 recientemente una resoluci\u00f3n para apoyar los argumentos empresariales a favor de la diversidad, la equidad y la inclusi\u00f3n. Adoptar y promover una cultura de diversidad, equidad e inclusi\u00f3n en Vaya y en nuestra red de proveedores nos ayudar\u00e1 a comprometernos de forma eficaz y compasiva con los miembros, a abordar las disparidades sanitarias, a apoyar el desarrollo de la humildad cultural, a dise\u00f1ar programas equitativos y a afrontar con \u00e9xito los retos empresariales. La resoluci\u00f3n, adoptada el 25 de marzo de 2021, se aplica a las pol\u00edticas y pr\u00e1cticas en el lugar de trabajo y a la prestaci\u00f3n de servicios o administraci\u00f3n de cualquier Plan Vaya Health.<\/p>\n\n\n\n<p>\"La misi\u00f3n de Vaya es evolucionar con \u00e9xito en el sistema de atenci\u00f3n sanitaria adoptando la innovaci\u00f3n, y creo que la diversidad, la equidad y la inclusi\u00f3n impulsan la innovaci\u00f3n\", dijo el Presidente del Consejo, Rick French. \"Nuestro compromiso de fomentar un sentido de pertenencia y empoderamiento para cada individuo en Vaya debe estar arraigado en lo que somos hoy para que podamos adaptarnos al cambiante panorama de la atenci\u00f3n sanitaria a medida que avanzamos juntos. La inclusi\u00f3n empieza aqu\u00ed\".<\/p>\n\n\n\n<p>Lea la resoluci\u00f3n aqu\u00ed.<\/p>\n\n\n\n<p>Lea la carta de apoyo de Vaya para emitir una proclamaci\u00f3n que declare el racismo como una crisis de salud p\u00fablica en el condado de Buncombe.<\/p>\n\n\n\n<p>Lea aqu\u00ed la pol\u00edtica de no discriminaci\u00f3n de Vaya.<\/p>\n\n<\/div>\n\n<div class=\"gb-container gb-container-ff4bcbdd\">\n<div class=\"gb-grid-wrapper gb-grid-wrapper-8abbb215\">\n<div class=\"gb-grid-column gb-grid-column-e7987379\"><div class=\"gb-container gb-container-e7987379\">\n\n<figure class=\"gb-block-image gb-block-image-161df6eb\"><img loading=\"lazy\" decoding=\"async\" width=\"350\" height=\"400\" class=\"gb-image gb-image-161df6eb\" src=\"https:\/\/www.vayahealth.com\/wp-content\/uploads\/2025\/05\/Community-Listening-Transparency_1984692671.webp\" alt=\"\" title=\"Community-Listening-Transparency_1984692671\" srcset=\"https:\/\/www.vayahealth.com\/wp-content\/uploads\/2025\/05\/Community-Listening-Transparency_1984692671.webp 350w, https:\/\/www.vayahealth.com\/wp-content\/uploads\/2025\/05\/Community-Listening-Transparency_1984692671-263x300.webp 263w, https:\/\/www.vayahealth.com\/wp-content\/uploads\/2025\/05\/Community-Listening-Transparency_1984692671-11x12.webp 11w\" sizes=\"auto, (max-width: 350px) 100vw, 350px\" \/><\/figure>\n\n<\/div><\/div>\n\n<div class=\"gb-grid-column gb-grid-column-e9cbf50e\"><div class=\"gb-container gb-container-e9cbf50e\">\n\n<h2 class=\"gb-headline gb-headline-8cda7ebb gb-headline-text\">Sesiones de escucha comunitarias<\/h2>\n\n\n\n<p>Nuestras sesiones de escucha son una de las formas en que los miembros de la comunidad pueden compartir sus opiniones. Queremos conocer los retos y las oportunidades de los servicios y ayudas que gestionamos.<\/p>\n\n\n\n<div class=\"wp-block-buttons tailored-plan-button is-content-justification-left is-layout-flex wp-container-core-buttons-is-layout-fc4fd283 wp-block-buttons-is-layout-flex\">\n<div class=\"wp-block-button\"><a class=\"wp-block-button__link has-white-color has-vaya-blue-background-color has-text-color has-background has-text-align-left has-custom-font-size wp-element-button\" href=\"\/es\/about\/transparency\/community-listening-sessions\/\" style=\"border-radius:45px;font-size:clamp(14px, 0.875rem + ((1vw - 3.2px) * 0.156), 16px);\">M\u00e1s informaci\u00f3n sobre las sesiones de escucha comunitarias<\/a><\/div>\n<\/div>\n\n<\/div><\/div>\n<\/div>\n<\/div>\n\n<div class=\"gb-container gb-container-3fad1c79\">\n<div class=\"gb-grid-wrapper gb-grid-wrapper-b800b79a\">\n<div class=\"gb-grid-column gb-grid-column-1c0d7849\"><div class=\"gb-container gb-container-1c0d7849\">\n\n<figure class=\"gb-block-image gb-block-image-78cdb2d6\"><img loading=\"lazy\" decoding=\"async\" width=\"350\" height=\"400\" class=\"gb-image gb-image-78cdb2d6\" src=\"https:\/\/www.vayahealth.com\/wp-content\/uploads\/2025\/02\/North-Carolina-Capital.webp\" alt=\"El edificio de la capital del estado de Carolina del Norte y su estatua al atardecer.\" title=\"Carolina del Norte-Capital\" srcset=\"https:\/\/www.vayahealth.com\/wp-content\/uploads\/2025\/02\/North-Carolina-Capital.webp 350w, https:\/\/www.vayahealth.com\/wp-content\/uploads\/2025\/02\/North-Carolina-Capital-263x300.webp 263w, https:\/\/www.vayahealth.com\/wp-content\/uploads\/2025\/02\/North-Carolina-Capital-11x12.webp 11w\" sizes=\"auto, (max-width: 350px) 100vw, 350px\" \/><\/figure>\n\n<\/div><\/div>\n\n<div class=\"gb-grid-column gb-grid-column-545c4395\"><div class=\"gb-container gb-container-545c4395\">\n\n<h2 class=\"gb-headline gb-headline-6c410fb3 gb-headline-text\">Junta Consultiva de Comisarios del Condado<\/h2>\n\n\n\n<p>Las cuatro Juntas Regionales de Vaya cumplen colectivamente el requisito legal de una Junta Consultiva de Comisionados del Condado.<\/p>\n\n\n\n<div class=\"wp-block-buttons tailored-plan-button is-content-justification-left is-layout-flex wp-container-core-buttons-is-layout-fc4fd283 wp-block-buttons-is-layout-flex\">\n<div class=\"wp-block-button\"><a class=\"wp-block-button__link has-white-color has-vaya-blue-background-color has-text-color has-background has-text-align-left has-custom-font-size wp-element-button\" href=\"\/es\/get-to-know-us\/transparency\/county-commissioner-advisory-board-2\/\" style=\"border-radius:45px;font-size:clamp(14px, 0.875rem + ((1vw - 3.2px) * 0.156), 16px);\">M\u00e1s informaci\u00f3n sobre la Junta Consultiva de Comisarios del Condado<\/a><\/div>\n<\/div>\n\n<\/div><\/div>\n<\/div>\n<\/div>\n\n<div class=\"gb-container gb-container-fca772ee\">\n<div class=\"gb-grid-wrapper gb-grid-wrapper-c2806a98\">\n<div class=\"gb-grid-column gb-grid-column-90e36ece\"><div class=\"gb-container gb-container-90e36ece\">\n\n<figure class=\"gb-block-image gb-block-image-003ca1bc\"><img loading=\"lazy\" decoding=\"async\" width=\"1400\" height=\"445\" class=\"gb-image gb-image-003ca1bc\" src=\"https:\/\/www.vayahealth.com\/wp-content\/uploads\/2021\/06\/logo-2021-banner.jpg\" alt=\"Vaya Health Logotipo con fondo azul.\" title=\"logotipo-2021-banner\" srcset=\"https:\/\/www.vayahealth.com\/wp-content\/uploads\/2021\/06\/logo-2021-banner.jpg 1400w, https:\/\/www.vayahealth.com\/wp-content\/uploads\/2021\/06\/logo-2021-banner-300x95.jpg 300w, https:\/\/www.vayahealth.com\/wp-content\/uploads\/2021\/06\/logo-2021-banner-1024x325.jpg 1024w, https:\/\/www.vayahealth.com\/wp-content\/uploads\/2021\/06\/logo-2021-banner-768x244.jpg 768w\" sizes=\"auto, (max-width: 1400px) 100vw, 1400px\" \/><\/figure>\n\n<\/div><\/div>\n\n<div class=\"gb-grid-column gb-grid-column-fb873251\"><div class=\"gb-container gb-container-fb873251\">\n\n<h2 class=\"gb-headline gb-headline-d6072e9d gb-headline-text\">Informaci\u00f3n financiera<\/h2>\n\n\n\n<p>Nuestro objetivo es garantizar el cumplimiento presupuestario de los requisitos del NCDHHS, las leyes, normas y reglamentos estatales y federales aplicables, y los principios contables generalmente aceptados.<\/p>\n\n\n\n<div class=\"wp-block-buttons tailored-plan-button is-content-justification-left is-layout-flex wp-container-core-buttons-is-layout-fc4fd283 wp-block-buttons-is-layout-flex\">\n<div class=\"wp-block-button\"><a class=\"wp-block-button__link has-white-color has-vaya-blue-background-color has-text-color has-background has-text-align-left has-custom-font-size wp-element-button\" href=\"\/es\/get-to-know-us\/transparency\/finances\/\" style=\"border-radius:45px;font-size:clamp(14px, 0.875rem + ((1vw - 3.2px) * 0.156), 16px);\">M\u00e1s informaci\u00f3n sobre los datos financieros de Vaya<\/a><\/div>\n<\/div>\n\n<\/div><\/div>\n<\/div>\n<\/div>\n\n<div class=\"gb-container gb-container-f76fca01\">\n<div class=\"gb-grid-wrapper gb-grid-wrapper-a8327685\">\n<div class=\"gb-grid-column gb-grid-column-3d9a2e78\"><div class=\"gb-container gb-container-3d9a2e78\">\n\n<figure class=\"gb-block-image gb-block-image-3e0133b0\"><img loading=\"lazy\" decoding=\"async\" width=\"350\" height=\"400\" class=\"gb-image gb-image-3e0133b0\" src=\"https:\/\/www.vayahealth.com\/wp-content\/uploads\/2025\/02\/Quality-Compass-Small.webp\" alt=\"El Norte de una br\u00fajula apunta a la palabra Calidad.\" title=\"Calidad-Comp\u00e1s-Peque\u00f1o\" srcset=\"https:\/\/www.vayahealth.com\/wp-content\/uploads\/2025\/02\/Quality-Compass-Small.webp 350w, https:\/\/www.vayahealth.com\/wp-content\/uploads\/2025\/02\/Quality-Compass-Small-263x300.webp 263w, https:\/\/www.vayahealth.com\/wp-content\/uploads\/2025\/02\/Quality-Compass-Small-11x12.webp 11w\" sizes=\"auto, (max-width: 350px) 100vw, 350px\" \/><\/figure>\n\n<\/div><\/div>\n\n<div class=\"gb-grid-column gb-grid-column-01ef6904\"><div class=\"gb-container gb-container-01ef6904\">\n\n<h2 class=\"gb-headline gb-headline-fe5aa5a7 gb-headline-text\">Mejora de la calidad<\/h2>\n\n\n\n<p>El programa de gesti\u00f3n de la calidad (QM) de Vaya Health trabaja con el personal, los proveedores, las partes interesadas de la comunidad y los particulares para medir hasta qu\u00e9 punto satisfacemos las necesidades de los afiliados.<\/p>\n\n\n\n<div class=\"wp-block-buttons tailored-plan-button is-content-justification-left is-layout-flex wp-container-core-buttons-is-layout-fc4fd283 wp-block-buttons-is-layout-flex\">\n<div class=\"wp-block-button\"><a class=\"wp-block-button__link has-white-color has-vaya-blue-background-color has-text-color has-background has-text-align-left has-custom-font-size wp-element-button\" href=\"\/es\/quality\/\" style=\"border-radius:45px;font-size:clamp(14px, 0.875rem + ((1vw - 3.2px) * 0.156), 16px);\">M\u00e1s informaci\u00f3n sobre la mejora de la calidad<\/a><\/div>\n<\/div>\n\n<\/div><\/div>\n<\/div>\n<\/div>","protected":false},"excerpt":{"rendered":"<p>At Vaya Health, integrity is a core value. We strive to ensure quality care and accountable financial stewardship in our daily operations. As managers of public funds, we believe that [&hellip;]<\/p>\n","protected":false},"author":62,"featured_media":50069,"parent":22484,"menu_order":96,"comment_status":"closed","ping_status":"closed","template":"breadcrumbs","meta":{"_tec_requires_first_save":true,"_price":"","_stock":"","_tribe_ticket_header":"","_tribe_default_ticket_provider":"","_tribe_ticket_capacity":"0","_ticket_start_date":"","_ticket_end_date":"","_tribe_ticket_show_description":"","_tribe_ticket_show_not_going":false,"_tribe_ticket_use_global_stock":"","_tribe_ticket_global_stock_level":"","_global_stock_mode":"","_global_stock_cap":"","_tribe_rsvp_for_event":"","_tribe_ticket_going_count":"","_tribe_ticket_not_going_count":"","_tribe_tickets_list":"[]","_tribe_ticket_has_attendee_info_fields":false,"_EventAllDay":false,"_EventTimezone":"","_EventStartDate":"","_EventEndDate":"","_EventStartDateUTC":"","_EventEndDateUTC":"","_EventShowMap":false,"_EventShowMapLink":false,"_EventURL":"","_EventCost":"","_EventCostDescription":"","_EventCurrencySymbol":"","_EventCurrencyCode":"","_EventCurrencyPosition":"","_EventDateTimeSeparator":"","_EventTimeRangeSeparator":"","_EventOrganizerID":[],"_EventVenueID":[],"_OrganizerEmail":"","_OrganizerPhone":"","_OrganizerWebsite":"","_VenueAddress":"","_VenueCity":"","_VenueCountry":"","_VenueProvince":"","_VenueState":"","_VenueZip":"","_VenuePhone":"","_VenueURL":"","_VenueStateProvince":"","_VenueLat":"","_VenueLng":"","_VenueShowMap":false,"_VenueShowMapLink":false,"_tribe_blocks_recurrence_rules":"","_tribe_blocks_recurrence_description":"","_tribe_blocks_recurrence_exclusions":"","banner-text":"","banner-text-color":"","button-text":"","button-text-color":"","button-link":"","has-button-icon":"","background-color":"","has-background-icon":"","background-icon-color":"","second-featured-image":"","footnotes":""},"class_list":["post-9333","page","type-page","status-publish","has-post-thumbnail","hentry"],"aioseo_notices":[],"_links":{"self":[{"href":"https:\/\/www.vayahealth.com\/es\/wp-json\/wp\/v2\/pages\/9333","targetHints":{"allow":["GET"]}}],"collection":[{"href":"https:\/\/www.vayahealth.com\/es\/wp-json\/wp\/v2\/pages"}],"about":[{"href":"https:\/\/www.vayahealth.com\/es\/wp-json\/wp\/v2\/types\/page"}],"author":[{"embeddable":true,"href":"https:\/\/www.vayahealth.com\/es\/wp-json\/wp\/v2\/users\/62"}],"replies":[{"embeddable":true,"href":"https:\/\/www.vayahealth.com\/es\/wp-json\/wp\/v2\/comments?post=9333"}],"version-history":[{"count":0,"href":"https:\/\/www.vayahealth.com\/es\/wp-json\/wp\/v2\/pages\/9333\/revisions"}],"up":[{"embeddable":true,"href":"https:\/\/www.vayahealth.com\/es\/wp-json\/wp\/v2\/pages\/22484"}],"wp:featuredmedia":[{"embeddable":true,"href":"https:\/\/www.vayahealth.com\/es\/wp-json\/wp\/v2\/media\/50069"}],"wp:attachment":[{"href":"https:\/\/www.vayahealth.com\/es\/wp-json\/wp\/v2\/media?parent=9333"}],"curies":[{"name":"wp","href":"https:\/\/api.w.org\/{rel}","templated":true}]}}